{"id":975,"date":"2014-08-06T16:35:32","date_gmt":"2014-08-06T14:35:32","guid":{"rendered":"http:\/\/www.le-sidh.org\/wicca\/?page_id=975"},"modified":"2014-08-06T17:26:01","modified_gmt":"2014-08-06T15:26:01","slug":"rituel-equinoxe-automne-mabon-21-septembre-par-les-farrar","status":"publish","type":"page","link":"https:\/\/www.le-sidh.org\/wicca\/sabbats\/mabon\/rituel-equinoxe-automne-mabon-21-septembre-par-les-farrar\/","title":{"rendered":"Rituel de l&rsquo;\u00c9quinoxe d&rsquo;Automne, Mabon, 21 septembre par les Farrar"},"content":{"rendered":"<p style=\"text-align: center;\"><strong>Farrar &#8211; \u00c9quinoxe d&rsquo;Automne, Mabon, 21 septembre<\/strong><br \/>\nPar Janet &amp; Stewart Farrar \u00a9, traduction Lune<\/p>\n<p style=\"text-align: justify;\"><a href=\"https:\/\/www.le-sidh.org\/wicca\/wp-content\/uploads\/2014\/08\/farrar-automne.jpg\"><img loading=\"lazy\" decoding=\"async\" class=\"aligncenter size-full wp-image-976\" src=\"https:\/\/www.le-sidh.org\/wicca\/wp-content\/uploads\/2014\/08\/farrar-automne.jpg\" alt=\"farrar-automne\" width=\"350\" height=\"293\" srcset=\"https:\/\/www.le-sidh.org\/wicca\/wp-content\/uploads\/2014\/08\/farrar-automne.jpg 350w, https:\/\/www.le-sidh.org\/wicca\/wp-content\/uploads\/2014\/08\/farrar-automne-300x251.jpg 300w\" sizes=\"auto, (max-width: 350px) 100vw, 350px\" \/><\/a><\/p>\n<p style=\"text-align: justify;\"><em>Rituel sabbatique de Mabon,<a href=\"http:\/\/www.amazon.fr\/Witches-Bible-Complete-Handbook\/dp\/0919345921\/ref=sr_1_5?s=english-books&amp;ie=UTF8&amp;qid=1406561416&amp;sr=1-5&amp;keywords=stewart+farrar\" target=\"_blank\"> extrait de la Witches&rsquo; Bible, \u00e9ditions Phoenix.<\/a><\/em><\/p>\n<p><strong>La Pr\u00e9paration<\/strong><\/p>\n<p style=\"text-align: justify;\">On place sur l&rsquo;autel un plat contenant un seul \u00e9pi de bl\u00e9, ou tout autre c\u00e9r\u00e9ale r\u00e9colt\u00e9e, recouvert d&rsquo;un tissu.<\/p>\n<p style=\"text-align: justify;\">L&rsquo;autel et le Cercle sont d\u00e9cor\u00e9s de pommes de pin, de c\u00e9r\u00e9ales, de glands, de pavots rouges (symbole de la D\u00e9esse du Grain, D\u00e9m\u00e9ter) et d&rsquo;autres fleurs, fruits et feuilles automnales.<\/p>\n<p style=\"text-align: justify;\"><strong>Le Rituel<\/strong><\/p>\n<p style=\"text-align: justify;\">Apr\u00e8s la Rune (ou Chant) des Sorci\u00e8res, le coven se place de lui-m\u00eame en rond, dans le p\u00e9rim\u00e8tre du Cercle, tourn\u00e9 vers l&rsquo;int\u00e9rieur.<\/p>\n<p style=\"text-align: justify;\">La Jeune Fille va chercher le plat recouvert sur l&rsquo;autel, le place au centre du Cercle (en le laissant recouvert) et retourne \u00e0 sa place.<\/p>\n<p style=\"text-align: justify;\">La Grande Pr\u00eatresse dit :<\/p>\n<blockquote>\n<p style=\"text-align: justify;\">\u00ab Voici venu le temps de l&rsquo;\u00e9quilibre, lorsque le Jour et la Nuit se font face, d&rsquo;\u00e9gal \u00e0 \u00e9gal. Pourtant, en cette saison, la Nuit grandit et le Jour diminue ; car tout est impermanence, dans les mar\u00e9es de la Terre et du Ciel. Sachez et souvenez-vous, que tout ce qui se meut doit aussi s&rsquo;immobiliser, et tout ce qui s&rsquo;immobilise doit aussi se mouvoir. En symbole de cela, ex\u00e9cutons la Danse du D\u00e9part et du Retour ! \u00bb<\/p>\n<\/blockquote>\n<p style=\"text-align: justify;\">Le Coven danse lentement, et cette danse est conduite par la Grande Pr\u00eatresse et le Grand Pr\u00eatre, main dans la main, mais sans fermer la ronde. Progressivement, la Grande Pr\u00eatresse m\u00e8ne la danse en spirale vers l&rsquo;int\u00e9rieur, jusqu&rsquo;\u00e0 ce que le Coven soit proche du centre. Lorsqu&rsquo;elle est pr\u00eate, la Grande Pr\u00eatresse s&rsquo;arr\u00eate et dit \u00e0 tous de s&rsquo;assoir en un cercle serr\u00e9 autour du plat recouvert, tourn\u00e9 vers l&rsquo;int\u00e9rieur.<\/p>\n<p style=\"text-align: justify;\">La Grande Pr\u00eatresse dit :<\/p>\n<blockquote>\n<p style=\"text-align: justify;\">\u00ab Voici le Myst\u00e8re ; c&rsquo;est en silence que cro\u00eet la graine de sagesse. \u00bb<\/p>\n<\/blockquote>\n<p style=\"text-align: justify;\">Elle retire alors le tissu du plat, r\u00e9v\u00e9lant l&rsquo;\u00e9pi de bl\u00e9. Tous contemplent l&rsquo;\u00e9pi de bl\u00e9 en silence pendant un moment.<\/p>\n<p style=\"text-align: justify;\">Lorsqu&rsquo;elle est pr\u00eate, la Grande Pr\u00eatresse se l\u00e8ve et va \u00e0 la bougie de l&rsquo;Est. Le Grand Pr\u00eatre se l\u00e8ve et va \u00e0 la bougie de l&rsquo;Ouest, et ils se tiennent face \u00e0 face, le coven assis entre eux deux. La Grande Pr\u00eatresse d\u00e9clame :<\/p>\n<blockquote>\n<p style=\"text-align: justify;\">\u00ab Adieu, \u00d4 Soleil, lumi\u00e8re qui revient toujours.<br \/>\nDieu cach\u00e9, qui, pourtant toujours demeure parmi nous.<br \/>\nIl s&rsquo;en va, \u00e0 pr\u00e9sent, pour le Pays de Jeunesse,<br \/>\nPassant par les Portes de la Mort,<br \/>\npour conserver son tr\u00f4ne, du juge des dieux et des hommes,<br \/>\nDu Meneur Cornu des h\u00f4tes de l&rsquo;air.<br \/>\nPourtant, alors qu&rsquo;il se tient invisible \u00e0 l&rsquo;ext\u00e9rieur du cercle,<br \/>\nIl r\u00e9side \u00e9galement dans la semence secr\u00e8te &#8211;<br \/>\nLa semence de la nouvelle r\u00e9colte, la semence de chair :<br \/>\nCach\u00e9e dans la terre, la merveilleuse semence des \u00e9toiles.<br \/>\nEn Lui est la vie, et la vie est la lumi\u00e8re des hommes,<br \/>\nCe qui n&rsquo;est jamais n\u00e9, jamais ne meurt.<br \/>\nC&rsquo;est pourquoi, les Sages ne pleurent pas, mais se r\u00e9jouissent. \u00bb<\/p>\n<\/blockquote>\n<p style=\"text-align: justify;\">La Grande Pr\u00eatresse soul\u00e8ve bien haut ses mains pour b\u00e9nir le Grand Pr\u00eatre, qui lui r\u00e9pond par le m\u00eame geste.<\/p>\n<p style=\"text-align: justify;\">La Grande Pr\u00eatresse et le Grande Pr\u00eatre rejoignent le coven (qui \u00e0 pr\u00e9sent est debout) et le conduisent dans une lente danse en spirale dextrogyre, qui progressivement tournoie vers l&rsquo;ext\u00e9rieur, vers le p\u00e9rim\u00e8tre du Cercle. Lorsqu&rsquo;elle estime que l&rsquo;accent a \u00e9t\u00e9 suffisamment mis sur le mouvement en spirale, la Grande Pr\u00eatresse ferme la ronde en prenant la main du dernier sorcier de la chaine et acc\u00e9l\u00e8re le pas jusqu&rsquo;\u00e0 ce que le coven danse une ronde rapide et joyeuse. Apr\u00e8s un moment, elle s&rsquo;\u00e9crit : <strong>\u00ab \u00c0 terre ! \u00bb<\/strong> et tout le monde s&rsquo;assoit.<\/p>\n<p style=\"text-align: justify;\">La Jeune Fille replace le plat avec l&rsquo;\u00e9pi de bl\u00e9 sur l&rsquo;autel et le tissu qui l&rsquo;a recouvert \u00e0 c\u00f4t\u00e9 de l&rsquo;autel.<\/p>\n<p style=\"text-align: justify;\">Le Grande Rite est \u00e0 pr\u00e9sent c\u00e9l\u00e9br\u00e9, suivi du vin et des g\u00e2teaux.<\/p>\n<p style=\"text-align: justify;\">Apr\u00e8s le vin et les g\u00e2teaux s&rsquo;ensuit le Jeu de la Bougie, <a title=\"Rituel d\u2019Imbolg, 2 f\u00e9vrier par les Farrar\" href=\"https:\/\/www.le-sidh.org\/wicca\/sabbats\/imbolc\/rituel-dimbolg-2-fevrier-par-les-farrar\/\" target=\"_blank\">tel qu&rsquo;il est d\u00e9crit dans le rituel d&rsquo;Imbolg<\/a> ; qui devrait mettre tout le monde dans le bon \u00e9tat d&rsquo;esprit pour le moment de la petite f\u00eate.<\/p>\n","protected":false},"excerpt":{"rendered":"<p>Farrar &#8211; \u00c9quinoxe d&rsquo;Automne, Mabon, 21 septembre Par Janet &amp; Stewart Farrar \u00a9, traduction Lune Rituel sabbatique de Mabon, extrait de la Witches&rsquo; Bible, \u00e9ditions Phoenix. La Pr\u00e9paration On place sur l&rsquo;autel un plat contenant un seul \u00e9pi de bl\u00e9, ou tout autre c\u00e9r\u00e9ale r\u00e9colt\u00e9e, recouvert d&rsquo;un tissu. L&rsquo;autel et le Cercle sont d\u00e9cor\u00e9s de&#8230;<\/p>\n","protected":false},"author":2,"featured_media":0,"parent":68,"menu_order":0,"comment_status":"closed","ping_status":"closed","template":"silo.php","meta":{"footnotes":""},"class_list":["post-975","page","type-page","status-publish","hentry"],"_links":{"self":[{"href":"https:\/\/www.le-sidh.org\/wicca\/wp-json\/wp\/v2\/pages\/975","targetHints":{"allow":["GET"]}}],"collection":[{"href":"https:\/\/www.le-sidh.org\/wicca\/wp-json\/wp\/v2\/pages"}],"about":[{"href":"https:\/\/www.le-sidh.org\/wicca\/wp-json\/wp\/v2\/types\/page"}],"author":[{"embeddable":true,"href":"https:\/\/www.le-sidh.org\/wicca\/wp-json\/wp\/v2\/users\/2"}],"replies":[{"embeddable":true,"href":"https:\/\/www.le-sidh.org\/wicca\/wp-json\/wp\/v2\/comments?post=975"}],"version-history":[{"count":3,"href":"https:\/\/www.le-sidh.org\/wicca\/wp-json\/wp\/v2\/pages\/975\/revisions"}],"predecessor-version":[{"id":999,"href":"https:\/\/www.le-sidh.org\/wicca\/wp-json\/wp\/v2\/pages\/975\/revisions\/999"}],"up":[{"embeddable":true,"href":"https:\/\/www.le-sidh.org\/wicca\/wp-json\/wp\/v2\/pages\/68"}],"wp:attachment":[{"href":"https:\/\/www.le-sidh.org\/wicca\/wp-json\/wp\/v2\/media?parent=975"}],"curies":[{"name":"wp","href":"https:\/\/api.w.org\/{rel}","templated":true}]}}