{"id":9606,"date":"2021-10-08T13:25:51","date_gmt":"2021-10-08T11:25:51","guid":{"rendered":"http:\/\/www.le-sidh.org\/wicca\/?page_id=9606"},"modified":"2021-10-08T19:10:33","modified_gmt":"2021-10-08T17:10:33","slug":"celebrer-les-sabbats","status":"publish","type":"page","link":"https:\/\/www.le-sidh.org\/wicca\/sabbats\/celebrer-les-sabbats\/","title":{"rendered":"C\u00e9l\u00e9brer les sabbats"},"content":{"rendered":"<p style=\"text-align: justify;\">Extrait du livre \u00ab\u00a0Earth Magic: A Dianic Book of Shadows\u00a0\u00bb de Marion Weinstein. Traduction &amp; adaptation : Lune.<\/p>\n<p style=\"text-align: justify;\">Marquez l&rsquo;\u00e9v\u00e9nement que sont les f\u00eates, m\u00eame si vous devez le faire en solitaire. C&rsquo;est une joie lorsque le coven peut se r\u00e9unir pour les c\u00e9l\u00e9brations, mais le travail peut \u00eatre accompli quel que soit l&rsquo;endroit o\u00f9 vous vous trouvez ou quelle que soit la personne qui peut se joindre \u00e0 vous. Parfois, le coven doit se r\u00e9unir \u00ab\u00a0aux alentours\u00a0\u00bb de la date d&rsquo;une f\u00eate ; si c&rsquo;est le cas, essayez de pratiquer en solitaire ou en compagnie d&rsquo;une autre sorci\u00e8re (ou m\u00eame avec une autre sorci\u00e8re au t\u00e9l\u00e9phone), ou bien en esprit avec une ou plusieurs autres sorci\u00e8res&#8230; ou encore en compagnie d&rsquo;un ou plusieurs esprits, \u00e0 la <em>date exacte<\/em> de la f\u00eate. Essayez de prendre ne serait-ce qu&rsquo;un moment, peu importe \u00e0 quel point vous \u00eates occup\u00e9. Bien s\u00fbr, cela ne doit pas vous incommoder ni empi\u00e9ter sur votre vie. Ne forcez rien, mais permettez au temps et \u00e0 l&rsquo;espace de devenir flexibles pour vous&#8230; Tout sentiment d&rsquo;obligation concernant une c\u00e9l\u00e9bration et une rencontre pour les f\u00eates est un pi\u00e8ge moderne dans lequel la religion sorci\u00e8re ne devrait pas tomber. Sauf si cela vous semble naturel, spontan\u00e9, <span data-offset-key=\"fjid-2-0\">logique, et si cela vous pla\u00eet, de c\u00e9l\u00e9brer la f\u00eate, de vous rendre \u00e0 une rencontre et de pratiquer pour cette occasion. Cette f\u00eate perdrait son sens m\u00eame et vous pourriez autant tout laisser tomber. La sorcellerie n&rsquo;est pas une \u00ab\u00a0religion organis\u00e9e\u00a0\u00bb.<\/span><\/p>\n<p style=\"text-align: justify;\">Souvenez-vous que lorsque vous c\u00e9l\u00e9brez une f\u00eate, vous travaillez avec, et vous reliez \u00e0 (si vous le souhaitez), un nombre infini d&rsquo;autres sorci\u00e8res, y compris des pr\u00eatresses et des pr\u00eatres, de toute \u00e9poque et de tout lieu, du pass\u00e9 et du pr\u00e9sent. Vous \u00eates peut-\u00eatre solitaire, mais vous n&rsquo;\u00eates jamais seul.<\/p>\n<p style=\"text-align: justify;\">Pourquoi pratiquer \u00e0 ces p\u00e9riodes ? La raison est que sur terre, la magie et la puissance sont plus intenses pour des fins sp\u00e9cifiques&#8230; Du fait des flux d&rsquo;\u00e9nergie, de la rotation des plan\u00e8tes, de l&rsquo;\u00e9quilibre et des forces gravitationnelles et des configurations astrologiques&#8230; Ainsi que de tous les participants d\u00e9j\u00e0 mentionn\u00e9s. Ces p\u00e9riodes sont \u00e9galement c\u00e9l\u00e9br\u00e9es par la plupart des autres pa\u00efens en Occident. Mais pour les sorci\u00e8res, la signification de ces p\u00e9riodes est encore plus sp\u00e9cifique que le th\u00e8me traditionnel dominant de chaque f\u00eate.<\/p>\n<p style=\"text-align: justify;\">Pour les \u00e9quinoxes et les solstices, essayez de pratiquer exactement au moment astrologique du passage. Si cela n&rsquo;est pas possible, alors pratiquez au plus pr\u00e8s de ce moment avant qu&rsquo;il ne se produise sur le temps lin\u00e9aire. La nuit pr\u00e9c\u00e9dente, c&rsquo;est toujours bien.<\/p>\n<p style=\"text-align: justify;\">Nous pouvons <em>c\u00e9l\u00e9brer<\/em> pendant la journ\u00e9e (et c&rsquo;est souvent traditionnel, comme pour Beltane, le \u00ab\u00a0jour de mai\u00a0\u00bb), mais pour la pratique magique en elle-m\u00eame, nous nous rencontrons dans l&rsquo;obscurit\u00e9 de la nuit.<\/p>\n<p style=\"text-align: justify;\">Si les sorci\u00e8res pratiquent en robe, v\u00eatues ou d\u00e9v\u00eatues (\u00ab\u00a0skyclad\u00a0\u00bb), il s&rsquo;agit d&rsquo;une convention. Quel que soit votre choix, souvenez-vous du libre arbitre. Au cours de la pratique magique, tout doit \u00eatre accompli volontairement ou cela ne fonctionnera pas.<\/p>\n<p style=\"text-align: justify;\"><strong>Sens sp\u00e9cifiques des f\u00eates :<\/strong><\/p>\n<p style=\"text-align: justify;\">Vous trouverez la signification traditionnelle des 8 sabbats dans les \u0153uvres de Doreen Valiente, dans mon livre \u00ab\u00a0Positive Magic\u00a0\u00bb et dans divers autres ouvrages. Les significations sp\u00e9cifiques pour les sorci\u00e8res sont :<\/p>\n<ul style=\"text-align: justify;\">\n<li style=\"text-align: justify;\"><strong>20\/23 d\u00e9cembre, SOLSTICE D&rsquo;HIVER (Yule)<\/strong> : renaissance tandis que la roue tourne \u00e0 nouveau. Surmonter d\u00e9pression et d\u00e9sespoir.<\/li>\n<li style=\"text-align: justify;\"><strong>2 f\u00e9vrier, LA CHANDELEUR<\/strong> : \u00e9mergence chtonienne, les premiers fr\u00e9missements de vie dans l\u2019obscurit\u00e9, sous terre. Signes annonciateurs du printemps. Bonne pour les \u00ab\u00a0semis\u00a0\u00bb de toute sorte, y compris les projets.<\/li>\n<li><strong>20\/23 mars, \u00c9QUINOXE DE PRINTEMPS<\/strong> : le jour et la nuit sont \u00e9gaux, le f\u00e9minin et le masculin sont \u00e9gaux. Bon pour la magie sexuelle et pour \u00e9quilibrer.<\/li>\n<li><strong>1er mai, BELTANE<\/strong> : c\u00e9l\u00e9brez la floraison et la fertilit\u00e9 de la D\u00e9esse. Bon pour la magie de conception (naissance). Sautez sur vos balais au-dessus des champs labour\u00e9s (ou toute autre plantation).<\/li>\n<li><strong>20\/23 juin, SOLSTICE D\u2019\u00c9T\u00c9<\/strong> : le dieu cornu est au fa\u00eete de sa puissance manifest\u00e9e, et la d\u00e9esse en fleur l\u2019accueille. Bon pour la magie sexuelle : le f\u00e9minin absorbe et est nourri par le masculin&#8230; Et le masculin est ainsi redynamis\u00e9.<\/li>\n<li><strong>2 ao\u00fbt, LAMMAS<\/strong> : la premi\u00e8re r\u00e9colte. Rendez gr\u00e2ce et nommez les objectifs pour les prochaines r\u00e9coltes.<\/li>\n<li><strong>20\/23 septembre, \u00c9QUINOXE D&rsquo;AUTOMNE<\/strong> : la nuit et le jour sont \u00e9gaux, le masculin et le f\u00e9minin sont \u00e9gaux. Bon pour la magie sexuelle, bon pour \u00e9quilibrer. La seconde r\u00e9colte&#8230; Rendez gr\u00e2ce comme pr\u00e9c\u00e9demment et nommez les buts \u00e0 atteindre pour la r\u00e9colte suivante.<\/li>\n<li style=\"text-align: justify;\"><strong>31 octobre, HALLOWEEN (Samhain)<\/strong> : c\u00e9l\u00e9brez le triomphe de la vie \u00e9ternelle sur la mort physique. Le voile entre les deux mondes est fin et les \u00eatres chers du monde invisible se joignent \u00e0 nos pratiques et \u00e0 la c\u00e9l\u00e9bration. Un bon moment pour travailler en faveur de la r\u00e9incarnation des \u00eatres aim\u00e9s, toujours selon notre libre volont\u00e9 et pour le bien de tous. Il s&rsquo;agit de la troisi\u00e8me et derni\u00e8re r\u00e9colte de la roue de l&rsquo;ann\u00e9e. Rendez gr\u00e2ce et sachez que les r\u00e9coltes se r\u00e9p\u00e8tent trois fois chaque ann\u00e9e.<\/li>\n<\/ul>\n<p style=\"text-align: justify;\">Le feuillage saisonnier, les fruits, les l\u00e9gumes, etc., peuvent \u00eatre utilis\u00e9s dans le cercle pour chaque sabbat, mais ne nuisez jamais \u00e0 une plante vivante.<\/p>\n","protected":false},"excerpt":{"rendered":"<p>Extrait du livre \u00ab\u00a0Earth Magic: A Dianic Book of Shadows\u00a0\u00bb de Marion Weinstein. Traduction &amp; adaptation : Lune. Marquez l&rsquo;\u00e9v\u00e9nement que sont les f\u00eates, m\u00eame si vous devez le faire en solitaire. C&rsquo;est une joie lorsque le coven peut se r\u00e9unir pour les c\u00e9l\u00e9brations, mais le travail peut \u00eatre accompli quel que soit l&rsquo;endroit o\u00f9&#8230;<\/p>\n","protected":false},"author":2,"featured_media":9618,"parent":32,"menu_order":0,"comment_status":"closed","ping_status":"closed","template":"silo.php","meta":{"footnotes":""},"class_list":["post-9606","page","type-page","status-publish","has-post-thumbnail","hentry"],"_links":{"self":[{"href":"https:\/\/www.le-sidh.org\/wicca\/wp-json\/wp\/v2\/pages\/9606","targetHints":{"allow":["GET"]}}],"collection":[{"href":"https:\/\/www.le-sidh.org\/wicca\/wp-json\/wp\/v2\/pages"}],"about":[{"href":"https:\/\/www.le-sidh.org\/wicca\/wp-json\/wp\/v2\/types\/page"}],"author":[{"embeddable":true,"href":"https:\/\/www.le-sidh.org\/wicca\/wp-json\/wp\/v2\/users\/2"}],"replies":[{"embeddable":true,"href":"https:\/\/www.le-sidh.org\/wicca\/wp-json\/wp\/v2\/comments?post=9606"}],"version-history":[{"count":18,"href":"https:\/\/www.le-sidh.org\/wicca\/wp-json\/wp\/v2\/pages\/9606\/revisions"}],"predecessor-version":[{"id":9627,"href":"https:\/\/www.le-sidh.org\/wicca\/wp-json\/wp\/v2\/pages\/9606\/revisions\/9627"}],"up":[{"embeddable":true,"href":"https:\/\/www.le-sidh.org\/wicca\/wp-json\/wp\/v2\/pages\/32"}],"wp:featuredmedia":[{"embeddable":true,"href":"https:\/\/www.le-sidh.org\/wicca\/wp-json\/wp\/v2\/media\/9618"}],"wp:attachment":[{"href":"https:\/\/www.le-sidh.org\/wicca\/wp-json\/wp\/v2\/media?parent=9606"}],"curies":[{"name":"wp","href":"https:\/\/api.w.org\/{rel}","templated":true}]}}