{"id":9223,"date":"2021-04-23T14:54:00","date_gmt":"2021-04-23T12:54:00","guid":{"rendered":"http:\/\/www.le-sidh.org\/wicca\/?page_id=9223"},"modified":"2021-04-23T14:54:40","modified_gmt":"2021-04-23T12:54:40","slug":"coutumes-rituels-floraux-de-beltane","status":"publish","type":"page","link":"https:\/\/www.le-sidh.org\/wicca\/sabbats\/beltane\/coutumes-rituels-floraux-de-beltane\/","title":{"rendered":"Coutumes &#038; rituels floraux de Beltane"},"content":{"rendered":"<p style=\"text-align: justify;\">Par <a href=\"https:\/\/www.circlesanctuary.org\/index.php\/celebrating-the-seasons\/beltane-flower-customs-rituals\" target=\"_blank\" rel=\"noopener\">Selena Fox<\/a>, traduction &amp; adaptation Lune.<\/p>\n<ul style=\"text-align: justify;\">\n<li><strong>Balades parmi les fleurs<\/strong> : \u00c0 l&rsquo;\u00e9poque de Beltane, promenez-vous et cherchez des fleurs. Fl\u00e2nez dans votre quartier et\/ou en for\u00eat, dans des pr\u00e9s, des jardins ou parcs, ou tout endroit o\u00f9 il est probable de voir des fleurs. Lorsque vous tomberez sur une fleur, arr\u00eatez-vous et admirez sa couleur, sa forme, sa fragrance et sa beaut\u00e9.<\/li>\n<\/ul>\n<ul style=\"text-align: justify;\">\n<li><strong>M\u00e9ditation sur une fleur<\/strong> : choisissez une fleur fra\u00eeche sur laquelle vous focaliserez votre attention. Il peut s&rsquo;agir d&rsquo;une fleur fra\u00eechement coup\u00e9e, d&rsquo;une fleur en pot ou d&rsquo;une fleur qui poussent dans la nature. Utilisez vos sens : vue, toucher et odorat pour faire l&rsquo;exp\u00e9rience de cette fleur. Faites un avec elle et faites l&rsquo;exp\u00e9rience de votre floraison int\u00e9rieure. Permettez \u00e0 cette communion avec la fleur de vous gu\u00e9rir, vous r\u00e9g\u00e9n\u00e9rer, vous inspirer. Remerciez la fleur. R\u00e9fl\u00e9chissez \u00e0 propos de votre exp\u00e9rience et \u00e9crivez tout cela dans votre journal.<\/li>\n<\/ul>\n<ul style=\"text-align: justify;\">\n<li><strong>Planter des fleurs<\/strong> : plantez des fleurs d\u00e9j\u00e0 \u00e9panouies dans votre jardin ou en pot dans votre maison. Choisissez des fleurs en fonction de la lumi\u00e8re et de l&rsquo;humidit\u00e9 de l&rsquo;endroit o\u00f9 vous les planterez. Prenez-en soin. M\u00e9ditez aupr\u00e8s d&rsquo;elles. Apprenez d&rsquo;elles.<\/li>\n<\/ul>\n<ul style=\"text-align: justify;\">\n<li><strong>Offrandes de fleurs<\/strong> : placez des fleurs fra\u00eeches ou s\u00e9ch\u00e9es sur votre autel \u00e0 la maison et\/ou dans d&rsquo;autres lieux sacr\u00e9s en l&rsquo;honneur d&rsquo;une forme (ou plus) du divin. Placez des fleurs dans les cimeti\u00e8res en souvenir des vos chers disparus.<\/li>\n<\/ul>\n<ul style=\"text-align: justify;\">\n<li><strong>\u00c9changes de fleurs<\/strong> : \u00e9changez des fleurs fra\u00eeches avec d&rsquo;autres\u00a0 personnes, avec des paroles de b\u00e9n\u00e9diction. Ceci peut \u00eatre accompli dans le cadre d&rsquo;un rituel de Beltane en groupe ou en priv\u00e9, en face \u00e0 face, pour exprimer une amiti\u00e9.<\/li>\n<\/ul>\n<ul style=\"text-align: justify;\">\n<li><strong>Piliers orn\u00e9s de guirlandes<\/strong> : D\u00e9corez de guirlandes de fleurs : colonnes, bo\u00eetes aux lettres, murs, encadrements de portes et autres endroits de votre maison ou autres lieux. Les guirlandes de fleurs en tissu peuvent \u00eatre r\u00e9utilis\u00e9es chaque ann\u00e9e.<\/li>\n<\/ul>\n<ul style=\"text-align: justify;\">\n<li><strong>Couronne de fleurs \u00e0 porter<\/strong> : cr\u00e9ez ou procurez-vous une couronne de fleurs fra\u00eeches ou symboliques. Portez-la pendant les rites de Beltane et placez-la bien en vue sur l&rsquo;autel ou tout autre endroit sp\u00e9cial lorsque vous ne la portez pas.<\/li>\n<\/ul>\n<ul style=\"text-align: justify;\">\n<li><strong>Couronne de fleurs \u00e0 suspendre<\/strong> : placez une couronne de fleurs qui resteront fra\u00eeches longtemps ou en tissu ou encore s\u00e9ch\u00e9es sur votre porte d&rsquo;entr\u00e9e pour symboliser et accueillir le printemps et le mois de mai.<\/li>\n<\/ul>\n<ul style=\"text-align: justify;\">\n<li><strong>Paniers de mai<\/strong> : choisissez des paniers ou confectionnez-en et remplissez-les de fleurs fra\u00eeches ou de fleurs que vous aurez fabriqu\u00e9es. D\u00e9corez votre maison avec ces paniers : utilisez un de ces paniers comme \u00e9l\u00e9ment central de votre autel ou votre table, ou disposez-en pr\u00e8s de votre porte d&rsquo;entr\u00e9e ou sous votre porche. Offrez-en \u00e0 vos proches. Selon une ancienne coutume, les paniers de mai doivent \u00eatre offerts secr\u00e8tement : placez-les devant la porte d&rsquo;entr\u00e9e le matin du 1er mai, sonnez \u00e0 la porte et disparaissez avant que l&rsquo;on ouvre.<\/li>\n<\/ul>\n<ul style=\"text-align: justify;\">\n<li><strong>Un cercle de fleurs<\/strong> : disposez des fleurs fra\u00eechement coup\u00e9es ou de petits pots de fleurs pour marquer le p\u00e9rim\u00e8tre du cercle c\u00e9r\u00e9moniel de Beltane. Cela peut \u00eatre fait \u00e0 l&rsquo;avance ou durant une c\u00e9r\u00e9monie de groupe, afin de construire les liens de la communaut\u00e9 et pour s&rsquo;harmoniser avec la terre.<\/li>\n<\/ul>\n<ul style=\"text-align: justify;\">\n<li><strong>Harmonisation avec la D\u00e9esse des fleurs<\/strong> : imaginez-vous dans un lieu sacr\u00e9, o\u00f9 vous rencontrez la D\u00e9esse des fleurs sous son aspect de Reine de Mai. Pr\u00eatez attention \u00e0 l&rsquo;apparence qu&rsquo;elle rev\u00eat. Visualisez-la qui vous pr\u00e9sente un panier de fleurs de toutes sortes, formes et couleurs. Choisissez-en-une qui sera son cadeau pour vous. Tandis que vous vous reliez \u00e0 cette fleur, pr\u00eatez attention au message qu&rsquo;elle a pour vous. Rendez gr\u00e2ce \u00e0 la Dame de Mai, D\u00e9esse des Fleurs. Revenez \u00e0 votre \u00e9tat de conscience ordinaire et notez dans un journal votre exp\u00e9rience.<\/li>\n<\/ul>\n","protected":false},"excerpt":{"rendered":"<p>Par Selena Fox, traduction &amp; adaptation Lune. Balades parmi les fleurs : \u00c0 l&rsquo;\u00e9poque de Beltane, promenez-vous et cherchez des fleurs. Fl\u00e2nez dans votre quartier et\/ou en for\u00eat, dans des pr\u00e9s, des jardins ou parcs, ou tout endroit o\u00f9 il est probable de voir des fleurs. Lorsque vous tomberez sur une fleur, arr\u00eatez-vous et admirez&#8230;<\/p>\n","protected":false},"author":2,"featured_media":9228,"parent":80,"menu_order":0,"comment_status":"closed","ping_status":"closed","template":"silo.php","meta":{"footnotes":""},"class_list":["post-9223","page","type-page","status-publish","has-post-thumbnail","hentry"],"_links":{"self":[{"href":"https:\/\/www.le-sidh.org\/wicca\/wp-json\/wp\/v2\/pages\/9223","targetHints":{"allow":["GET"]}}],"collection":[{"href":"https:\/\/www.le-sidh.org\/wicca\/wp-json\/wp\/v2\/pages"}],"about":[{"href":"https:\/\/www.le-sidh.org\/wicca\/wp-json\/wp\/v2\/types\/page"}],"author":[{"embeddable":true,"href":"https:\/\/www.le-sidh.org\/wicca\/wp-json\/wp\/v2\/users\/2"}],"replies":[{"embeddable":true,"href":"https:\/\/www.le-sidh.org\/wicca\/wp-json\/wp\/v2\/comments?post=9223"}],"version-history":[{"count":4,"href":"https:\/\/www.le-sidh.org\/wicca\/wp-json\/wp\/v2\/pages\/9223\/revisions"}],"predecessor-version":[{"id":9231,"href":"https:\/\/www.le-sidh.org\/wicca\/wp-json\/wp\/v2\/pages\/9223\/revisions\/9231"}],"up":[{"embeddable":true,"href":"https:\/\/www.le-sidh.org\/wicca\/wp-json\/wp\/v2\/pages\/80"}],"wp:featuredmedia":[{"embeddable":true,"href":"https:\/\/www.le-sidh.org\/wicca\/wp-json\/wp\/v2\/media\/9228"}],"wp:attachment":[{"href":"https:\/\/www.le-sidh.org\/wicca\/wp-json\/wp\/v2\/media?parent=9223"}],"curies":[{"name":"wp","href":"https:\/\/api.w.org\/{rel}","templated":true}]}}