{"id":8932,"date":"2020-12-30T12:42:43","date_gmt":"2020-12-30T10:42:43","guid":{"rendered":"http:\/\/www.le-sidh.org\/wicca\/?page_id=8932"},"modified":"2022-03-30T13:06:16","modified_gmt":"2022-03-30T11:06:16","slug":"pack-de-meditations-guidees-volume-3","status":"publish","type":"page","link":"https:\/\/www.le-sidh.org\/wicca\/pack-de-meditations-guidees-volume-3\/","title":{"rendered":"Pack de m\u00e9ditations guid\u00e9es, volume 3"},"content":{"rendered":"<p style=\"text-align: justify;\">Ce pack propose des m\u00e9ditations guid\u00e9es pour accompagner les le\u00e7ons 7, 8 et 9 du cours \u00ab\u00a0Wicca fondation\u00a0\u00bb. Il comprend les le\u00e7ons 7, 8 et 9 au format PDF. Il comprend \u00e9galement 12 m\u00e9ditations guid\u00e9es au format mp3.<\/p>\n<p style=\"text-align: justify;\"><strong>Tarif : 49 \u20ac<\/strong><\/p>\n<p><a href=\"https:\/\/transactions.sendowl.com\/products\/78426184\/C9C16080\/view\" rel=\"nofollow\"><img decoding=\"async\" src=\"http:\/\/www.le-sidh.org\/wicca\/wp-content\/themes\/graphy-sidh\/buy-now.png\" \/><\/a><script type=\"text\/javascript\" src=\"https:\/\/transactions.sendowl.com\/assets\/sendowl.js\" ><\/script><br \/>\n<\/p>\n<p>Vous pouvez \u00e9couter l\u2019extrait d\u2019une m\u00e9ditation.<\/p>\n<audio class=\"wp-audio-shortcode\" id=\"audio-8932-1\" preload=\"none\" style=\"width: 100%;\" controls=\"controls\"><source type=\"audio\/mpeg\" src=\"https:\/\/www.le-sidh.org\/wicca\/wp-content\/uploads\/2020\/12\/wf3.mp3?_=1\" \/><a href=\"https:\/\/www.le-sidh.org\/wicca\/wp-content\/uploads\/2020\/12\/wf3.mp3\">https:\/\/www.le-sidh.org\/wicca\/wp-content\/uploads\/2020\/12\/wf3.mp3<\/a><\/audio>\n<p>Texte : Artus.<br \/>\nVoix : Lune.<br \/>\nMusique : Daydreams par Christopher Lloyd Clarke. Utilis\u00e9e avec permission.<\/p>\n<p style=\"text-align: justify;\">Voici les pratiques propos\u00e9es dans ce pack de m\u00e9ditations\u00a0:<\/p>\n<h3 style=\"text-align: justify;\">Le\u00e7on 7<\/h3>\n<p style=\"text-align: justify;\"><strong>Rencontre du gardien de l\u2019air<\/strong><\/p>\n<p style=\"text-align: justify;\">Cette le\u00e7on vous permettra de continuer le travail sur les \u00e9l\u00e9ments commenc\u00e9 dans la le\u00e7on pr\u00e9c\u00e9dente. Le but de cette m\u00e9ditation guid\u00e9e est de visiter le royaume de l\u2019air et de rencontrer son gardien. Plus tard, lorsque vous cr\u00e9erez un cercle magique, vous aurez \u00e9tabli une relation avec le gardien de l\u2019air et vous pourrez l\u2019appeler d\u2019une mani\u00e8re bien plus concr\u00e8te pour garder votre cercle.<\/p>\n<p style=\"text-align: justify;\"><strong>Rencontre du gardien du feu<\/strong><\/p>\n<p style=\"text-align: justify;\">Cette le\u00e7on vous permettra de continuer le travail sur les \u00e9l\u00e9ments commenc\u00e9 dans la le\u00e7on pr\u00e9c\u00e9dente. Le but de cette m\u00e9ditation guid\u00e9e est de visiter le royaume du feu et de rencontrer son gardien. Plus tard, lorsque vous cr\u00e9erez un cercle magique, vous aurez \u00e9tabli une relation avec le gardien du feu et vous pourrez l\u2019appeler d\u2019une mani\u00e8re bien plus concr\u00e8te pour garder votre cercle.<\/p>\n<p style=\"text-align: justify;\"><strong>Rencontre du gardien de l\u2019eau<\/strong><\/p>\n<p style=\"text-align: justify;\">Cette le\u00e7on vous permettra de continuer le travail sur les \u00e9l\u00e9ments commenc\u00e9 dans la le\u00e7on pr\u00e9c\u00e9dente. Le but de cette m\u00e9ditation guid\u00e9e est de visiter le royaume de l\u2019eau et de rencontrer son gardien. Plus tard, lorsque vous cr\u00e9erez un cercle magique, vous aurez \u00e9tabli une relation avec le gardien de l\u2019eau et vous pourrez l\u2019appeler d\u2019une mani\u00e8re bien plus concr\u00e8te pour garder votre cercle.<\/p>\n<p style=\"text-align: justify;\"><strong>Rencontre du gardien de la terre<\/strong><\/p>\n<p style=\"text-align: justify;\">Cette le\u00e7on vous permettra de continuer le travail sur les \u00e9l\u00e9ments commenc\u00e9 dans la le\u00e7on pr\u00e9c\u00e9dente. Le but de cette m\u00e9ditation guid\u00e9e est de visiter le royaume de la terre et de rencontrer son gardien. Plus tard, lorsque vous cr\u00e9erez un cercle magique, vous aurez \u00e9tabli une relation avec le gardien de la terre et vous pourrez l\u2019appeler d\u2019une mani\u00e8re bien plus concr\u00e8te pour garder votre cercle.<\/p>\n<h3 style=\"text-align: justify;\">Le\u00e7on 8<\/h3>\n<p style=\"text-align: justify;\"><strong>Rencontre d\u2019une divinit\u00e9 souterraine<\/strong><\/p>\n<p style=\"text-align: justify;\">Dans une religion animiste, les divinit\u00e9s devraient faire partie de notre quotidien. Mais dans la culture occidentale, nous avons tendance \u00e0 consid\u00e9rer que le divin est inaccessible. Pourtant, il suffit de changer de syst\u00e8me de croyances et de partir \u00e0 la rencontre des divinit\u00e9s pour qu\u2019elles fassent partie de notre vie d\u2019une mani\u00e8re concr\u00e8te. Dans cette pratique, vous partirez dans le monde souterrain \u00e0 la rencontre d\u2019une divinit\u00e9 de votre choix.<\/p>\n<p style=\"text-align: justify;\"><strong>Rencontre d\u2019une divinit\u00e9 c\u00e9leste<\/strong><\/p>\n<p style=\"text-align: justify;\">Comme pour la pratique pr\u00e9c\u00e9dente, le but de cette m\u00e9ditation guid\u00e9e est de vous permettre d\u2019explorer le monde c\u00e9leste \u00e0 la rencontre d\u2019une divinit\u00e9 de votre choix.<\/p>\n<p style=\"text-align: justify;\"><strong>Initi\u00e9 par les divinit\u00e9s<\/strong><\/p>\n<p style=\"text-align: justify;\">Cette m\u00e9ditation guid\u00e9e est une pratique d\u2019auto-initiation avec les divinit\u00e9s. Pour cette pratique, vous visiterez votre temple int\u00e9rieur, vous y inviterez les gardiens des \u00e9l\u00e9ments ainsi qu\u2019une d\u00e9esse et un dieu et vous recevrez une transmission \u00e9nerg\u00e9tique de leur part. Cette pratique est l\u2019aboutissement de tout le processus \u00e9nerg\u00e9tique que j\u2019ai partag\u00e9 avec vous depuis le d\u00e9but du cours.<\/p>\n<p style=\"text-align: justify;\"><strong>Le cercle int\u00e9rieur<\/strong><\/p>\n<p style=\"text-align: justify;\">Avant de cr\u00e9er un temple r\u00e9el, il est important de savoir mettre en place un temple int\u00e9rieur. De la m\u00eame mani\u00e8re, avant de se lancer dans un rituel formel en esp\u00e9rant qu\u2019il se passe quelque chose, il est pr\u00e9f\u00e9rable de savoir cr\u00e9er un cercle magique \u00e0 l\u2019int\u00e9rieur. Cette pratique va vous aider \u00e0 le faire.<\/p>\n<h3 style=\"text-align: justify;\">Le\u00e7on 9<\/h3>\n<p style=\"text-align: justify;\"><strong>Divination par \u00e9vocation<\/strong><\/p>\n<p style=\"text-align: justify;\">Dans la wicca, la plupart des gens utilisent un support pour pratiquer la divination. Mais selon mon exp\u00e9rience, il est bien simple et bien plus efficace de rencontrer une entit\u00e9 et de lui poser directement nos questions. Nous avons tous une entit\u00e9 bien sp\u00e9cifique qui est sp\u00e9cialis\u00e9e dans la divination. Dans cette pratique, vous rencontrerez votre entit\u00e9 de vision. Vous pourrez partir \u00e0 sa rencontre chaque fois que vous avez une question. Avec le temps, la proximit\u00e9 que vous entretiendrez avec cette entit\u00e9 stimulera votre intuition et vous n\u2019aurez plus forc\u00e9ment besoin de pratiquer la divination d\u2019une mani\u00e8re formelle.<\/p>\n<p style=\"text-align: justify;\"><strong>D\u00e9votion<\/strong><\/p>\n<p style=\"text-align: justify;\">La d\u00e9votion est au c\u0153ur de la pratique religieuse. Elle rend plus joyeux, plus stable \u00e9motionnellement, elle comble notre sentiment de manquer de quelque chose. Vous pouvez bien entendu pratiquer la d\u00e9votion avec les m\u00e9ditations guid\u00e9es de rencontre avec les divinit\u00e9s. Vous pouvez \u00e9galement la pratiquer d\u2019une mani\u00e8re informelle. Mais comme je sais que cette pratique semble un peu \u00e9trange pour beaucoup d\u2019entre vous, je vous propose une m\u00e9ditation guid\u00e9e qui vous accompagnera en douceur dans la d\u00e9couverte de la d\u00e9votion.<\/p>\n<p style=\"text-align: justify;\"><strong>Invocation<\/strong><\/p>\n<p style=\"text-align: justify;\">Apr\u00e8s la rencontre avec les divinit\u00e9s et la d\u00e9votion, l\u2019invocation est l\u2019\u00e9tape suivante dans la relation au divin. Cette fois-ci, au lieu de rencontrer la divinit\u00e9 hors de vous, vous l\u2019appellerez en vous. Normalement, cette pratique est au c\u0153ur des rituels wiccans. En pratique, j\u2019ai l\u2019impression que la plupart des gens r\u00e9citent un po\u00e8me sans r\u00e9aliser v\u00e9ritablement d\u2019invocation. Pour ma part, j\u2019ai d\u00e9velopp\u00e9 ma \u00ab\u00a0m\u00e9thode\u00a0\u00bb d\u2019une mani\u00e8re informelle et je serais bien incapable de vous expliquer comment je fais. Pour cr\u00e9er cette m\u00e9ditation guid\u00e9e, je me suis donc inspir\u00e9 de la pratique des formes divines utilis\u00e9e dans la Golden Dawn.<\/p>\n<p style=\"text-align: justify;\"><strong>Rituel guid\u00e9<\/strong><\/p>\n<p style=\"text-align: justify;\">Ceci est la pratique finale du cours. Le temps des fondations est fini. Il est maintenant temps que l\u2019\u00e9difice que vous avez construit sorte de terre. Cette pratique n\u2019est pas une m\u00e9ditation guid\u00e9e comme les autres, mais un rituel guid\u00e9. Au lieu de fermer les yeux et de vivre l\u2019exp\u00e9rience \u00e0 l\u2019int\u00e9rieur, vous allez pratiquer un v\u00e9ritable rituel en utilisant tout ce que vous avez appris. Vous avez appris \u00e0 voyager en esprit et maintenant, vous allez apprendre \u00e0 faire la m\u00eame chose en gardant les yeux ouverts. Tout en restant conscient du monde mat\u00e9riel, vous allez visualiser votre cercle, appeler les gardiens, invoquer la divinit\u00e9 de votre choix\u2026 Vous pourrez profiter de votre rituel pour pratiquer les travaux magiques que vous souhaitez r\u00e9aliser et vous terminerez par la traditionnelle \u00ab\u00a0petite f\u00eate\u00a0\u00bb.<\/p>\n<p style=\"text-align: justify;\"><strong>Tarif : 49 \u20ac<\/strong><\/p>\n<p><a href=\"https:\/\/transactions.sendowl.com\/products\/78426184\/C9C16080\/view\" rel=\"nofollow\"><img decoding=\"async\" src=\"http:\/\/www.le-sidh.org\/wicca\/wp-content\/themes\/graphy-sidh\/buy-now.png\" \/><\/a><script type=\"text\/javascript\" src=\"https:\/\/transactions.sendowl.com\/assets\/sendowl.js\" ><\/script><br \/><\/p>\n","protected":false},"excerpt":{"rendered":"<p>Ce pack propose des m\u00e9ditations guid\u00e9es pour accompagner les le\u00e7ons 7, 8 et 9 du cours \u00ab\u00a0Wicca fondation\u00a0\u00bb. Il comprend les le\u00e7ons 7, 8 et 9 au format PDF. Il comprend \u00e9galement 12 m\u00e9ditations guid\u00e9es au format mp3. Tarif : 49 \u20ac Vous pouvez \u00e9couter l\u2019extrait d\u2019une m\u00e9ditation. Texte : Artus. Voix : Lune. Musique&#8230;<\/p>\n","protected":false},"author":1,"featured_media":8934,"parent":0,"menu_order":0,"comment_status":"closed","ping_status":"closed","template":"nosidebar.php","meta":{"footnotes":""},"class_list":["post-8932","page","type-page","status-publish","has-post-thumbnail","hentry"],"_links":{"self":[{"href":"https:\/\/www.le-sidh.org\/wicca\/wp-json\/wp\/v2\/pages\/8932","targetHints":{"allow":["GET"]}}],"collection":[{"href":"https:\/\/www.le-sidh.org\/wicca\/wp-json\/wp\/v2\/pages"}],"about":[{"href":"https:\/\/www.le-sidh.org\/wicca\/wp-json\/wp\/v2\/types\/page"}],"author":[{"embeddable":true,"href":"https:\/\/www.le-sidh.org\/wicca\/wp-json\/wp\/v2\/users\/1"}],"replies":[{"embeddable":true,"href":"https:\/\/www.le-sidh.org\/wicca\/wp-json\/wp\/v2\/comments?post=8932"}],"version-history":[{"count":18,"href":"https:\/\/www.le-sidh.org\/wicca\/wp-json\/wp\/v2\/pages\/8932\/revisions"}],"predecessor-version":[{"id":9670,"href":"https:\/\/www.le-sidh.org\/wicca\/wp-json\/wp\/v2\/pages\/8932\/revisions\/9670"}],"wp:featuredmedia":[{"embeddable":true,"href":"https:\/\/www.le-sidh.org\/wicca\/wp-json\/wp\/v2\/media\/8934"}],"wp:attachment":[{"href":"https:\/\/www.le-sidh.org\/wicca\/wp-json\/wp\/v2\/media?parent=8932"}],"curies":[{"name":"wp","href":"https:\/\/api.w.org\/{rel}","templated":true}]}}