{"id":8650,"date":"2020-11-12T16:28:02","date_gmt":"2020-11-12T14:28:02","guid":{"rendered":"http:\/\/www.le-sidh.org\/wicca\/?page_id=8650"},"modified":"2020-11-12T16:28:02","modified_gmt":"2020-11-12T14:28:02","slug":"legendes-de-yule","status":"publish","type":"page","link":"https:\/\/www.le-sidh.org\/wicca\/sabbats\/solstice-dhiver\/legendes-de-yule\/","title":{"rendered":"L\u00e9gendes de Yule"},"content":{"rendered":"<p style=\"text-align: justify;\"><em>Traduction Lune. Extraits du site : Lady of the Earth.<\/em><\/p>\n<p style=\"text-align: justify;\"><strong>Eau Nouvelle<\/strong><\/p>\n<p style=\"text-align: justify;\">L\u2019eau est une substance fortement charg\u00e9e, elle est le courant qui charrie la vie, mais \u00e0 une p\u00e9riode aussi propice que celle du nouvel an, elle devient encore plus puissante magiquement. En Grande-Bretagne et dans d\u2019autres parties de l\u2019Europe, on croyait en son pouvoir de \u00ab nouvelle eau \u00bb, la premi\u00e8re eau de l\u2019ann\u00e9e attirait le bien. Tandis que l\u2019horloge sonnait minuit, les gens se pr\u00e9cipitaient avec leurs pichets pour recueillir \u00ab la cr\u00e8me du puits \u00bb et la bonne fortune qui allait avec.<\/p>\n<p style=\"text-align: justify;\"><strong>La B\u00fbche de Yule<\/strong><\/p>\n<p style=\"text-align: justify;\">La combustion de la b\u00fbche de Yule \u00e9tait un rituel important pour s\u2019assurer de la bonne fortune de l\u2019ann\u00e9e \u00e0 venir. La b\u00fbche elle-m\u00eame, tout autant que le feu, \u00e9tait v\u00e9n\u00e9r\u00e9e. La b\u00fbche symbolise la d\u00e9it\u00e9 de la v\u00e9g\u00e9tation, c\u2019est-\u00e0-dire l&rsquo;Homme Vert (Greenman), on dit de ses cendres qu\u2019elles poss\u00e8dent des pouvoirs magiques de fertilisation. Elles \u00e9taient dispers\u00e9es dans les champs afin que la terre donne ses fruits l&rsquo;ann\u00e9e suivante.<\/p>\n<p style=\"text-align: justify;\"><strong>Le baiser sous le rameau<\/strong><\/p>\n<ul style=\"text-align: justify;\">\n<li>Quiconque attend sous le gui peut donner autant de baisers qu\u2019il le souhaite.<\/li>\n<li>A chaque baiser, un gar\u00e7on doit cueillir une des baies du gui ; quand toutes les baies sont cueillies, les baisers cessent.<\/li>\n<li>Si un valet de chambre refuse d\u2019apporter du lierre \u00e0 une servante pour d\u00e9corer la maison, celle-ci a le droit de refuser de l\u2019embrasser sous le gui.<\/li>\n<li>Le gui devra \u00eatre br\u00fbl\u00e9 la Douzi\u00e8me Nuit ou bien certains des jeunes hommes et des femmes qui se sont embrass\u00e9s dessous ne pourront jamais se marier.<\/li>\n<\/ul>\n","protected":false},"excerpt":{"rendered":"<p>Traduction Lune. Extraits du site : Lady of the Earth. Eau Nouvelle L\u2019eau est une substance fortement charg\u00e9e, elle est le courant qui charrie la vie, mais \u00e0 une p\u00e9riode aussi propice que celle du nouvel an, elle devient encore plus puissante magiquement. En Grande-Bretagne et dans d\u2019autres parties de l\u2019Europe, on croyait en son&#8230;<\/p>\n","protected":false},"author":2,"featured_media":8651,"parent":70,"menu_order":0,"comment_status":"closed","ping_status":"closed","template":"silo.php","meta":{"footnotes":""},"class_list":["post-8650","page","type-page","status-publish","has-post-thumbnail","hentry"],"_links":{"self":[{"href":"https:\/\/www.le-sidh.org\/wicca\/wp-json\/wp\/v2\/pages\/8650","targetHints":{"allow":["GET"]}}],"collection":[{"href":"https:\/\/www.le-sidh.org\/wicca\/wp-json\/wp\/v2\/pages"}],"about":[{"href":"https:\/\/www.le-sidh.org\/wicca\/wp-json\/wp\/v2\/types\/page"}],"author":[{"embeddable":true,"href":"https:\/\/www.le-sidh.org\/wicca\/wp-json\/wp\/v2\/users\/2"}],"replies":[{"embeddable":true,"href":"https:\/\/www.le-sidh.org\/wicca\/wp-json\/wp\/v2\/comments?post=8650"}],"version-history":[{"count":1,"href":"https:\/\/www.le-sidh.org\/wicca\/wp-json\/wp\/v2\/pages\/8650\/revisions"}],"predecessor-version":[{"id":8652,"href":"https:\/\/www.le-sidh.org\/wicca\/wp-json\/wp\/v2\/pages\/8650\/revisions\/8652"}],"up":[{"embeddable":true,"href":"https:\/\/www.le-sidh.org\/wicca\/wp-json\/wp\/v2\/pages\/70"}],"wp:featuredmedia":[{"embeddable":true,"href":"https:\/\/www.le-sidh.org\/wicca\/wp-json\/wp\/v2\/media\/8651"}],"wp:attachment":[{"href":"https:\/\/www.le-sidh.org\/wicca\/wp-json\/wp\/v2\/media?parent=8650"}],"curies":[{"name":"wp","href":"https:\/\/api.w.org\/{rel}","templated":true}]}}