{"id":8637,"date":"2020-11-12T11:11:31","date_gmt":"2020-11-12T09:11:31","guid":{"rendered":"http:\/\/www.le-sidh.org\/wicca\/?page_id=8637"},"modified":"2020-11-12T11:11:31","modified_gmt":"2020-11-12T09:11:31","slug":"mabon-ou-lequinoxe-dautomne","status":"publish","type":"page","link":"https:\/\/www.le-sidh.org\/wicca\/sabbats\/mabon\/mabon-ou-lequinoxe-dautomne\/","title":{"rendered":"Mabon ou l\u2019\u00c9quinoxe d&rsquo;Automne"},"content":{"rendered":"<p style=\"text-align: justify;\"><em>Par Vivianne Crowley \u00a9, traduction Lune. Extrait du livre \u00ab\u00a0Wicca\u00a0\u00bb, \u00e9ditions Thorsons, First Directions.<\/em><\/p>\n<p style=\"text-align: justify;\">L&rsquo;automne est la saison de la r\u00e9colte des pommes, la saison du houblon et du raisin. L&rsquo;\u00e9quinoxe d&rsquo;automne est une c\u00e9l\u00e9bration, mais aussi la fin de l&rsquo;\u00e9t\u00e9 et une pr\u00e9paration au froid \u00e0 venir.<\/p>\n<p style=\"text-align: justify;\">La magie de l&rsquo;automne est celle de l&rsquo;esprit. C&rsquo;est le moment pour commencer \u00e0 \u00e9tudier tandis que les nuits rallongent et le monde ext\u00e9rieur est moins une distraction. Alors que le monde nocturne vient \u00e0 dominer l&rsquo;ann\u00e9e, c&rsquo;est \u00e9galement une p\u00e9riode pour d\u00e9velopper nos pouvoirs magiques et psychiques. La premi\u00e8re moiti\u00e9 de l&rsquo;ann\u00e9e est li\u00e9e au monde ext\u00e9rieur. La seconde, au monde int\u00e9rieur et au royaume spirituel.<\/p>\n<p style=\"text-align: justify;\">Une fa\u00e7on de c\u00e9l\u00e9brer l&rsquo;Automne consiste \u00e0 faire flotter une bougie sur une rivi\u00e8re afin qu&rsquo;elle la descende, comme symbole du Soleil qui s&rsquo;\u00e9loigne de nous pour un certain temps. \u00c0 cette p\u00e9riode, nous c\u00e9l\u00e9brons la descente de la D\u00e9esse dans le monde-d&rsquo;en-bas.<\/p>\n<p style=\"text-align: justify;\"><em><span style=\"font-family: Tahoma, Verdana, Arial; font-size: small;\">Photo par Faerysequins<\/span><\/em><\/p>\n","protected":false},"excerpt":{"rendered":"<p>Par Vivianne Crowley \u00a9, traduction Lune. Extrait du livre \u00ab\u00a0Wicca\u00a0\u00bb, \u00e9ditions Thorsons, First Directions. L&rsquo;automne est la saison de la r\u00e9colte des pommes, la saison du houblon et du raisin. L&rsquo;\u00e9quinoxe d&rsquo;automne est une c\u00e9l\u00e9bration, mais aussi la fin de l&rsquo;\u00e9t\u00e9 et une pr\u00e9paration au froid \u00e0 venir. La magie de l&rsquo;automne est celle de&#8230;<\/p>\n","protected":false},"author":2,"featured_media":8636,"parent":68,"menu_order":0,"comment_status":"closed","ping_status":"closed","template":"silo.php","meta":{"footnotes":""},"class_list":["post-8637","page","type-page","status-publish","has-post-thumbnail","hentry"],"_links":{"self":[{"href":"https:\/\/www.le-sidh.org\/wicca\/wp-json\/wp\/v2\/pages\/8637","targetHints":{"allow":["GET"]}}],"collection":[{"href":"https:\/\/www.le-sidh.org\/wicca\/wp-json\/wp\/v2\/pages"}],"about":[{"href":"https:\/\/www.le-sidh.org\/wicca\/wp-json\/wp\/v2\/types\/page"}],"author":[{"embeddable":true,"href":"https:\/\/www.le-sidh.org\/wicca\/wp-json\/wp\/v2\/users\/2"}],"replies":[{"embeddable":true,"href":"https:\/\/www.le-sidh.org\/wicca\/wp-json\/wp\/v2\/comments?post=8637"}],"version-history":[{"count":1,"href":"https:\/\/www.le-sidh.org\/wicca\/wp-json\/wp\/v2\/pages\/8637\/revisions"}],"predecessor-version":[{"id":8638,"href":"https:\/\/www.le-sidh.org\/wicca\/wp-json\/wp\/v2\/pages\/8637\/revisions\/8638"}],"up":[{"embeddable":true,"href":"https:\/\/www.le-sidh.org\/wicca\/wp-json\/wp\/v2\/pages\/68"}],"wp:featuredmedia":[{"embeddable":true,"href":"https:\/\/www.le-sidh.org\/wicca\/wp-json\/wp\/v2\/media\/8636"}],"wp:attachment":[{"href":"https:\/\/www.le-sidh.org\/wicca\/wp-json\/wp\/v2\/media?parent=8637"}],"curies":[{"name":"wp","href":"https:\/\/api.w.org\/{rel}","templated":true}]}}