{"id":8524,"date":"2020-10-27T13:57:39","date_gmt":"2020-10-27T11:57:39","guid":{"rendered":"http:\/\/www.le-sidh.org\/wicca\/?page_id=8524"},"modified":"2020-10-27T14:14:07","modified_gmt":"2020-10-27T12:14:07","slug":"rituel-dhalloween-tradition-alexandrienne","status":"publish","type":"page","link":"https:\/\/www.le-sidh.org\/wicca\/sabbats\/samhain\/rituel-dhalloween-tradition-alexandrienne\/","title":{"rendered":"Rituel d\u2019Hallowe\u2019en (tradition Alexandrienne)"},"content":{"rendered":"<p style=\"text-align: justify;\">Rituel Alexandrien. Extrait du livre What Witches Do, the modern coven revealed. 31 octobre, Hallowe\u2019en. Par Stewart Farrar, traduction Lune.<\/p>\n<p style=\"text-align: justify;\">La Veille de Novembre, la Toussaint, la f\u00eate ga\u00e9lique du feu de Samhain ou Samhuin, r\u00e9sonne d\u2019une fa\u00e7on plus inqui\u00e9tante que les autres f\u00eates. C\u2019est la fin de l\u2019\u00e9t\u00e9, lorsque les puissances du monde souterrain se font sentir, de plus en plus grandissantes, avec leurs portes grandes ouvertes et toutes leurs troupes lib\u00e9r\u00e9es \u2013 les mauvaises tout autant que les bonnes. Les non-sorciers ont l\u2019habitude de barrer leurs portes et fen\u00eatres pour Hallowe\u2019en et d\u2019employer des chandelles plac\u00e9es dans des citrouilles pour effrayer les mauvais esprits, une coutume qui s\u2019est ab\u00e2tardie en un jeu pour les enfants.<\/p>\n<p style=\"text-align: justify;\">Les sorci\u00e8res avaient une attitude moins d\u00e9fensive ; elles faisaient face \u00e0 la saison activement en appelant les esprits amicaux. Les sorci\u00e8res modernes font de m\u00eame, en tentant d\u00e9lib\u00e9r\u00e9ment de contacter les amis et parents d\u00e9funts \u2013 avec tout autant de succ\u00e8s, selon Alex, qui admet qu\u2019il n\u2019aime pas Hallowe\u2019en. \u00ab Ils sont morts ; laissez-les en paix, \u00bb correspond \u00e0 son attitude. \u00ab Parfois je vois ma Grand-M\u00e8re dans la fum\u00e9e du chaudron au cours du rituel d\u2019Hallowe\u2019en. Je l\u2019aimais beaucoup, mais elle s\u2019en est all\u00e9e et nous n\u2019avons pas besoin l\u2019un de l\u2019autre \u00e0 pr\u00e9sent. \u00bb<\/p>\n<p style=\"text-align: justify;\">Le rituel commence par une marche ou une danse lente, le coven porte des torches et des bougies, conduite par le Grand Pr\u00eatre et la Grande Pr\u00eatresse qui tiennent les baguettes. La Rune des Sorci\u00e8res (ou tout autre chant ad\u00e9quat) est entonn\u00e9e sur un tempo lent.<\/p>\n<p style=\"text-align: justify;\">Une fois termin\u00e9e, le Grand Pr\u00eatre et la Grande Pr\u00eatresse tracent le Pentagramme d\u2019Invocation avec leurs atham\u00e9s, tandis que la Grande Pr\u00eatresse r\u00e9cite :<\/p>\n<blockquote>\n<p style=\"text-align: justify;\">\u00ab Effroyable Seigneur des Ombres, Dieu de Vie et Donneur de Vie \u2013 Pourtant, te conna\u00eetre, c\u2019est conna\u00eetre la Mort.<br \/>\nOuvre grand, je t\u2019en prie, tes Portes \u00e0 travers lesquelles tous doivent passer.<br \/>\nQue les \u00eatres chers, partis avant nous,<br \/>\nreviennent cette nuit pour se r\u00e9jouir avec nous.<br \/>\nEt lorsque le temps sera venu pour nous, comme il se doit,<br \/>\n\u00d4 toi, qui r\u00e9confortes, qui consoles, qui donnes Paix et Repos,<br \/>\nNous p\u00e9n\u00e9trerons tes royaumes, heureux et sans peur.<br \/>\nCar nous savons que lorsque nous nous serons repos\u00e9s et revigor\u00e9s parmi les n\u00f4tres, nous rena\u00eetrons par ta gr\u00e2ce et celle de la Grande M\u00e8re.<br \/>\nQue cela soit au m\u00eame endroit et \u00e0 la m\u00eame \u00e9poque que les \u00eatres aim\u00e9s, et puissions-nous les rencontrer, et les conna\u00eetre, et les aimer \u00e0 nouveau !<br \/>\nDescends, nous t\u2019en prions, dans le corps de ton Serviteur et Pr\u00eatre. \u00bb<\/p>\n<\/blockquote>\n<p style=\"text-align: justify;\">Chaque femme donne ensuite le Quintuple Baiser au Grand Pr\u00eatre, en tant que personnification du Dieu.<\/p>\n<p style=\"text-align: justify;\">Aucune m\u00e9thode pr\u00e9cise n\u2019est fix\u00e9e pour induire la visualisation des amis d\u00e9funts. Le choix d\u00e9pend du coven individuel, qui peut avoir trouv\u00e9 tel ou tel autre syst\u00e8me plus efficace selon sa propre exp\u00e9rience. Alex et Maxine favorisent celui du chaudron fumant.<\/p>\n<p style=\"text-align: justify;\">Les g\u00e2teaux et le vin, les danses et les jeux s\u2019ensuivent, et si on se trouve dans le bon \u00e9tat d\u2019esprit, alors on pourra ressentir les autres pr\u00e9sences.<\/p>\n<p style=\"text-align: justify;\">Des huit f\u00eates, c\u2019est celle pour laquelle le Livre des Ombres insiste le plus \u00e9nergiquement sur le Grand Rite. Si \u00e7a n\u2019est pas possible \u00e0 ce moment, le Livre dit que le Grand Pr\u00eatre et la Grande Pr\u00eatresse devront le c\u00e9l\u00e9brer eux-m\u00eames aussit\u00f4t que possible comme il convient, \u00ab symboliquement, ou si possible r\u00e9ellement \u00bb. Comme le rituel d\u2019Hallowe\u2019en est intimement li\u00e9 \u00e0 la Mort et aux Morts, sans doute devrait-il se conclure par une r\u00e9affirmation intense et solennelle de la vie.<\/p>\n<p><a href=\"https:\/\/www.le-sidh.org\/wicca\/wp-content\/uploads\/2020\/10\/maxine-sanders.jpg\"><img loading=\"lazy\" decoding=\"async\" class=\"aligncenter size-full wp-image-8526\" src=\"https:\/\/www.le-sidh.org\/wicca\/wp-content\/uploads\/2020\/10\/maxine-sanders.jpg\" alt=\"\" width=\"312\" height=\"401\" srcset=\"https:\/\/www.le-sidh.org\/wicca\/wp-content\/uploads\/2020\/10\/maxine-sanders.jpg 312w, https:\/\/www.le-sidh.org\/wicca\/wp-content\/uploads\/2020\/10\/maxine-sanders-233x300.jpg 233w\" sizes=\"auto, (max-width: 312px) 100vw, 312px\" \/><\/a><\/p>\n","protected":false},"excerpt":{"rendered":"<p>Rituel Alexandrien. Extrait du livre What Witches Do, the modern coven revealed. 31 octobre, Hallowe\u2019en. Par Stewart Farrar, traduction Lune. La Veille de Novembre, la Toussaint, la f\u00eate ga\u00e9lique du feu de Samhain ou Samhuin, r\u00e9sonne d\u2019une fa\u00e7on plus inqui\u00e9tante que les autres f\u00eates. C\u2019est la fin de l\u2019\u00e9t\u00e9, lorsque les puissances du monde souterrain&#8230;<\/p>\n","protected":false},"author":2,"featured_media":8528,"parent":57,"menu_order":0,"comment_status":"closed","ping_status":"closed","template":"silo.php","meta":{"footnotes":""},"class_list":["post-8524","page","type-page","status-publish","has-post-thumbnail","hentry"],"_links":{"self":[{"href":"https:\/\/www.le-sidh.org\/wicca\/wp-json\/wp\/v2\/pages\/8524","targetHints":{"allow":["GET"]}}],"collection":[{"href":"https:\/\/www.le-sidh.org\/wicca\/wp-json\/wp\/v2\/pages"}],"about":[{"href":"https:\/\/www.le-sidh.org\/wicca\/wp-json\/wp\/v2\/types\/page"}],"author":[{"embeddable":true,"href":"https:\/\/www.le-sidh.org\/wicca\/wp-json\/wp\/v2\/users\/2"}],"replies":[{"embeddable":true,"href":"https:\/\/www.le-sidh.org\/wicca\/wp-json\/wp\/v2\/comments?post=8524"}],"version-history":[{"count":4,"href":"https:\/\/www.le-sidh.org\/wicca\/wp-json\/wp\/v2\/pages\/8524\/revisions"}],"predecessor-version":[{"id":8531,"href":"https:\/\/www.le-sidh.org\/wicca\/wp-json\/wp\/v2\/pages\/8524\/revisions\/8531"}],"up":[{"embeddable":true,"href":"https:\/\/www.le-sidh.org\/wicca\/wp-json\/wp\/v2\/pages\/57"}],"wp:featuredmedia":[{"embeddable":true,"href":"https:\/\/www.le-sidh.org\/wicca\/wp-json\/wp\/v2\/media\/8528"}],"wp:attachment":[{"href":"https:\/\/www.le-sidh.org\/wicca\/wp-json\/wp\/v2\/media?parent=8524"}],"curies":[{"name":"wp","href":"https:\/\/api.w.org\/{rel}","templated":true}]}}