{"id":8304,"date":"2020-07-22T11:04:56","date_gmt":"2020-07-22T09:04:56","guid":{"rendered":"http:\/\/www.le-sidh.org\/wicca\/?page_id=8304"},"modified":"2021-03-18T13:00:51","modified_gmt":"2021-03-18T11:00:51","slug":"cours-wicca-fondation-les-meditations-guidees","status":"publish","type":"page","link":"https:\/\/www.le-sidh.org\/wicca\/cours-wicca-fondation-les-meditations-guidees\/","title":{"rendered":"Cours Wicca Fondation, les m\u00e9ditations guid\u00e9es"},"content":{"rendered":"<a href=\"https:\/\/transactions.sendowl.com\/cart?merchant_id=168945\" rel=\"nofollow\"><div id=\"thecart\"><\/div><\/a><script src=\"https:\/\/transactions.sendowl.com\/assets\/sendowl.js\"><\/script>\n<script>\nsendOwl.cartWidget({\n\tmerchantID: 168945,\n    parent: document.getElementById(\"thecart\"),\n    cartPhrase: \"Panier: \",\n    variant: \"light\"\n});\n<\/script>\n<p style=\"text-align: justify;\"><a href=\"https:\/\/www.le-sidh.org\/wicca\/pack-de-meditations-guidees-volume-1\/\" target=\"_blank\" rel=\"noopener noreferrer\">Pack de m\u00e9ditations guid\u00e9es, volume 1<\/a><br \/>\nAccompagne les le\u00e7ons 1, 2 et 3.<br \/>\n<a href=\"https:\/\/transactions.sendowl.com\/products\/78363395\/BF403880\/add_to_cart\" rel=\"nofollow\"><img decoding=\"async\" src=\"http:\/\/www.le-sidh.org\/wicca\/wp-content\/themes\/graphy-sidh\/add-to-cart.png\" \/><\/a><script type=\"text\/javascript\" src=\"https:\/\/transactions.sendowl.com\/assets\/sendowl.js\" ><\/script><\/p>\n<p style=\"text-align: justify;\"><a href=\"https:\/\/www.le-sidh.org\/wicca\/pack-de-meditations-guidees-volume-2\/\" target=\"_blank\" rel=\"noopener noreferrer\">Pack de m\u00e9ditations guid\u00e9es, volume 2<\/a><br \/>\nAccompagne les le\u00e7ons 4, 5 et 6.<br \/>\n<a href=\"https:\/\/transactions.sendowl.com\/products\/78395571\/B544ABB0\/add_to_cart\" rel=\"nofollow\"><img decoding=\"async\" src=\"http:\/\/www.le-sidh.org\/wicca\/wp-content\/themes\/graphy-sidh\/add-to-cart.png\" \/><\/a><script type=\"text\/javascript\" src=\"https:\/\/transactions.sendowl.com\/assets\/sendowl.js\" ><\/script><\/p>\n<p style=\"text-align: justify;\"><a href=\"https:\/\/www.le-sidh.org\/wicca\/pack-de-meditations-guidees-volume-3\/\" target=\"_blank\" rel=\"noopener noreferrer\">Pack de m\u00e9ditations guid\u00e9es, volume 3<\/a><br \/>\nAccompagne les le\u00e7ons 7, 8 et 9.<br \/>\n<a href=\"https:\/\/transactions.sendowl.com\/products\/78426184\/C9C16080\/add_to_cart\" rel=\"nofollow\"><img decoding=\"async\" src=\"http:\/\/www.le-sidh.org\/wicca\/wp-content\/themes\/graphy-sidh\/add-to-cart.png\" \/><\/a><script type=\"text\/javascript\" src=\"https:\/\/transactions.sendowl.com\/assets\/sendowl.js\" ><\/script><\/p>\n","protected":false},"excerpt":{"rendered":"<p>Pack de m\u00e9ditations guid\u00e9es, volume 1 Accompagne les le\u00e7ons 1, 2 et 3. Pack de m\u00e9ditations guid\u00e9es, volume 2 Accompagne les le\u00e7ons 4, 5 et 6. Pack de m\u00e9ditations guid\u00e9es, volume 3 Accompagne les le\u00e7ons 7, 8 et 9.<\/p>\n","protected":false},"author":1,"featured_media":0,"parent":0,"menu_order":0,"comment_status":"closed","ping_status":"closed","template":"nosidebar.php","meta":{"footnotes":""},"class_list":["post-8304","page","type-page","status-publish","hentry"],"_links":{"self":[{"href":"https:\/\/www.le-sidh.org\/wicca\/wp-json\/wp\/v2\/pages\/8304","targetHints":{"allow":["GET"]}}],"collection":[{"href":"https:\/\/www.le-sidh.org\/wicca\/wp-json\/wp\/v2\/pages"}],"about":[{"href":"https:\/\/www.le-sidh.org\/wicca\/wp-json\/wp\/v2\/types\/page"}],"author":[{"embeddable":true,"href":"https:\/\/www.le-sidh.org\/wicca\/wp-json\/wp\/v2\/users\/1"}],"replies":[{"embeddable":true,"href":"https:\/\/www.le-sidh.org\/wicca\/wp-json\/wp\/v2\/comments?post=8304"}],"version-history":[{"count":22,"href":"https:\/\/www.le-sidh.org\/wicca\/wp-json\/wp\/v2\/pages\/8304\/revisions"}],"predecessor-version":[{"id":9127,"href":"https:\/\/www.le-sidh.org\/wicca\/wp-json\/wp\/v2\/pages\/8304\/revisions\/9127"}],"wp:attachment":[{"href":"https:\/\/www.le-sidh.org\/wicca\/wp-json\/wp\/v2\/media?parent=8304"}],"curies":[{"name":"wp","href":"https:\/\/api.w.org\/{rel}","templated":true}]}}