{"id":83,"date":"2014-07-15T14:14:35","date_gmt":"2014-07-15T12:14:35","guid":{"rendered":"http:\/\/www.le-sidh.org\/wicca\/?page_id=83"},"modified":"2026-01-31T13:59:28","modified_gmt":"2026-01-31T11:59:28","slug":"imbolc","status":"publish","type":"page","link":"https:\/\/www.le-sidh.org\/wicca\/sabbats\/imbolc\/","title":{"rendered":"Imbolc"},"content":{"rendered":"<p style=\"text-align: justify;\">Retrouvez ci-dessous tous les rituels et pratiques d\u00e9di\u00e9s au sabbat de la Vieille de F\u00e9vrier. Imbolc. Imbolg. F\u00eat\u00e9 la vieille du mois de f\u00e9vrier. Par d&rsquo;autres le 2 f\u00e9vrier.Et d&rsquo;autres encore \u00e0 la pleine lune la plus proche&#8230;<\/p>\n<p>Le jour de Sainte Brigitte d&rsquo;Irlande \u00e9tant le 1er f\u00e9vrier.<\/p>\n<p><strong>Les rituels du Sabbat d\u2019Imbolc :<\/strong><\/p>\n<ul>\n<li><a href=\"https:\/\/www.le-sidh.org\/wicca\/livres-des-ombres-gardnerien\/le-livre-des-ombres-de-1949\/les-rituels-de-sabbat-veille-de-fevrier-1949\/\" target=\"_blank\" rel=\"noopener noreferrer\">Veille de F\u00e9vrier<\/a>, extrait du Livre des Ombres de Gerald Gardner<\/li>\n<li><a href=\"https:\/\/www.le-sidh.org\/wicca\/sabbats\/imbolc\/rituel-dimbolg-2-fevrier-par-les-farrar\/\" target=\"_blank\" rel=\"noopener noreferrer\">Imbolg, 2 f\u00e9vrier<\/a>, extrait de la Witches\u2019 Bible par Janet &amp; Stewart Farrar<\/li>\n<li><a href=\"https:\/\/www.le-sidh.org\/wicca\/sabbats\/imbolc\/rite-imbolc-par-elen-hawke\/\" target=\"_blank\" rel=\"noopener\">Rite d\u2019Imbolc<\/a>, extrait de Sacred Circle, par Elen Hawke<\/li>\n<li><a href=\"https:\/\/www.le-sidh.org\/wicca\/sabbats\/imbolc\/imbolc-dans-le-ventre\/\" target=\"_blank\" rel=\"noopener\">Imbolc, \u00ab\u00a0dans le ventre\u00a0\u00bb<\/a>, extrait de Witchcrafting, par Phyllis Curott<\/li>\n<li><a href=\"https:\/\/www.le-sidh.org\/wicca\/sabbats\/imbolc\/rituel-du-sabbat-dimbolc-extrait-du-livre-des-ombres-de-scott-cunningham\/\" target=\"_blank\" rel=\"noopener noreferrer\">Rituel du sabbat d&rsquo;Imbolc<\/a>, extrait du Livre des Ombres de Scott Cunningham<\/li>\n<li><a href=\"https:\/\/www.le-sidh.org\/wicca\/pratiques-rituelles-sorcieres\/charmes-sortileges\/waters-of-the-world-les-eaux-du-monde\/\" target=\"_blank\" rel=\"noopener noreferrer\">Brigid &amp; les eaux du monde<\/a>, extrait de Spiral Dance de Starhawk.<\/li>\n<li><a href=\"https:\/\/www.le-sidh.org\/wicca\/sabbats\/imbolc\/rituel-dimbolc-chandeleur\/\" target=\"_blank\" rel=\"noopener noreferrer\">Rituel d&rsquo;Imbolc, la Chandeleur<\/a>, extrait du livre de Fiona Horne, \u00ab\u00a0Witch, a magickal journal\u00a0\u00bb.<\/li>\n<li><a href=\"https:\/\/www.le-sidh.org\/wicca\/sabbats\/imbolc\/rituel-dimbolc\/\" target=\"_blank\" rel=\"noopener noreferrer\">Rituel d&rsquo;Imbolc<\/a>, extrait du livre de Christopher Penzack, \u00ab\u00a0City magick\u00a0\u00bb.<\/li>\n<\/ul>\n<p><strong>A propos de Brigid :<\/strong><\/p>\n<ul>\n<li><a href=\"https:\/\/www.le-sidh.org\/wicca\/autremonde-2\/divinites\/brigit-la-deesse-qui-ne-mourra-jamais\/\" target=\"_blank\" rel=\"noopener noreferrer\">Brigit, la D\u00e9esse qui ne mourra jamais<\/a>, par Joan Lansberry<\/li>\n<li><a href=\"https:\/\/www.le-sidh.org\/wicca\/autremonde-2\/dieux-esprits-petit-peuple\/la-deesse-brigid\/\" target=\"_blank\" rel=\"noopener noreferrer\">Brigid, ou Brid. Extrait du livre \u00ab\u00a0A dictionary of fairies\u00a0\u00bb par la c\u00e9l\u00e8bre folkloriste Katharine Mary Briggs.<\/a><\/li>\n<li><a href=\"https:\/\/www.le-sidh.org\/wicca\/sabbats\/imbolc\/brigid-et-son-embleme-le-pissenlit\/\" target=\"_blank\" rel=\"noopener noreferrer\">Brigid et son embl\u00e8me le pissenlit, extrait \u00ab\u00a0Dictionary of Plant Lore\u00a0\u00bb. De <span class=\"LrzXr kno-fv\">D.C. Watts<\/span>. Traduction par Lune<\/a>.<\/li>\n<\/ul>\n<p><strong>Outils\/objets rituels utilis\u00e9s pour Imbolc :<br \/>\n<\/strong><\/p>\n<ul>\n<li><a href=\"https:\/\/www.le-sidh.org\/wicca\/handfasting\/les-outils-rituels\/la-baguette-phallique\/\" target=\"_blank\" rel=\"noopener noreferrer\">La Baguette Phallique<\/a>, par Lune<\/li>\n<li><a href=\"https:\/\/www.le-sidh.org\/wicca\/sabbats\/imbolc\/rituel-dimbolg-2-fevrier-par-les-farrar\/\" target=\"_blank\" rel=\"noopener noreferrer\">Le rituel des Farrar parle de la Biddy et de la baguette phallique<\/a><\/li>\n<li><a href=\"https:\/\/www.le-sidh.org\/wicca\/folklore-sorcier\/la-tradition-du-manteau-de-brigid-folklore-irlandais\/\" target=\"_blank\" rel=\"noopener noreferrer\">La tradition du manteau de Brigid, le brat Bride<\/a>, par Lune.<\/li>\n<li><a href=\"https:\/\/www.le-sidh.org\/wicca\/folklore-sorcier\/fete-de-bridget-les-1er-et-2-fevrier-folklore-mannois\/\" target=\"_blank\" rel=\"noopener noreferrer\">F\u00eate de Bridget, les 1er et 2 f\u00e9vrier [folklore mannois] par A. W. Moore<\/a>.<\/li>\n<\/ul>\n<p><strong>A propos d\u2019Imbolc \/ de la Chandeleur :<br \/>\n<\/strong><\/p>\n<ul>\n<li><a href=\"http:\/\/www.le-sidh.org\/site\/article_485.html\" target=\"_blank\" rel=\"noopener noreferrer\">Sabbat et roue de l\u2019ann\u00e9e : imbolc<\/a>, par Astralaya &amp; Taniquetil (\u00e0 revoir)<\/li>\n<li><a href=\"http:\/\/lune.le-sidh.org\/2011\/01\/26\/celebrer-le-soleil\" target=\"_blank\" rel=\"noopener noreferrer\">Quelques pratiques li\u00e9es \u00e0 Imbolc<\/a>, par Lune (\u00e0 revoir)<\/li>\n<li><a href=\"http:\/\/lune.le-sidh.org\/2008\/06\/07\/142-les-rites-familiaux\" target=\"_blank\" rel=\"noopener noreferrer\">Rites familiaux<\/a>, par Herv\u00e9 Fillipetti &amp; Janine Trotereau (\u00e0 revoir)<\/li>\n<\/ul>\n","protected":false},"excerpt":{"rendered":"<p>Retrouvez ci-dessous tous les rituels et pratiques d\u00e9di\u00e9s au sabbat de la Vieille de F\u00e9vrier. Imbolc. Imbolg. F\u00eat\u00e9 la vieille du mois de f\u00e9vrier. Par d&rsquo;autres le 2 f\u00e9vrier.Et d&rsquo;autres encore \u00e0 la pleine lune la plus proche&#8230; Le jour de Sainte Brigitte d&rsquo;Irlande \u00e9tant le 1er f\u00e9vrier. Les rituels du Sabbat d\u2019Imbolc : Veille&#8230;<\/p>\n","protected":false},"author":2,"featured_media":9002,"parent":32,"menu_order":0,"comment_status":"closed","ping_status":"closed","template":"","meta":{"footnotes":""},"class_list":["post-83","page","type-page","status-publish","has-post-thumbnail","hentry"],"_links":{"self":[{"href":"https:\/\/www.le-sidh.org\/wicca\/wp-json\/wp\/v2\/pages\/83","targetHints":{"allow":["GET"]}}],"collection":[{"href":"https:\/\/www.le-sidh.org\/wicca\/wp-json\/wp\/v2\/pages"}],"about":[{"href":"https:\/\/www.le-sidh.org\/wicca\/wp-json\/wp\/v2\/types\/page"}],"author":[{"embeddable":true,"href":"https:\/\/www.le-sidh.org\/wicca\/wp-json\/wp\/v2\/users\/2"}],"replies":[{"embeddable":true,"href":"https:\/\/www.le-sidh.org\/wicca\/wp-json\/wp\/v2\/comments?post=83"}],"version-history":[{"count":27,"href":"https:\/\/www.le-sidh.org\/wicca\/wp-json\/wp\/v2\/pages\/83\/revisions"}],"predecessor-version":[{"id":10558,"href":"https:\/\/www.le-sidh.org\/wicca\/wp-json\/wp\/v2\/pages\/83\/revisions\/10558"}],"up":[{"embeddable":true,"href":"https:\/\/www.le-sidh.org\/wicca\/wp-json\/wp\/v2\/pages\/32"}],"wp:featuredmedia":[{"embeddable":true,"href":"https:\/\/www.le-sidh.org\/wicca\/wp-json\/wp\/v2\/media\/9002"}],"wp:attachment":[{"href":"https:\/\/www.le-sidh.org\/wicca\/wp-json\/wp\/v2\/media?parent=83"}],"curies":[{"name":"wp","href":"https:\/\/api.w.org\/{rel}","templated":true}]}}