{"id":784,"date":"2014-08-03T17:59:43","date_gmt":"2014-08-03T15:59:43","guid":{"rendered":"http:\/\/www.le-sidh.org\/wicca\/?page_id=784"},"modified":"2021-09-21T11:17:18","modified_gmt":"2021-09-21T09:17:18","slug":"rite-equinoxe-dautomne-mabon-par-elen-hawke","status":"publish","type":"page","link":"https:\/\/www.le-sidh.org\/wicca\/sabbats\/mabon\/rite-equinoxe-dautomne-mabon-par-elen-hawke\/","title":{"rendered":"Rite de l\u2019\u00c9quinoxe d&rsquo;Automne, Mabon par Elen Hawke"},"content":{"rendered":"<p style=\"text-align: justify;\"><strong>Rite de l\u2019\u00c9quinoxe d&rsquo;Automne, Mabon. <\/strong>Par Elen Hawke \u00a9, traduction Lune. Extrait du livre : The Sacred Round.<\/p>\n<p>Vous aurez besoin de :<\/p>\n<ul>\n<li style=\"text-align: justify;\">pommes ou d&rsquo;autres fruits d&rsquo;automne pour l&rsquo;autel ou \u00e0 placer dans le chaudron ;<\/li>\n<li style=\"text-align: justify;\">fleurs d&rsquo;automne pour d\u00e9corer le cercle ;<\/li>\n<li style=\"text-align: justify;\">une bougie blanche, une bougie noire ;<\/li>\n<li style=\"text-align: justify;\">un encens qui contient une pointe de myrrhe, de l&rsquo;huile de g\u00e9ranium et du patchouli ;<\/li>\n<li style=\"text-align: justify;\">pour la f\u00eate : des fruits d&rsquo;automne ou des g\u00e2teaux aux fruits ;<\/li>\n<li style=\"text-align: justify;\">jus de fruits ou vin.<\/li>\n<\/ul>\n<p style=\"text-align: justify;\">Projetez le cercle.<\/p>\n<p style=\"text-align: justify;\">Allumez la bougie blanche qui repr\u00e9sente la moiti\u00e9 lumineuse de l&rsquo;ann\u00e9e, mais laissez la bougie noire \u00e9teinte pour le moment.<\/p>\n<p style=\"text-align: justify;\">Battez le tambour pour lever l&rsquo;\u00e9nergie.<\/p>\n<p style=\"text-align: justify;\">Appelez la D\u00e9esse et le Dieu avec l&rsquo;invocation suivante :<\/p>\n<blockquote>\n<p style=\"text-align: justify;\"><strong>\u00d4 Dame des for\u00eats automnales,<\/strong><br \/>\n<strong> Terre M\u00e8re, Vielle Femme, gardienne des graines,<\/strong><br \/>\n<strong> Matrice de vie,<\/strong><br \/>\n<strong> Seigneur de l&rsquo;Autre Monde, Gardien des Portes,<\/strong><br \/>\n<strong> Ami et gu\u00e9risseur,<\/strong><br \/>\n<strong> Apportez en notre cercle harmonie et fertilit\u00e9.<\/strong><br \/>\n<strong> Nous vous remercions pour nos r\u00e9coltes,<\/strong><br \/>\n<strong> Pour la nourriture et le toit au-dessus de notre t\u00eate,<\/strong><br \/>\n<strong> La force, la chaleur et l&rsquo;amiti\u00e9.<\/strong><\/p>\n<\/blockquote>\n<p style=\"text-align: justify;\">Allumez la bougie noire avec la flamme de la bougie blanche, afin de repr\u00e9senter la sombre saison qui s&#8217;empare de la lumi\u00e8re de l&rsquo;\u00e9t\u00e9, tout en disant : <strong>\u00ab\u00a0Nous accueillons l&rsquo;obscurit\u00e9\u00a0\u00bb.<\/strong><\/p>\n<p style=\"text-align: justify;\">\u00c9teignez ensuite la bougie blanche, mais laissez la noire br\u00fbler jusqu&rsquo;\u00e0 la fin du rite (elle peut \u00eatre br\u00fbl\u00e9e un peu chacun des soirs suivant le rituel, afin d&rsquo;\u00e9clairer nos premiers pas vers l&rsquo;hiver).<\/p>\n<p style=\"text-align: justify;\">\u00c0 pr\u00e9sent, chacun prend la main de l&rsquo;autre et danse ou tourne <strong>dans le sens des aiguilles d&rsquo;une montre, en criant les buts que chacun a concr\u00e9tis\u00e9s lors de cette f\u00eate<\/strong>. Commencez individuellement, mais laissez les mots devenir un chant, un mot-clef repr\u00e9sentant chaque but, jusqu&rsquo;\u00e0 ce que cela devienne un son continu.<\/p>\n<p style=\"text-align: justify;\">Puis tournez<strong> dans le sens inverse des aiguilles d&rsquo;une montre pour exprimer les choses auxquelles chaque personne souhaite renoncer <\/strong>.<\/p>\n<p style=\"text-align: justify;\">Enfin, <strong>dansez dans le sens des aiguilles d&rsquo;une montre \u00e0 nouveau et affirmez verbalement les questions spirituelles ou psychologiques sur lesquelles vous voulez travailler tout au long des mois d&rsquo;hiver, p\u00e9riode d&rsquo;introspection<\/strong>.<\/p>\n<p style=\"text-align: justify;\">B\u00e9nissez la nourriture et le calice par les mots suivants :<\/p>\n<blockquote>\n<p style=\"text-align: justify;\"><strong>Seigneur de la vigne, <\/strong><strong>Dame des fruits et des graines,<\/strong><br \/>\n<strong> nous vous remercions pour votre g\u00e9n\u00e9rosit\u00e9.<\/strong><br \/>\n<strong> Soyez b\u00e9nis.<\/strong><\/p>\n<\/blockquote>\n<p>Passez le calice et la nourriture dans le cercle.<\/p>\n<p>Terminez le rite.<\/p>\n<p><a href=\"https:\/\/www.le-sidh.org\/wicca\/wp-content\/uploads\/2014\/08\/mabon_equilibre.jpeg\"><img loading=\"lazy\" decoding=\"async\" class=\"wp-image-785 size-full aligncenter\" src=\"https:\/\/www.le-sidh.org\/wicca\/wp-content\/uploads\/2014\/08\/mabon_equilibre.jpeg\" alt=\"Illustrateur ?\" width=\"200\" height=\"282\" \/><\/a><\/p>\n","protected":false},"excerpt":{"rendered":"<p>Rite de l\u2019\u00c9quinoxe d&rsquo;Automne, Mabon. Par Elen Hawke \u00a9, traduction Lune. Extrait du livre : The Sacred Round. Vous aurez besoin de : pommes ou d&rsquo;autres fruits d&rsquo;automne pour l&rsquo;autel ou \u00e0 placer dans le chaudron ; fleurs d&rsquo;automne pour d\u00e9corer le cercle ; une bougie blanche, une bougie noire ; un encens qui contient&#8230;<\/p>\n","protected":false},"author":2,"featured_media":9586,"parent":68,"menu_order":0,"comment_status":"closed","ping_status":"closed","template":"silo.php","meta":{"footnotes":""},"class_list":["post-784","page","type-page","status-publish","has-post-thumbnail","hentry"],"_links":{"self":[{"href":"https:\/\/www.le-sidh.org\/wicca\/wp-json\/wp\/v2\/pages\/784","targetHints":{"allow":["GET"]}}],"collection":[{"href":"https:\/\/www.le-sidh.org\/wicca\/wp-json\/wp\/v2\/pages"}],"about":[{"href":"https:\/\/www.le-sidh.org\/wicca\/wp-json\/wp\/v2\/types\/page"}],"author":[{"embeddable":true,"href":"https:\/\/www.le-sidh.org\/wicca\/wp-json\/wp\/v2\/users\/2"}],"replies":[{"embeddable":true,"href":"https:\/\/www.le-sidh.org\/wicca\/wp-json\/wp\/v2\/comments?post=784"}],"version-history":[{"count":5,"href":"https:\/\/www.le-sidh.org\/wicca\/wp-json\/wp\/v2\/pages\/784\/revisions"}],"predecessor-version":[{"id":9588,"href":"https:\/\/www.le-sidh.org\/wicca\/wp-json\/wp\/v2\/pages\/784\/revisions\/9588"}],"up":[{"embeddable":true,"href":"https:\/\/www.le-sidh.org\/wicca\/wp-json\/wp\/v2\/pages\/68"}],"wp:featuredmedia":[{"embeddable":true,"href":"https:\/\/www.le-sidh.org\/wicca\/wp-json\/wp\/v2\/media\/9586"}],"wp:attachment":[{"href":"https:\/\/www.le-sidh.org\/wicca\/wp-json\/wp\/v2\/media?parent=784"}],"curies":[{"name":"wp","href":"https:\/\/api.w.org\/{rel}","templated":true}]}}