{"id":7832,"date":"2020-02-01T13:49:19","date_gmt":"2020-02-01T11:49:19","guid":{"rendered":"http:\/\/www.le-sidh.org\/wicca\/?page_id=7832"},"modified":"2020-02-05T15:55:50","modified_gmt":"2020-02-05T13:55:50","slug":"rituel-dimbolc","status":"publish","type":"page","link":"https:\/\/www.le-sidh.org\/wicca\/sabbats\/imbolc\/rituel-dimbolc\/","title":{"rendered":"Rituel d&rsquo;Imbolc"},"content":{"rendered":"<p style=\"text-align: justify;\"><em>Extrait du livre : \u00ab\u00a0City Magick. Spells, rituals and symbols for the urban witch\u00a0\u00bb, par Christopher Penczak. Traduction &amp; adaptation : Lune. <\/em><\/p>\n<p style=\"text-align: justify;\">Imbolc est la f\u00eate du feu c\u00e9l\u00e9br\u00e9e le 2 f\u00e9vrier. Traditionnellement, elle est sacr\u00e9e pour la d\u00e9esse celte Brid, prononc\u00e9e \u00ab\u00a0Breed\u00a0\u00bb (ndlt : \u00e0 l&rsquo;anglaise bien s\u00fbr), une triple d\u00e9esse du feu, de la lumi\u00e8re, de la gu\u00e9rison, de la po\u00e9sie, de la magie et de la forge. Bien qu&rsquo;elle fut, plus tard, transform\u00e9e en Sainte Brigitte et que sa f\u00eate devint la Chandeleur, ses traditions restent toujours vivaces.<\/p>\n<p style=\"text-align: justify;\">Cette c\u00e9l\u00e9bration est une f\u00eate des Lumi\u00e8res. La lumi\u00e8re est utilis\u00e9e pour \u00e9veiller la d\u00e9esse m\u00e8re endormie, la Terre. La lumi\u00e8re est \u00e9galement employ\u00e9e pour dissiper l&rsquo;obscurit\u00e9 restante de l&rsquo;hiver et pour purifier votre maison. Brid est aussi la d\u00e9esse des b\u00e9n\u00e9dictions et de la protection du foyer et des petits enfants.<\/p>\n<p style=\"text-align: justify;\"><em>Mat\u00e9riel n\u00e9cessaire<\/em> : bougies, encens, eau, sel<\/p>\n<p style=\"text-align: justify;\">1. Imbolc est v\u00e9ritablement \u00e0 la racine de notre nettoyage de printemps ou pour \u00eatre plus pr\u00e9cis, du nettoyage en vue du printemps et non du nettoyage durant le printemps. Pour vous pr\u00e9parer ce rituel, nettoyer votre maison. D\u00e9barrassez-vous des moutons de poussi\u00e8re et des toiles d&rsquo;araign\u00e9e. \u00c9liminez le marasme hivernal de votre maison ou\u00a0 de votre appartement en nettoyant tout, d&rsquo;abord physiquement, ensuite spirituellement.<\/p>\n<p style=\"text-align: justify;\">2. Pr\u00e9parez-vous en pratiquant les <a href=\"https:\/\/www.le-sidh.org\/wicca\/pratiques-rituelles-sorcieres\/meditations-transe\/une-simple-meditation\/\" target=\"_blank\" rel=\"noopener noreferrer\">exercices 1<\/a>, <a href=\"https:\/\/www.le-sidh.org\/wicca\/pratiques-rituelles-sorcieres\/meditations-transe\/dynamiser-les-chakras\/\" target=\"_blank\" rel=\"noopener noreferrer\">3<\/a> et <a href=\"https:\/\/www.le-sidh.org\/wicca\/pratiques-rituelles-sorcieres\/meditations-transe\/protection-spirituelle-le-bouclier\/\" target=\"_blank\" rel=\"noopener noreferrer\">4<\/a>.<\/p>\n<p style=\"text-align: justify;\">3. Puisqu&rsquo;Imbolc est la f\u00eate des Lumi\u00e8res, commencez votre rituel en allumant de nombreuses bougies au nom de la d\u00e9esse pour purifier, b\u00e9nir et prot\u00e9ger. D\u00e9corez votre foyer d&rsquo;autant de bougies que possible en toute s\u00e9curit\u00e9, assurez-vous qu&rsquo;elles sont dispos\u00e9es sur des surfaces non inflammables. Invoquez la d\u00e9esse de la lumi\u00e8re pour qu&rsquo;elle soit avec vous, dans votre foyer, parmi ces lumi\u00e8res.<\/p>\n<p style=\"text-align: justify;\">4. Ressentez la flamme et la lumi\u00e8re remplir votre foyer d&rsquo;un feu magique et purifiant.<\/p>\n<p style=\"text-align: justify;\">5. Prenez le sel et b\u00e9nissez-le, puis appelez les \u00eatres et les \u00e9l\u00e9ments de la Terre. Demandez protection \u00e0 la Terre. B\u00e9nissez l&rsquo;eau, en faisant appel aux \u00eatres de l&rsquo;eau, pour la puret\u00e9 et la purification, puis m\u00e9langez le sel et l&rsquo;eau. Aspergez-en un peu dans chaque pi\u00e8ce avec le bout de vos doigts. Oignez de ce m\u00e9lange les chambranles des portes et fen\u00eatres.<\/p>\n<p style=\"text-align: justify;\">6. B\u00e9nissez l&rsquo;encens et demandez aux \u00eatres de l&rsquo;air de purifier votre espace, pour \u00e9lever votre vibration. Utilisez tout encens qui vous est agr\u00e9able. Je sugg\u00e8re des m\u00e9langes de sauge\/foin d&rsquo;odeur\/c\u00e8dre ou d&rsquo;oliban\/myrrhe ou encore de lavande\/cannelle. Les b\u00e2tonnets ou c\u00f4nes d&rsquo;encens du commerce sont \u00e9galement appropri\u00e9s. Allez de pi\u00e8ce en pi\u00e8ce, laissez l&rsquo;encens y br\u00fbler. Apportez-le pr\u00e8s de chaque fen\u00eatre et porte.<\/p>\n<p style=\"text-align: justify;\">7. R\u00e9p\u00e9tez les \u00e9tapes ci-dessus jusqu&rsquo;\u00e0 ce que vous soyez s\u00fbr que l&rsquo;espace est purifi\u00e9 et b\u00e9ni. Remerciez tous les \u00eatres que vous avez appel\u00e9s et reprenez votre activit\u00e9 normale.\u00a0 Pr\u00eatez attention aux diff\u00e9rences au sein de votre foyer \u00e0 pr\u00e9sent.<\/p>\n","protected":false},"excerpt":{"rendered":"<p>Extrait du livre : \u00ab\u00a0City Magick. Spells, rituals and symbols for the urban witch\u00a0\u00bb, par Christopher Penczak. Traduction &amp; adaptation : Lune. Imbolc est la f\u00eate du feu c\u00e9l\u00e9br\u00e9e le 2 f\u00e9vrier. Traditionnellement, elle est sacr\u00e9e pour la d\u00e9esse celte Brid, prononc\u00e9e \u00ab\u00a0Breed\u00a0\u00bb (ndlt : \u00e0 l&rsquo;anglaise bien s\u00fbr), une triple d\u00e9esse du feu, de&#8230;<\/p>\n","protected":false},"author":2,"featured_media":7868,"parent":83,"menu_order":0,"comment_status":"closed","ping_status":"closed","template":"silo.php","meta":{"footnotes":""},"class_list":["post-7832","page","type-page","status-publish","has-post-thumbnail","hentry"],"_links":{"self":[{"href":"https:\/\/www.le-sidh.org\/wicca\/wp-json\/wp\/v2\/pages\/7832","targetHints":{"allow":["GET"]}}],"collection":[{"href":"https:\/\/www.le-sidh.org\/wicca\/wp-json\/wp\/v2\/pages"}],"about":[{"href":"https:\/\/www.le-sidh.org\/wicca\/wp-json\/wp\/v2\/types\/page"}],"author":[{"embeddable":true,"href":"https:\/\/www.le-sidh.org\/wicca\/wp-json\/wp\/v2\/users\/2"}],"replies":[{"embeddable":true,"href":"https:\/\/www.le-sidh.org\/wicca\/wp-json\/wp\/v2\/comments?post=7832"}],"version-history":[{"count":6,"href":"https:\/\/www.le-sidh.org\/wicca\/wp-json\/wp\/v2\/pages\/7832\/revisions"}],"predecessor-version":[{"id":7918,"href":"https:\/\/www.le-sidh.org\/wicca\/wp-json\/wp\/v2\/pages\/7832\/revisions\/7918"}],"up":[{"embeddable":true,"href":"https:\/\/www.le-sidh.org\/wicca\/wp-json\/wp\/v2\/pages\/83"}],"wp:featuredmedia":[{"embeddable":true,"href":"https:\/\/www.le-sidh.org\/wicca\/wp-json\/wp\/v2\/media\/7868"}],"wp:attachment":[{"href":"https:\/\/www.le-sidh.org\/wicca\/wp-json\/wp\/v2\/media?parent=7832"}],"curies":[{"name":"wp","href":"https:\/\/api.w.org\/{rel}","templated":true}]}}