{"id":7822,"date":"2020-01-29T12:22:15","date_gmt":"2020-01-29T10:22:15","guid":{"rendered":"http:\/\/www.le-sidh.org\/wicca\/?page_id=7822"},"modified":"2022-01-13T12:27:41","modified_gmt":"2022-01-13T10:27:41","slug":"rituel-dimbolc-chandeleur","status":"publish","type":"page","link":"https:\/\/www.le-sidh.org\/wicca\/sabbats\/imbolc\/rituel-dimbolc-chandeleur\/","title":{"rendered":"Rituel d&rsquo;Imbolc (Chandeleur)"},"content":{"rendered":"<p style=\"text-align: justify;\"><em>Extrait du livre : \u00ab\u00a0Witch, a magickal journal, a hip guide to modern witchcraft\u00a0\u00bb par Fiona Horne. Traduction : Lune. <\/em><\/p>\n<p style=\"text-align: justify;\">Imbolc\/Chandeleur<\/p>\n<ul style=\"text-align: justify;\">\n<li>Grand sabbat<\/li>\n<li>2 f\u00e9vrier (h\u00e9misph\u00e8re nord) ; 1er ao\u00fbt (h\u00e9misph\u00e8re sud)<\/li>\n<\/ul>\n<p style=\"text-align: justify;\">La fin de la p\u00e9riode sombre. Une p\u00e9riode de croissance. La terre s&rsquo;\u00e9veille. Et selon le mythe, la d\u00e9esse est \u00e0 nouveau f\u00e9conde et le jeune dieu gagne en puissance. C&rsquo;est une p\u00e9riode de purification : on nettoie la maison, on rembourse ses dettes et on r\u00e8gle les vieux comptes, on renonce \u00e0 ce qui ne fonctionne plus et on se pr\u00e9pare aux nouvelles orientations que peut prendre la vie.<\/p>\n<h2 style=\"text-align: center;\">Un rituel d&rsquo;Imbolc<\/h2>\n<p style=\"text-align: justify;\"><em><strong>Un encens pour imbolc<\/strong> : pilez une cuill\u00e8re \u00e0 caf\u00e9 de sang de dragon en poudre, avec une cuill\u00e8re \u00e0 caf\u00e9 d&rsquo;oliban et 5 gouttes d&rsquo;huile de musc.<\/em><\/p>\n<p style=\"text-align: justify;\">Imbolc est une p\u00e9riode de nettoyage de printemps. M\u00eame si ce n&rsquo;est pas encore tout \u00e0 fait le printemps, il est temps de s&rsquo;y pr\u00e9parer, car nous quittons bel et bien l&rsquo;hiver. Passez la journ\u00e9e \u00e0 payer vos factures, nettoyer vos placards et \u00e0 trier vos v\u00eatements d&rsquo;hiver et d&rsquo;\u00e9t\u00e9.<\/p>\n<p style=\"text-align: justify;\"><strong>Pr\u00e9parez-vous pour le rituel<\/strong> : prenez un bain, puis mettez quelque chose de simple et de blanc ou restez v\u00eatu de ciel, ornez vos cheveux de perce-neige ou d&rsquo;une fleur similaire.<\/p>\n<p style=\"text-align: justify;\">Placez une nappe jaune sur votre autel et formez un cercle de 7 bougies blanches entour\u00e9 d&rsquo;une couronne de perce-neige.<\/p>\n<p style=\"text-align: justify;\">Pr\u00e9parez \u00e9galement du papier blanc et un stylo rouge.<\/p>\n<p style=\"text-align: justify;\">Projetez le cercle et invoquez la d\u00e9esse Brigid, la jeune d\u00e9esse du feu et de l&rsquo;inspiration, puis rendez hommage au jeune dieu :<\/p>\n<blockquote>\n<p style=\"text-align: justify;\">F\u00e9conde Brigid, b\u00e9nie du feu, et Dieu-fils toujours plus lumineux, allumez en moi un feu d&rsquo;amour et de douce inspiration pour l&rsquo;avenir. Conduisez-moi sur le chemin que je parcourrai le mieux, pour qu&rsquo;ainsi mes talents soient partag\u00e9s au cours de cette ann\u00e9e.\u00a0\u00bb<\/p>\n<\/blockquote>\n<p style=\"text-align: justify;\">\u00c0 pr\u00e9sent, contemplez l&rsquo;int\u00e9rieur du cercle des bougies et m\u00e9ditez sur vos objectifs de l&rsquo;ann\u00e9e \u00e0 venir, puis composez un po\u00e8me \u00e0 leur sujet. Si vous n&rsquo;\u00eates pas po\u00e8te, cela n&rsquo;a pas d&rsquo;importance : Brigid est po\u00e9tesse et elle vous montrera comment faire. Que vous soyez en groupe ou seul, lisez votre po\u00e8me \u00e0 voix haute lorsque vous l&rsquo;aurez termin\u00e9 et posez-le ensuite dans le cercle de bougies pour qu&rsquo;il re\u00e7oive la b\u00e9n\u00e9diction de Brigid.<\/p>\n<p style=\"text-align: justify;\">R\u00e9voquez le cercle et placez votre po\u00e8me sous votre oreiller. Vous r\u00eaverez des moyens d&rsquo;atteindre vos buts. Imbolc porte avant tout sur le fait de se sentir inspir\u00e9 : sortir de l&rsquo;hibernation hivernale et regarder vers l&rsquo;avenir. R\u00eaver des moyens d&rsquo;atteindre vos objectifs est le don de Brigid : le don d&rsquo;inspiration.<\/p>\n<h2 style=\"text-align: center;\">Le myst\u00e8re de la Roue : Imbolc<\/h2>\n<ul style=\"text-align: justify;\">\n<li>Une p\u00e9riode d&rsquo;initiation aux myst\u00e8res f\u00e9minins : la Vierge, en r\u00e9alisant qui elle est, sait qu&rsquo;elle dispose du potentiel pour \u00eatre M\u00e8re et Vieille. La compr\u00e9hension du potentiel d&rsquo;\u00eatre M\u00e8re vient avec l&rsquo;apparition des menstruations apr\u00e8s la naissance de l&rsquo;Enfant de Promesse, \u00e0 Yule.<\/li>\n<li>Une p\u00e9riode pour m\u00e9diter en profondeur sur le f\u00e9minin en tous, ainsi que pour b\u00e9nir et inspirer de nouveaux projets.<\/li>\n<\/ul>\n<blockquote>\n<ul style=\"text-align: justify;\">\n<li>C&rsquo;est le jour sacr\u00e9 de la d\u00e9esse celte Brigid. Elle est la d\u00e9esse du feu, de l&rsquo;inspiration et de la po\u00e9sie.<\/li>\n<li>Une p\u00e9riode de nettoyage : r\u00e9gler les vieux comptes, rembourser les vieilles dettes, nettoyer les placards et armoires.<\/li>\n<\/ul>\n<p style=\"text-align: justify;\">Iconographie :<\/p>\n<ul>\n<li style=\"text-align: justify;\">Beaucoup de bougies blanches, de fleurs blanches telles que les perce-neige, des repr\u00e9sentations de la M\u00e8re et de la Vieille, mais en mettant davantage l&rsquo;accent sur la Vierge : les choses f\u00e9minines.<\/li>\n<\/ul>\n<\/blockquote>\n<p>Illustration : \u00ab\u00a0La venue de la mari\u00e9e\u00a0\u00bb de John Duncan (1917).<\/p>\n","protected":false},"excerpt":{"rendered":"<p>Extrait du livre : \u00ab\u00a0Witch, a magickal journal, a hip guide to modern witchcraft\u00a0\u00bb par Fiona Horne. Traduction : Lune. Imbolc\/Chandeleur Grand sabbat 2 f\u00e9vrier (h\u00e9misph\u00e8re nord) ; 1er ao\u00fbt (h\u00e9misph\u00e8re sud) La fin de la p\u00e9riode sombre. Une p\u00e9riode de croissance. La terre s&rsquo;\u00e9veille. Et selon le mythe, la d\u00e9esse est \u00e0 nouveau f\u00e9conde&#8230;<\/p>\n","protected":false},"author":2,"featured_media":9645,"parent":83,"menu_order":0,"comment_status":"closed","ping_status":"closed","template":"silo.php","meta":{"footnotes":""},"class_list":["post-7822","page","type-page","status-publish","has-post-thumbnail","hentry"],"_links":{"self":[{"href":"https:\/\/www.le-sidh.org\/wicca\/wp-json\/wp\/v2\/pages\/7822","targetHints":{"allow":["GET"]}}],"collection":[{"href":"https:\/\/www.le-sidh.org\/wicca\/wp-json\/wp\/v2\/pages"}],"about":[{"href":"https:\/\/www.le-sidh.org\/wicca\/wp-json\/wp\/v2\/types\/page"}],"author":[{"embeddable":true,"href":"https:\/\/www.le-sidh.org\/wicca\/wp-json\/wp\/v2\/users\/2"}],"replies":[{"embeddable":true,"href":"https:\/\/www.le-sidh.org\/wicca\/wp-json\/wp\/v2\/comments?post=7822"}],"version-history":[{"count":9,"href":"https:\/\/www.le-sidh.org\/wicca\/wp-json\/wp\/v2\/pages\/7822\/revisions"}],"predecessor-version":[{"id":9646,"href":"https:\/\/www.le-sidh.org\/wicca\/wp-json\/wp\/v2\/pages\/7822\/revisions\/9646"}],"up":[{"embeddable":true,"href":"https:\/\/www.le-sidh.org\/wicca\/wp-json\/wp\/v2\/pages\/83"}],"wp:featuredmedia":[{"embeddable":true,"href":"https:\/\/www.le-sidh.org\/wicca\/wp-json\/wp\/v2\/media\/9645"}],"wp:attachment":[{"href":"https:\/\/www.le-sidh.org\/wicca\/wp-json\/wp\/v2\/media?parent=7822"}],"curies":[{"name":"wp","href":"https:\/\/api.w.org\/{rel}","templated":true}]}}