{"id":779,"date":"2014-08-03T17:49:55","date_gmt":"2014-08-03T15:49:55","guid":{"rendered":"http:\/\/www.le-sidh.org\/wicca\/?page_id=779"},"modified":"2019-06-20T09:59:12","modified_gmt":"2019-06-20T07:59:12","slug":"rite-du-solstice-ete-par-elen-hawke","status":"publish","type":"page","link":"https:\/\/www.le-sidh.org\/wicca\/sabbats\/litha\/rite-du-solstice-ete-par-elen-hawke\/","title":{"rendered":"Rite du Solstice d\u2019\u00e9t\u00e9 par Elen Hawke"},"content":{"rendered":"<p style=\"text-align: justify;\"><strong>Rite du Solstice d\u2019\u00e9t\u00e9. <\/strong>Extrait de The Sacred Round. Par Elen Hawk. Traduction &amp; adaptation Lune.<\/p>\n<p style=\"text-align: justify;\"><em>Litha, Midsummer ou le Solstice d&rsquo;\u00e9t\u00e9.<\/em><\/p>\n<p style=\"text-align: justify;\">Si possible, faites ce rituel en ext\u00e9rieur.<\/p>\n<p style=\"text-align: justify;\">Vous aurez besoin de :<\/p>\n<ul>\n<li style=\"text-align: justify;\">Roses<\/li>\n<li style=\"text-align: justify;\">Feuilles de ch\u00eane<\/li>\n<li style=\"text-align: left;\">Tournesols, soucis, ch\u00e8vrefeuille et autres fleurs d\u2019\u00e9t\u00e9<\/li>\n<li style=\"text-align: justify;\">Une bougie dor\u00e9e, une bougie rose<\/li>\n<li style=\"text-align: justify;\">Oliban et encensoir<\/li>\n<li style=\"text-align: justify;\">Objets et d\u00e9corations habituels pour l\u2019autel<\/li>\n<li style=\"text-align: justify;\">Une boisson qui a une couleur dor\u00e9e pour le calice, il peut s&rsquo;agit de jus de raisin blanc, de jus de pomme, du vin blanc ou d\u2019hydromel&#8230;<\/li>\n<li style=\"text-align: justify;\">Biscuits, il peut s&rsquo;agir de cookies \u00e0 l\u2019avoine ou de g\u00e2teaux au miel.<\/li>\n<\/ul>\n<p style=\"text-align: justify;\">Sur l\u2019autel, disposez des roses pour la D\u00e9esse et des feuilles de ch\u00eane pour le Dieu.<\/p>\n<p style=\"text-align: justify;\">\u00c9parpillez les feuilles de ch\u00eane et les fleurs d\u2019\u00e9t\u00e9 autour du p\u00e9rim\u00e8tre du cercle.<\/p>\n<p style=\"text-align: justify;\">Si vous poss\u00e9dez une \u00ab\u00a0roue solaire\u00a0\u00bb, alors d\u00e9corez-la d\u2019un tournesol en son centre et de fleurs d\u2019\u00e9t\u00e9 sur sa jante. Vous pouvez tresser des fleurs dans vos cheveux si vous le souhaitez et vous fabriquer une couronne de fleurs.<\/p>\n<p style=\"text-align: justify;\">Allumez l\u2019encens et les bougies, projetez le cercle puis battez le tambour, dansez et chantez pour \u00e9riger l\u2019\u00e9nergie.<\/p>\n<p style=\"text-align: justify;\">Allumez la bougie rose en d\u00e9clamant l\u2019invocation suivante :<\/p>\n<blockquote>\n<p style=\"text-align: justify;\"><strong>Salut \u00e0 toi D\u00e9esse,<\/strong><br \/>\n<strong> Grande M\u00e8re \u00e0 tous,<\/strong><br \/>\n<strong> Dame de la rivi\u00e8re, de l\u2019oc\u00e9an et du vallon,<\/strong><br \/>\n<strong> De l\u2019abeille \u00e0 miel, du papillon, du saumon et de l\u2019anguille,<\/strong><br \/>\n<strong> Du b\u00e9tail dans le pr\u00e9, de l\u2019oiseau en vol,<\/strong><br \/>\n<strong> Du fruit qui grossit sur la branche.<br \/>\n<\/strong><\/p>\n<\/blockquote>\n<p style=\"text-align: justify;\">Puis allumez la bougie dor\u00e9e et dites :<\/p>\n<blockquote>\n<p style=\"text-align: justify;\"><strong>Salut \u00e0 toi Soleil,<\/strong><br \/>\n<strong> Salut \u00e0 toi (le) Seigneur,<\/strong><br \/>\n<strong> Roi de la for\u00eat, force de vie dans la graine,<\/strong><br \/>\n<strong> Seigneur du bois sauvage, des \u00e9cureuils et du cerf,<\/strong><br \/>\n<strong> Du serpent et de l\u2019aigle,<\/strong><br \/>\n<strong> Nous t\u2019honorons aujourd\u2019hui.<br \/>\n<\/strong><\/p>\n<\/blockquote>\n<p style=\"text-align: justify;\">Chaque personne tournera son attention vers tout but magique qui aurait besoin d\u2019\u00eatre renforc\u00e9, car c\u2019est le moment du dernier \u00e9clat d\u2019\u00e9nergie avant la longue p\u00e9riode d\u2019attente pr\u00e9r\u00e9coltes ; ainsi, tous se prendront la main et concentreront l\u2019\u00e9nergie dans les souhaits combin\u00e9s du groupe. Puis tout autre travail magique ou de gu\u00e9rison peut \u00eatre accompli si vous le d\u00e9sirez.<\/p>\n<p style=\"text-align: justify;\">Enfin, levez le calice et imaginez les rayons du soleil p\u00e9n\u00e9trer dans son contenu (m\u00eame si c\u2019est la nuit), puis passez le calice \u00e0 chaque personne pr\u00e9sente, qui boira et dira :<\/p>\n<blockquote>\n<p style=\"text-align: justify;\"><strong>La fleur en moi, le fruit en moi.<br \/>\n<\/strong><\/p>\n<\/blockquote>\n<p style=\"text-align: justify;\">De la m\u00eame mani\u00e8re, b\u00e9nissez la nourriture et passez-la \u00e0 chaque personne qui en brisera un morceau en disant :<\/p>\n<blockquote>\n<p style=\"text-align: justify;\"><strong>Que m\u00fbrissent mes r\u00e9coltes !<br \/>\n<\/strong><\/p>\n<\/blockquote>\n<p style=\"text-align: justify;\">\u00c0 pr\u00e9sent, faites vos adieux \u00e0 la D\u00e9esse et au Dieu en d\u00e9clamant l\u2019invocation suivante :<\/p>\n<blockquote>\n<p style=\"text-align: justify;\"><strong>Nous vous remercions pour l\u2019abondance.<\/strong><br \/>\n<strong> Adieux \u00e0 la D\u00e9esse et au Dieu.<br \/>\n<\/strong><\/p>\n<\/blockquote>\n<p style=\"text-align: justify;\">A pr\u00e9sent, terminez le rite de la mani\u00e8re habituelle.<\/p>\n","protected":false},"excerpt":{"rendered":"<p>Rite du Solstice d\u2019\u00e9t\u00e9. Extrait de The Sacred Round. Par Elen Hawk. Traduction &amp; adaptation Lune. Litha, Midsummer ou le Solstice d&rsquo;\u00e9t\u00e9. Si possible, faites ce rituel en ext\u00e9rieur. Vous aurez besoin de : Roses Feuilles de ch\u00eane Tournesols, soucis, ch\u00e8vrefeuille et autres fleurs d\u2019\u00e9t\u00e9 Une bougie dor\u00e9e, une bougie rose Oliban et encensoir Objets&#8230;<\/p>\n","protected":false},"author":2,"featured_media":6892,"parent":66,"menu_order":0,"comment_status":"closed","ping_status":"closed","template":"silo.php","meta":{"footnotes":""},"class_list":["post-779","page","type-page","status-publish","has-post-thumbnail","hentry"],"_links":{"self":[{"href":"https:\/\/www.le-sidh.org\/wicca\/wp-json\/wp\/v2\/pages\/779","targetHints":{"allow":["GET"]}}],"collection":[{"href":"https:\/\/www.le-sidh.org\/wicca\/wp-json\/wp\/v2\/pages"}],"about":[{"href":"https:\/\/www.le-sidh.org\/wicca\/wp-json\/wp\/v2\/types\/page"}],"author":[{"embeddable":true,"href":"https:\/\/www.le-sidh.org\/wicca\/wp-json\/wp\/v2\/users\/2"}],"replies":[{"embeddable":true,"href":"https:\/\/www.le-sidh.org\/wicca\/wp-json\/wp\/v2\/comments?post=779"}],"version-history":[{"count":7,"href":"https:\/\/www.le-sidh.org\/wicca\/wp-json\/wp\/v2\/pages\/779\/revisions"}],"predecessor-version":[{"id":6922,"href":"https:\/\/www.le-sidh.org\/wicca\/wp-json\/wp\/v2\/pages\/779\/revisions\/6922"}],"up":[{"embeddable":true,"href":"https:\/\/www.le-sidh.org\/wicca\/wp-json\/wp\/v2\/pages\/66"}],"wp:featuredmedia":[{"embeddable":true,"href":"https:\/\/www.le-sidh.org\/wicca\/wp-json\/wp\/v2\/media\/6892"}],"wp:attachment":[{"href":"https:\/\/www.le-sidh.org\/wicca\/wp-json\/wp\/v2\/media?parent=779"}],"curies":[{"name":"wp","href":"https:\/\/api.w.org\/{rel}","templated":true}]}}