{"id":774,"date":"2014-08-03T17:39:46","date_gmt":"2014-08-03T15:39:46","guid":{"rendered":"http:\/\/www.le-sidh.org\/wicca\/?page_id=774"},"modified":"2019-01-28T17:32:35","modified_gmt":"2019-01-28T15:32:35","slug":"rite-imbolc-par-elen-hawke","status":"publish","type":"page","link":"https:\/\/www.le-sidh.org\/wicca\/sabbats\/imbolc\/rite-imbolc-par-elen-hawke\/","title":{"rendered":"Rite d&rsquo;Imbolc par Elen Hawke"},"content":{"rendered":"<p style=\"text-align: left;\"><em>Extrait de \u00ab\u00a0The Sacred Round\u00a0\u00bb par Elen Hawke \u00a9, traduction &amp; adaptation Lune.<\/em><\/p>\n<p>Vous aurez besoin de :<\/p>\n<ul>\n<li>Perce-neige sur l\u2019autel<\/li>\n<li style=\"text-align: justify;\">Un chaudron rempli d\u2019eau, de perce-neige et de bougies blanches flottantes<\/li>\n<li style=\"text-align: justify;\">Un petit bol de terre o\u00f9 ficher une bougie blanche toute neuve, \u00e0 placer pr\u00e8s des perce-neige sur l\u2019autel (cette bougie repr\u00e9sente la lumi\u00e8re et l\u2019\u00e9nergie qui fait germer la premi\u00e8re graine dans la terre)<\/li>\n<li>Une simple bougie blanche pour chaque personne pr\u00e9sente (il s&rsquo;agira d&rsquo;une bougie de souhait)<\/li>\n<li style=\"text-align: justify;\">Un bol, chaudron ou autre contenant r\u00e9sistant \u00e0 la chaleur, rempli de terre ou de sable humide, dans lequel on placera les bougies de souhaits allum\u00e9es<\/li>\n<li style=\"text-align: justify;\">Une petite bougie t\u00e9moin<\/li>\n<li style=\"text-align: justify;\">Encens d\u2019Imbolc ou encens au parfum l\u00e9g\u00e8rement fleuri<\/li>\n<li style=\"text-align: justify;\">Eau de source pour le calice<\/li>\n<li style=\"text-align: justify;\">et produits laitiers pour la f\u00eate, comme les produits fermiers, sont traditionnellement consomm\u00e9s \u00e0 cette p\u00e9riode.<\/li>\n<\/ul>\n<p style=\"text-align: justify;\"><a href=\"https:\/\/www.le-sidh.org\/wicca\/wp-content\/uploads\/2019\/01\/the-middle-ages-2972277_1280.jpg\"><img loading=\"lazy\" decoding=\"async\" class=\"alignleft wp-image-3664 \" src=\"https:\/\/www.le-sidh.org\/wicca\/wp-content\/uploads\/2019\/01\/the-middle-ages-2972277_1280-700x1052.jpg\" alt=\"\" width=\"290\" height=\"435\" srcset=\"https:\/\/www.le-sidh.org\/wicca\/wp-content\/uploads\/2019\/01\/the-middle-ages-2972277_1280-700x1052.jpg 700w, https:\/\/www.le-sidh.org\/wicca\/wp-content\/uploads\/2019\/01\/the-middle-ages-2972277_1280-200x300.jpg 200w, https:\/\/www.le-sidh.org\/wicca\/wp-content\/uploads\/2019\/01\/the-middle-ages-2972277_1280-768x1154.jpg 768w, https:\/\/www.le-sidh.org\/wicca\/wp-content\/uploads\/2019\/01\/the-middle-ages-2972277_1280-800x1202.jpg 800w, https:\/\/www.le-sidh.org\/wicca\/wp-content\/uploads\/2019\/01\/the-middle-ages-2972277_1280.jpg 852w\" sizes=\"auto, (max-width: 290px) 100vw, 290px\" \/><\/a>Projetez le cercle comme d&rsquo;habitude, mais n\u2019allumez pas les bougies des quartiers ni de l\u2019autel, seulement la bougie dans le bol de terre et l\u2019encens. L\u2019id\u00e9e est de cr\u00e9er le ventre, la matrice de la terre au centre de laquelle br\u00fble la lumi\u00e8re, de fait aucune lumi\u00e8re n\u2019est n\u00e9cessaire \u00e0 la p\u00e9riph\u00e9rie du cercle.<\/p>\n<p style=\"text-align: justify;\">Battez le tambour pour soulever l\u2019\u00e9nergie. Si vous poss\u00e9dez votre propre Bodhran, le tambour \u00e0 main traditionnel celtique, alors tant mieux, car il est sacr\u00e9 \u00e0 Imbolc et pour Brighid.<\/p>\n<p style=\"text-align: justify;\">\u00c9vocation de Brighid :<\/p>\n<p style=\"text-align: justify;\"><strong>\u00ab Dame Brighid, sois ici avec nous pour ton festival du feu et de l\u2019eau<\/strong><br \/>\n<strong> Puissions-nous \u00eatre purifi\u00e9s de tout ce que nous souhaitons laisser derri\u00e8re nous,<\/strong><br \/>\n<strong> comme la terre est lav\u00e9e par les pluies,<\/strong><br \/>\n<strong> pr\u00eate \u00e0 amener un nouvelle croissance<\/strong><br \/>\n<strong> Sous le feu grandissant du Soleil. \u00bb<\/strong><\/p>\n<p style=\"text-align: justify;\">Tout le monde s\u2019assoit en cercle. Chacun, tour \u00e0 tour, parle de ce dont il souhaite se d\u00e9barrasser, se d\u00e9tacher.<\/p>\n<p style=\"text-align: justify;\">Quand cela est fait, la petite bougie t\u00e9moin est allum\u00e9e \u00e0 partir de la flamme de la bougie blanche. Puis, avec la petite bougie t\u00e9moin, on allume les bougies flottantes du chaudron, une fois qu\u2019elles seront toutes allum\u00e9es, le chaudron rempli d\u2019eau brillera d\u2019une douce lumi\u00e8re. Ce chaudron de feu, d\u2019eau et de perce-neige repr\u00e9sente l\u2019essence purificatrice de Brighid et elle nettoie tout ceux pr\u00e9sents, ainsi ils pourront se tourner vers de nouveaux projets.<\/p>\n<p style=\"text-align: justify;\">A pr\u00e9sent, chaque personne prend une bougie de souhait et formule un nouveau but ou souhait sur lequel travailler tout au long de l\u2019ann\u00e9e. Se faisant, chacun l\u00e8ve la bougie au niveau du 3\u00e8me \u0153il et visualise fortement son souhait.<\/p>\n<p style=\"text-align: justify;\">Chacun allume sa bougie \u00e0 partir de la bougie principale qui se trouve dans le bol rempli de terre, en disant :<\/p>\n<p style=\"text-align: justify;\"><strong>\u00ab Puisse Brighid donner du pouvoir \u00e0 mon souhait,<\/strong><br \/>\n<strong> comme elle fait germer les graines sem\u00e9es au printemps. \u00bb<\/strong><\/p>\n<p style=\"text-align: justify;\">Consacrez le calice d\u2019eau de source ; chaque personne boit, tour \u00e0 tour, tout en ressentant l\u2019effet purificateur de l\u2019eau parcourant son organisme, en le nettoyant et en l\u2019\u00e9nergisant.<\/p>\n<p style=\"text-align: justify;\">Poursuivez avec la petite f\u00eate et rouvrez le cercle, en remerciant la D\u00e9esse pour sa pr\u00e9sence en disant :<\/p>\n<p style=\"text-align: justify;\"><strong>\u00ab Nous te remercions, Dame, et te saluons. \u00bb<\/strong><\/p>\n<p style=\"text-align: justify;\">Les bougies de souhait devront \u00eatre plac\u00e9es en quelque endroit s\u00fbr jusqu\u2019\u00e0 ce qu\u2019elles aient fini de br\u00fbler. La terre qui a accueilli les bougies d\u2019Imbolc pourra \u00eatre conserv\u00e9e jusqu\u2019\u00e0 Ostara, moment durant lequel vous pourrez planter des graines dans la terre, si vous le d\u00e9sirez. Vous pouvez \u00e9galement souhaiter garder un peu d\u2019eau du chaudron pour l\u2019utiliser durant le prochain rituel de pleine lune que vous c\u00e9l\u00e9brerez. Elle conservera la douce et magnifique essence d\u2019Imbolc.<\/p>\n","protected":false},"excerpt":{"rendered":"<p>Extrait de \u00ab\u00a0The Sacred Round\u00a0\u00bb par Elen Hawke \u00a9, traduction &amp; adaptation Lune. Vous aurez besoin de : Perce-neige sur l\u2019autel Un chaudron rempli d\u2019eau, de perce-neige et de bougies blanches flottantes Un petit bol de terre o\u00f9 ficher une bougie blanche toute neuve, \u00e0 placer pr\u00e8s des perce-neige sur l\u2019autel (cette bougie repr\u00e9sente la&#8230;<\/p>\n","protected":false},"author":2,"featured_media":0,"parent":83,"menu_order":0,"comment_status":"closed","ping_status":"closed","template":"silo.php","meta":{"footnotes":""},"class_list":["post-774","page","type-page","status-publish","hentry"],"_links":{"self":[{"href":"https:\/\/www.le-sidh.org\/wicca\/wp-json\/wp\/v2\/pages\/774","targetHints":{"allow":["GET"]}}],"collection":[{"href":"https:\/\/www.le-sidh.org\/wicca\/wp-json\/wp\/v2\/pages"}],"about":[{"href":"https:\/\/www.le-sidh.org\/wicca\/wp-json\/wp\/v2\/types\/page"}],"author":[{"embeddable":true,"href":"https:\/\/www.le-sidh.org\/wicca\/wp-json\/wp\/v2\/users\/2"}],"replies":[{"embeddable":true,"href":"https:\/\/www.le-sidh.org\/wicca\/wp-json\/wp\/v2\/comments?post=774"}],"version-history":[{"count":4,"href":"https:\/\/www.le-sidh.org\/wicca\/wp-json\/wp\/v2\/pages\/774\/revisions"}],"predecessor-version":[{"id":3666,"href":"https:\/\/www.le-sidh.org\/wicca\/wp-json\/wp\/v2\/pages\/774\/revisions\/3666"}],"up":[{"embeddable":true,"href":"https:\/\/www.le-sidh.org\/wicca\/wp-json\/wp\/v2\/pages\/83"}],"wp:attachment":[{"href":"https:\/\/www.le-sidh.org\/wicca\/wp-json\/wp\/v2\/media?parent=774"}],"curies":[{"name":"wp","href":"https:\/\/api.w.org\/{rel}","templated":true}]}}