{"id":772,"date":"2014-08-03T17:35:45","date_gmt":"2014-08-03T15:35:45","guid":{"rendered":"http:\/\/www.le-sidh.org\/wicca\/?page_id=772"},"modified":"2018-12-16T21:05:03","modified_gmt":"2018-12-16T19:05:03","slug":"rite-de-yule-par-elen-hawke","status":"publish","type":"page","link":"https:\/\/www.le-sidh.org\/wicca\/sabbats\/solstice-dhiver\/rite-de-yule-par-elen-hawke\/","title":{"rendered":"Rite de Yule par Elen Hawke"},"content":{"rendered":"<p style=\"text-align: center;\"><strong>Elen Hawke &#8211; 2 &#8211; Rite de Yule<\/strong><br \/>\nPar Elen Hawke \u00a9, traduction Lune<\/p>\n<p style=\"text-align: justify;\">Le rituel suivant a \u00e9t\u00e9 \u00e9crit pour un coven, mais il peut \u00eatre adapt\u00e9 pour l\u2019usage d\u2019un couple ou d\u2019une sorci\u00e8re solitaire.<a href=\"https:\/\/www.le-sidh.org\/wicca\/wp-content\/uploads\/2018\/12\/houx.jpg\"><img loading=\"lazy\" decoding=\"async\" class=\"aligncenter size-full wp-image-3209\" src=\"https:\/\/www.le-sidh.org\/wicca\/wp-content\/uploads\/2018\/12\/houx.jpg\" alt=\"\" width=\"972\" height=\"648\" srcset=\"https:\/\/www.le-sidh.org\/wicca\/wp-content\/uploads\/2018\/12\/houx.jpg 972w, https:\/\/www.le-sidh.org\/wicca\/wp-content\/uploads\/2018\/12\/houx-300x200.jpg 300w, https:\/\/www.le-sidh.org\/wicca\/wp-content\/uploads\/2018\/12\/houx-768x512.jpg 768w, https:\/\/www.le-sidh.org\/wicca\/wp-content\/uploads\/2018\/12\/houx-700x467.jpg 700w, https:\/\/www.le-sidh.org\/wicca\/wp-content\/uploads\/2018\/12\/houx-800x533.jpg 800w\" sizes=\"auto, (max-width: 972px) 100vw, 972px\" \/><\/a>Vous aurez besoin :<\/p>\n<ul>\n<li>d&rsquo;un chaudron ou d&rsquo;un autre contenant pour le centre du cercle, il devra \u00eatre rempli de terre humide et ses bords devront \u00eatre d\u00e9cor\u00e9s de houx, de lierre et de gui.<\/li>\n<li>d&rsquo;une grande chandelle blanche, que l\u2019on enfoncera fermement dans la terre, au centre du chaudron.<\/li>\n<li>d&rsquo;une chandelle blanche plus petite pour chaque personne pr\u00e9sente.<\/li>\n<li>d\u2019encens de Yule, soit achet\u00e9, soit fabriqu\u00e9 maison en employant de l\u2019oliban, de la myrrhe et des \u00e9pices m\u00e9lang\u00e9s comme part des ingr\u00e9dients.<\/li>\n<li>d&rsquo;un tambour (si vous n\u2019en avez pas, improvisez).<\/li>\n<li>de mets de saison pour la petite f\u00eate et de jus de raisin \u00e9pic\u00e9 ou de vin pour le calice.<\/li>\n<li>Si vous avez fabriqu\u00e9 une roue solaire, d\u00e9corez-la avec du houx et du lierre et suspendez-la \u00e0 la limite du cercle ou posez-la contre l\u2019autel.<\/li>\n<li>Sur l\u2019autel lui-m\u00eame, vous aurez besoin de vos outils magiques habituels et de chandelles d\u2019autel, mais vous pouvez \u00e9galement y placer des rameaux de ch\u00eane vert (quercus ilex) et des brindilles de bouleau (sans feuilles \u00e0 cette saison) car le bouleau est l\u2019arbre de renaissance et appartient au solstice.<\/li>\n<\/ul>\n<p style=\"text-align: justify;\">Allumez les bougies des quartiers, les chandelles de l\u2019autel et le charbon pour l\u2019encens.<\/p>\n<p style=\"text-align: justify;\">Reliez-vous \u00e0 la terre et centrez-vous, puis projetez le cercle et appelez les quartiers comme d\u2019habitude mais ne soulevez pas\u00a0 encore l\u2019\u00e9nergie \u00e0 ce moment du rituel.<\/p>\n<p style=\"text-align: justify;\">Si vous faites ce rite en groupe, alors vous devrez avoir d\u00e9cid\u00e9 \u00e0 l\u2019avance quelles seront les t\u00e2ches attribu\u00e9es \u00e0 chacun (\u00e9videmment les pratiquants solitaires feront tout eux-m\u00eames). Une personne devra s\u2019asseoir pr\u00e8s du chaudron avec des allumettes ou un briquet \u00e0 la main.<\/p>\n<p style=\"text-align: justify;\">\u00c9teignez toutes les bougies. Chacun s\u2019assoira \u00e0 pr\u00e9sent en cercle et une personne devra commencer \u00e0 battre le tambour doucement, r\u00e9guli\u00e8rement et calmement, tel un battement de c\u0153ur.<\/p>\n<p style=\"text-align: justify;\">Par-dessus, quelqu\u2019un devra dire l\u2019invocation suivante (ce qui n\u00e9cessitera de l\u2019apprendre par c\u0153ur car il n\u2019y aura pas de lumi\u00e8re pour la lire) :<\/p>\n<blockquote>\n<p style=\"text-align: justify;\">Sous la pierre, sous les os<br \/>\nDans la terre, attendez la renaissance<br \/>\nDans la tombe, dans le ventre<br \/>\nL\u00e0 o\u00f9 r\u00e9sident les t\u00e9n\u00e8bres, immobiles et froides.<\/p>\n<\/blockquote>\n<p style=\"text-align: justify;\">Le battement du tambour devra \u00e0 pr\u00e9sent cesser et tous tomberont dans une m\u00e9ditation silencieuse, en s\u2019imaginant eux-m\u00eames aller profond\u00e9ment dans la terre hivernale sombre et froide.<\/p>\n<p style=\"text-align: justify;\">Au moment propice, le battement du tambour recommence, doucement mais l\u00e9g\u00e8rement tout d\u2019abord.<\/p>\n<p style=\"text-align: justify;\">Puis quelqu\u2019un devra allumer la chandelle blanche dans le chaudron pour repr\u00e9senter le soleil renaissant du ventre de la terre et l\u2019invocation se poursuit avec :<\/p>\n<blockquote>\n<p style=\"text-align: justify;\">Une pointe de lumi\u00e8re !<\/p>\n<\/blockquote>\n<p style=\"text-align: justify;\">Le battement du tambour devra acc\u00e9l\u00e9rer \u00e0 ce moment bien qu\u2019il restera faible tandis que l\u2019invocation continue :<\/p>\n<blockquote>\n<p style=\"text-align: justify;\">L\u2019Enfant de Promesse vient \u00e0 nous<br \/>\nHors de la tombe, Hors du ventre<br \/>\nLa chandelle br\u00fble, la lumi\u00e8re revient !<\/p>\n<\/blockquote>\n<p style=\"text-align: justify;\">Le battement du tambour devra s\u2019amplifier, devenir plus rapide et plus sauvage tandis que les chandelles de l\u2019autel et des quartiers sont rallum\u00e9es, jusqu\u2019\u00e0 ce qu\u2019il atteigne le crescendo alors que chaque personne allume sa bougie personnelle avec celle du chaudron, puis la plante dans la terre autour de la bougie du chaudron.<\/p>\n<p style=\"text-align: justify;\">A pr\u00e9sent, tous peuvent exprimer toutes les id\u00e9es souhait\u00e9es et commencer \u00e0 les formuler pour l&rsquo;ann\u00e9e \u00e0 venir, la gu\u00e9rison \u00e0 distance ou d&rsquo;autres travaux peuvent \u00eatre effectu\u00e9s ou bien l&rsquo;\u00e9nergie du cercle peut simplement \u00eatre employ\u00e9e pour envoyer paix et amour dans le monde, de fa\u00e7on \u00e0 ce que le travail de gu\u00e9rison se fasse partout o\u00f9 cela peut \u00eatre n\u00e9cessaire. Si vous travaillez en groupe, formez l\u2019\u00e9nergie en c\u00f4ne de pouvoir, faites-la tournoyer et envoyez-la sur sa voie. Si vous \u00eates seul, dirigez-la avec l\u2019esprit, ou une baguette ou un atham\u00e9.<\/p>\n<p style=\"text-align: justify;\">Il restera seulement \u00e0 consacrer les g\u00e2teaux et le vin, et \u00e0 festoyer, avant de d\u00e9faire le cercle.<\/p>\n<p style=\"text-align: justify;\">\n","protected":false},"excerpt":{"rendered":"<p>Elen Hawke &#8211; 2 &#8211; Rite de Yule Par Elen Hawke \u00a9, traduction Lune Le rituel suivant a \u00e9t\u00e9 \u00e9crit pour un coven, mais il peut \u00eatre adapt\u00e9 pour l\u2019usage d\u2019un couple ou d\u2019une sorci\u00e8re solitaire.Vous aurez besoin : d&rsquo;un chaudron ou d&rsquo;un autre contenant pour le centre du cercle, il devra \u00eatre rempli de&#8230;<\/p>\n","protected":false},"author":2,"featured_media":0,"parent":70,"menu_order":0,"comment_status":"closed","ping_status":"closed","template":"silo.php","meta":{"footnotes":""},"class_list":["post-772","page","type-page","status-publish","hentry"],"_links":{"self":[{"href":"https:\/\/www.le-sidh.org\/wicca\/wp-json\/wp\/v2\/pages\/772","targetHints":{"allow":["GET"]}}],"collection":[{"href":"https:\/\/www.le-sidh.org\/wicca\/wp-json\/wp\/v2\/pages"}],"about":[{"href":"https:\/\/www.le-sidh.org\/wicca\/wp-json\/wp\/v2\/types\/page"}],"author":[{"embeddable":true,"href":"https:\/\/www.le-sidh.org\/wicca\/wp-json\/wp\/v2\/users\/2"}],"replies":[{"embeddable":true,"href":"https:\/\/www.le-sidh.org\/wicca\/wp-json\/wp\/v2\/comments?post=772"}],"version-history":[{"count":4,"href":"https:\/\/www.le-sidh.org\/wicca\/wp-json\/wp\/v2\/pages\/772\/revisions"}],"predecessor-version":[{"id":3211,"href":"https:\/\/www.le-sidh.org\/wicca\/wp-json\/wp\/v2\/pages\/772\/revisions\/3211"}],"up":[{"embeddable":true,"href":"https:\/\/www.le-sidh.org\/wicca\/wp-json\/wp\/v2\/pages\/70"}],"wp:attachment":[{"href":"https:\/\/www.le-sidh.org\/wicca\/wp-json\/wp\/v2\/media?parent=772"}],"curies":[{"name":"wp","href":"https:\/\/api.w.org\/{rel}","templated":true}]}}