{"id":7718,"date":"2019-10-31T10:26:18","date_gmt":"2019-10-31T08:26:18","guid":{"rendered":"http:\/\/www.le-sidh.org\/wicca\/?page_id=7718"},"modified":"2021-10-27T20:23:27","modified_gmt":"2021-10-27T18:23:27","slug":"rituel-de-samhain","status":"publish","type":"page","link":"https:\/\/www.le-sidh.org\/wicca\/sabbats\/samhain\/rituel-de-samhain\/","title":{"rendered":"Rituel de Samhain"},"content":{"rendered":"<p style=\"text-align: justify;\">Par Phyllis Curott, extrait du livre Witch Crafting. Traduction et adaptation : Lune.<\/p>\n<p style=\"text-align: justify;\"><strong>Samhain. La Nuit Durant laquelle le Voile entre les Mondes est le Plus Fin, lorsque Nous entrons dans le Temps du R\u00eave.<\/strong><\/p>\n<p style=\"text-align: justify;\"><strong>31 octobre dans l\u2019h\u00e9misph\u00e8re nord ; 1er mai dans l\u2019h\u00e9misph\u00e8re sud.<\/strong><\/p>\n<p style=\"text-align: justify;\">Les gens portent souvent du noir \u00e0 Samhain, mais dans ma tradition nous aimons aussi porter des couleurs chatoyantes pour exprimer notre joie en pr\u00e9sence de nos chers disparus qui reviennent nous rendre visite.<\/p>\n<p style=\"text-align: justify;\">Pr\u00e9parez l\u2019autel avec des couleurs telles que le noir, l\u2019or et l\u2019orange.<\/p>\n<p style=\"text-align: justify;\">Sur l\u2019autel, placez une paire de bougies noir et orange, une grenade \u2013 le symbole de Pers\u00e9phone, la D\u00e9esse grecque qui \u00e9tait la Reine du Monde souterrain \u2013 et une offrande de nourriture et de boisson aux esprits des anc\u00eatres, ainsi que votre outil divinatoire (s\u2019il vous pla\u00eet, n\u2019utilisez pas de planche Ouija, car ses r\u00e9sultats tendent \u00e0 \u00eatre n\u00e9gativement chaotiques).<\/p>\n<p style=\"text-align: justify;\">Vous pouvez \u00e9galement placer sur l\u2019autel des photographies des personnes que vous aimez et qui sont d\u00e9c\u00e9d\u00e9es. Pendant ce travail [de divination], souvenez-vous s\u2019il vous pla\u00eet que c\u2019est un jour sacr\u00e9 d\u2019une puissance remarquable et qu\u2019il est rare que ce rituel se d\u00e9roule comme pr\u00e9vu, car se produisent souvent des manifestations tr\u00e8s inhabituelles et inattendues, de fortes \u00e9motions, et des r\u00e9v\u00e9lations surprenantes.<\/p>\n<p style=\"text-align: justify;\">Pr\u00e9parez un encens sp\u00e9cial pour Samhain ainsi qu\u2019une huile d\u2019onction d\u00e9di\u00e9e \u00e0 H\u00e9cate :<\/p>\n<ul style=\"text-align: justify;\">\n<li><strong>Encens de vol <\/strong>(qui accro\u00eet les pouvoirs psychiques et la vision spirituelle) : Moudre \u00e0 parts \u00e9gales de la <em>r\u00e9sine de mastic<\/em> (ndlt : issue de l\u2019arbre Pistacia lentiscus), de la <em>cannelle<\/em>, du <em>musc<\/em>, du <em>patchouli<\/em>, du <em>gen\u00e9vrier<\/em>, du <em>bois de santal<\/em>, de l\u2019<em>ambre gris<\/em>, de la <em>racine de galanga<\/em> et de la <em>myrrhe<\/em>. Ajoutez quelques gouttes d<em>\u2019huile de c\u00e8dre<\/em> et <em>d\u2019iris<\/em>.<\/li>\n<\/ul>\n<ul style=\"text-align: justify;\">\n<li><strong>Huile d\u2019H\u00e9cate <\/strong>(H\u00e9cate \u00e9tait le guide de Pers\u00e9phone \u00e0 travers le monde souterrain) :\u00a0 M\u00e9langer des <em>huiles de galanga<\/em>, de <em>dictame de Cr\u00e8te<\/em>, de <em>musc<\/em> et <em>d\u2019ambre gris<\/em>. Mettre un petit morceau <strong>d\u2019oliban<\/strong> dans l\u2019huile.<\/li>\n<\/ul>\n<p style=\"text-align: justify;\">Oindre les bougies et vous-m\u00eame avec l\u2019huile.<\/p>\n<p style=\"text-align: justify;\">Projetez votre cercle au nom d\u2019H\u00e9cate, la D\u00e9esse de la magie et de la transformation, Pers\u00e9phone, reine du monde souterrain, et du seigneur de la mort et de la renaissance.<\/p>\n<p style=\"text-align: justify;\">D\u00e9clarez le but de votre cercle :<\/p>\n<blockquote>\n<p style=\"text-align: justify;\">Samhain est la Nouvelle Ann\u00e9e celtique, et d\u00e9marre la Nouvelle Ann\u00e9e Wiccan. Il s\u2019agit de la nuit durant laquelle la D\u00e9esse p\u00e9n\u00e8tre le Monde-d\u2019en-Bas pour se confronter au Dieu sous son aspect de seigneur de la mort et de la renaissance, le ma\u00eetre du temps.* La roue commence \u00e0 tourner, suivant les pas de la D\u00e9esse [et\/ou du Dieu], qui descend dans le royaume des esprits courageusement. Et ainsi, nous commen\u00e7ons \u00e0 descendre profond\u00e9ment en nous-m\u00eames, et dans les dimensions de la r\u00e9alit\u00e9 o\u00f9 les esprits r\u00e9sident.<\/p>\n<p style=\"text-align: justify;\">Ce soir, le voile entre les mondes est le plus fin, et nous honorons les esprits de nos anc\u00eatres. En cette sainte nuit, nous les accueillons avec amour, car ils sont capables de nous rendre visite et nous sommes capables de parler avec eux. En cette sainte nuit, nous sommes libres de voyager dans le temps, pass\u00e9 ou futur \u2013 pour voir nos vies pass\u00e9es, et trouver les r\u00eaves qui deviendront nos destin\u00e9es.<\/p>\n<p style=\"text-align: justify;\">\u00c0 Samhain, nous cherchons \u00e0 nous comprendre nous-m\u00eames et \u00e0 comprendre nos voyages spirituels tandis que nous entrons dans le temps du r\u00eave. Nous laissons dispara\u00eetre nos anciens sch\u00e9mas de vie, obsol\u00e8tes, et au beau milieu des royaumes des esprits o\u00f9 ces sch\u00e9mas n\u2019existent plus, nous cherchons un r\u00eave, car toute nouvelle vie commence par un r\u00eave.<\/p>\n<\/blockquote>\n<p style=\"text-align: justify;\">Invoquez la D\u00e9esse, en tant qu\u2019H\u00e9cate la Vieille, et Pers\u00e9phone la Vierge, et le Dieu en tant que Seigneur de la Mort et de la Renaissance :<\/p>\n<blockquote>\n<p style=\"text-align: justify;\">B\u00e9nissez ce moment et ce lieu, ainsi que ceux ici pr\u00e9sents. Nous vous accueillons et vous remercions de montrer la voie \u00e0 nos chers disparus afin qu\u2019ils reviennent en ce lieu s\u00fbr et sacr\u00e9.<\/p>\n<\/blockquote>\n<p style=\"text-align: justify;\">Dessinez un pentagramme d\u2019invocation \u00e0 l\u2019ouest ; cela vous permettra d\u2019ouvrir un portail \u00e0 travers lequel les anc\u00eatres pourront entrer. Tandis que vous tracez le pentacle, dites :<\/p>\n<blockquote>\n<p style=\"text-align: justify;\">\u00a0Nous vous demandons d\u2019ouvrir les portails entre les mondes.<\/p>\n<\/blockquote>\n<p style=\"text-align: justify;\">Alors que vous proc\u00e9dez ainsi, sentez le voile se lever et vos chers disparus entrer pour \u00eatre \u00e0 vos c\u00f4t\u00e9s pendant que vous continuez \u00e0 parler :<\/p>\n<blockquote>\n<p style=\"text-align: justify;\">Bienvenus bien-aim\u00e9s anc\u00eatres, vous qui \u00eates partis avant nous. Joignez-vous \u00e0 nous, dans ce cercle de lumi\u00e8re et de joie, nous vous honorons, vous et votre voyage et nous r\u00e9jouissons de ce retour.<\/p>\n<\/blockquote>\n<p style=\"text-align: justify;\">Si vous le d\u00e9sirez, faites trois tours de cercle dans le sens antihoraire, renversant ainsi le mouvement du temps \u00e0 l\u2019int\u00e9rieur du cercle, avant que vous n\u2019ouvriez le portail.<\/p>\n<p style=\"text-align: justify;\">Apr\u00e8s l\u2019ouverture du portail, asseyez-vous et utilisez vos techniques de transe pour changer d\u2019\u00e9tat de conscience afin de mieux ressentir vos visiteurs.<\/p>\n<p style=\"text-align: justify;\">Si vous le souhaitez, battez le tambour selon le rythme d\u2019un battement de c\u0153ur.<\/p>\n<p style=\"text-align: justify;\">Permettez \u00e0 votre esprit d\u2019imaginer les \u00eatres aim\u00e9s d\u00e9funts, concentrez-vous sur ce que vous vivez, \u00e0 savoir ressentir leur pr\u00e9sence, \u00e9coutez ce qu\u2019ils disent.<\/p>\n<p style=\"text-align: justify;\">Vous pouvez \u00e9galement utiliser vos outils de divination pour communiquer. Dites-leur ce que vous \u00eates en train de faire, demandez-leur conseil et, par-dessus tout, exprimez votre amour et partagez avec eux tout ce que vous avez souhait\u00e9 leur dire sans avoir pu le faire de leur vivant.<\/p>\n<p style=\"text-align: justify;\">\u00c9coutez avec attention leurs r\u00e9ponses.<\/p>\n<p style=\"text-align: justify;\">Lorsque vous avez fini, vous pouvez les sentir vous quitter et quitter le cercle ; si c\u2019est le cas, remerciez-les et dites-leur au revoir.<\/p>\n<p style=\"text-align: justify;\">Ou ils peuvent rester pour la f\u00eate et le toast qui suivront juste apr\u00e8s.<\/p>\n<p style=\"text-align: justify;\">\u00c0 pr\u00e9sent, utilisez vos outils de divination pour chercher une vision de votre futur. (Vous pouvez \u00e9galement demander une vision d\u2019une vie ant\u00e9rieure.)<\/p>\n<p style=\"text-align: justify;\">Demandez \u00e0 \u00eatre guid\u00e9 pour la d\u00e9couverte d\u2019un nouveau r\u00eave.<\/p>\n<p style=\"text-align: justify;\">Assurez-vous de faire une relecture du message re\u00e7u en conseil en faisant de la magie entre Samhain et Yule.<\/p>\n<p style=\"text-align: justify;\">Placez la grenade dans le calice de la D\u00e9esse et avec votre atham\u00e9 b\u00e9nissez-la comme vous le feriez pour la libation.<\/p>\n<p style=\"text-align: justify;\">Ouvrez-la et mangez une graine comme symbole de votre voyage depuis l\u2019immortalit\u00e9 vers la mortalit\u00e9, puis vers l\u2019immortalit\u00e9 \u00e0 nouveau.<\/p>\n<p style=\"text-align: justify;\">Honorez le cycle de vie et de mort et de renaissance. Honorez vos anc\u00eatres. Si vous le souhaitez, partagez des histoires \u00e0 leur sujet tandis que vous offrez les libations, que vous portez un toast et festoyez en leur honneur (une tradition nordique tr\u00e8s ancienne.)<\/p>\n<p style=\"text-align: justify;\">Lorsque vous aurez termin\u00e9, remerciez vos anc\u00eatres et dites-leur adieu. Si vous avez march\u00e9 dans le sens antihoraire tout \u00e0 l\u2019heure, marchez dans le sens horaire trois fois \u00e0 pr\u00e9sent. Fermez le portail \u00e0 l\u2019Ouest.<\/p>\n<p style=\"text-align: justify;\">Remerciez les D\u00e9esses et le Dieu pour leur pr\u00e9sence et r\u00e9voquez le cercle.<\/p>\n<p style=\"text-align: justify;\">Puis souvenez-vous : toute nouvelle vie commence par un r\u00eave.<\/p>\n<p style=\"text-align: justify; padding-left: 40px;\"><em>* Et dans certaines traditions, c\u2019est la nuit durant laquelle le Dieu p\u00e9n\u00e8tre le Monde souterrain, et la D\u00e9esse est alors la Vieille. Dans notre tradition (ndlt : Ara Tradition), ces deux mythes sont \u00e9galement vrais, car c\u2019est la nuit des transformations, lorsque les vieux sch\u00e9mas reculent et le myst\u00e8re d\u2019une nouvelle vie commence.<\/em><\/p>\n","protected":false},"excerpt":{"rendered":"<p>Par Phyllis Curott, extrait du livre Witch Crafting. Traduction et adaptation : Lune. Samhain. La Nuit Durant laquelle le Voile entre les Mondes est le Plus Fin, lorsque Nous entrons dans le Temps du R\u00eave. 31 octobre dans l\u2019h\u00e9misph\u00e8re nord ; 1er mai dans l\u2019h\u00e9misph\u00e8re sud. Les gens portent souvent du noir \u00e0 Samhain, mais&#8230;<\/p>\n","protected":false},"author":2,"featured_media":9635,"parent":57,"menu_order":0,"comment_status":"closed","ping_status":"closed","template":"silo.php","meta":{"footnotes":""},"class_list":["post-7718","page","type-page","status-publish","has-post-thumbnail","hentry"],"_links":{"self":[{"href":"https:\/\/www.le-sidh.org\/wicca\/wp-json\/wp\/v2\/pages\/7718","targetHints":{"allow":["GET"]}}],"collection":[{"href":"https:\/\/www.le-sidh.org\/wicca\/wp-json\/wp\/v2\/pages"}],"about":[{"href":"https:\/\/www.le-sidh.org\/wicca\/wp-json\/wp\/v2\/types\/page"}],"author":[{"embeddable":true,"href":"https:\/\/www.le-sidh.org\/wicca\/wp-json\/wp\/v2\/users\/2"}],"replies":[{"embeddable":true,"href":"https:\/\/www.le-sidh.org\/wicca\/wp-json\/wp\/v2\/comments?post=7718"}],"version-history":[{"count":3,"href":"https:\/\/www.le-sidh.org\/wicca\/wp-json\/wp\/v2\/pages\/7718\/revisions"}],"predecessor-version":[{"id":8536,"href":"https:\/\/www.le-sidh.org\/wicca\/wp-json\/wp\/v2\/pages\/7718\/revisions\/8536"}],"up":[{"embeddable":true,"href":"https:\/\/www.le-sidh.org\/wicca\/wp-json\/wp\/v2\/pages\/57"}],"wp:featuredmedia":[{"embeddable":true,"href":"https:\/\/www.le-sidh.org\/wicca\/wp-json\/wp\/v2\/media\/9635"}],"wp:attachment":[{"href":"https:\/\/www.le-sidh.org\/wicca\/wp-json\/wp\/v2\/media?parent=7718"}],"curies":[{"name":"wp","href":"https:\/\/api.w.org\/{rel}","templated":true}]}}