{"id":7705,"date":"2019-10-30T11:27:53","date_gmt":"2019-10-30T09:27:53","guid":{"rendered":"http:\/\/www.le-sidh.org\/wicca\/?page_id=7705"},"modified":"2019-10-30T11:27:53","modified_gmt":"2019-10-30T09:27:53","slug":"rituel-du-sabbat-de-samhain-extrait-du-livre-des-ombres-de-scott-cunningham","status":"publish","type":"page","link":"https:\/\/www.le-sidh.org\/wicca\/sabbats\/samhain\/rituel-du-sabbat-de-samhain-extrait-du-livre-des-ombres-de-scott-cunningham\/","title":{"rendered":"Rituel du sabbat de Samhain, extrait du Livre des Ombres de Scott Cunningham"},"content":{"rendered":"<p><em>Tir\u00e9 du livre \u00ab\u00a0<\/em>Cunningham\u2019s book <em> of shadows, the path of an American Traditionalist \u00bb, par Scott Cunningham. Traduit et adapt\u00e9 par Lune (sauf *). <\/em><\/p>\n<h3>L&rsquo;Histoire de Samhain*<\/h3>\n<p style=\"text-align: justify;\">Lors de la f\u00eate de Samhain (31 octobre), les wiccas font leurs adieux au Dieu. Mais il s\u2019agit d\u2019un au revoir. Le Dieu n\u2019est pas envelopp\u00e9 des t\u00e9n\u00e8bres \u00e9ternelles ; il se pr\u00e9pare \u00e0 na\u00eetre de nouveau de la D\u00e9esse \u00e0 Yule.<\/p>\n<p style=\"text-align: justify;\">Samhain, \u00e9galement appel\u00e9 Veille de novembre, f\u00eate des Morts, f\u00eate des Pommes, f\u00eate de tous les Saints et jour de la Toussaint, \u00e9tait jadis un temps sacrificiel. En certains endroits, c\u2019\u00e9tait la p\u00e9riode o\u00f9 des animaux \u00e9taient abattus afin d\u2019obtenir de la nourriture pour traverser le plus fort de l\u2019hiver. Le Dieu \u2013 qui \u00e9tait identifi\u00e9 aux animaux \u2013 tombait aussi pour assurer la continuit\u00e9 de notre existence.<\/p>\n<p style=\"text-align: justify;\">Samhain est un temps pour r\u00e9fl\u00e9chir, pour revenir sur l\u2019ann\u00e9e qui vient de s\u2019\u00e9couler, pour accepter un ph\u00e9nom\u00e8ne de la vie qui \u00e9chappe \u00e0 notre contr\u00f4le \u2013 la mort.<\/p>\n<p style=\"text-align: justify;\">Selon la Wicca, le voile qui s\u00e9pare le monde mat\u00e9riel et celui des esprits est tr\u00e8s mince cette nuit-l\u00e0. Les wiccas se souviennent de leurs anc\u00eatres et de tous ceux qui les ont pr\u00e9c\u00e9d\u00e9s dans la mort.<\/p>\n<p style=\"text-align: justify;\">Apr\u00e8s la f\u00eate de Samhain, les Wiccas c\u00e9l\u00e8brent celle de Yule compl\u00e9tant ainsi la \u00ab roue de l\u2019ann\u00e9e \u00bb.<\/p>\n<p><em>Extrait de La Wicca, magie blanche et art de vivre.<\/em><\/p>\n<h3 style=\"text-align: justify;\"><strong>Sabbat de Samhain<\/strong><\/h3>\n<p style=\"text-align: justify;\">L\u2019autel est \u00e9rig\u00e9, les bougies et l\u2019encens sont allum\u00e9s, et <a href=\"https:\/\/www.le-sidh.org\/wicca\/pratiques-rituelles-sorcieres\/rituels-divers-et-bases\/projeter-et-dissiper-le-cercle-magique-cunningham\/\" target=\"_blank\" rel=\"noopener noreferrer\">le cercle des Pierres est projet\u00e9<\/a>.<\/p>\n<p style=\"text-align: justify;\">Le leader dit :<\/p>\n<blockquote><p>Ce soir, les grandes portes des Terres de l&rsquo;\u00e9t\u00e9 s&rsquo;ouvrent pour celui que nous ch\u00e9rissons ; le Dieu Soleil, dont la vie d\u00e9cline, a accompli un plaisant voyage et entre au Pays de la Jeunesse, et ce jusqu&rsquo;\u00e0 ce qu&rsquo;il revienne. Et c&rsquo;est ainsi pour nous tous ; pour cette raison, ne consid\u00e9rez pas la mort comme une ennemie \u00e0 combattre ni comme une amie \u00e0 accueillir bien trop t\u00f4t ; percevez-la simplement comme une \u00e9tape suppl\u00e9mentaire de votre \u00e9volution ; in\u00e9vitable, tels le lever du soleil ou le coucher de la lune. Ni plus ni moins. Ainsi vous pourrez vivre votre vie pleinement, sans crainte ni souci. Car tous renaissent de la Bienveillante D\u00e9esse. Et donc, lorsque l&rsquo;obscurit\u00e9 est la plus grande, c&rsquo;est aussi un temps o\u00f9 la lumi\u00e8re est la plus puissante.<\/p><\/blockquote>\n<p style=\"text-align: justify;\">Tous m\u00e9ditent. Vous pouvez communiquer avec les d\u00e9funts si vous le souhaitez, mais ce n&rsquo;est pas une obligation.<\/p>\n<p>La Petite F\u00eate.<\/p>\n<p><a href=\"https:\/\/www.le-sidh.org\/wicca\/pratiques-rituelles-sorcieres\/rituels-divers-et-bases\/projeter-et-dissiper-le-cercle-magique-cunningham\/\" target=\"_blank\" rel=\"noopener noreferrer\">Le Cercle est dissip\u00e9<\/a>.<\/p>\n<p>Festivit\u00e9s et jeux suivent.<\/p>\n","protected":false},"excerpt":{"rendered":"<p>Tir\u00e9 du livre \u00ab\u00a0Cunningham\u2019s book of shadows, the path of an American Traditionalist \u00bb, par Scott Cunningham. Traduit et adapt\u00e9 par Lune (sauf *). L&rsquo;Histoire de Samhain* Lors de la f\u00eate de Samhain (31 octobre), les wiccas font leurs adieux au Dieu. Mais il s\u2019agit d\u2019un au revoir. Le Dieu n\u2019est pas envelopp\u00e9 des t\u00e9n\u00e8bres&#8230;<\/p>\n","protected":false},"author":2,"featured_media":7715,"parent":57,"menu_order":0,"comment_status":"closed","ping_status":"closed","template":"silo.php","meta":{"footnotes":""},"class_list":["post-7705","page","type-page","status-publish","has-post-thumbnail","hentry"],"_links":{"self":[{"href":"https:\/\/www.le-sidh.org\/wicca\/wp-json\/wp\/v2\/pages\/7705","targetHints":{"allow":["GET"]}}],"collection":[{"href":"https:\/\/www.le-sidh.org\/wicca\/wp-json\/wp\/v2\/pages"}],"about":[{"href":"https:\/\/www.le-sidh.org\/wicca\/wp-json\/wp\/v2\/types\/page"}],"author":[{"embeddable":true,"href":"https:\/\/www.le-sidh.org\/wicca\/wp-json\/wp\/v2\/users\/2"}],"replies":[{"embeddable":true,"href":"https:\/\/www.le-sidh.org\/wicca\/wp-json\/wp\/v2\/comments?post=7705"}],"version-history":[{"count":8,"href":"https:\/\/www.le-sidh.org\/wicca\/wp-json\/wp\/v2\/pages\/7705\/revisions"}],"predecessor-version":[{"id":7716,"href":"https:\/\/www.le-sidh.org\/wicca\/wp-json\/wp\/v2\/pages\/7705\/revisions\/7716"}],"up":[{"embeddable":true,"href":"https:\/\/www.le-sidh.org\/wicca\/wp-json\/wp\/v2\/pages\/57"}],"wp:featuredmedia":[{"embeddable":true,"href":"https:\/\/www.le-sidh.org\/wicca\/wp-json\/wp\/v2\/media\/7715"}],"wp:attachment":[{"href":"https:\/\/www.le-sidh.org\/wicca\/wp-json\/wp\/v2\/media?parent=7705"}],"curies":[{"name":"wp","href":"https:\/\/api.w.org\/{rel}","templated":true}]}}