{"id":769,"date":"2014-08-03T17:17:10","date_gmt":"2014-08-03T15:17:10","guid":{"rendered":"http:\/\/www.le-sidh.org\/wicca\/?page_id=769"},"modified":"2019-07-31T10:37:06","modified_gmt":"2019-07-31T08:37:06","slug":"veille-aout","status":"publish","type":"page","link":"https:\/\/www.le-sidh.org\/wicca\/sabbats\/lughnasadh\/veille-aout\/","title":{"rendered":"Veille d\u2019Ao\u00fbt, extrait du Livre des Ombres"},"content":{"rendered":"<p style=\"text-align: center;\"><strong>BoS de Gerald Gardner &#8211; Veille d\u2019Ao\u00fbt<\/strong><br \/>\ntraduction Lune<\/p>\n<p style=\"text-align: justify;\">Lammas \/ Lughnasadh.<\/p>\n<p style=\"text-align: justify;\">Tir\u00e9 du Livre des Ombres<\/p>\n<p style=\"text-align: justify;\">Version de 1949<\/p>\n<p style=\"text-align: justify;\">Si possible, b\u00e2tons sorciers (b\u00e2tons de chevauchement), balais, etc.<\/p>\n<p style=\"text-align: justify;\">La Danse de Rencontre si possible [la danse en double-spirale est d\u00e9crite dans Witchcraft Today de G. B. Gardner, p. 167 : extrait -&gt; <a href=\"https:\/\/www.le-sidh.org\/wicca\/folklore-sorcier\/la-danse-en-spirale-ou-danse-de-rencontre\/\" target=\"_blank\" rel=\"noopener noreferrer\">voir ce lien La Danse en Spirale ou Danse de Rencontre<\/a>.]<\/p>\n<p style=\"text-align: justify;\">Formez le cercle.<\/p>\n<p style=\"text-align: justify;\">Purifiez.<\/p>\n<p style=\"text-align: justify;\">La Grande Pr\u00eatresse se tient dans la position du pentacle.<\/p>\n<p style=\"text-align: justify;\">Le Magus l\u2019invoque :<\/p>\n<p style=\"text-align: justify;\"><strong>\u00ab \u00d4 puissante M\u00e8re de nous tous, M\u00e8re de toute fertilit\u00e9, donne nous fruits et grains, troupeaux et b\u00e9tails et des enfants pour la tribu afin que nous puissions \u00eatre forts, par ton bienheureux amour, descends maintenant sur ta servante et Pr\u00eatresse (nom). \u00bb<\/strong><\/p>\n<p style=\"text-align: justify;\">Le Magus donne le Quintuple Baiser \u00e0 la Grande Pr\u00eatresse.<\/p>\n<p style=\"text-align: justify;\">Le Jeu de la Bougie, les hommes forment un cercle, se passent de main en main une bougie allum\u00e9e \u00ab deosil \u00bb (ndlt : litt\u00e9ralement vers le droite. C\u2019est-\u00e0-dire dans le sens des aiguilles d\u2019une montre). Les femmes forment un cercle ext\u00e9rieur (ndlt : qui entoure celui des hommes) et tentent de souffler sur la flamme de la bougie par dessus leurs \u00e9paules (ndlt : celles des hommes). L\u2019homme qui tient dans sa main la bougie qui a \u00e9t\u00e9 \u00e9teinte est purifi\u00e9 trois fois par la femme qui l\u2019a \u00e9teinte, il lui donne le quintuple baiser en retour. Ce jeu peut se poursuivre aussi longtemps que les gens le souhaitent.<\/p>\n<p style=\"text-align: justify;\">G\u00e2teaux et vin, et tous autres jeux que vous aimez.<\/p>\n<p style=\"text-align: justify;\">Renvoyez [les gardiens, et fermez le cercle magique ; les gens restent alors pour ] le banquet et la danse.<\/p>\n","protected":false},"excerpt":{"rendered":"<p>BoS de Gerald Gardner &#8211; Veille d\u2019Ao\u00fbt traduction Lune Lammas \/ Lughnasadh. Tir\u00e9 du Livre des Ombres Version de 1949 Si possible, b\u00e2tons sorciers (b\u00e2tons de chevauchement), balais, etc. La Danse de Rencontre si possible [la danse en double-spirale est d\u00e9crite dans Witchcraft Today de G. B. Gardner, p. 167 : extrait -&gt; voir ce&#8230;<\/p>\n","protected":false},"author":2,"featured_media":0,"parent":64,"menu_order":0,"comment_status":"closed","ping_status":"closed","template":"silo.php","meta":{"footnotes":""},"class_list":["post-769","page","type-page","status-publish","hentry"],"_links":{"self":[{"href":"https:\/\/www.le-sidh.org\/wicca\/wp-json\/wp\/v2\/pages\/769","targetHints":{"allow":["GET"]}}],"collection":[{"href":"https:\/\/www.le-sidh.org\/wicca\/wp-json\/wp\/v2\/pages"}],"about":[{"href":"https:\/\/www.le-sidh.org\/wicca\/wp-json\/wp\/v2\/types\/page"}],"author":[{"embeddable":true,"href":"https:\/\/www.le-sidh.org\/wicca\/wp-json\/wp\/v2\/users\/2"}],"replies":[{"embeddable":true,"href":"https:\/\/www.le-sidh.org\/wicca\/wp-json\/wp\/v2\/comments?post=769"}],"version-history":[{"count":2,"href":"https:\/\/www.le-sidh.org\/wicca\/wp-json\/wp\/v2\/pages\/769\/revisions"}],"predecessor-version":[{"id":7282,"href":"https:\/\/www.le-sidh.org\/wicca\/wp-json\/wp\/v2\/pages\/769\/revisions\/7282"}],"up":[{"embeddable":true,"href":"https:\/\/www.le-sidh.org\/wicca\/wp-json\/wp\/v2\/pages\/64"}],"wp:attachment":[{"href":"https:\/\/www.le-sidh.org\/wicca\/wp-json\/wp\/v2\/media?parent=769"}],"curies":[{"name":"wp","href":"https:\/\/api.w.org\/{rel}","templated":true}]}}