{"id":762,"date":"2014-08-03T17:09:55","date_gmt":"2014-08-03T15:09:55","guid":{"rendered":"http:\/\/www.le-sidh.org\/wicca\/?page_id=762"},"modified":"2014-08-03T17:10:17","modified_gmt":"2014-08-03T15:10:17","slug":"solstice-ete-extrait-du-livre-des-ombres","status":"publish","type":"page","link":"https:\/\/www.le-sidh.org\/wicca\/sabbats\/litha\/solstice-ete-extrait-du-livre-des-ombres\/","title":{"rendered":"Solstice d&rsquo;\u00c9t\u00e9, extrait du Livre des Ombres"},"content":{"rendered":"<p style=\"text-align: center;\"><strong>BoS de Gerald Gardner &#8211; Solstice d\u2019\u00c9t\u00e9<\/strong><br \/>\ntraduction Lune<\/p>\n<figure id=\"attachment_763\" aria-describedby=\"caption-attachment-763\" style=\"width: 500px\" class=\"wp-caption aligncenter\"><a href=\"https:\/\/www.le-sidh.org\/wicca\/wp-content\/uploads\/2014\/08\/baguette-phallique.jpg\"><img loading=\"lazy\" decoding=\"async\" class=\"size-full wp-image-763\" src=\"https:\/\/www.le-sidh.org\/wicca\/wp-content\/uploads\/2014\/08\/baguette-phallique.jpg\" alt=\"La Baguette Phallique\" width=\"500\" height=\"105\" srcset=\"https:\/\/www.le-sidh.org\/wicca\/wp-content\/uploads\/2014\/08\/baguette-phallique.jpg 500w, https:\/\/www.le-sidh.org\/wicca\/wp-content\/uploads\/2014\/08\/baguette-phallique-300x63.jpg 300w\" sizes=\"auto, (max-width: 500px) 100vw, 500px\" \/><\/a><figcaption id=\"caption-attachment-763\" class=\"wp-caption-text\">La Baguette Phallique<\/figcaption><\/figure>\n<p style=\"text-align: justify;\"><em>Tir\u00e9 du Livre des Ombres.<\/em><\/p>\n<p style=\"text-align: justify;\">Litha, Midsummer ou le Solstice d&rsquo;\u00e9t\u00e9.<\/p>\n<p style=\"text-align: justify;\">Formez le cercle. Invoquez, Purifiez. Des fleurs d\u2019\u00e9t\u00e9 sont tress\u00e9es autour du chaudron rempli d\u2019eau, il est plac\u00e9 devant l\u2019autel. Les gens, en alternance homme-femme, se tiennent autour du cercle. La Grande Pr\u00eatresse se tient au nord, devant le Chaudron, l\u00e8ve la baguette, qui devra \u00eatre Phallique ou surmont\u00e9e d\u2019une pomme de pin (anciennement le thyrse \u2013 ndlt : le b\u00e2ton de Bacchus) ou un b\u00e2ton de sorcier ou encore un balai, invoquez le soleil.<\/p>\n<p style=\"text-align: justify;\"><strong>\u00ab Grand des Cieux, Pouvoir du Soleil, nous t\u2019invoquons en tes noms anciens, Michael, Balin, Arthur, Lugh, Herne. Reviens, comme dans les temps anciens, sur cette terre qui est tienne. Soul\u00e8ve ta lance brillante de lumi\u00e8re pour nous prot\u00e9ger. Fais s\u2019envoler les pouvoirs de l\u2019obscurit\u00e9, donne nous de belles for\u00eats et de vertes prairies, des vergers florissants et du bl\u00e9 m\u00fbr. Emm\u00e8ne-nous pour que nous nous tenions sur ta colline de vision, et montre nous la voie qui m\u00e8ne aux somptueux royaumes des dieux. \u00bb<\/strong><\/p>\n<p style=\"text-align: justify;\">La Grande Pr\u00eatresse dessine le pantacle d\u2019invocation sur le Magus avec la baguette.<\/p>\n<p style=\"text-align: justify;\">Le Magus avance dans le sens de la marche du soleil et prend la baguette avec un baiser (ndlt : il donne un baiser \u00e0 la Grande Pr\u00eatresse), la plonge dans le chaudron, la maintient droite, en disant :<\/p>\n<p style=\"text-align: justify;\"><strong>\u00ab La fl\u00e8che au Chaudron, la lance au Graal, l\u2019esprit \u00e0 la chair, l\u2019homme \u00e0 la femme, le soleil \u00e0 la terre. \u00bb<\/strong><\/p>\n<p style=\"text-align: justify;\">Il salue la Grande Pr\u00eatresse au-dessus du Chaudron, puis rejoins les gens, en portant encore la baguette.<\/p>\n<p style=\"text-align: justify;\">La Grande Pr\u00eatresse prend le goupillon (aspersoir), se tient devant le Chaudron et dit :<\/p>\n<p style=\"text-align: justify;\"><strong>\u00ab Dansez devant le Chaudron de la D\u00e9esse Cerridwen et soyez b\u00e9nis par le contact de cette eau consacr\u00e9e, m\u00eame lorsque le soleil, le seigneur de la lumi\u00e8re, arrive dans sa force sous le signe des eaux de la vie. \u00bb<\/strong><\/p>\n<p style=\"text-align: justify;\">Les gens dansent dans le sens de la marche du soleil autour de l\u2019autel et du chaudron, conduits par le Magus qui porte la baguette. La Grande Pr\u00eatresse les asperge l\u00e9g\u00e8rement tandis qu\u2019ils passent devant elle.<\/p>\n<p style=\"text-align: justify;\">Rituel des g\u00e2teaux et du vin.<\/p>\n<p style=\"text-align: justify;\">Toutes autres danses, rites ou jeux que la Pr\u00eatresse et les gens souhaitent r\u00e9aliser.<\/p>\n","protected":false},"excerpt":{"rendered":"<p>BoS de Gerald Gardner &#8211; Solstice d\u2019\u00c9t\u00e9 traduction Lune Tir\u00e9 du Livre des Ombres. Litha, Midsummer ou le Solstice d&rsquo;\u00e9t\u00e9. Formez le cercle. Invoquez, Purifiez. Des fleurs d\u2019\u00e9t\u00e9 sont tress\u00e9es autour du chaudron rempli d\u2019eau, il est plac\u00e9 devant l\u2019autel. Les gens, en alternance homme-femme, se tiennent autour du cercle. La Grande Pr\u00eatresse se tient&#8230;<\/p>\n","protected":false},"author":2,"featured_media":0,"parent":66,"menu_order":0,"comment_status":"closed","ping_status":"closed","template":"silo.php","meta":{"footnotes":""},"class_list":["post-762","page","type-page","status-publish","hentry"],"_links":{"self":[{"href":"https:\/\/www.le-sidh.org\/wicca\/wp-json\/wp\/v2\/pages\/762","targetHints":{"allow":["GET"]}}],"collection":[{"href":"https:\/\/www.le-sidh.org\/wicca\/wp-json\/wp\/v2\/pages"}],"about":[{"href":"https:\/\/www.le-sidh.org\/wicca\/wp-json\/wp\/v2\/types\/page"}],"author":[{"embeddable":true,"href":"https:\/\/www.le-sidh.org\/wicca\/wp-json\/wp\/v2\/users\/2"}],"replies":[{"embeddable":true,"href":"https:\/\/www.le-sidh.org\/wicca\/wp-json\/wp\/v2\/comments?post=762"}],"version-history":[{"count":1,"href":"https:\/\/www.le-sidh.org\/wicca\/wp-json\/wp\/v2\/pages\/762\/revisions"}],"predecessor-version":[{"id":764,"href":"https:\/\/www.le-sidh.org\/wicca\/wp-json\/wp\/v2\/pages\/762\/revisions\/764"}],"up":[{"embeddable":true,"href":"https:\/\/www.le-sidh.org\/wicca\/wp-json\/wp\/v2\/pages\/66"}],"wp:attachment":[{"href":"https:\/\/www.le-sidh.org\/wicca\/wp-json\/wp\/v2\/media?parent=762"}],"curies":[{"name":"wp","href":"https:\/\/api.w.org\/{rel}","templated":true}]}}