{"id":7576,"date":"2019-09-19T09:40:50","date_gmt":"2019-09-19T07:40:50","guid":{"rendered":"http:\/\/www.le-sidh.org\/wicca\/?page_id=7576"},"modified":"2019-09-19T09:49:11","modified_gmt":"2019-09-19T07:49:11","slug":"le-sabbat-de-mabon-par-scott-cunningham","status":"publish","type":"page","link":"https:\/\/www.le-sidh.org\/wicca\/sabbats\/mabon\/le-sabbat-de-mabon-par-scott-cunningham\/","title":{"rendered":"Le sabbat de Mabon par Scott Cunningham"},"content":{"rendered":"<p style=\"text-align: justify;\"><em>Tir\u00e9 du livre \u00ab\u00a0<\/em>Cunningham\u2019s book <em> of shadows, the path of an American Traditionalist\u00a0\u00bb, par Scott Cunningham. Traduit et adapt\u00e9 par Lune. <\/em><\/p>\n<ul>\n<li style=\"text-align: justify;\"><strong>L&rsquo;histoire de Mabon :<\/strong><\/li>\n<\/ul>\n<p style=\"text-align: justify;\">L\u2019\u00e9quinoxe d\u2019automne (aux environs du 21 septembre) marque l\u2019ach\u00e8vement des r\u00e9coltes commenc\u00e9es \u00e0 Lughnasadh. Une fois de plus, les jours et les nuits sont \u00e9gaux, alors que le Dieu se pr\u00e9pare \u00e0 quitter son corps physique et \u00e0 entreprendre la grande aventure dans l\u2019invisible, pour se r\u00e9g\u00e9n\u00e9rer et rena\u00eetre de la D\u00e9esse. La nature \u00e0 son d\u00e9clin retire ses dons, se pr\u00e9pare au repos hivernal. La d\u00e9esse somnole sous les feux faiblissants du soleil, m\u00eame si le feu br\u00fble en son sein. Elle sent la pr\u00e9sence du Dieu alors m\u00eame qu\u2019il s\u2019affaiblit.<\/p>\n<p style=\"text-align: left;\"><em>Extrait de La Wicca, magie blanche et art de vivre.<\/em><\/p>\n<ul>\n<li><strong>Le sabbat de Mabon<\/strong><\/li>\n<\/ul>\n<p style=\"text-align: justify;\">L\u2019autel est \u00e9rig\u00e9, les bougies et l\u2019encens sont allum\u00e9s, et <a href=\"https:\/\/www.le-sidh.org\/wicca\/pratiques-rituelles-sorcieres\/rituels-divers-et-bases\/projeter-et-dissiper-le-cercle-magique-cunningham\/\" target=\"_blank\" rel=\"noopener noreferrer\">le cercle des Pierres est projet\u00e9<\/a>.<\/p>\n<p style=\"text-align: justify;\">Des glands, des branches de ch\u00eane, des pommes de pin, des c\u00f4nes de cypr\u00e8s, des \u00e9pis de ma\u00efs, des \u00e9pis de bl\u00e9 et d&rsquo;autres fruits d\u00e9corent l\u2019autel. Des feuilles d&rsquo;automne peuvent \u00eatre dispers\u00e9es dans le cercle ou sur l&rsquo;autel. Traditionnellement, des chrysanth\u00e8mes et des fleurs de souci sont \u00e9galement plac\u00e9s sur l&rsquo;autel.<\/p>\n<p style=\"text-align: justify;\">Le coven se dispose en cercle pendant que le leader r\u00e9cite <a href=\"https:\/\/www.le-sidh.org\/wicca\/pratiques-rituelles-sorcieres\/benedictions-purification-detachement\/priere-de-benediction-livre-des-ombres-de-scott-cunningham\/\" target=\"_blank\" rel=\"noopener noreferrer\">la Pri\u00e8re de B\u00e9n\u00e9diction<\/a>.<\/p>\n<p>Les Dieux sont invoqu\u00e9s.<\/p>\n<p>Le leader dit :<\/p>\n<blockquote><p>Les r\u00e9coltes ont toutes \u00e9t\u00e9 engrang\u00e9es ;<br \/>\nLe Dieu se sacrifie, il voyage vers les plans sup\u00e9rieurs et les cieux s&rsquo;assombrissent.<br \/>\nLe vent glac\u00e9 souffle du nord, alors que les plantes virent au brun et fanent.<br \/>\nMais face \u00e0 cette apparente extinction, la D\u00e9esse \u00e9met son pouvoir et c&rsquo;est cette puissance qui nous soutient.<br \/>\nAinsi, lors des jours sombres de l&rsquo;hiver, nous puisons du r\u00e9confort dans le fait de savoir que tout n&rsquo;est que cycle ;<br \/>\nla naissance, la mort et la renaissance.<br \/>\nQue les b\u00e9n\u00e9dictions soient sur la grande D\u00e9esse et le Dieu d\u00e9chu qui voyage jusqu&rsquo;au Pays de l\u2019\u00c9t\u00e9 !<\/p><\/blockquote>\n<p>La Petite F\u00eate.<\/p>\n<p><a href=\"https:\/\/www.le-sidh.org\/wicca\/pratiques-rituelles-sorcieres\/rituels-divers-et-bases\/projeter-et-dissiper-le-cercle-magique-cunningham\/\" target=\"_blank\" rel=\"noopener noreferrer\">Le Cercle est dissip\u00e9<\/a>.<\/p>\n<p>Festivit\u00e9s et jeux suivent.<\/p>\n","protected":false},"excerpt":{"rendered":"<p>Tir\u00e9 du livre \u00ab\u00a0Cunningham\u2019s book of shadows, the path of an American Traditionalist\u00a0\u00bb, par Scott Cunningham. Traduit et adapt\u00e9 par Lune. L&rsquo;histoire de Mabon : L\u2019\u00e9quinoxe d\u2019automne (aux environs du 21 septembre) marque l\u2019ach\u00e8vement des r\u00e9coltes commenc\u00e9es \u00e0 Lughnasadh. Une fois de plus, les jours et les nuits sont \u00e9gaux, alors que le Dieu se&#8230;<\/p>\n","protected":false},"author":2,"featured_media":7585,"parent":68,"menu_order":0,"comment_status":"closed","ping_status":"closed","template":"silo.php","meta":{"footnotes":""},"class_list":["post-7576","page","type-page","status-publish","has-post-thumbnail","hentry"],"_links":{"self":[{"href":"https:\/\/www.le-sidh.org\/wicca\/wp-json\/wp\/v2\/pages\/7576","targetHints":{"allow":["GET"]}}],"collection":[{"href":"https:\/\/www.le-sidh.org\/wicca\/wp-json\/wp\/v2\/pages"}],"about":[{"href":"https:\/\/www.le-sidh.org\/wicca\/wp-json\/wp\/v2\/types\/page"}],"author":[{"embeddable":true,"href":"https:\/\/www.le-sidh.org\/wicca\/wp-json\/wp\/v2\/users\/2"}],"replies":[{"embeddable":true,"href":"https:\/\/www.le-sidh.org\/wicca\/wp-json\/wp\/v2\/comments?post=7576"}],"version-history":[{"count":8,"href":"https:\/\/www.le-sidh.org\/wicca\/wp-json\/wp\/v2\/pages\/7576\/revisions"}],"predecessor-version":[{"id":7586,"href":"https:\/\/www.le-sidh.org\/wicca\/wp-json\/wp\/v2\/pages\/7576\/revisions\/7586"}],"up":[{"embeddable":true,"href":"https:\/\/www.le-sidh.org\/wicca\/wp-json\/wp\/v2\/pages\/68"}],"wp:featuredmedia":[{"embeddable":true,"href":"https:\/\/www.le-sidh.org\/wicca\/wp-json\/wp\/v2\/media\/7585"}],"wp:attachment":[{"href":"https:\/\/www.le-sidh.org\/wicca\/wp-json\/wp\/v2\/media?parent=7576"}],"curies":[{"name":"wp","href":"https:\/\/api.w.org\/{rel}","templated":true}]}}