{"id":753,"date":"2014-08-03T16:12:54","date_gmt":"2014-08-03T14:12:54","guid":{"rendered":"http:\/\/www.le-sidh.org\/wicca\/?page_id=753"},"modified":"2021-12-20T15:35:10","modified_gmt":"2021-12-20T13:35:10","slug":"la-magie-de-la-buche-de-yule","status":"publish","type":"page","link":"https:\/\/www.le-sidh.org\/wicca\/sabbats\/solstice-dhiver\/la-magie-de-la-buche-de-yule\/","title":{"rendered":"La magie de la B\u00fbche de Yule"},"content":{"rendered":"<p style=\"text-align: justify;\"><em>La magie de la B\u00fbche de Yule. Par The Crone&rsquo;s Cottage, traduction Lune.<\/em><\/p>\n<p style=\"text-align: justify;\"><a href=\"https:\/\/www.le-sidh.org\/wicca\/wp-content\/uploads\/2014\/08\/buche-yule.jpg\"><img loading=\"lazy\" decoding=\"async\" class=\"aligncenter size-full wp-image-754\" src=\"https:\/\/www.le-sidh.org\/wicca\/wp-content\/uploads\/2014\/08\/buche-yule.jpg\" alt=\"buche-yule\" width=\"350\" height=\"283\" srcset=\"https:\/\/www.le-sidh.org\/wicca\/wp-content\/uploads\/2014\/08\/buche-yule.jpg 350w, https:\/\/www.le-sidh.org\/wicca\/wp-content\/uploads\/2014\/08\/buche-yule-300x242.jpg 300w\" sizes=\"auto, (max-width: 350px) 100vw, 350px\" \/><\/a><\/p>\n<p style=\"text-align: justify;\">La b\u00fbche de Yule est un vestige des feux de joie que les pa\u00efens europ\u00e9ens allumaient lors du solstice d&rsquo;hiver. Ces feux de joie symbolisaient le retour du Soleil.<\/p>\n<p style=\"text-align: justify;\">Une b\u00fbche de ch\u00eane, ainsi qu&rsquo;une chemin\u00e9e ou un endroit pour faire un feu de joie sont n\u00e9cessaires pour cette forme de c\u00e9l\u00e9bration. La b\u00fbche de ch\u00eane devra \u00eatre suffisamment s\u00e8che afin de br\u00fbler correctement. La nuit de Yule, gravez dans la b\u00fbche un symbole de vos espoirs pour l&rsquo;ann\u00e9e \u00e0 venir. Br\u00fblez la b\u00fbche pour lib\u00e9rer son pouvoir. Elle peut \u00eatre d\u00e9cor\u00e9e avec des rubans rouges en fibres naturelles que l&rsquo;on peut br\u00fbler et des feuilles de houx s\u00e9ch\u00e9es. Dans la chemin\u00e9e ou le feu de joie, du petit bois sec devra \u00eatre dress\u00e9 afin de faciliter l&rsquo;allumage de la b\u00fbche. Le b\u00fbche de Yule peut \u00eatre faite de toute sorte de bois (le ch\u00eane est traditionnel). Chacun lib\u00e8re son propre type de magie.<\/p>\n<p style=\"text-align: justify;\">Fr\u00eane \u2013 apporte protection, prosp\u00e9rit\u00e9 et sant\u00e9<\/p>\n<p style=\"text-align: justify;\">Tremble \u2013 invoque la compr\u00e9hension du grand dessein<\/p>\n<p style=\"text-align: justify;\">Bouleau \u2013 signifie de nouveaux d\u00e9parts<\/p>\n<p style=\"text-align: justify;\">Houx \u2013 inspire les visions et r\u00e9v\u00e8lent les vies pass\u00e9es<\/p>\n<p style=\"text-align: justify;\">Ch\u00eane \u2013 apporte gu\u00e9rison, force et sagesse<\/p>\n<p style=\"text-align: justify;\">Sapin \u2013 signifie prosp\u00e9rit\u00e9 et d\u00e9veloppement<\/p>\n<p style=\"text-align: justify;\">Saule \u2013 invoque la D\u00e9esse pour r\u00e9aliser les d\u00e9sirs<\/p>\n<p style=\"text-align: justify;\">Br\u00fbler la b\u00fbche de Yule peut facilement devenir une tradition familiale. Commencez par d\u00e9crire la tradition de la b\u00fbche de Yule \u00e0 vos parents ou tout autre membre de la famille. Le conte du Roi Ch\u00eane et du Roi Houx de la mythologie celtique peut \u00eatre partag\u00e9 comme une histoire ou peut \u00eatre r\u00e9sum\u00e9 en disant que le Ch\u00eane repr\u00e9sente l&rsquo;ann\u00e9e solaire croissante, du Solstice d&rsquo;Hiver au Solstice d\u2019\u00c9t\u00e9, et le Houx repr\u00e9sente l&rsquo;ann\u00e9e solaire d\u00e9croissante, du Solstice d\u2019\u00c9t\u00e9 au Solstice d&rsquo;Hiver.<\/p>\n<p style=\"text-align: justify;\">Les lumi\u00e8res sont \u00e9teintes autant que possible. La famille se r\u00e9unit sans bruit dans le noir. Les membres de la famille m\u00e9ditent silencieusement sur les changements survenus au cours de l&rsquo;ann\u00e9e solaire. Chacun \u00e0 sa propre fa\u00e7on de contempler l&rsquo;ann\u00e9e civile pass\u00e9e, les \u00e9preuves aussi bien que les bons moments.<\/p>\n<p style=\"text-align: justify;\">Puis le feu est mis \u00e0 la B\u00fbche de Yule. Alors qu&rsquo;elle commence \u00e0 br\u00fbler, chaque membre de la famille jette dans le feu une ou plusieurs tiges de houx et dit adieu \u00e0 la vieille ann\u00e9e civile. Les adieux peuvent prendre la forme d&rsquo;actions de gr\u00e2ce et de remerciements et \/ ou de bannissement de vieilles habitudes ou douleurs personnelles.<\/p>\n<p style=\"text-align: justify;\">Une fois que la B\u00fbche de Yule commence \u00e0 s&#8217;embrasser, alors l&rsquo;animateur invite les membres de la famille \u00e0 m\u00e9diter sur l&rsquo;ann\u00e9e \u00e0 venir et la puissance des possibilit\u00e9s. Chaque membre jette alors une brindille de ch\u00eane ou des glands dans le feu pour repr\u00e9senter l&rsquo;ann\u00e9e \u00e0 venir, et faire appel \u00e0 une r\u00e9solution et\/ou un espoir.<\/p>\n<p style=\"text-align: justify;\">Pour les familles qui utilisent la B\u00fbche de Yule avec les bougies, chaque membre peut \u00e9crire une mauvaise habitude et\/ou un souhait sur un bout de papier pour l&rsquo;ann\u00e9e qui arrive et le br\u00fbler dans la flamme d&rsquo;une bougie.<\/p>\n<p style=\"text-align: justify;\">Lorsque ce processus est accompli, la famille chante une chanson. Le chant de no\u00ebl traditionnel, \u00ab Deck the Halls \u00bb, est un bon choix parce qu&rsquo;il fait mention du Solstice, les changements de l&rsquo;ann\u00e9e solaire et de la B\u00fbche de Yule.<\/p>\n<p style=\"text-align: justify;\">Laissez br\u00fbler la B\u00fbche de Yule jusqu&rsquo;\u00e0 ce qu&rsquo;il ne reste que quelques morceaux de bois calcin\u00e9s et des cendres (ou les bouts de bougies restants). Suivant une ancienne tradition, r\u00e9cup\u00e9rez les restes du feu et utilisez-les pour d\u00e9marrer le feu \u00e0 la b\u00fbche de Yule de l&rsquo;ann\u00e9e suivante.<\/p>\n<p style=\"text-align: justify;\"><em>Extrait du site : thecronescottage.tripod.com<\/em><\/p>\n","protected":false},"excerpt":{"rendered":"<p>La magie de la B\u00fbche de Yule. Par The Crone&rsquo;s Cottage, traduction Lune. La b\u00fbche de Yule est un vestige des feux de joie que les pa\u00efens europ\u00e9ens allumaient lors du solstice d&rsquo;hiver. Ces feux de joie symbolisaient le retour du Soleil. Une b\u00fbche de ch\u00eane, ainsi qu&rsquo;une chemin\u00e9e ou un endroit pour faire un&#8230;<\/p>\n","protected":false},"author":2,"featured_media":9642,"parent":70,"menu_order":0,"comment_status":"closed","ping_status":"closed","template":"silo.php","meta":{"footnotes":""},"class_list":["post-753","page","type-page","status-publish","has-post-thumbnail","hentry"],"_links":{"self":[{"href":"https:\/\/www.le-sidh.org\/wicca\/wp-json\/wp\/v2\/pages\/753","targetHints":{"allow":["GET"]}}],"collection":[{"href":"https:\/\/www.le-sidh.org\/wicca\/wp-json\/wp\/v2\/pages"}],"about":[{"href":"https:\/\/www.le-sidh.org\/wicca\/wp-json\/wp\/v2\/types\/page"}],"author":[{"embeddable":true,"href":"https:\/\/www.le-sidh.org\/wicca\/wp-json\/wp\/v2\/users\/2"}],"replies":[{"embeddable":true,"href":"https:\/\/www.le-sidh.org\/wicca\/wp-json\/wp\/v2\/comments?post=753"}],"version-history":[{"count":3,"href":"https:\/\/www.le-sidh.org\/wicca\/wp-json\/wp\/v2\/pages\/753\/revisions"}],"predecessor-version":[{"id":9643,"href":"https:\/\/www.le-sidh.org\/wicca\/wp-json\/wp\/v2\/pages\/753\/revisions\/9643"}],"up":[{"embeddable":true,"href":"https:\/\/www.le-sidh.org\/wicca\/wp-json\/wp\/v2\/pages\/70"}],"wp:featuredmedia":[{"embeddable":true,"href":"https:\/\/www.le-sidh.org\/wicca\/wp-json\/wp\/v2\/media\/9642"}],"wp:attachment":[{"href":"https:\/\/www.le-sidh.org\/wicca\/wp-json\/wp\/v2\/media?parent=753"}],"curies":[{"name":"wp","href":"https:\/\/api.w.org\/{rel}","templated":true}]}}