{"id":7488,"date":"2019-09-02T15:20:53","date_gmt":"2019-09-02T13:20:53","guid":{"rendered":"http:\/\/www.le-sidh.org\/wicca\/?page_id=7488"},"modified":"2019-09-03T08:40:17","modified_gmt":"2019-09-03T06:40:17","slug":"rencontrez-la-deesse-etoile","status":"publish","type":"page","link":"https:\/\/www.le-sidh.org\/wicca\/esbat\/rencontrez-la-deesse-etoile\/","title":{"rendered":"M\u00e9ditation : rencontrez la D\u00e9esse \u00c9toile"},"content":{"rendered":"<p style=\"text-align: justify;\">Extrait du site (actuellement ferm\u00e9) Feri Crossroads, traduction par Lune.<\/p>\n<p style=\"text-align: justify; padding-left: 40px;\">Afin de mieux La conna\u00eetre, visualisez-La comme suit\u00a0:<\/p>\n<p style=\"text-align: justify; padding-left: 40px;\"><em>Une femme enti\u00e8rement noire, \u00e0 t\u00eate de lionne, poss\u00e9dant de grandes ailes, dont les cheveux sont orn\u00e9s de millions d\u2019\u00e9toiles. Elle est assise sur un tr\u00f4ne d\u2019onyx, un \u0153uf en argent est pos\u00e9 sur son giron. Elle est entour\u00e9e d\u2019un halo de flammes noires.<\/em><\/p>\n<p style=\"text-align: center;\"><strong>Rencontrer la D\u00e9esse \u00c9toile<\/strong><\/p>\n<p style=\"text-align: justify;\">Fermez les yeux.<\/p>\n<p style=\"text-align: justify;\">Ralentissez votre respiration <strong>jusqu\u2019\u00e0<\/strong> atteindre un rythme confortable et pratiquez votre exercice de relaxation fondamental.<\/p>\n<p style=\"text-align: justify;\">Vous vous trouvez dans une vaste caverne dont les murs en pierre noire polie luisent d\u2019un \u00e9clat bleu\u00e2tre et don les limites se perdent dans le lointain. Au centre du mur, devant lequel vous vous tenez, neuf marches sont taill\u00e9es dans cette m\u00eame pierre noire qui entourent un dais. Sur ce dais se trouve un grand tr\u00f4ne vide taill\u00e9 dans le mur.<\/p>\n<p style=\"text-align: justify;\">R\u00e9p\u00e9tez trois fois :<\/p>\n<blockquote><p>J\u2019invoque Dryghtyn,<br \/>\nl\u2019ancienne providence,<br \/>\nqui \u00e9tait, au commencement, et qui est, pour l\u2019\u00e9ternit\u00e9,<br \/>\nUnique, androgyne, la source de toutes choses :<br \/>\nOmnisciente, omnipr\u00e9sente, omnipotente,<br \/>\nImmuable, \u00e9ternelle, infinie \u00e0 jamais.<\/p><\/blockquote>\n<p style=\"text-align: justify;\"><a href=\"https:\/\/www.le-sidh.org\/wicca\/pratiques-rituelles-sorcieres\/invocations-charges\/benediction-de-dryghtyn\/\" target=\"_blank\" rel=\"noopener noreferrer\"><em>\u2013 provient de la Wicca Gardn\u00e9rienne<\/em><\/a><\/p>\n<p style=\"text-align: justify;\">Le tr\u00f4ne n\u2019est plus vide.<\/p>\n<p style=\"text-align: justify;\">Sur celui-ci est assise la D\u00e9esse \u00c9toile y est apparue, apparaissant sous les traits d&rsquo;une femme \u00e0 t\u00eate de lionne, avec de grandes ailes. Son corps est noir de jais dans sa totalit\u00e9. Sa chevelure est parsem\u00e9e de millions d\u2019\u00e9toiles. Sur son giron se trouve un \u0153uf d\u2019argent et Elle est entour\u00e9e d\u2019un halo de flammes noires.<\/p>\n<p style=\"text-align: justify;\">Tout autour de vous, des grandes figures divines dansent, chantent et tournoient dans une extase \u00e9ternelle. Joignez-vous \u00e0 leur danse et sentez-vous empli du pouvoir qui \u00e9mane d\u2019Elle.<\/p>\n","protected":false},"excerpt":{"rendered":"<p>Extrait du site (actuellement ferm\u00e9) Feri Crossroads, traduction par Lune. Afin de mieux La conna\u00eetre, visualisez-La comme suit\u00a0: Une femme enti\u00e8rement noire, \u00e0 t\u00eate de lionne, poss\u00e9dant de grandes ailes, dont les cheveux sont orn\u00e9s de millions d\u2019\u00e9toiles. Elle est assise sur un tr\u00f4ne d\u2019onyx, un \u0153uf en argent est pos\u00e9 sur son giron. Elle&#8230;<\/p>\n","protected":false},"author":2,"featured_media":7490,"parent":34,"menu_order":0,"comment_status":"closed","ping_status":"closed","template":"silo.php","meta":{"footnotes":""},"class_list":["post-7488","page","type-page","status-publish","has-post-thumbnail","hentry"],"_links":{"self":[{"href":"https:\/\/www.le-sidh.org\/wicca\/wp-json\/wp\/v2\/pages\/7488","targetHints":{"allow":["GET"]}}],"collection":[{"href":"https:\/\/www.le-sidh.org\/wicca\/wp-json\/wp\/v2\/pages"}],"about":[{"href":"https:\/\/www.le-sidh.org\/wicca\/wp-json\/wp\/v2\/types\/page"}],"author":[{"embeddable":true,"href":"https:\/\/www.le-sidh.org\/wicca\/wp-json\/wp\/v2\/users\/2"}],"replies":[{"embeddable":true,"href":"https:\/\/www.le-sidh.org\/wicca\/wp-json\/wp\/v2\/comments?post=7488"}],"version-history":[{"count":2,"href":"https:\/\/www.le-sidh.org\/wicca\/wp-json\/wp\/v2\/pages\/7488\/revisions"}],"predecessor-version":[{"id":7492,"href":"https:\/\/www.le-sidh.org\/wicca\/wp-json\/wp\/v2\/pages\/7488\/revisions\/7492"}],"up":[{"embeddable":true,"href":"https:\/\/www.le-sidh.org\/wicca\/wp-json\/wp\/v2\/pages\/34"}],"wp:featuredmedia":[{"embeddable":true,"href":"https:\/\/www.le-sidh.org\/wicca\/wp-json\/wp\/v2\/media\/7490"}],"wp:attachment":[{"href":"https:\/\/www.le-sidh.org\/wicca\/wp-json\/wp\/v2\/media?parent=7488"}],"curies":[{"name":"wp","href":"https:\/\/api.w.org\/{rel}","templated":true}]}}