{"id":7239,"date":"2019-07-23T09:23:08","date_gmt":"2019-07-23T07:23:08","guid":{"rendered":"http:\/\/www.le-sidh.org\/wicca\/?page_id=7239"},"modified":"2021-07-29T08:48:02","modified_gmt":"2021-07-29T06:48:02","slug":"rituel-du-sabbat-de-lughnasadh-autre-version-plus-traditionnelle-extrait-du-livre-des-ombres-de-scott-cunningham","status":"publish","type":"page","link":"https:\/\/www.le-sidh.org\/wicca\/sabbats\/lughnasadh\/rituel-du-sabbat-de-lughnasadh-autre-version-plus-traditionnelle-extrait-du-livre-des-ombres-de-scott-cunningham\/","title":{"rendered":"Rituel du sabbat de Lughnasadh (autre version, plus traditionnelle), extrait du Livre des Ombres de Scott Cunningham"},"content":{"rendered":"<p style=\"text-align: justify;\">Rituel du sabbat de Lughnasadh, extrait du Livre des Ombres de Scott Cunningham. Traduction &amp; adaptation : Lune.<\/p>\n<p>Formez <a href=\"https:\/\/www.le-sidh.org\/wicca\/pratiques-rituelles-sorcieres\/rituels-divers-et-bases\/projeter-et-dissiper-le-cercle-magique-cunningham\/\" target=\"_blank\" rel=\"noopener noreferrer\">le cercle des Pierres<\/a>.<\/p>\n<p>La grande pr\u00eatresse se tient devant l&rsquo;autel et dit :<\/p>\n<blockquote><p>\u00d4 notre puissante M\u00e8re \u00e0 tous,<br \/>\nM\u00e8re de toute fertilit\u00e9,<br \/>\nDonne-nous fruits et grains,<br \/>\nTroupeaux et b\u00e9tails, ainsi que des enfants pour le clan afin que nous soyons puissants.<br \/>\nPar ton bienheureux amour, descends maintenant sur ta pr\u00eatresse.*<\/p><\/blockquote>\n<p>Tous saluent la grande pr\u00eatresse.<\/p>\n<p>Les g\u00e2teaux et le vin.<\/p>\n<p><a href=\"https:\/\/www.le-sidh.org\/wicca\/pratiques-rituelles-sorcieres\/rituels-divers-et-bases\/projeter-et-dissiper-le-cercle-magique-cunningham\/\" target=\"_blank\" rel=\"noopener noreferrer\">Le Cercle est dissip\u00e9<\/a>.<\/p>\n<p>Danses et festin.<\/p>\n<p>Ndlt : cf. <a href=\"https:\/\/www.le-sidh.org\/wicca\/sabbats\/lughnasadh\/veille-aout\/\" target=\"_blank\" rel=\"noopener noreferrer\">rituel de sabbat du livre des ombres de Gardner<\/a>.<\/p>\n","protected":false},"excerpt":{"rendered":"<p>Rituel du sabbat de Lughnasadh, extrait du Livre des Ombres de Scott Cunningham. Traduction &amp; adaptation : Lune. Formez le cercle des Pierres. La grande pr\u00eatresse se tient devant l&rsquo;autel et dit : \u00d4 notre puissante M\u00e8re \u00e0 tous, M\u00e8re de toute fertilit\u00e9, Donne-nous fruits et grains, Troupeaux et b\u00e9tails, ainsi que des enfants pour&#8230;<\/p>\n","protected":false},"author":2,"featured_media":7246,"parent":64,"menu_order":0,"comment_status":"closed","ping_status":"closed","template":"silo.php","meta":{"footnotes":""},"class_list":["post-7239","page","type-page","status-publish","has-post-thumbnail","hentry"],"_links":{"self":[{"href":"https:\/\/www.le-sidh.org\/wicca\/wp-json\/wp\/v2\/pages\/7239","targetHints":{"allow":["GET"]}}],"collection":[{"href":"https:\/\/www.le-sidh.org\/wicca\/wp-json\/wp\/v2\/pages"}],"about":[{"href":"https:\/\/www.le-sidh.org\/wicca\/wp-json\/wp\/v2\/types\/page"}],"author":[{"embeddable":true,"href":"https:\/\/www.le-sidh.org\/wicca\/wp-json\/wp\/v2\/users\/2"}],"replies":[{"embeddable":true,"href":"https:\/\/www.le-sidh.org\/wicca\/wp-json\/wp\/v2\/comments?post=7239"}],"version-history":[{"count":4,"href":"https:\/\/www.le-sidh.org\/wicca\/wp-json\/wp\/v2\/pages\/7239\/revisions"}],"predecessor-version":[{"id":9425,"href":"https:\/\/www.le-sidh.org\/wicca\/wp-json\/wp\/v2\/pages\/7239\/revisions\/9425"}],"up":[{"embeddable":true,"href":"https:\/\/www.le-sidh.org\/wicca\/wp-json\/wp\/v2\/pages\/64"}],"wp:featuredmedia":[{"embeddable":true,"href":"https:\/\/www.le-sidh.org\/wicca\/wp-json\/wp\/v2\/media\/7246"}],"wp:attachment":[{"href":"https:\/\/www.le-sidh.org\/wicca\/wp-json\/wp\/v2\/media?parent=7239"}],"curies":[{"name":"wp","href":"https:\/\/api.w.org\/{rel}","templated":true}]}}