{"id":721,"date":"2014-08-03T15:27:55","date_gmt":"2014-08-03T13:27:55","guid":{"rendered":"http:\/\/www.le-sidh.org\/wicca\/?page_id=721"},"modified":"2019-07-14T10:21:51","modified_gmt":"2019-07-14T08:21:51","slug":"eclipses-et-magie","status":"publish","type":"page","link":"https:\/\/www.le-sidh.org\/wicca\/esbat\/eclipses-et-magie\/","title":{"rendered":"\u00c9clipses et magie"},"content":{"rendered":"<p style=\"text-align: justify;\"><strong>\u00c9clipses &amp; magie&#8230; <\/strong>Par Nisaba Merrieweather, traduction Lune.<\/p>\n<p style=\"text-align: justify; padding-left: 40px;\">Ndlt : Voici l&rsquo;extrait d&rsquo;un article sur les \u00e9clipses, il provient d&rsquo;une liste de diffusion sorci\u00e8re australienne. Je l&rsquo;avais traduit il y a quelques ann\u00e9es et j&rsquo;ai retrouv\u00e9 cette traduction en furetant sur la liste des Portes du Sidh. Bonne lecture.<\/p>\n<p style=\"text-align: justify;\">\u00ab[\u2026] En magie : les \u00e9clipses stimulent et sont une p\u00e9riode puissante et dynamique. La Crone (NdlT : litt\u00e9ralement, la vieille harpie, la vieille sorci\u00e8re&#8230; ; \u00ab\u00a0Crone\u00a0\u00bb est \u00e9galement le troisi\u00e8me aspect de la D\u00e9esse, la vieille, la sage, la sombre&#8230;) s&rsquo;\u00e9tend sur la terre et projette son manteau sur nous tous. Elle p\u00e9n\u00e8tre notre sang et notre syst\u00e8me endocrinien, ce qui a pour effet de nous procurer un sentiment de puissance (provenant de notre tension interne) et de pr\u00e9monition (les gens, qui aiment savoir les choses \u00e0 l&rsquo;avance, ont tendance \u00e0 interpr\u00e9ter cela\u00a0 comme de l&rsquo;effroi alors que ce n&rsquo;est que de l&rsquo;anticipation), et elle envahit nos perceptions avec ses dons de proph\u00e9tie et de clairvoyance.<\/p>\n<p style=\"text-align: justify;\">C&rsquo;est une tr\u00e8s bonne p\u00e9riode pour les danses\/transes, pour le travail de divination, pour les sorties hors du corps et pour le \u00ab\u00a0travail sur les r\u00eaves communicatifs\u00a0\u00bb et pour contacter les sages de l&rsquo;Autremonde. C&rsquo;est une p\u00e9riode de grand pouvoir personnel et de qu\u00eate et connaissance de soi.<\/p>\n<p style=\"text-align: justify;\">[\u2026] Les \u00e9clipses tant lunaires que solaires ont \u00e9t\u00e9 longtemps pour moi de merveilleux moments comme pour la plupart des personnes qui ont int\u00e9gr\u00e9 le concept de la \u00ab\u00a0Cronitude\u00a0\u00bb (ndlt : pardon pour \u00e7a :o)) et accueilli sa sagesse, son exp\u00e9rience et sa s\u00e9v\u00e9rit\u00e9 n\u00e9cessaire dans leur vie. \u00bb<\/p>\n","protected":false},"excerpt":{"rendered":"<p>\u00c9clipses &amp; magie&#8230; Par Nisaba Merrieweather, traduction Lune. Ndlt : Voici l&rsquo;extrait d&rsquo;un article sur les \u00e9clipses, il provient d&rsquo;une liste de diffusion sorci\u00e8re australienne. Je l&rsquo;avais traduit il y a quelques ann\u00e9es et j&rsquo;ai retrouv\u00e9 cette traduction en furetant sur la liste des Portes du Sidh. Bonne lecture. \u00ab[\u2026] En magie : les \u00e9clipses&#8230;<\/p>\n","protected":false},"author":2,"featured_media":7157,"parent":34,"menu_order":0,"comment_status":"closed","ping_status":"closed","template":"silo.php","meta":{"footnotes":""},"class_list":["post-721","page","type-page","status-publish","has-post-thumbnail","hentry"],"_links":{"self":[{"href":"https:\/\/www.le-sidh.org\/wicca\/wp-json\/wp\/v2\/pages\/721","targetHints":{"allow":["GET"]}}],"collection":[{"href":"https:\/\/www.le-sidh.org\/wicca\/wp-json\/wp\/v2\/pages"}],"about":[{"href":"https:\/\/www.le-sidh.org\/wicca\/wp-json\/wp\/v2\/types\/page"}],"author":[{"embeddable":true,"href":"https:\/\/www.le-sidh.org\/wicca\/wp-json\/wp\/v2\/users\/2"}],"replies":[{"embeddable":true,"href":"https:\/\/www.le-sidh.org\/wicca\/wp-json\/wp\/v2\/comments?post=721"}],"version-history":[{"count":4,"href":"https:\/\/www.le-sidh.org\/wicca\/wp-json\/wp\/v2\/pages\/721\/revisions"}],"predecessor-version":[{"id":7158,"href":"https:\/\/www.le-sidh.org\/wicca\/wp-json\/wp\/v2\/pages\/721\/revisions\/7158"}],"up":[{"embeddable":true,"href":"https:\/\/www.le-sidh.org\/wicca\/wp-json\/wp\/v2\/pages\/34"}],"wp:featuredmedia":[{"embeddable":true,"href":"https:\/\/www.le-sidh.org\/wicca\/wp-json\/wp\/v2\/media\/7157"}],"wp:attachment":[{"href":"https:\/\/www.le-sidh.org\/wicca\/wp-json\/wp\/v2\/media?parent=721"}],"curies":[{"name":"wp","href":"https:\/\/api.w.org\/{rel}","templated":true}]}}