{"id":693,"date":"2014-08-03T13:37:57","date_gmt":"2014-08-03T11:37:57","guid":{"rendered":"http:\/\/www.le-sidh.org\/wicca\/?page_id=693"},"modified":"2014-08-07T14:14:18","modified_gmt":"2014-08-07T12:14:18","slug":"le-grand-rite-part-importante-du-handfasting","status":"publish","type":"page","link":"https:\/\/www.le-sidh.org\/wicca\/handfasting\/rituels\/le-grand-rite-part-importante-du-handfasting\/","title":{"rendered":"Le Grand Rite, part importante du Handfasting"},"content":{"rendered":"<p style=\"text-align: center;\"><strong>Le Grand Rite, part importante du Handfasting<\/strong><br \/>\nPar Lune \u00a9 2008<\/p>\n<p style=\"text-align: center;\"><a href=\"https:\/\/www.le-sidh.org\/wicca\/wp-content\/uploads\/2014\/08\/maxine-sanders-great-rite.jpg\"><img loading=\"lazy\" decoding=\"async\" class=\"aligncenter wp-image-1143\" src=\"https:\/\/www.le-sidh.org\/wicca\/wp-content\/uploads\/2014\/08\/maxine-sanders-great-rite.jpg\" alt=\"maxine sanders great rite\" width=\"385\" height=\"576\" srcset=\"https:\/\/www.le-sidh.org\/wicca\/wp-content\/uploads\/2014\/08\/maxine-sanders-great-rite.jpg 500w, https:\/\/www.le-sidh.org\/wicca\/wp-content\/uploads\/2014\/08\/maxine-sanders-great-rite-200x300.jpg 200w\" sizes=\"auto, (max-width: 385px) 100vw, 385px\" \/><\/a><\/p>\n<p style=\"text-align: justify;\">Au sein de la Sorcellerie et la Wicca traditionnelle, le Handfasting ne pourrait \u00eatre complet sans l\u2019accomplissement du Grand Rite par les nouveaux mari\u00e9s. Celui-ci valide l\u2019union, le mariage est consomm\u00e9 spirituellement et mat\u00e9riellement. C\u2019est au couple de d\u00e9cider s\u2019il souhaite c\u00e9l\u00e9brer le Grand Rite symboliquement ou concr\u00e8tement. Cela se passe dans le Cercle (les mains restent unies par la corde \/ le ruban jusqu&rsquo;\u00e0 ce moment) et s\u2019il est accompli concr\u00e8tement (avec rapports sexuels), tous les autres membres du coven quittent la pi\u00e8ce. Je ne d\u00e9velopperai pas davantage ici, je vous invite \u00e0 lire l&rsquo;article consacr\u00e9 \u00e0 ce sujet sur ce site.<\/p>\n<p style=\"text-align: justify;\">D\u2019une mani\u00e8re g\u00e9n\u00e9rale, le Grand Rite est une part importante de la ritu\u00e9lie des sorciers et wicca traditionalistes. Il n\u2019est pas pratiqu\u00e9 \u00e0 chaque rencontre, seulement lors de moments importants, par exemple \u00e0 certains sabbats majeurs. Il symbolise l\u2019union sacr\u00e9e de la D\u00e9esse et du Dieu qui, ainsi, donnent vie \u00e0 l\u2019univers. Il repr\u00e9sente \u00e9galement l\u2019union du Grand Pr\u00eatre et de la D\u00e9esse, de la Grande Pr\u00eatresse et du Dieu, du f\u00e9minin et du masculin. Une alchimie que chaque sorcier et sorci\u00e8re doit comprendre et assimiler int\u00e9rieurement.<\/p>\n","protected":false},"excerpt":{"rendered":"<p>Le Grand Rite, part importante du Handfasting Par Lune \u00a9 2008 Au sein de la Sorcellerie et la Wicca traditionnelle, le Handfasting ne pourrait \u00eatre complet sans l\u2019accomplissement du Grand Rite par les nouveaux mari\u00e9s. Celui-ci valide l\u2019union, le mariage est consomm\u00e9 spirituellement et mat\u00e9riellement. C\u2019est au couple de d\u00e9cider s\u2019il souhaite c\u00e9l\u00e9brer le Grand&#8230;<\/p>\n","protected":false},"author":2,"featured_media":0,"parent":1107,"menu_order":0,"comment_status":"closed","ping_status":"closed","template":"silo.php","meta":{"footnotes":""},"class_list":["post-693","page","type-page","status-publish","hentry"],"_links":{"self":[{"href":"https:\/\/www.le-sidh.org\/wicca\/wp-json\/wp\/v2\/pages\/693","targetHints":{"allow":["GET"]}}],"collection":[{"href":"https:\/\/www.le-sidh.org\/wicca\/wp-json\/wp\/v2\/pages"}],"about":[{"href":"https:\/\/www.le-sidh.org\/wicca\/wp-json\/wp\/v2\/types\/page"}],"author":[{"embeddable":true,"href":"https:\/\/www.le-sidh.org\/wicca\/wp-json\/wp\/v2\/users\/2"}],"replies":[{"embeddable":true,"href":"https:\/\/www.le-sidh.org\/wicca\/wp-json\/wp\/v2\/comments?post=693"}],"version-history":[{"count":3,"href":"https:\/\/www.le-sidh.org\/wicca\/wp-json\/wp\/v2\/pages\/693\/revisions"}],"predecessor-version":[{"id":1144,"href":"https:\/\/www.le-sidh.org\/wicca\/wp-json\/wp\/v2\/pages\/693\/revisions\/1144"}],"up":[{"embeddable":true,"href":"https:\/\/www.le-sidh.org\/wicca\/wp-json\/wp\/v2\/pages\/1107"}],"wp:attachment":[{"href":"https:\/\/www.le-sidh.org\/wicca\/wp-json\/wp\/v2\/media?parent=693"}],"curies":[{"name":"wp","href":"https:\/\/api.w.org\/{rel}","templated":true}]}}