{"id":691,"date":"2014-08-03T13:31:59","date_gmt":"2014-08-03T11:31:59","guid":{"rendered":"http:\/\/www.le-sidh.org\/wicca\/?page_id=691"},"modified":"2014-08-07T11:41:02","modified_gmt":"2014-08-07T09:41:02","slug":"la-periode-ideale-du-handfasting","status":"publish","type":"page","link":"https:\/\/www.le-sidh.org\/wicca\/handfasting\/quest-ce-que-cest\/la-periode-ideale-du-handfasting\/","title":{"rendered":"La p\u00e9riode id\u00e9ale du Handfasting"},"content":{"rendered":"<p style=\"text-align: center;\"><strong>La p\u00e9riode id\u00e9ale du Handfasting<\/strong><br \/>\nPar Lune \u00a9 2008<\/p>\n<p style=\"text-align: justify;\">J\u2019ai souvent entendu dire qu\u2019on ne doit pas se marier au mois de mai, car c\u2019est le mois du mariage sacr\u00e9 du dieu et de la d\u00e9esse. Pourtant, cette p\u00e9riode semble id\u00e9ale et la symbolique de Beltane nous y invite.<\/p>\n<p style=\"text-align: justify;\">Je me souviens avoir lu cette recommandation dans divers livres sur la wicca, sur la sorcellerie traditionnelle mais aussi sur les coutumes populaires. Je l\u2019ai m\u00eame entendu de la bouche de quelqu\u2019un de tr\u00e8s ouvert et qui est grand-pr\u00eatre depuis plus d&rsquo;une trentaine d\u2019ann\u00e9es.<\/p>\n<p style=\"text-align: justify;\">Je ne crois pas cependant qu\u2019on manque de respect aux dieux en choisissant le mois de mai pour unir nos mains \u00e0 celles de la personne aim\u00e9e. M&rsquo;est avis qu&rsquo;ils s&rsquo;en cognent et qu&rsquo;il s\u2019agit surtout d\u2019un bel exemple de superstition.<\/p>\n<p style=\"text-align: justify;\">D\u2019ailleurs certaines sorci\u00e8res c\u00e9l\u00e8bres n\u2019ont pas h\u00e9sit\u00e9 \u00e0 s\u2019unir au cours du mois de mai. Je pense notamment \u00e0 l\u2019une des pr\u00eatresses de Gerald Gardner, fondateur de la wicca, Patricia Crowther.<\/p>\n<p style=\"text-align: justify;\">Sept ans apr\u00e8s le d\u00e9c\u00e8s de son premier mari (Arnold Crowther), Patricia tombe \u00e0 nouveau amoureuse et c\u00e9l\u00e8bre son handfasting avec Ian Lilleyman, le 9 mai 1981. Ian choisira d\u2019ailleurs de se faire initier au sein de la wicca et deviendra le grand pr\u00eatre du Sheffield Coven aux c\u00f4t\u00e9s de son \u00e9pouse.<\/p>\n<p style=\"text-align: justify;\">\u00ab [&#8230;] Ce mois de mai fut \u00e9galement m\u00e9morable par d\u2019autres mani\u00e8res, principalement parce que Ian et moi nous sommes \u00ab handfast\u00e9s \u00bb le 9. Nous aurions pu passer devant le maire et faire une c\u00e9r\u00e9monie civile, mais nous avons pr\u00e9f\u00e9r\u00e9 de beaucoup la forme plus ancienne pour \u00ab tying the knot \u00bb (ndlt : c\u2019est une expression anglaise qui signifie \u00ab se marier \u00bb et qui, litt\u00e9ralement, pourrait se traduire par \u00ab nouer le n\u0153ud \u00bb) et recevoir la b\u00e9n\u00e9diction des dieux.<\/p>\n<p style=\"text-align: justify;\">Le Handfasting est une ancienne c\u00e9r\u00e9monie de la Vieille Religion qui lie deux personnes pendant aussi longtemps qu\u2019elles resteront amoureuses. C\u2019est une union ill\u00e9gale pour l&rsquo;\u00e9glise chr\u00e9tienne qui a introduit la forme de mariage que nous connaissons aujourd\u2019hui et qui lie un homme et une femme pour la vie \u2013 laquelle devenant parfois un v\u00e9ritable enfer sur terre pour les personnes impliqu\u00e9es \u2013 et qui d\u00e9sapprouve le divorce. \u00bb<\/p>\n<p style=\"text-align: justify;\">Revenons-en aux p\u00e9riodes favorables ou d\u00e9favorables du handfasting ou union des mains. J\u2019ai \u00e9galement entendu et lu qu\u2019on ne se mariait pas \u00e0 certains Sabbats : Samhain et Imbolc. Car ils ne s\u2019y pr\u00eatent pas. Mais il y a plusieurs sons de cloches, certains voient dans Imbolc, une symbolique qui colle parfaitement \u00e0 l\u2019\u00e9v\u00e9nement : le renouveau, le d\u00e9but, les nouvelles entreprises.<\/p>\n<p style=\"text-align: justify;\">En th\u00e9orie, tous les sabbats sont sens\u00e9s \u00eatre consacr\u00e9s au culte seul. En pratique, c&rsquo;est un peu diff\u00e9rent, chacun fait \u00e0 sa sauce.<\/p>\n<p style=\"text-align: justify;\">La p\u00e9riode id\u00e9ale \u00e9tant sans doute le mois de juin\u2026 terriblement conventionnelle ! Mais il faut bien reconna\u00eetre que le temps est bien plus agr\u00e9able \u00e0 cette \u00e9poque de l\u2019ann\u00e9e et qu\u2019il facilite grandement les r\u00e9unions en ext\u00e9rieur. Qui n\u2019a jamais r\u00eav\u00e9 de s\u2019unir dans un pr\u00e9 verdoyant et baign\u00e9 de soleil\u2026 Oui bon je sais, c\u2019est un truc de filles \u00e7a =)<\/p>\n","protected":false},"excerpt":{"rendered":"<p>La p\u00e9riode id\u00e9ale du Handfasting Par Lune \u00a9 2008 J\u2019ai souvent entendu dire qu\u2019on ne doit pas se marier au mois de mai, car c\u2019est le mois du mariage sacr\u00e9 du dieu et de la d\u00e9esse. Pourtant, cette p\u00e9riode semble id\u00e9ale et la symbolique de Beltane nous y invite. Je me souviens avoir lu cette&#8230;<\/p>\n","protected":false},"author":2,"featured_media":0,"parent":1109,"menu_order":0,"comment_status":"closed","ping_status":"closed","template":"silo.php","meta":{"footnotes":""},"class_list":["post-691","page","type-page","status-publish","hentry"],"_links":{"self":[{"href":"https:\/\/www.le-sidh.org\/wicca\/wp-json\/wp\/v2\/pages\/691","targetHints":{"allow":["GET"]}}],"collection":[{"href":"https:\/\/www.le-sidh.org\/wicca\/wp-json\/wp\/v2\/pages"}],"about":[{"href":"https:\/\/www.le-sidh.org\/wicca\/wp-json\/wp\/v2\/types\/page"}],"author":[{"embeddable":true,"href":"https:\/\/www.le-sidh.org\/wicca\/wp-json\/wp\/v2\/users\/2"}],"replies":[{"embeddable":true,"href":"https:\/\/www.le-sidh.org\/wicca\/wp-json\/wp\/v2\/comments?post=691"}],"version-history":[{"count":2,"href":"https:\/\/www.le-sidh.org\/wicca\/wp-json\/wp\/v2\/pages\/691\/revisions"}],"predecessor-version":[{"id":1114,"href":"https:\/\/www.le-sidh.org\/wicca\/wp-json\/wp\/v2\/pages\/691\/revisions\/1114"}],"up":[{"embeddable":true,"href":"https:\/\/www.le-sidh.org\/wicca\/wp-json\/wp\/v2\/pages\/1109"}],"wp:attachment":[{"href":"https:\/\/www.le-sidh.org\/wicca\/wp-json\/wp\/v2\/media?parent=691"}],"curies":[{"name":"wp","href":"https:\/\/api.w.org\/{rel}","templated":true}]}}