{"id":687,"date":"2014-08-03T13:29:55","date_gmt":"2014-08-03T11:29:55","guid":{"rendered":"http:\/\/www.le-sidh.org\/wicca\/?page_id=687"},"modified":"2014-08-07T11:40:03","modified_gmt":"2014-08-07T09:40:03","slug":"herbes-fleurs-du-handfasting","status":"publish","type":"page","link":"https:\/\/www.le-sidh.org\/wicca\/handfasting\/les-outils-rituels\/herbes-fleurs-du-handfasting\/","title":{"rendered":"Herbes &#038; Fleurs du Handfasting"},"content":{"rendered":"<p style=\"text-align: center;\"><strong>Herbes &amp; Fleurs du Handfasting<\/strong><br \/>\nPar Paul Beyerl \u00a9, traduction Lune<\/p>\n<figure id=\"attachment_689\" aria-describedby=\"caption-attachment-689\" style=\"width: 450px\" class=\"wp-caption aligncenter\"><a href=\"https:\/\/www.le-sidh.org\/wicca\/wp-content\/uploads\/2014\/08\/rose.jpg\"><img loading=\"lazy\" decoding=\"async\" class=\"wp-image-689\" src=\"https:\/\/www.le-sidh.org\/wicca\/wp-content\/uploads\/2014\/08\/rose.jpg\" alt=\"Rose de notre jardin. Photo : Lune\" width=\"450\" height=\"600\" srcset=\"https:\/\/www.le-sidh.org\/wicca\/wp-content\/uploads\/2014\/08\/rose.jpg 600w, https:\/\/www.le-sidh.org\/wicca\/wp-content\/uploads\/2014\/08\/rose-225x300.jpg 225w\" sizes=\"auto, (max-width: 450px) 100vw, 450px\" \/><\/a><figcaption id=\"caption-attachment-689\" class=\"wp-caption-text\">Rose de notre jardin. Photo : Lune<\/figcaption><\/figure>\n<p><em>Extrait de : \u00ab\u00a0The Master Book of Herbalism\u00a0\u00bb, \u00e9ditions Phoenix.<\/em><\/p>\n<p style=\"text-align: justify;\"><strong>Rituels d&rsquo;Union<\/strong><\/p>\n<p style=\"text-align: justify;\">Le rituel peut \u00eatre un handfasting, une ancienne forme d&rsquo;un rituel dans lequel deux personnes sont attach\u00e9es ensemble et qui ne sont pas rel\u00e2ch\u00e9es jusqu&rsquo;\u00e0 ce que, plus tard et en priv\u00e9, elles aient c\u00e9l\u00e9br\u00e9 le Grand Rite. Ce rituel peut \u00e9galement \u00eatre un mariage l\u00e9gal [ndlt : aux USA]. Certains utilisent les deux termes, handfasting et mariage, de fa\u00e7on interchangeable, d&rsquo;autres pas. Les herbes suivantes sont d\u00e9di\u00e9es aux rituels dans lesquels deux personnes se rapprochent, font les v\u0153ux sacr\u00e9s de se ch\u00e9rir et d&rsquo;honorer leurs engagements, et qui les laissent unis par ces v\u0153ux.<\/p>\n<ul style=\"text-align: justify;\">\n<li><strong>Achill\u00e9e Millefeuille<\/strong> : Si vous d\u00e9sirez rendre votre c\u00e9r\u00e9monie festive, ajoutez de l&rsquo;achill\u00e9e \u00e0 vos bouquets, et offrez-en un petit brin \u00e0 chaque invit\u00e9 pour qu&rsquo;il le porte.<\/li>\n<\/ul>\n<ul style=\"text-align: justify;\">\n<li><strong>Coing<\/strong> : il devra faire partie de la nourriture pr\u00e9vue pour la f\u00eate.<\/li>\n<\/ul>\n<ul style=\"text-align: justify;\">\n<li><strong>Coriandre<\/strong> : Cette herbe est ajout\u00e9e \u00e0 la coupe rituelle.<\/li>\n<\/ul>\n<ul style=\"text-align: justify;\">\n<li><strong>Cumin<\/strong> : cette \u00e9pice est parfois ajout\u00e9e au g\u00e2teau et la graine de carvi est souvent jet\u00e9e sur le couple \u00e0 la fin de la c\u00e9r\u00e9monie.<\/li>\n<\/ul>\n<ul style=\"text-align: justify;\">\n<li><strong>Gen\u00eat<\/strong> : Il devra \u00eatre r\u00e9colt\u00e9 \u00ab\u00a0vivant\u00a0\u00bb et ses branchages seront attach\u00e9es ensemble par des rubans afin de d\u00e9corer le lieu de c\u00e9l\u00e9bration. Il peut \u00eatre attach\u00e9 de mani\u00e8re \u00e0 former une botte, comme pour un \u00ab\u00a0balai\u00a0\u00bb, au dessus duquel le couple sautera au cours de la c\u00e9r\u00e9monie, qui symboliquement signifie qu&rsquo;on laisse derri\u00e8re soi notre ancienne vie.<\/li>\n<\/ul>\n<ul style=\"text-align: justify;\">\n<li><strong>Graines d&rsquo;Anis<\/strong> : Cette plante est traditionnellement ajouter au g\u00e2teau.<\/li>\n<\/ul>\n<ul style=\"text-align: justify;\">\n<li><strong>Gui<\/strong> : Deux baies de gui devront faire partie des herbes utilis\u00e9es pour la coupe rituelle.<\/li>\n<\/ul>\n<ul style=\"text-align: justify;\">\n<li><strong>Lavande<\/strong> : Cette plante est \u00e9galement port\u00e9e en couronne. Elle peut \u00eatre ajout\u00e9e \u00e0 la coupe rituelle.<\/li>\n<\/ul>\n<ul style=\"text-align: justify;\">\n<li><strong>Lierre<\/strong> : Cette herbe est d\u00e9di\u00e9e \u00e0 la d\u00e9coration. Des couronnes peuvent \u00eatre tress\u00e9es et port\u00e9es par le couple et elles peuvent \u00eatre utilis\u00e9es pour d\u00e9corer l&rsquo;autel et le lieu du rituel.<\/li>\n<\/ul>\n<ul style=\"text-align: justify;\">\n<li><strong>Marjolaine<\/strong> : Cette herbe est excellente utilis\u00e9e comme encens, dans la coupe rituelle, ou port\u00e9e.<\/li>\n<\/ul>\n<ul style=\"text-align: justify;\">\n<li><strong>Orchis<\/strong> (orchid\u00e9e sauvage) : Les fleurs, \u00e0 accrocher aux v\u00eatements, sont id\u00e9ales, et un peu de sa racine peut \u00eatre ajout\u00e9e \u00e0 la coupe rituelle.<\/li>\n<\/ul>\n<ul style=\"text-align: justify;\">\n<li><strong>Reine des Pr\u00e9s<\/strong> : Cette plante, r\u00e9colt\u00e9e pendant sa floraison, entre id\u00e9alement dans la composition du bouquet de la mari\u00e9e.<\/li>\n<\/ul>\n<ul style=\"text-align: justify;\">\n<li><strong>Roses<\/strong> : En particulier, les vari\u00e9t\u00e9s rouges, les Roses sont id\u00e9alement utilis\u00e9es en d\u00e9coration, mais peuvent \u00eatre port\u00e9es ou ajout\u00e9es aux bouquets, et les p\u00e9tales peut \u00eatre utilis\u00e9s dans la b\u00e9n\u00e9diction du cercle.<\/li>\n<\/ul>\n<ul style=\"text-align: justify;\">\n<li><strong>Romarin<\/strong> : la Tradition dit qu&rsquo;un bouquet de romarin devra \u00eatre attach\u00e9 par un ruban et donn\u00e9 \u00e0 chaque invit\u00e9. Pour aider chaque personne \u00e0 se rappeler de cette occasion avec une tendresse particuli\u00e8re. Le romarin peut \u00eatre ajout\u00e9 au m\u00e9lange d&rsquo;encens, et \u00e0 la coupe rituelle.<\/li>\n<\/ul>\n<ul>\n<li style=\"text-align: justify;\"><strong>Scutellaire<\/strong> : une petite quantit\u00e9 de scutellaire dans une coupe rituelle devra \u00eatre partag\u00e9e lors de l&rsquo;\u00e9change des v\u0153ux, pour les rendre sacr\u00e9s et les unir.<\/li>\n<\/ul>\n","protected":false},"excerpt":{"rendered":"<p>Herbes &amp; Fleurs du Handfasting Par Paul Beyerl \u00a9, traduction Lune Extrait de : \u00ab\u00a0The Master Book of Herbalism\u00a0\u00bb, \u00e9ditions Phoenix. Rituels d&rsquo;Union Le rituel peut \u00eatre un handfasting, une ancienne forme d&rsquo;un rituel dans lequel deux personnes sont attach\u00e9es ensemble et qui ne sont pas rel\u00e2ch\u00e9es jusqu&rsquo;\u00e0 ce que, plus tard et en priv\u00e9,&#8230;<\/p>\n","protected":false},"author":2,"featured_media":0,"parent":1111,"menu_order":0,"comment_status":"closed","ping_status":"closed","template":"silo.php","meta":{"footnotes":""},"class_list":["post-687","page","type-page","status-publish","hentry"],"_links":{"self":[{"href":"https:\/\/www.le-sidh.org\/wicca\/wp-json\/wp\/v2\/pages\/687","targetHints":{"allow":["GET"]}}],"collection":[{"href":"https:\/\/www.le-sidh.org\/wicca\/wp-json\/wp\/v2\/pages"}],"about":[{"href":"https:\/\/www.le-sidh.org\/wicca\/wp-json\/wp\/v2\/types\/page"}],"author":[{"embeddable":true,"href":"https:\/\/www.le-sidh.org\/wicca\/wp-json\/wp\/v2\/users\/2"}],"replies":[{"embeddable":true,"href":"https:\/\/www.le-sidh.org\/wicca\/wp-json\/wp\/v2\/comments?post=687"}],"version-history":[{"count":1,"href":"https:\/\/www.le-sidh.org\/wicca\/wp-json\/wp\/v2\/pages\/687\/revisions"}],"predecessor-version":[{"id":690,"href":"https:\/\/www.le-sidh.org\/wicca\/wp-json\/wp\/v2\/pages\/687\/revisions\/690"}],"up":[{"embeddable":true,"href":"https:\/\/www.le-sidh.org\/wicca\/wp-json\/wp\/v2\/pages\/1111"}],"wp:attachment":[{"href":"https:\/\/www.le-sidh.org\/wicca\/wp-json\/wp\/v2\/media?parent=687"}],"curies":[{"name":"wp","href":"https:\/\/api.w.org\/{rel}","templated":true}]}}