{"id":6860,"date":"2019-06-17T16:24:49","date_gmt":"2019-06-17T14:24:49","guid":{"rendered":"http:\/\/www.le-sidh.org\/wicca\/?page_id=6860"},"modified":"2019-06-18T11:44:38","modified_gmt":"2019-06-18T09:44:38","slug":"sabbat-du-solstice-dete-extrait-du-livre-des-ombres-de-scott-cunningham","status":"publish","type":"page","link":"https:\/\/www.le-sidh.org\/wicca\/sabbats\/litha\/sabbat-du-solstice-dete-extrait-du-livre-des-ombres-de-scott-cunningham\/","title":{"rendered":"Sabbat du solstice d&rsquo;\u00e9t\u00e9, extrait du Livre des Ombres de Scott Cunningham"},"content":{"rendered":"<p style=\"text-align: justify;\"><em>Tir\u00e9 du livre \u00ab\u00a0<\/em>Cunningham\u2019s book <em> of shadows, the path of an American Traditionalist\u00a0\u00bb, par Scott Cunningham. Traduit et adapt\u00e9 par Lune. <\/em><\/p>\n<p style=\"text-align: justify;\">Devant l&rsquo;autel, on place le chaudron rempli d&rsquo;eau fra\u00eeche et entour\u00e9 de fleurs.<\/p>\n<p style=\"text-align: justify;\"><a href=\"https:\/\/www.le-sidh.org\/wicca\/pratiques-rituelles-sorcieres\/rituels-divers-et-bases\/projeter-et-dissiper-le-cercle-magique-cunningham\/\" target=\"_blank\" rel=\"noopener noreferrer\">Projetez le Cercle de Pierres<\/a>.<\/p>\n<p style=\"text-align: justify;\">Le coven se tient en rond dans le cercle, le grand pr\u00eatre au sud et la grande pr\u00eatresse au nord. La grande pr\u00eatresse brandit la baguette, en disant :<\/p>\n<blockquote><p>Grand des Cieux, Pouvoir du Soleil, nous t\u2019invoquons par tes noms anciens : Micha\u00ebl, Balin, Arthur, Lugh, Herne.<\/p>\n<p>Reviens, comme au temps jadis, sur cette terre qui est tienne.<\/p>\n<p>Brandis ta brillante lance de lumi\u00e8re pour nous prot\u00e9ger.<\/p>\n<p>Mets en fuite les pouvoirs de l\u2019obscurit\u00e9.<\/p>\n<p>Donne-nous de belles for\u00eats et des champs verdoyants, des vergers florissants et du bl\u00e9 m\u00fbr.<\/p>\n<p>Emm\u00e8ne-nous pour que nous nous tenions au sommet de ta colline de vision, et montre-nous la voie qui m\u00e8ne aux somptueux royaumes des Dieux.<\/p><\/blockquote>\n<p style=\"text-align: justify;\">La grande pr\u00eatresse passe la baguette au grand pr\u00eatre, qui la plonge dans le chaudron, puis la tient verticalement, en disant :<\/p>\n<blockquote><p>L\u2019\u00e9pieu au Chaudron, la lance au Graal, l\u2019esprit \u00e0 la chair, l\u2019homme \u00e0 la femme, le soleil \u00e0 la terre. <strong><br \/>\n<\/strong><\/p><\/blockquote>\n<p style=\"text-align: justify;\">Il rejoint le reste du coven.<\/p>\n<p style=\"text-align: justify;\">La grande pr\u00eatresse prend l&rsquo;aspersoir et se place pr\u00e8s du chaudron, en disant :<\/p>\n<blockquote><p>Dansez autour du chaudron de Diane, la D\u00e9esse, et soyez b\u00e9nis par le contact de cette eau consacr\u00e9e, alors m\u00eame que le soleil, le seigneur de la vie, atteint toute sa puissance sous le signe des eaux de la vie.<\/p><\/blockquote>\n<p style=\"text-align: justify;\">Les gens dansent dans le sens de la marche du soleil, trois fois autour de l\u2019autel et du chaudron, men\u00e9s par le grand pr\u00eatre qui porte toujours la baguette. La Grande Pr\u00eatresse asperge chacun d&rsquo;entre eux tandis qu\u2019ils passent pr\u00e8s d&rsquo;elle.<\/p>\n<p><a href=\"https:\/\/www.le-sidh.org\/wicca\/pratiques-rituelles-sorcieres\/rituels-divers-et-bases\/projeter-et-dissiper-le-cercle-magique-cunningham\/\" target=\"_blank\" rel=\"noopener noreferrer\">R\u00e9voquez le Cercle des Pierres<\/a>.<\/p>\n<p>Les g\u00e2teaux et le vin.<\/p>\n<p style=\"text-align: justify;\">Jeux, danses et festin, selon les instructions de la grande pr\u00eatresse.<\/p>\n<p style=\"text-align: justify;\">(L&rsquo;aspersoir : r\u00e9unissez quelques brins frais d&rsquo;herbes ou plantes sauvages de trois types diff\u00e9rents, qui sont sacr\u00e9es pour les dieux ou qui poussent \u00e0 proximit\u00e9, puis liez-le \u00e0 l&rsquo;aide de fil blanc, en r\u00e9alisant 9 n\u0153uds.)<\/p>\n<p style=\"text-align: justify;\">NdlT : <a href=\"https:\/\/www.le-sidh.org\/wicca\/livres-des-ombres-gardnerien\/le-livre-des-ombres-de-1957\/les-rituels-de-sabbat-solstice-dete\/\" target=\"_blank\" rel=\"noopener noreferrer\">Le rituel est celui de la wicca traditionnelle mais qui a subi une l\u00e9g\u00e8re variation<\/a>.<\/p>\n","protected":false},"excerpt":{"rendered":"<p>Tir\u00e9 du livre \u00ab\u00a0Cunningham\u2019s book of shadows, the path of an American Traditionalist\u00a0\u00bb, par Scott Cunningham. Traduit et adapt\u00e9 par Lune. Devant l&rsquo;autel, on place le chaudron rempli d&rsquo;eau fra\u00eeche et entour\u00e9 de fleurs. Projetez le Cercle de Pierres. Le coven se tient en rond dans le cercle, le grand pr\u00eatre au sud et la&#8230;<\/p>\n","protected":false},"author":2,"featured_media":6870,"parent":66,"menu_order":0,"comment_status":"closed","ping_status":"closed","template":"silo.php","meta":{"footnotes":""},"class_list":["post-6860","page","type-page","status-publish","has-post-thumbnail","hentry"],"_links":{"self":[{"href":"https:\/\/www.le-sidh.org\/wicca\/wp-json\/wp\/v2\/pages\/6860","targetHints":{"allow":["GET"]}}],"collection":[{"href":"https:\/\/www.le-sidh.org\/wicca\/wp-json\/wp\/v2\/pages"}],"about":[{"href":"https:\/\/www.le-sidh.org\/wicca\/wp-json\/wp\/v2\/types\/page"}],"author":[{"embeddable":true,"href":"https:\/\/www.le-sidh.org\/wicca\/wp-json\/wp\/v2\/users\/2"}],"replies":[{"embeddable":true,"href":"https:\/\/www.le-sidh.org\/wicca\/wp-json\/wp\/v2\/comments?post=6860"}],"version-history":[{"count":5,"href":"https:\/\/www.le-sidh.org\/wicca\/wp-json\/wp\/v2\/pages\/6860\/revisions"}],"predecessor-version":[{"id":6866,"href":"https:\/\/www.le-sidh.org\/wicca\/wp-json\/wp\/v2\/pages\/6860\/revisions\/6866"}],"up":[{"embeddable":true,"href":"https:\/\/www.le-sidh.org\/wicca\/wp-json\/wp\/v2\/pages\/66"}],"wp:featuredmedia":[{"embeddable":true,"href":"https:\/\/www.le-sidh.org\/wicca\/wp-json\/wp\/v2\/media\/6870"}],"wp:attachment":[{"href":"https:\/\/www.le-sidh.org\/wicca\/wp-json\/wp\/v2\/media?parent=6860"}],"curies":[{"name":"wp","href":"https:\/\/api.w.org\/{rel}","templated":true}]}}