{"id":6838,"date":"2019-06-17T12:13:53","date_gmt":"2019-06-17T10:13:53","guid":{"rendered":"http:\/\/www.le-sidh.org\/wicca\/?page_id=6838"},"modified":"2019-06-18T14:52:49","modified_gmt":"2019-06-18T12:52:49","slug":"rituel-du-sabbat-du-solstice-dete-extrait-du-livre-des-ombres-de-scott-cunningham","status":"publish","type":"page","link":"https:\/\/www.le-sidh.org\/wicca\/sabbats\/litha\/rituel-du-sabbat-du-solstice-dete-extrait-du-livre-des-ombres-de-scott-cunningham\/","title":{"rendered":"Rituel du sabbat du solstice d\u2019\u00e9t\u00e9, extrait du Livre des Ombres de Scott Cunningham"},"content":{"rendered":"<p style=\"text-align: justify;\"><em>Tir\u00e9 du livre \u00ab\u00a0<\/em>Cunningham\u2019s book <em> of shadows, the path of an American Traditionalist\u00a0\u00bb, par Scott Cunningham. Traduit et adapt\u00e9 par Lune. <\/em><\/p>\n<h3 style=\"text-align: justify;\">Histoire du Solstice d\u2019\u00c9t\u00e9<\/h3>\n<p style=\"text-align: justify;\"><em>Midsummer<\/em>, le solstice d&rsquo;\u00e9t\u00e9 (aux environs du 21 juin), \u00e9galement connu sous le nom de <em>Litha<\/em>, se produit lorsque les pouvoirs de la nature atteignent leur apog\u00e9e. La D\u00e9esse et le Dieu inondent la terre de leur fertilit\u00e9.<\/p>\n<p style=\"text-align: justify;\">Autrefois, les feux de joie avaient pour but d&rsquo;encourager fertilit\u00e9, purification, sant\u00e9 et amour. Une fois encore, le feu repr\u00e9sente le Soleil, f\u00eat\u00e9 au moment de l&rsquo;ann\u00e9e o\u00f9 le jour est le plus long.<\/p>\n<p style=\"text-align: justify;\">Le solstice d&rsquo;\u00e9t\u00e9 est une p\u00e9riode traditionnelle pour pratiquer la magie de toutes sortes.<\/p>\n<p style=\"text-align: justify;\">(Extrait de La Wicca : Guide de pratique individuelle par Scott Cunningham.)<\/p>\n<h3 style=\"text-align: justify;\"><strong>Sabbat du solstice d&rsquo;\u00e9t\u00e9<br \/>\n<\/strong><\/h3>\n<p style=\"text-align: justify;\">L\u2019autel est \u00e9rig\u00e9, les bougies et l\u2019encens sont allum\u00e9s, et <a href=\"https:\/\/www.le-sidh.org\/wicca\/pratiques-rituelles-sorcieres\/rituels-divers-et-bases\/projeter-et-dissiper-le-cercle-magique-cunningham\/\" target=\"_blank\" rel=\"noopener noreferrer\">le cercle des Pierres est projet\u00e9<\/a>.<\/p>\n<p style=\"text-align: justify;\">Avant de rejoindre le rituel, chaque membre doit pr\u00e9parer une \u00ab\u00a0<a href=\"https:\/\/www.le-sidh.org\/wicca\/pratiques-rituelles-sorcieres\/charmes-sortileges\/sortilege-la-petition\/\" target=\"_blank\" rel=\"noopener noreferrer\">p\u00e9tition<\/a>\u00a0\u00bb (suivre le lien explicatif, bien qu&rsquo;ici il s&rsquo;agit, comme on le verra plus loin, de bannir ses soucis et probl\u00e8mes pass\u00e9s) en tissu, remplie de plantes telles que de la lavande, du millepertuis et de la verveine. Ce sachet doit \u00eatre nou\u00e9 avec de la ficelle rouge. Tous doivent placer leur p\u00e9tition pr\u00e8s de l&rsquo;autel avant le d\u00e9but du rite.<\/p>\n<p style=\"text-align: justify;\">Le coven se tient dans le cercle pendant que le leader r\u00e9cite <a href=\"https:\/\/www.le-sidh.org\/wicca\/pratiques-rituelles-sorcieres\/benedictions-purification-detachement\/priere-de-benediction-livre-des-ombres-de-scott-cunningham\/\" target=\"_blank\" rel=\"noopener noreferrer\">la Pri\u00e8re de B\u00e9n\u00e9diction<\/a>*.<\/p>\n<p style=\"text-align: justify;\">Les dieux sont invoqu\u00e9s de la fa\u00e7on habituelle. \u00c0 pr\u00e9sent, le leader dit :<\/p>\n<blockquote><p>Voici venu le moment de l&rsquo;\u00e9quilibre.<\/p>\n<p>Voici venu le jour o\u00f9 les heures de lumi\u00e8re et d&rsquo;obscurit\u00e9 sont \u00e9galement r\u00e9parties, lorsque toute la nature est \u00e0 son z\u00e9nith et fuse d&rsquo;\u00e9nergie rayonnante.<\/p>\n<p>La D\u00e9esse parcourt les champs souriant aux cultures, tandis que le Dieu diffuse ses rayons pour h\u00e2ter les moissons.<\/p>\n<p>\u00c0 pr\u00e9sent, voici venu le temps d&rsquo;oublier soucis et malheurs du pass\u00e9.<\/p>\n<p>\u00c0 pr\u00e9sent, voici venu le temps de la purification.<\/p><\/blockquote>\n<p style=\"text-align: justify;\">Tous prennent leur p\u00e9tition pendant que le leader allume [un feu dans] le chaudron. En jetant sa p\u00e9tition dans le chaudron, chacun dit :<\/p>\n<blockquote><p>Je vous bannis au nom de Dryghtyn !<\/p><\/blockquote>\n<p style=\"text-align: justify;\">Lorsque tout le monde a termin\u00e9, ils reviennent autour de l&rsquo;autel pour former une ronde, puis tournent trois fois autour de celui-ci.<\/p>\n<p style=\"text-align: justify;\">Puis le leader dit :<\/p>\n<blockquote><p>En cette nuit de magie de l&rsquo;\u00e9t\u00e9, lorsque le Dieu et la D\u00e9esse r\u00e8gnent en ma\u00eetres ; puissions-nous nous souvenir de l&rsquo;\u00e9quilibre qui est en nous et dans toute la nature ; l&rsquo;\u00e9quilibre immuable qui est le reflet de la perfection.<\/p>\n<p>Soyez b\u00e9nis !<\/p><\/blockquote>\n<p style=\"text-align: justify;\">La petite f\u00eate.<\/p>\n<p style=\"text-align: justify;\"><a href=\"https:\/\/www.le-sidh.org\/wicca\/pratiques-rituelles-sorcieres\/rituels-divers-et-bases\/projeter-et-dissiper-le-cercle-magique-cunningham\/\" target=\"_blank\" rel=\"noopener noreferrer\">Le Cercle est dissip\u00e9<\/a>.<\/p>\n<p style=\"text-align: justify;\">* Note r\u00e9dactionnelle : la pri\u00e8re de b\u00e9n\u00e9diction semble ici mieux convenir \u00e0 un rituel d&rsquo;\u00e9quinoxe d&rsquo;automne\/mabon. Pour un autre rituel de solstice d&rsquo;\u00e9t\u00e9, voir La Wicca : Guide de pratique individuelle par Scott Cunningham.<\/p>\n<p><a href=\"https:\/\/www.le-sidh.org\/wicca\/wp-content\/uploads\/2019\/06\/sachet-petition-scott-cunningham.jpg\"><img loading=\"lazy\" decoding=\"async\" class=\"aligncenter size-full wp-image-6856\" src=\"https:\/\/www.le-sidh.org\/wicca\/wp-content\/uploads\/2019\/06\/sachet-petition-scott-cunningham.jpg\" alt=\"\" width=\"1300\" height=\"867\" srcset=\"https:\/\/www.le-sidh.org\/wicca\/wp-content\/uploads\/2019\/06\/sachet-petition-scott-cunningham.jpg 1300w, https:\/\/www.le-sidh.org\/wicca\/wp-content\/uploads\/2019\/06\/sachet-petition-scott-cunningham-300x200.jpg 300w, https:\/\/www.le-sidh.org\/wicca\/wp-content\/uploads\/2019\/06\/sachet-petition-scott-cunningham-768x512.jpg 768w, https:\/\/www.le-sidh.org\/wicca\/wp-content\/uploads\/2019\/06\/sachet-petition-scott-cunningham-700x467.jpg 700w, https:\/\/www.le-sidh.org\/wicca\/wp-content\/uploads\/2019\/06\/sachet-petition-scott-cunningham-800x534.jpg 800w\" sizes=\"auto, (max-width: 1300px) 100vw, 1300px\" \/><\/a><\/p>\n","protected":false},"excerpt":{"rendered":"<p>Tir\u00e9 du livre \u00ab\u00a0Cunningham\u2019s book of shadows, the path of an American Traditionalist\u00a0\u00bb, par Scott Cunningham. Traduit et adapt\u00e9 par Lune. Histoire du Solstice d\u2019\u00c9t\u00e9 Midsummer, le solstice d&rsquo;\u00e9t\u00e9 (aux environs du 21 juin), \u00e9galement connu sous le nom de Litha, se produit lorsque les pouvoirs de la nature atteignent leur apog\u00e9e. La D\u00e9esse et&#8230;<\/p>\n","protected":false},"author":2,"featured_media":6855,"parent":66,"menu_order":0,"comment_status":"closed","ping_status":"closed","template":"silo.php","meta":{"footnotes":""},"class_list":["post-6838","page","type-page","status-publish","has-post-thumbnail","hentry"],"_links":{"self":[{"href":"https:\/\/www.le-sidh.org\/wicca\/wp-json\/wp\/v2\/pages\/6838","targetHints":{"allow":["GET"]}}],"collection":[{"href":"https:\/\/www.le-sidh.org\/wicca\/wp-json\/wp\/v2\/pages"}],"about":[{"href":"https:\/\/www.le-sidh.org\/wicca\/wp-json\/wp\/v2\/types\/page"}],"author":[{"embeddable":true,"href":"https:\/\/www.le-sidh.org\/wicca\/wp-json\/wp\/v2\/users\/2"}],"replies":[{"embeddable":true,"href":"https:\/\/www.le-sidh.org\/wicca\/wp-json\/wp\/v2\/comments?post=6838"}],"version-history":[{"count":11,"href":"https:\/\/www.le-sidh.org\/wicca\/wp-json\/wp\/v2\/pages\/6838\/revisions"}],"predecessor-version":[{"id":6879,"href":"https:\/\/www.le-sidh.org\/wicca\/wp-json\/wp\/v2\/pages\/6838\/revisions\/6879"}],"up":[{"embeddable":true,"href":"https:\/\/www.le-sidh.org\/wicca\/wp-json\/wp\/v2\/pages\/66"}],"wp:featuredmedia":[{"embeddable":true,"href":"https:\/\/www.le-sidh.org\/wicca\/wp-json\/wp\/v2\/media\/6855"}],"wp:attachment":[{"href":"https:\/\/www.le-sidh.org\/wicca\/wp-json\/wp\/v2\/media?parent=6838"}],"curies":[{"name":"wp","href":"https:\/\/api.w.org\/{rel}","templated":true}]}}