{"id":677,"date":"2014-08-03T13:12:22","date_gmt":"2014-08-03T11:12:22","guid":{"rendered":"http:\/\/www.le-sidh.org\/wicca\/?page_id=677"},"modified":"2014-08-07T11:38:32","modified_gmt":"2014-08-07T09:38:32","slug":"a-propos-du-handfasting-et-du-handparting","status":"publish","type":"page","link":"https:\/\/www.le-sidh.org\/wicca\/handfasting\/quest-ce-que-cest\/a-propos-du-handfasting-et-du-handparting\/","title":{"rendered":"A propos du Handfasting et du Handparting"},"content":{"rendered":"<p style=\"text-align: center;\"><strong>A propos du Handfasting et du Handparting<\/strong><br \/>\nPar Taniquetil &amp; Astralaya, traduction Lune<\/p>\n<figure id=\"attachment_464\" aria-describedby=\"caption-attachment-464\" style=\"width: 350px\" class=\"wp-caption aligncenter\"><a href=\"https:\/\/www.le-sidh.org\/wicca\/wp-content\/uploads\/2014\/07\/couronne-\u00e9toile.jpg\"><img loading=\"lazy\" decoding=\"async\" class=\"size-full wp-image-464\" src=\"https:\/\/www.le-sidh.org\/wicca\/wp-content\/uploads\/2014\/07\/couronne-\u00e9toile.jpg\" alt=\"Couronne, \u00e9toile du Nord. Photo par Lune\" width=\"350\" height=\"490\" srcset=\"https:\/\/www.le-sidh.org\/wicca\/wp-content\/uploads\/2014\/07\/couronne-\u00e9toile.jpg 350w, https:\/\/www.le-sidh.org\/wicca\/wp-content\/uploads\/2014\/07\/couronne-\u00e9toile-214x300.jpg 214w\" sizes=\"auto, (max-width: 350px) 100vw, 350px\" \/><\/a><figcaption id=\"caption-attachment-464\" class=\"wp-caption-text\">Couronne, \u00e9toile du Nord. Photo par Lune<\/figcaption><\/figure>\n<p style=\"text-align: justify;\"><em>Autres appellations du Handfasting : Union des Mains, Mariage Wiccan, Mariage Pa\u00efen, Mariage N\u00e9o-Pa\u00efen, Mariage \u00e9cossais, Fian\u00e7ailles.<\/em><\/p>\n<p style=\"text-align: justify;\">Tir\u00e9 du site Sacred Well.<\/p>\n<p style=\"text-align: justify;\">De nombreuses religions mettent un gros accent sur les c\u00e9l\u00e9brations et les rituels des transitions importantes et rites de passages au cours de la vie d\u2019un individu. Dans la plupart des cas, la Wicca n\u2019est pas une exception. Les traditions Wiccans uniquement observent les rites de passages en y mettant un profond symbolisme qui incarne les voies \u00e0 travers lesquelles un individu approfondit sa relation et sa connexion avec la terre, avec sa communaut\u00e9 et au travers de cela, avec le divin.<\/p>\n<p style=\"text-align: justify;\">Note : Tous les Wiccans ne c\u00e9l\u00e8brent pas les rites de passage, mais ceux qui suivent sont typiques de la plupart des traditions \u00e0 l\u2019int\u00e9rieur de l\u2019Art Wiccan Traditionnel (TWC) et nombreux autres groupes. Ils peuvent \u00eatre connus sous des noms diff\u00e9rents au sein de diff\u00e9rents groupes.<\/p>\n<ul>\n<li><strong>Handfasting (union des mains)<\/strong><\/li>\n<\/ul>\n<p style=\"text-align: justify;\">Le Handfasting est la c\u00e9r\u00e9monie de mariage wiccan. Traditionnellement, un Handfasting est pour une p\u00e9riode sp\u00e9cifique, habituellement un an et un jour, et n\u2019est pas une union reconnue l\u00e9galement. Dans la plupart des pays, un mariage civil est requis pour qu\u2019une union puisse \u00eatre reconnue par la loi ; toute c\u00e9r\u00e9monie religieuse \u00e9tant optionnelle. Aux Etats-Unis, cependant, un pr\u00eatre ordonn\u00e9 de n\u2019importe quelle confession peut r\u00e9aliser un mariage l\u00e9gal, et aucune c\u00e9r\u00e9monie civile n\u2019est requise. C\u2019est un nombre croissant de pr\u00eatres wiccans l\u00e9galement ordonn\u00e9s \u00e0 travers le monde, et de plus en plus de Handfastings sont c\u00e9l\u00e9br\u00e9s comme des c\u00e9r\u00e9monies l\u00e9gales de mariage. Si un handfasting est c\u00e9l\u00e9br\u00e9 dans ce contexte, alors tout changement de statut marital doit \u00eatre pris comme un proc\u00e9d\u00e9 l\u00e9gal. Les c\u00e9r\u00e9monies sp\u00e9cifiques varient de groupe \u00e0 groupe et de coven \u00e0 coven, mais les participants habituellement \u00e9crivent ou ont une influence significative sur le contenu. Dans nombre de Handfastings, les participants peuvent choisir de se promettre l\u2019un \u00e0 l\u2019autre, de mani\u00e8re pragmatique, \u00ab tant que l\u2019Amour durera \u00bb, au lieu du noble standard \u00ab jusqu\u2019\u00e0 ce que la mort nous s\u00e9pare \u00bb.<\/p>\n<ul>\n<li><strong>Handparting (s\u00e9paration)<\/strong><\/li>\n<\/ul>\n<p style=\"text-align: justify;\">Un rituel de Handparting dissout le Handfasting.<\/p>\n<p style=\"text-align: justify;\">Traditionnellement, \u00e0 la fin d\u2019une p\u00e9riode sp\u00e9cifique, le couple d\u00e9cidait si oui ou non il voulait continuer d\u2019\u00eatre uni par un Handfasting. S\u2019il choisit de poursuivre leur relation, alors un autre Handfasting est r\u00e9alis\u00e9, \u00e0 nouveau pour une p\u00e9riode donn\u00e9e. Le second Handfasting \u00e9tait g\u00e9n\u00e9ralement d\u2019une dur\u00e9e de 5, 7 ou 9 ans ou \u00ab pour celle-ci et pour les vies futures \u00bb. S\u2019ils choisissent de ne pas renouveler leur relation alors un Handparting \u00e9tait r\u00e9alis\u00e9 avec l\u2019intention de permettre au couple de se s\u00e9parer amicalement dans l\u2019amour et l\u2019harmonie. Si le Handfasting \u00e9tait un engagement l\u00e9gal, le Handparting est habituellement r\u00e9alis\u00e9 apr\u00e8s que le mariage soit dissout civilement.<\/p>\n","protected":false},"excerpt":{"rendered":"<p>A propos du Handfasting et du Handparting Par Taniquetil &amp; Astralaya, traduction Lune Autres appellations du Handfasting : Union des Mains, Mariage Wiccan, Mariage Pa\u00efen, Mariage N\u00e9o-Pa\u00efen, Mariage \u00e9cossais, Fian\u00e7ailles. Tir\u00e9 du site Sacred Well. De nombreuses religions mettent un gros accent sur les c\u00e9l\u00e9brations et les rituels des transitions importantes et rites de passages&#8230;<\/p>\n","protected":false},"author":2,"featured_media":0,"parent":1109,"menu_order":0,"comment_status":"closed","ping_status":"closed","template":"silo.php","meta":{"footnotes":""},"class_list":["post-677","page","type-page","status-publish","hentry"],"_links":{"self":[{"href":"https:\/\/www.le-sidh.org\/wicca\/wp-json\/wp\/v2\/pages\/677","targetHints":{"allow":["GET"]}}],"collection":[{"href":"https:\/\/www.le-sidh.org\/wicca\/wp-json\/wp\/v2\/pages"}],"about":[{"href":"https:\/\/www.le-sidh.org\/wicca\/wp-json\/wp\/v2\/types\/page"}],"author":[{"embeddable":true,"href":"https:\/\/www.le-sidh.org\/wicca\/wp-json\/wp\/v2\/users\/2"}],"replies":[{"embeddable":true,"href":"https:\/\/www.le-sidh.org\/wicca\/wp-json\/wp\/v2\/comments?post=677"}],"version-history":[{"count":1,"href":"https:\/\/www.le-sidh.org\/wicca\/wp-json\/wp\/v2\/pages\/677\/revisions"}],"predecessor-version":[{"id":678,"href":"https:\/\/www.le-sidh.org\/wicca\/wp-json\/wp\/v2\/pages\/677\/revisions\/678"}],"up":[{"embeddable":true,"href":"https:\/\/www.le-sidh.org\/wicca\/wp-json\/wp\/v2\/pages\/1109"}],"wp:attachment":[{"href":"https:\/\/www.le-sidh.org\/wicca\/wp-json\/wp\/v2\/media?parent=677"}],"curies":[{"name":"wp","href":"https:\/\/api.w.org\/{rel}","templated":true}]}}