{"id":6345,"date":"2019-05-17T18:21:17","date_gmt":"2019-05-17T16:21:17","guid":{"rendered":"http:\/\/www.le-sidh.org\/wicca\/?page_id=6345"},"modified":"2019-09-13T12:58:26","modified_gmt":"2019-09-13T10:58:26","slug":"esbat-pleine-lune","status":"publish","type":"page","link":"https:\/\/www.le-sidh.org\/wicca\/esbat\/esbat-pleine-lune\/","title":{"rendered":"Esbat : pleine lune"},"content":{"rendered":"<p style=\"text-align: justify;\">Par Elen Hawke. <i>Extrait du livre \u00ab\u00a0The Sacred Round\u00a0\u00bb<\/i>. Traduction &amp; adaptation Lune<\/p>\n<ul>\n<li><a href=\"https:\/\/www.le-sidh.org\/wicca\/esbat\/esbat-introduction\/\" target=\"_blank\" rel=\"noopener noreferrer\">Introduction<\/a><\/li>\n<li><a href=\"https:\/\/www.le-sidh.org\/wicca\/esbat\/esbat-nouvelle-lune-invocation-rituels-et-sortileges\/\" target=\"_blank\" rel=\"noopener noreferrer\">Nouvelle lune<\/a><\/li>\n<li><a href=\"https:\/\/www.le-sidh.org\/wicca\/esbat\/esbat-le-premier-quartier-de-lune\/\" target=\"_blank\" rel=\"noopener noreferrer\">Premier quartier<\/a><\/li>\n<li>Pleine lune (vous \u00eates ici)<\/li>\n<\/ul>\n<p style=\"text-align: justify;\">La p\u00e9riode de la pleine lune s&rsquo;\u00e9tend sur trois jours (ndlt : <a href=\"https:\/\/promenade.imcce.fr\/fr\/pages4\/441.html\" target=\"_blank\" rel=\"noopener noreferrer\">pour connaitre les phases de la lune cliquez ici<\/a>) :<\/p>\n<ol>\n<li>le jour d&rsquo;avant, lorsque la puissance de la lune est en train d&rsquo;atteindre son maximum,<\/li>\n<li>le jour o\u00f9 elle atteint son apog\u00e9e<\/li>\n<li>et le jour d&rsquo;apr\u00e8s durant lequel la puissance reste extr\u00eamement forte, mais commence \u00e0 d\u00e9cliner.<\/li>\n<\/ol>\n<p style=\"text-align: justify;\">Le moment pr\u00e9cis apr\u00e8s que la lune a atteint sa pl\u00e9nitude astronomique, elle commence \u00e0 d\u00e9cro\u00eetre. Pour cette raison, il est pr\u00e9f\u00e9rable de pratiquer le travail magique de pleine lune avant la constitution du pic d&rsquo;\u00e9nergie ; en fait, si la pleine lune tombe durant la journ\u00e9e, effectuez alors les rituels au cours de la nuit pr\u00e9c\u00e9dente, lorsque sa puissance sera la plus grande. Il est possible d&rsquo;utiliser le troisi\u00e8me jour de pleine lune pour les objectifs de profit (lorsque le pouvoir est tout juste en train de diminuer), mais les r\u00e9sultats ne seront probablement pas aussi satisfaisants ou gratifiants ou durables, bien que cela puisse \u00eatre possible.<\/p>\n<p style=\"text-align: justify;\">C&rsquo;est la phase M\u00e8re de la d\u00e9esse, d&rsquo;Isis et de D\u00e9m\u00e9ter, la phase f\u00e9conde, fertile de la lune lorsque l&rsquo;\u00e9nergie \u00e9th\u00e9rique est la plus abondante et quand la magie pour obtenir des r\u00e9sultats tangibles, mat\u00e9riels est la plus efficace. Dehors par nuit claire, tout est baign\u00e9 d&rsquo;une brillante, mais p\u00e2le lumi\u00e8re blanche. Les pouvoirs psychiques sont accrus et il plane une forte aura de myst\u00e8re. Les cr\u00e9atures vivantes, y compris nous-m\u00eames, semblent r\u00e9agir par une ivresse \u00e9motionnelle.<\/p>\n<p style=\"text-align: justify;\">Traditionnellement, les groupes magiques, en particulier les covens sorciers, se sont toujours r\u00e9unis \u00e0 la pleine lune. Tout travail magique qui implique l&rsquo;obtention d&rsquo;un r\u00e9sultat pr\u00e9cis est \u00e0 pr\u00e9sent d&rsquo;actualit\u00e9 et sera presque certainement couronn\u00e9 de succ\u00e8s, d&rsquo;une certaine mani\u00e8re. Mais c&rsquo;est une p\u00e9riode particuli\u00e8rement efficace pour obtenir des r\u00e9sultats concernant les objectifs fix\u00e9s \u00e0 la nouvelle lune. C&rsquo;est aussi une p\u00e9riode pendant laquelle les facult\u00e9s de clairvoyance et de gu\u00e9rison sont d\u00e9cupl\u00e9es et le cercle sacr\u00e9 peut \u00eatre utilis\u00e9 pour la <a href=\"https:\/\/www.le-sidh.org\/wicca\/pratiques-rituelles-sorcieres\/divination\/scrying\/methode-divinatoire-la-catoptromancie\/\" target=\"_blank\" rel=\"noopener noreferrer\">catoptromancie<\/a> et d&rsquo;autres formes de divination ainsi que pour une c\u00e9l\u00e9bration joyeuse.<\/p>\n<p style=\"text-align: justify;\">Br\u00fblez des bougies couleur argent ou ivoire, puis disposez des fleurs pleinement \u00e9panouies sur l&rsquo;autel. Les encens \u00e0 utiliser peuvent \u00eatre : Isis, bois de santal, rose, noix de coco, lotus et tout encens au parfum riche et puissant.<\/p>\n<h3><strong>Invocation de la pleine lune<\/strong><\/h3>\n<blockquote><p>La lune est pleine et les mar\u00e9es cosmiques d\u00e9ferlent.<br \/>\nDame bien-aim\u00e9e,<br \/>\nGrande M\u00e8re<br \/>\ntoi qui es connue sous de nombreux visages et de nombreux noms,<br \/>\nConf\u00e8re ta b\u00e9n\u00e9diction \u00e0 notre travail.<br \/>\nFais que nos souhaits se manifestent dans le monde des formes.<\/p><\/blockquote>\n<h3><strong>Invocation \u00e0 la D\u00e9esse<\/strong><\/h3>\n<blockquote><p>D\u00e9m\u00e9ter, Isis, Inanna,<br \/>\nReine des cieux, M\u00e8re universelle,<br \/>\nPuisse ta splendeur bienveillante emplir nos c\u0153urs,<br \/>\nPuissions-nous nous ouvrir aux bienfaits que tu conf\u00e8res.<br \/>\nEmployons-les avec sagesse et confiance,<br \/>\nAfin qu&rsquo;ils puissent porter leurs fruits dans le monde.<\/p><\/blockquote>\n<h3><strong>Rite magique de pleine lune pour un coven<\/strong><\/h3>\n<p><em>Disposez des fleurs<\/em> et des bougies blanches sur l&rsquo;autel.<\/p>\n<p style=\"text-align: justify;\"><em>Projetez<\/em> le cercle comme habituellement, puis jouez du tambour, chantez ou dansez pour g\u00e9n\u00e9rer l&rsquo;\u00e9nergie.<\/p>\n<p style=\"text-align: justify;\"><em>Invoquez<\/em> la pr\u00e9sence de la D\u00e9esse et du Dieu et demandez-leur de b\u00e9nir et de donner de la puissance au rite.<\/p>\n<p style=\"text-align: justify;\"><em>Asseyez-vous<\/em> en cercle et laissez chaque personne r\u00e9fl\u00e9chir calmement \u00e0 quelque chose qu&rsquo;elle souhaite voir se manifester dans sa vie. Chaque souhait doit \u00eatre visualis\u00e9 avec intensit\u00e9.<\/p>\n<p style=\"text-align: justify;\"><em>Lorsque tout le monde<\/em> est pr\u00eat, faites des tours de cercle, dans le sens des aiguilles d&rsquo;une montre, et laissez chaque personne \u00e9noncer \u00e0 voix haute ce pour quoi elle veut faire de la magie. \u00c0 chaque fois qu&rsquo;un souhait est \u00e9nonc\u00e9, tous devront tenter de visualiser son accomplissement avant autant de force que possible.<\/p>\n<p style=\"text-align: justify;\"><em>Lorsque tous les souhaits<\/em> ont \u00e9t\u00e9 exprim\u00e9s, tous devront se donner la main, main gauche dessous, main droite dessus, car cela aide l&rsquo;\u00e9nergie \u00e0 mieux circuler.<\/p>\n<p style=\"text-align: justify;\"><em>Mentalement, tout le monde <\/em>devra commencer \u00e0 diriger l&rsquo;\u00e9nergie g\u00e9n\u00e9r\u00e9e dans le cercle, en la visualisant comme une lumi\u00e8re blanche et argent\u00e9e qu&rsquo;ils se mettront \u00e0 pousser vers la personne \u00e0 leur gauche, en lui donnant progressivement la forme d&rsquo;un c\u00f4ne qui tournoie dans le sens des aiguilles d&rsquo;une montre, puis qui gagne en vitesse et s&rsquo;\u00e9l\u00e8ve.<\/p>\n<p style=\"text-align: justify;\"><em>Au fur et \u00e0 mesure que <a href=\"https:\/\/www.le-sidh.org\/wicca\/pratiques-rituelles-sorcieres\/meditations-transe\/le-cone-de-pouvoir\/\" target=\"_blank\" rel=\"noopener noreferrer\">le c\u00f4ne de pouvoir<\/a><\/em> gagne en force, tournoyant dans le sens des aiguilles d&rsquo;une montre dans le cercle, chaque personne l&rsquo;une apr\u00e8s l&rsquo;autre devra dire un mot qui repr\u00e9sente son souhait magique, les mots \u00e9tant prononc\u00e9s de plus en plus vite pour devenir une incantation.<\/p>\n<p style=\"text-align: justify;\"><em>Durant tout ce temps, le c\u00f4ne de pouvoir se construira<\/em> encore et encore, jusqu&rsquo;\u00e0 ce que finalement une ou plusieurs personnes sentent qu&rsquo;il est pr\u00eat \u00e0 \u00eatre rel\u00e2ch\u00e9 et s&rsquo;\u00e9crient : \u00ab\u00a0maintenant !\u00a0\u00bb ou brisent brusquement le lien en retirant leurs mains de celles des personnes de chaque c\u00f4t\u00e9.<\/p>\n<p><em>La petite f\u00eate. <\/em><\/p>\n<p style=\"text-align: justify;\"><em>Remerciez la D\u00e9esse et le Dieu,<\/em> d\u00e9faites le cercle comme habituellement.<\/p>\n<h3><strong>Rite magique de pleine lune pour une personne<\/strong><\/h3>\n<p style=\"text-align: justify;\">Si vous pratiquez seul parfois ou tout le temps, le rite ci-dessus peut \u00eatre adapt\u00e9. Suivez les instructions pour le rite du coven, mais au lieu d&rsquo;\u00e9riger un c\u00f4ne de pouvoir, chantez votre souhait encore et encore, en visualisant l&rsquo;\u00e9nergie de votre voix gagner en puissance jusqu&rsquo;\u00e0 ce qu&rsquo;elle ne puisse plus \u00eatre contenue et ensuite \u00ab\u00a0tirez\u00a0\u00bb au-dessus de votre t\u00eate, comme une lance ou une fl\u00e8che qui emportera avec elle votre d\u00e9sir.<\/p>\n<p>\u00c0 suivre : lune d\u00e9croissante.<\/p>\n","protected":false},"excerpt":{"rendered":"<p>Par Elen Hawke. Extrait du livre \u00ab\u00a0The Sacred Round\u00a0\u00bb. Traduction &amp; adaptation Lune Introduction Nouvelle lune Premier quartier Pleine lune (vous \u00eates ici) La p\u00e9riode de la pleine lune s&rsquo;\u00e9tend sur trois jours (ndlt : pour connaitre les phases de la lune cliquez ici) : le jour d&rsquo;avant, lorsque la puissance de la lune est&#8230;<\/p>\n","protected":false},"author":2,"featured_media":6382,"parent":34,"menu_order":4,"comment_status":"closed","ping_status":"closed","template":"silo.php","meta":{"footnotes":""},"class_list":["post-6345","page","type-page","status-publish","has-post-thumbnail","hentry"],"_links":{"self":[{"href":"https:\/\/www.le-sidh.org\/wicca\/wp-json\/wp\/v2\/pages\/6345","targetHints":{"allow":["GET"]}}],"collection":[{"href":"https:\/\/www.le-sidh.org\/wicca\/wp-json\/wp\/v2\/pages"}],"about":[{"href":"https:\/\/www.le-sidh.org\/wicca\/wp-json\/wp\/v2\/types\/page"}],"author":[{"embeddable":true,"href":"https:\/\/www.le-sidh.org\/wicca\/wp-json\/wp\/v2\/users\/2"}],"replies":[{"embeddable":true,"href":"https:\/\/www.le-sidh.org\/wicca\/wp-json\/wp\/v2\/comments?post=6345"}],"version-history":[{"count":23,"href":"https:\/\/www.le-sidh.org\/wicca\/wp-json\/wp\/v2\/pages\/6345\/revisions"}],"predecessor-version":[{"id":7559,"href":"https:\/\/www.le-sidh.org\/wicca\/wp-json\/wp\/v2\/pages\/6345\/revisions\/7559"}],"up":[{"embeddable":true,"href":"https:\/\/www.le-sidh.org\/wicca\/wp-json\/wp\/v2\/pages\/34"}],"wp:featuredmedia":[{"embeddable":true,"href":"https:\/\/www.le-sidh.org\/wicca\/wp-json\/wp\/v2\/media\/6382"}],"wp:attachment":[{"href":"https:\/\/www.le-sidh.org\/wicca\/wp-json\/wp\/v2\/media?parent=6345"}],"curies":[{"name":"wp","href":"https:\/\/api.w.org\/{rel}","templated":true}]}}