{"id":61,"date":"2014-07-15T14:03:03","date_gmt":"2014-07-15T12:03:03","guid":{"rendered":"http:\/\/www.le-sidh.org\/wicca\/?page_id=61"},"modified":"2019-10-27T10:25:05","modified_gmt":"2019-10-27T08:25:05","slug":"rite-de-samhain-par-elen-hawke","status":"publish","type":"page","link":"https:\/\/www.le-sidh.org\/wicca\/sabbats\/samhain\/rite-de-samhain-par-elen-hawke\/","title":{"rendered":"Rite de Samhain par Elen Hawke"},"content":{"rendered":"<p style=\"text-align: justify;\">Par Elen Hawke. Extrait de \u00ab\u00a0The Sacred Round : A Witch&rsquo;s Guide to Magical Practice\u00a0\u00bb. Traduction &amp; adaptation Lune.<\/p>\n<p style=\"text-align: justify;\">Vous aurez besoin :<\/p>\n<ul style=\"text-align: justify;\">\n<li>d\u2019un chaudron ou tout autre grand r\u00e9cipient rempli d\u2019eau<\/li>\n<li>et de pommes qui flotteront \u00e0 sa surface (la pomme \u00e9tait le fruit symbole de mort pour les Celtes). \u00a0Le chaudron est \u00e0\u00a0placer au centre du cercle.<\/li>\n<li>Si vous pouvez vous en procurer un, un cr\u00e2ne de b\u00e9lier ou de cerf (de pr\u00e9f\u00e9rence provenant d\u2019une b\u00eate morte de sa mort naturelle !) \u00e0 placer sur l\u2019autel pour repr\u00e9senter le Dieu.<\/li>\n<li>De lanternes de petites citrouilles ou de navets \u00e0 allumer et \u00e0 placer tout autour du cercle.<\/li>\n<li>De photographies ou autres souvenirs de nos d\u00e9funts, \u00e0 placer sur l\u2019autel.<\/li>\n<li>De chrysanth\u00e8mes (les fleurs des morts) \u00e0 mettre sur l\u2019autel .<\/li>\n<li>D&rsquo;une bougie pour chaque personne ou animal de compagnie pour leur m\u00e9moire et \u00e0 laisser sur l\u2019autel au cours du rituel.<\/li>\n<li>De bougeoirs ou r\u00e9cipients remplis de sable.<\/li>\n<li>D&rsquo;un tambour.<\/li>\n<li>D&rsquo;une boule de cristal, d&rsquo;un miroir de sorci\u00e8re, de tarots ou autres outils de divination.<\/li>\n<li>D\u2019encens de Samhain ou d&rsquo;un encens avec de fortes notes de myrrhe et de patchouli.<\/li>\n<li>De pain de potiron ou cake aux fruits et aux \u00e9pices, tarte et autre nourriture \u2013 il devra y en avoir assez pour chaque personne pr\u00e9sente, plus une part en souvenir de chaque d\u00e9funt.<\/li>\n<li>De punch aux fruits et aux \u00e9pices pour le calice (avec ou sans alcool).<\/li>\n<\/ul>\n<p style=\"text-align: justify;\"><span style=\"text-align: justify;\">Allumez les bougies des quartiers, de l\u2019autel et les lanternes, mais pas encore celles des d\u00e9funts. <\/span><\/p>\n<p style=\"text-align: justify;\"><span style=\"text-align: justify;\">Projetez le cercle. Une personne, en battant le tambour avec un rythme lent et profond, conduira le groupe du tour du cercle vers le centre, en spirale, dans le sens contraire des aiguilles d\u2019une montre (si vous r\u00e9alisez ce rituel dans une toute petite pi\u00e8ce, vous devrez vous arr\u00eater avant que chacun n&rsquo;atteigne le centre). <\/span><\/p>\n<p style=\"text-align: justify;\"><span style=\"text-align: justify;\">La D\u00e9esse et le Dieu sont invoqu\u00e9s (ndlt : il s\u2019agit davantage d\u2019une \u00e9vocation que d\u2019une invocation) comme suit : <\/span><\/p>\n<blockquote><p><span style=\"text-align: justify;\">\u00ab Sombre d\u00e9esse de l\u2019hiver, sage, sorci\u00e8re, <\/span><\/p>\n<p><span style=\"text-align: justify;\">Ce soir, nous nous tenons au seuil de la Nouvelle Ann\u00e9e celtique, <\/span><\/p>\n<p><span style=\"text-align: justify;\">L\u2019instant o\u00f9 le temps n&rsquo;existe plus <\/span><\/p>\n<p><span style=\"text-align: justify;\">Et la Porte entre les mondes s\u2019ouvre en grand. <\/span><\/p>\n<p><span style=\"text-align: justify;\">Viens ! Viens ! \u00d4 Seigneur de Vie et de Mort, <\/span><\/p>\n<p><span style=\"text-align: justify;\">Garde la porte \u00e0 travers laquelle passent nos chers disparus. <\/span><\/p>\n<p><span style=\"text-align: justify;\">Ceux qui sont morts et ceux qui ne sont pas encore n\u00e9s,<\/span><\/p>\n<p><span style=\"text-align: justify;\">Ils sont un et semblables. <\/span><\/p>\n<p><span style=\"text-align: justify;\">Bienvenue, bienvenue, bienvenue,\u00a0<\/span><\/p>\n<p><span style=\"text-align: justify;\">A ceux qui sont venus partager cet instant avec nous. <\/span><\/p>\n<p><span style=\"text-align: justify;\">Il n\u2019y a pas de mort, seulement un changement ! \u00bb <\/span><\/p><\/blockquote>\n<p style=\"text-align: justify;\"><span style=\"text-align: justify;\">La personne qui se tient \u00e0 l\u2019extr\u00e9mit\u00e9 ext\u00e9rieure de la spirale conduira \u00e0 pr\u00e9sent le groupe \u00ab vers l\u2019ext\u00e9rieur \u00bb, pour former un cercle normal. Tous s\u2019assi\u00e9ront autour du chaudron. <\/span><\/p>\n<p style=\"text-align: justify;\"><span style=\"text-align: justify;\">Chaque personne devra prendre une bougie en m\u00e9moire de chaque \u00eatre aim\u00e9 qui s\u2019en est all\u00e9 et l\u2019\/les allumer en disant qu\u2019elle se souvient de lui \/ d\u2019eux, en racontant un peu sa\/leurs vie\/s et pourquoi il\/s lui\/leur manquent. Placez les bougies dans le r\u00e9cipient de sable (ou les bougeoirs). <\/span><\/p>\n<p style=\"text-align: justify;\"><span style=\"text-align: justify;\">Un des membres du groupe devra dire : <\/span><\/p>\n<blockquote><p><span style=\"text-align: justify;\">\u00ab \u00catres aim\u00e9s qui avaient franchi l\u2019espace entre les mondes pour \u00eatre avec nous ce soir, <\/span><\/p>\n<p><span style=\"text-align: justify;\">Nous vous accueillons avec amour et joie. \u00bb<\/span><\/p><\/blockquote>\n<p style=\"text-align: justify;\"><span style=\"text-align: justify;\"> B\u00e9nir la nourriture et la boisson en disant l\u2019invocation suivante : <\/span><\/p>\n<blockquote><p><span style=\"text-align: justify;\">\u00ab Cornu, Seigneur du Monde-d\u2019en-Bas, <\/span><\/p>\n<p><span style=\"text-align: justify;\">Ami, guide et consolateur, <\/span><\/p>\n<p><span style=\"text-align: justify;\">Puisse cette f\u00eate \u00eatre consacr\u00e9e en ton nom <\/span><\/p>\n<p><span style=\"text-align: justify;\">Et en celui de la Dame. <\/span><\/p>\n<p><span style=\"text-align: justify;\">Laisse nos chers disparus demeurer pendant un moment parmi nous.\u00a0<\/span><\/p>\n<p>Et manger et boire avec nous<\/p>\n<p>Avant qu\u2019ils ne retournent en ton royaume de repos et de paix. \u00bb<\/p><\/blockquote>\n<p style=\"text-align: justify;\">Passez le calice et la nourriture autour du cercle, mettre de c\u00f4t\u00e9 des parts pour les invit\u00e9s invisibles. Lorsque tous sont rassasi\u00e9s, il est temps de laisser place \u00e0 un moment de silence afin de communier avec les morts ou de m\u00e9diter sur la signification de la mort, de l\u2019apr\u00e8s-vie et de la renaissance.<\/p>\n<p style=\"text-align: justify;\">Passez autour du cercle les outils de divination (boule de cristal, miroir noir, tarot, etc.) afin que ceux qui le souhaitent les utilisent. Certaines personnes pourraient \u00ab lire \u00bb l\u2019eau du chaudron.<\/p>\n<p style=\"text-align: justify;\">Fermez le cercle avec l\u2019invocation suivante :<\/p>\n<blockquote><p>\u00ab Dame de Sagesse, Sombre Seigneur, nous vous remercions de votre pr\u00e9sence,<\/p>\n<p>Et nous vous faisons nos adieux \u00e0 vous deux ainsi qu&rsquo;\u00e0 nos chers disparus.<\/p>\n<p>Un jour nous serons r\u00e9unis au-del\u00e0 du voile de la mort, ou dans le monde mat\u00e9riel.<\/p>\n<p>En attendant, nous vous remercions pour ce moment pass\u00e9 ensemble cette nuit. Adieu. \u00bb<\/p><\/blockquote>\n<p style=\"text-align: justify;\">Terminez le rite de la mani\u00e8re habituelle.<\/p>\n<p style=\"text-align: justify;\"><strong>C\u00e9l\u00e9bration de Samhain pour la famille et les amis<\/strong><\/p>\n<p style=\"text-align: justify;\">C\u2019est une mani\u00e8re non-rituelle de c\u00e9l\u00e9brer Samhain \u00e0 laquelle les enfants peuvent participer. Vous aurez besoin :<\/p>\n<ul style=\"text-align: justify;\">\n<li>d\u2019une bougie pour chaque personne disparue (nous avons trouv\u00e9 les bougies de Hanoukka ou les petites bougies d\u2019anniversaire tr\u00e8s pratiques);<\/li>\n<li>d\u2019un chaudron ou autre r\u00e9cipient ignifuge rempli de sable;<\/li>\n<li>d&rsquo;une photographie ou autre souvenir ou le nom de chaque d\u00e9funt inscrit sur un papier;<\/li>\n<li>de lanternes de citrouilles ou de navets pour d\u00e9corer la pi\u00e8ce.<\/li>\n<li>des pommes;<\/li>\n<li>de nourriture, dont une soupe de potiron, tarte, etc. ;<\/li>\n<li>de <a href=\"https:\/\/www.le-sidh.org\/wicca\/pratiques-rituelles-sorcieres\/divination\/\" target=\"_blank\" rel=\"noopener noreferrer\">tarot et autres objets de divinations<\/a> (ndlt : miroir noir, boule de cristal, etc.);<\/li>\n<li>d&rsquo;instruments de musique et\/ou po\u00e8mes appropri\u00e9s \u00e0 la saison et sur le th\u00e8me de la f\u00eate, \u00e0 lire \u00e0 haute voix;<\/li>\n<li>de costumes d\u2019Halloween pour les enfants, si d\u00e9sir\u00e9s;<\/li>\n<\/ul>\n<p style=\"text-align: justify;\">Allumez une bougie en m\u00e9moire de chaque personne disparue, puis placez-la dans le r\u00e9cipient de sable. Placez le nom, la photo, un po\u00e8me ou un autre souvenir contre ce r\u00e9cipient. Une fois fait, accueillez les morts invisibles et partagez la f\u00eate avec eux.<\/p>\n<p style=\"text-align: justify;\">Apr\u00e8s, lorsque tout le monde est rassasi\u00e9, lisez des po\u00e8mes, jouez de la musique, chantez ou faites ce que chacun aime faire pour se divertir.<\/p>\n<p style=\"text-align: justify;\">Chaque enfant pr\u00e9sent peut s\u2019amuser \u00e0 des jeux spontan\u00e9s ou lire ses propres po\u00e8mes \u00e0 voix haute.<\/p>\n<p style=\"text-align: justify;\">Faites une lecture des cartes de tarot ou pratiquez d\u2019autres formes de divination.<\/p>\n<p style=\"text-align: justify;\">Avec Samhain, la roue a presque enti\u00e8rement compl\u00e9t\u00e9 son cycle.<\/p>\n<p style=\"text-align: justify;\">Pour certaines personnes, c\u2019est la Nouvelle Ann\u00e9e, pour d\u2019autres la renaissance du soleil lors de Yule d\u00e9marre un nouveau cycle.<\/p>\n","protected":false},"excerpt":{"rendered":"<p>Par Elen Hawke. Extrait de \u00ab\u00a0The Sacred Round : A Witch&rsquo;s Guide to Magical Practice\u00a0\u00bb. Traduction &amp; adaptation Lune. Vous aurez besoin : d\u2019un chaudron ou tout autre grand r\u00e9cipient rempli d\u2019eau et de pommes qui flotteront \u00e0 sa surface (la pomme \u00e9tait le fruit symbole de mort pour les Celtes). \u00a0Le chaudron est \u00e0\u00a0placer&#8230;<\/p>\n","protected":false},"author":2,"featured_media":7700,"parent":57,"menu_order":0,"comment_status":"closed","ping_status":"closed","template":"silo.php","meta":{"footnotes":""},"class_list":["post-61","page","type-page","status-publish","has-post-thumbnail","hentry"],"_links":{"self":[{"href":"https:\/\/www.le-sidh.org\/wicca\/wp-json\/wp\/v2\/pages\/61","targetHints":{"allow":["GET"]}}],"collection":[{"href":"https:\/\/www.le-sidh.org\/wicca\/wp-json\/wp\/v2\/pages"}],"about":[{"href":"https:\/\/www.le-sidh.org\/wicca\/wp-json\/wp\/v2\/types\/page"}],"author":[{"embeddable":true,"href":"https:\/\/www.le-sidh.org\/wicca\/wp-json\/wp\/v2\/users\/2"}],"replies":[{"embeddable":true,"href":"https:\/\/www.le-sidh.org\/wicca\/wp-json\/wp\/v2\/comments?post=61"}],"version-history":[{"count":8,"href":"https:\/\/www.le-sidh.org\/wicca\/wp-json\/wp\/v2\/pages\/61\/revisions"}],"predecessor-version":[{"id":7702,"href":"https:\/\/www.le-sidh.org\/wicca\/wp-json\/wp\/v2\/pages\/61\/revisions\/7702"}],"up":[{"embeddable":true,"href":"https:\/\/www.le-sidh.org\/wicca\/wp-json\/wp\/v2\/pages\/57"}],"wp:featuredmedia":[{"embeddable":true,"href":"https:\/\/www.le-sidh.org\/wicca\/wp-json\/wp\/v2\/media\/7700"}],"wp:attachment":[{"href":"https:\/\/www.le-sidh.org\/wicca\/wp-json\/wp\/v2\/media?parent=61"}],"curies":[{"name":"wp","href":"https:\/\/api.w.org\/{rel}","templated":true}]}}