{"id":6079,"date":"2019-05-06T13:07:10","date_gmt":"2019-05-06T11:07:10","guid":{"rendered":"http:\/\/www.le-sidh.org\/wicca\/?page_id=6079"},"modified":"2019-05-17T18:34:23","modified_gmt":"2019-05-17T16:34:23","slug":"esbat-introduction","status":"publish","type":"page","link":"https:\/\/www.le-sidh.org\/wicca\/esbat\/esbat-introduction\/","title":{"rendered":"Esbat : introduction"},"content":{"rendered":"<p style=\"text-align: justify;\">Par Elen Hawke. <i>Extrait du livre \u00ab\u00a0The Sacred Round\u00a0\u00bb<\/i>. Traduction &amp; adaptation Lune<\/p>\n<ul>\n<li>Introduction (texte ci-dessous)<\/li>\n<li><a href=\"https:\/\/www.le-sidh.org\/wicca\/esbat\/esbat-nouvelle-lune-invocation-rituels-et-sortileges\/\" target=\"_blank\" rel=\"noopener noreferrer\">Nouvelle lune<\/a><\/li>\n<li><a href=\"https:\/\/www.le-sidh.org\/wicca\/esbat\/esbat-le-premier-quartier-de-lune\/\" target=\"_blank\" rel=\"noopener noreferrer\">Premier quartier<\/a><\/li>\n<li><a href=\"https:\/\/www.le-sidh.org\/wicca\/esbat\/esbat-pleine-lune\/\" target=\"_blank\" rel=\"noopener noreferrer\">Pleine lune<\/a><\/li>\n<\/ul>\n<p style=\"text-align: justify;\"><strong>La Lune<\/strong><\/p>\n<p style=\"text-align: justify;\">Pour les sorci\u00e8res, la lune est symbole de la d\u00e9esse, du f\u00e9minin, du myst\u00e8re de la nuit la plus profonde et du cercle \u00e9clair\u00e9 par les chandelles. Bien que la d\u00e9esse soit \u00e9galement la terre, le ciel \u00e9toil\u00e9, le rythme de la mort et de la naissance, ainsi que les cycles de croissance, pour les sorci\u00e8res modernes la lune est une m\u00e9taphore particuli\u00e8re pour la moiti\u00e9 f\u00e9minine du divin. Mais cela n&rsquo;a pas toujours \u00e9t\u00e9 le cas dans toutes les r\u00e9gions du monde et cela ne l&rsquo;est toujours pas dans les lointaines contr\u00e9es du nord, o\u00f9 le soleil est per\u00e7u comme une force bienveillante et nourrici\u00e8re et la lune comme une force froide, aust\u00e8re et dure.<\/p>\n<p style=\"text-align: justify;\">Le cycle lunaire est l&rsquo;un des principaux marqueurs du travail magique. La lune passe de nouvelle \u00e0 croissante, \u00e0 pleine, \u00e0 d\u00e9croissante, \u00e0 noire, c&rsquo;est un cycle qui se r\u00e9p\u00e8te sans cesse et qui prend approximativement 28 jours pour se compl\u00e9ter. Ce cycle affecte de nombreux domaines de la vie, de notre humeur aux mar\u00e9es, \u00e0 la fertilit\u00e9 et \u00e0 la reproduction, chez nous-m\u00eames et les autres esp\u00e8ces.<\/p>\n<p style=\"text-align: justify;\">M\u00eame les plantes r\u00e9agissent \u00e0 la lune et il existe des moments propices aux semis et aux r\u00e9coltes en fonction des diff\u00e9rents types de l\u00e9gumes et autres cultures. Pour les sorci\u00e8res, le cycle de la lune sugg\u00e8re les trois phases majeures de la d\u00e9esse : jeune fille, m\u00e8re et vieille femme, c&rsquo;est-\u00e0-dire les stades de la croissance nouvelle, la r\u00e9alisation et le d\u00e9clin progressif. S&rsquo;ajuster sur ces phases lunaires peut apporter non seulement des r\u00e9sultats magiques positifs, mais \u00e9galement un sentiment d&rsquo;harmonie \u00e9motionnelle et de bien-\u00eatre, ainsi que d&rsquo;\u00e9panouissement spirituel et psychique.<\/p>\n<p style=\"text-align: justify;\">Une bonne compr\u00e9hension du cycle de la lune est essentielle \u00e0 la fois pour la pratique magique et la pratique c\u00e9l\u00e9bratoire. Et dans les paragraphes suivants, je d\u00e9crirai les phases lunaires, ainsi que le type de travail magique et le mat\u00e9riel rituel appropri\u00e9s \u00e0 chacune d&rsquo;entre elles (bien qu&rsquo;il s&rsquo;agisse uniquement de suggestions, qui peuvent \u00eatre adapt\u00e9es et\u00a0 modifi\u00e9es \u00e0 votre guise). Faire appel \u00e0 la fois \u00e0 la d\u00e9esse et au dieu durant les rituels lunaires est une pratique de mon coven, ainsi que de nombreux autres groupes et solitaires ; toutefois, comme le but de ce chapitre est d&rsquo;expliquer les \u00e9nergies de la lune elle-m\u00eame, j&rsquo;ai focalis\u00e9 les invocations sur la d\u00e9esse seule (\u00e0 l&rsquo;exception des rituels de pleine lune). Que cela ne vous emp\u00eache pas de les adapter pour un usage g\u00e9n\u00e9ral et d&rsquo;y inclure le dieu si vous le souhaitez.<\/p>\n<ul>\n<li><a href=\"https:\/\/www.le-sidh.org\/wicca\/esbat\/esbat-nouvelle-lune-invocation-rituels-et-sortileges\/\" target=\"_blank\" rel=\"noopener noreferrer\">Suite : la nouvelle lune.<\/a><\/li>\n<\/ul>\n<p><a href=\"https:\/\/www.le-sidh.org\/wicca\/wp-content\/uploads\/2018\/01\/triple_lune.jpg\"><img loading=\"lazy\" decoding=\"async\" class=\"aligncenter size-full wp-image-2857\" src=\"https:\/\/www.le-sidh.org\/wicca\/wp-content\/uploads\/2018\/01\/triple_lune.jpg\" alt=\"\" width=\"500\" height=\"266\" srcset=\"https:\/\/www.le-sidh.org\/wicca\/wp-content\/uploads\/2018\/01\/triple_lune.jpg 500w, https:\/\/www.le-sidh.org\/wicca\/wp-content\/uploads\/2018\/01\/triple_lune-300x160.jpg 300w\" sizes=\"auto, (max-width: 500px) 100vw, 500px\" \/><\/a><\/p>\n","protected":false},"excerpt":{"rendered":"<p>Par Elen Hawke. Extrait du livre \u00ab\u00a0The Sacred Round\u00a0\u00bb. Traduction &amp; adaptation Lune Introduction (texte ci-dessous) Nouvelle lune Premier quartier Pleine lune La Lune Pour les sorci\u00e8res, la lune est symbole de la d\u00e9esse, du f\u00e9minin, du myst\u00e8re de la nuit la plus profonde et du cercle \u00e9clair\u00e9 par les chandelles. Bien que la d\u00e9esse&#8230;<\/p>\n","protected":false},"author":2,"featured_media":0,"parent":34,"menu_order":1,"comment_status":"closed","ping_status":"closed","template":"silo.php","meta":{"footnotes":""},"class_list":["post-6079","page","type-page","status-publish","hentry"],"_links":{"self":[{"href":"https:\/\/www.le-sidh.org\/wicca\/wp-json\/wp\/v2\/pages\/6079","targetHints":{"allow":["GET"]}}],"collection":[{"href":"https:\/\/www.le-sidh.org\/wicca\/wp-json\/wp\/v2\/pages"}],"about":[{"href":"https:\/\/www.le-sidh.org\/wicca\/wp-json\/wp\/v2\/types\/page"}],"author":[{"embeddable":true,"href":"https:\/\/www.le-sidh.org\/wicca\/wp-json\/wp\/v2\/users\/2"}],"replies":[{"embeddable":true,"href":"https:\/\/www.le-sidh.org\/wicca\/wp-json\/wp\/v2\/comments?post=6079"}],"version-history":[{"count":12,"href":"https:\/\/www.le-sidh.org\/wicca\/wp-json\/wp\/v2\/pages\/6079\/revisions"}],"predecessor-version":[{"id":6378,"href":"https:\/\/www.le-sidh.org\/wicca\/wp-json\/wp\/v2\/pages\/6079\/revisions\/6378"}],"up":[{"embeddable":true,"href":"https:\/\/www.le-sidh.org\/wicca\/wp-json\/wp\/v2\/pages\/34"}],"wp:attachment":[{"href":"https:\/\/www.le-sidh.org\/wicca\/wp-json\/wp\/v2\/media?parent=6079"}],"curies":[{"name":"wp","href":"https:\/\/api.w.org\/{rel}","templated":true}]}}