{"id":6066,"date":"2019-05-06T10:18:35","date_gmt":"2019-05-06T08:18:35","guid":{"rendered":"http:\/\/www.le-sidh.org\/wicca\/?page_id=6066"},"modified":"2019-05-18T09:50:25","modified_gmt":"2019-05-18T07:50:25","slug":"esbat-le-premier-quartier-de-lune","status":"publish","type":"page","link":"https:\/\/www.le-sidh.org\/wicca\/esbat\/esbat-le-premier-quartier-de-lune\/","title":{"rendered":"Esbat : le premier quartier de lune"},"content":{"rendered":"<p style=\"text-align: justify;\">Par Elen Hawke. <i>Extrait du livre \u00ab\u00a0The Sacred Round\u00a0\u00bb<\/i>. Traduction &amp; adaptation Lune<\/p>\n<ul>\n<li><a href=\"https:\/\/www.le-sidh.org\/wicca\/esbat\/esbat-introduction\/\" target=\"_blank\" rel=\"noopener noreferrer\">Introduction<\/a><\/li>\n<li><a href=\"https:\/\/www.le-sidh.org\/wicca\/esbat\/esbat-nouvelle-lune-invocation-rituels-et-sortileges\/\" target=\"_blank\" rel=\"noopener noreferrer\">Nouvelle lune<\/a><\/li>\n<li>Premier quartier (vous \u00eates ici)<\/li>\n<li><a href=\"https:\/\/www.le-sidh.org\/wicca\/esbat\/esbat-pleine-lune\/\" target=\"_blank\" rel=\"noopener noreferrer\">Pleine lune<\/a><\/li>\n<\/ul>\n<p><strong>Le premier quartier de lune<\/strong><\/p>\n<p style=\"text-align: justify;\">Lorsque la lune est croissante, elle passe de la phase de la jeune fille \u00e0 celle de la m\u00e8re.<\/p>\n<p style=\"text-align: justify;\">Le premier quartier se produit \u00e0 mi-chemin de ces deux stades, lorsque la lune apparait sous la forme d&rsquo;un demi-cercle dans le ciel, sa moiti\u00e9 visible \u00e0 droite.<\/p>\n<p style=\"text-align: justify;\">C&rsquo;est un <strong>moment propice \u00e0 la magie, car les \u00e9nergies sont \u00e9quilibr\u00e9es bri\u00e8vement<\/strong> avant d&rsquo;atteindre leur apog\u00e9e \u00e0 la pleine lune. L&rsquo;impression peut \u00eatre d\u00e9crite comme <strong>une attente paisible<\/strong>. Nous savons que nous nous dirigeons vers le point culminant de nos efforts magiques, nous sommes conscients de la passion et de la puissance de la pleine lune qui approche, pourtant c&rsquo;est un moment de pause o\u00f9 nous pouvons examiner nos objectifs et voir comment ils se profilent.<\/p>\n<p style=\"text-align: justify;\">Les \u00e9nergies de cette phase lunaire peuvent \u00eatre employ\u00e9es au mieux :<\/p>\n<ul>\n<li style=\"text-align: justify;\">en m\u00e9ditant avec soin sur toute magie commenc\u00e9e <a href=\"https:\/\/www.le-sidh.org\/wicca\/esbat\/esbat-nouvelle-lune-invocation-rituels-et-sortileges\/\" target=\"_blank\" rel=\"noopener noreferrer\">\u00e0 la nouvelle lune<\/a>,<\/li>\n<li style=\"text-align: justify;\">ensuite, si vous employez la magie des bougies, vous renforcerez votre sortil\u00e8ge :\n<ul>\n<li style=\"text-align: justify;\">en passant un peu plus de temps lorsque vous rallumerez votre bougie, afin de r\u00e9affirmer vos intentions,<\/li>\n<li style=\"text-align: justify;\">et en prenant davantage de temps qu&rsquo;habituellement \u00e0 la visualisation de la r\u00e9alisation du but auquel vous travaillez. C&rsquo;est une p\u00e9riode d&rsquo;\u00e9quilibre dynamique, lorsque la croissance est in\u00e9vitable, alors que nous faisons l&rsquo;exp\u00e9rience d&rsquo;un temps de pause, o\u00f9 nous prenons une goul\u00e9e d&rsquo;air charg\u00e9e de possibilit\u00e9s.<\/li>\n<\/ul>\n<\/li>\n<li style=\"text-align: justify;\">Pensez de fa\u00e7on positive \u00e0 pr\u00e9sent et vous dirigerez vos intentions vers une concr\u00e9tisation satisfaisante \u00e0 la pleine lune.<\/li>\n<li style=\"text-align: justify;\">Vous pouvez \u00e9galement utiliser cette p\u00e9riode pour vous concentrer sur votre relation aux autres (mais aussi \u00e0 vous-m\u00eame), en demandant qu&rsquo;harmonie et bienveillance fassent partie de votre mani\u00e8re d\u2019interagir avec autrui. Rappelez-vous que votre demande concerne uniquement votre propre part de la relation avec qui que ce soit ; vous ne pouvez ni diriger ni contr\u00f4ler la fa\u00e7on dont les autres interagissent avec vous, mais souvent en am\u00e9liorant notre propre part d&rsquo;une relation, nous am\u00e9liorons celle-ci dans son ensemble.<\/li>\n<\/ul>\n<p><a href=\"https:\/\/www.le-sidh.org\/wicca\/esbat\/esbat-pleine-lune\/\" target=\"_blank\" rel=\"noopener noreferrer\">Suite : la pleine lune<\/a>.<\/p>\n","protected":false},"excerpt":{"rendered":"<p>Par Elen Hawke. Extrait du livre \u00ab\u00a0The Sacred Round\u00a0\u00bb. Traduction &amp; adaptation Lune Introduction Nouvelle lune Premier quartier (vous \u00eates ici) Pleine lune Le premier quartier de lune Lorsque la lune est croissante, elle passe de la phase de la jeune fille \u00e0 celle de la m\u00e8re. Le premier quartier se produit \u00e0 mi-chemin de&#8230;<\/p>\n","protected":false},"author":2,"featured_media":6073,"parent":34,"menu_order":3,"comment_status":"closed","ping_status":"closed","template":"silo.php","meta":{"footnotes":""},"class_list":["post-6066","page","type-page","status-publish","has-post-thumbnail","hentry"],"_links":{"self":[{"href":"https:\/\/www.le-sidh.org\/wicca\/wp-json\/wp\/v2\/pages\/6066","targetHints":{"allow":["GET"]}}],"collection":[{"href":"https:\/\/www.le-sidh.org\/wicca\/wp-json\/wp\/v2\/pages"}],"about":[{"href":"https:\/\/www.le-sidh.org\/wicca\/wp-json\/wp\/v2\/types\/page"}],"author":[{"embeddable":true,"href":"https:\/\/www.le-sidh.org\/wicca\/wp-json\/wp\/v2\/users\/2"}],"replies":[{"embeddable":true,"href":"https:\/\/www.le-sidh.org\/wicca\/wp-json\/wp\/v2\/comments?post=6066"}],"version-history":[{"count":10,"href":"https:\/\/www.le-sidh.org\/wicca\/wp-json\/wp\/v2\/pages\/6066\/revisions"}],"predecessor-version":[{"id":6387,"href":"https:\/\/www.le-sidh.org\/wicca\/wp-json\/wp\/v2\/pages\/6066\/revisions\/6387"}],"up":[{"embeddable":true,"href":"https:\/\/www.le-sidh.org\/wicca\/wp-json\/wp\/v2\/pages\/34"}],"wp:featuredmedia":[{"embeddable":true,"href":"https:\/\/www.le-sidh.org\/wicca\/wp-json\/wp\/v2\/media\/6073"}],"wp:attachment":[{"href":"https:\/\/www.le-sidh.org\/wicca\/wp-json\/wp\/v2\/media?parent=6066"}],"curies":[{"name":"wp","href":"https:\/\/api.w.org\/{rel}","templated":true}]}}