{"id":5961,"date":"2019-04-21T12:04:21","date_gmt":"2019-04-21T10:04:21","guid":{"rendered":"http:\/\/www.le-sidh.org\/wicca\/?page_id=5961"},"modified":"2021-04-29T21:27:19","modified_gmt":"2021-04-29T19:27:19","slug":"rituel-sabbat-beltane-cunningham","status":"publish","type":"page","link":"https:\/\/www.le-sidh.org\/wicca\/sabbats\/beltane\/rituel-sabbat-beltane-cunningham\/","title":{"rendered":"Le sabbat de Beltane par Scott Cunningham"},"content":{"rendered":"<p><em>Tir\u00e9 du livre \u00ab\u00a0<\/em>Cunningham\u2019s book <em> of shadows, the path of an American Traditionalist\u00a0\u00bb, par Scott Cunningham. Traduit et adapt\u00e9 par Lune. <\/em><\/p>\n<p>L\u2019autel est \u00e9rig\u00e9, les bougies et l\u2019encens sont allum\u00e9s, et <a href=\"https:\/\/www.le-sidh.org\/wicca\/pratiques-rituelles-sorcieres\/rituels-divers-et-bases\/projeter-et-dissiper-le-cercle-magique-cunningham\/\" target=\"_blank\" rel=\"noopener noreferrer\">le cercle des Pierres est projet\u00e9<\/a>.<\/p>\n<p style=\"text-align: justify;\">Un petit arbre vivant doit \u00eatre plac\u00e9 dans le cercle pr\u00e8s de l&rsquo;autel.<\/p>\n<p style=\"text-align: justify;\">Chaque membre du coven doit apporter un petit charme, un symbole ou une d\u00e9coration, qu&rsquo;il a confectionn\u00e9, afin de\u00a0 l&rsquo;accrocher \u00e0 l&rsquo;arbre.<\/p>\n<p>Si possible, une corne doit \u00e9galement \u00eatre plac\u00e9e sur l&rsquo;autel.<\/p>\n<p><a href=\"https:\/\/www.le-sidh.org\/wicca\/pratiques-rituelles-sorcieres\/benedictions-purification-detachement\/priere-de-benediction-livre-des-ombres-de-scott-cunningham\/\" target=\"_blank\" rel=\"noopener noreferrer\">La Pri\u00e8re de B\u00e9n\u00e9diction<\/a> est r\u00e9cit\u00e9e.<\/p>\n<p>Les Dieux sont invoqu\u00e9s.<\/p>\n<p>Le leader dit au coven\u00a0 :<\/p>\n<blockquote><p>Dans le ciel, le Dieu brille avec intensit\u00e9 ;<br \/>\nSur Terre, la D\u00e9esse a donn\u00e9 naissance \u00e0 une profusion de fleurs, de feuilles et de cr\u00e9atures vivantes.<br \/>\n\u00c0 pr\u00e9sent, la D\u00e9esse prend le Dieu pour compagnon ;<br \/>\net tout le pays se r\u00e9jouit dans une explosion de couleurs \u00e9clatantes.<br \/>\nPr\u00e9sentons nos cadeaux au couple divin !<\/p><\/blockquote>\n<p>Chacun accroche son pr\u00e9sent symbolique sur l&rsquo;arbre.<\/p>\n<p style=\"text-align: justify;\">C&rsquo;est le moment o\u00f9, traditionnellement, un jeune homme prend la corne et se place face au nord dans le Cercle de Pierres..<\/p>\n<p>Il souffle une fois dans la corne et dit :<\/p>\n<blockquote><p>Dieu ancien de l&rsquo;\u00e9t\u00e9, nous te souhaitons la bienvenue !<\/p><\/blockquote>\n<p>Il s&rsquo;adresse \u00e0 l&rsquo;Est et r\u00e9p\u00e8te le rituel, puis au Sud et \u00e0 l&rsquo;Ouest.<\/p>\n<p>M\u00e9ditations et divination.<\/p>\n<p>La petite f\u00eate.<\/p>\n<p><a href=\"https:\/\/www.le-sidh.org\/wicca\/pratiques-rituelles-sorcieres\/rituels-divers-et-bases\/projeter-et-dissiper-le-cercle-magique-cunningham\/\" target=\"_blank\" rel=\"noopener noreferrer\">Le Cercle est dissip\u00e9<\/a>.<\/p>\n<p>Festivit\u00e9s et jeux suivent.<\/p>\n<p>Photo : Dans les bois, 21\/04\/2019.<\/p>\n","protected":false},"excerpt":{"rendered":"<p>Tir\u00e9 du livre \u00ab\u00a0Cunningham\u2019s book of shadows, the path of an American Traditionalist\u00a0\u00bb, par Scott Cunningham. Traduit et adapt\u00e9 par Lune. L\u2019autel est \u00e9rig\u00e9, les bougies et l\u2019encens sont allum\u00e9s, et le cercle des Pierres est projet\u00e9. Un petit arbre vivant doit \u00eatre plac\u00e9 dans le cercle pr\u00e8s de l&rsquo;autel. Chaque membre du coven doit&#8230;<\/p>\n","protected":false},"author":2,"featured_media":5974,"parent":80,"menu_order":0,"comment_status":"closed","ping_status":"closed","template":"silo.php","meta":{"footnotes":""},"class_list":["post-5961","page","type-page","status-publish","has-post-thumbnail","hentry"],"_links":{"self":[{"href":"https:\/\/www.le-sidh.org\/wicca\/wp-json\/wp\/v2\/pages\/5961","targetHints":{"allow":["GET"]}}],"collection":[{"href":"https:\/\/www.le-sidh.org\/wicca\/wp-json\/wp\/v2\/pages"}],"about":[{"href":"https:\/\/www.le-sidh.org\/wicca\/wp-json\/wp\/v2\/types\/page"}],"author":[{"embeddable":true,"href":"https:\/\/www.le-sidh.org\/wicca\/wp-json\/wp\/v2\/users\/2"}],"replies":[{"embeddable":true,"href":"https:\/\/www.le-sidh.org\/wicca\/wp-json\/wp\/v2\/comments?post=5961"}],"version-history":[{"count":16,"href":"https:\/\/www.le-sidh.org\/wicca\/wp-json\/wp\/v2\/pages\/5961\/revisions"}],"predecessor-version":[{"id":9235,"href":"https:\/\/www.le-sidh.org\/wicca\/wp-json\/wp\/v2\/pages\/5961\/revisions\/9235"}],"up":[{"embeddable":true,"href":"https:\/\/www.le-sidh.org\/wicca\/wp-json\/wp\/v2\/pages\/80"}],"wp:featuredmedia":[{"embeddable":true,"href":"https:\/\/www.le-sidh.org\/wicca\/wp-json\/wp\/v2\/media\/5974"}],"wp:attachment":[{"href":"https:\/\/www.le-sidh.org\/wicca\/wp-json\/wp\/v2\/media?parent=5961"}],"curies":[{"name":"wp","href":"https:\/\/api.w.org\/{rel}","templated":true}]}}