{"id":5948,"date":"2019-04-20T12:57:25","date_gmt":"2019-04-20T10:57:25","guid":{"rendered":"http:\/\/www.le-sidh.org\/wicca\/?page_id=5948"},"modified":"2019-04-22T09:53:03","modified_gmt":"2019-04-22T07:53:03","slug":"5948-2","status":"publish","type":"page","link":"https:\/\/www.le-sidh.org\/wicca\/liber-umbrarum\/5948-2\/","title":{"rendered":"Introduction au Liber Umbrarum"},"content":{"rendered":"<p style=\"text-align: justify;\"><strong>Extrait du <a href=\"https:\/\/www.le-sidh.org\/wicca\/liber-umbrarum\/\" target=\"_blank\" rel=\"noopener noreferrer\">Liber Umbrarum<\/a>, de<\/strong><strong> Doreen Valiente. Traduction &amp; adaptation Lune. <\/strong><\/p>\n<ul>\n<li style=\"text-align: justify;\"><strong>Introduction<\/strong><\/li>\n<\/ul>\n<p style=\"text-align: justify;\">[\u2026] Nul besoin de tergiverser sur qui a \u00e9crit le Liber Umbrarum\u00a0: un Livre des Ombres, tel qu\u2019il est propos\u00e9 dans le pr\u00e9sent ouvrage. J\u2019en suis l\u2019auteur, bien qu\u2019il soit fond\u00e9 sur du mat\u00e9riel ancien et sur ce que j\u2019ai appris au cours de mes ann\u00e9es de pratique en tant que sorci\u00e8re. Je peux \u00e9galement indiquer que je poss\u00e8de le Livre des Ombres original de Gerald Gardner, c\u2019est lui qui me l\u2019a donn\u00e9. Dans l\u2019\u00e9dition originale cartonn\u00e9e de <em>Witchcraft Today<\/em> (1954) de Gerald Gardner, ce livre appara\u00eet sur la photographie de l\u2019autel sorcier pr\u00e9par\u00e9 pour une c\u00e9r\u00e9monie d\u2019initiation, \u00e0 la page\u00a096.<\/p>\n<p style=\"text-align: justify;\">Comme je le dis plus haut, la diffusion des rituels de sorcellerie expurg\u00e9s fait partie des raisons qui m\u2019ont pouss\u00e9e \u00e0 \u00e9crire ce livre. D\u2019une part, cela me contrarie de voir des versions d\u00e9form\u00e9es de documents que j\u2019ai \u00e9crits pour Gerald Gardner propos\u00e9es \u00e0 la vente, peu importe sous quel pr\u00e9texte. D\u2019autre part, quitte \u00e0 publier tous les rituels autant qu\u2019ils veuillent dire quelque chose et soient r\u00e9alisables. Apr\u00e8s tout, les temps et les circonstances ont chang\u00e9 radicalement depuis l\u2019\u00e9poque o\u00f9 tout \u00e9tait gard\u00e9 suppos\u00e9ment par le serment de secret. Aujourd\u2019hui, partout dans le monde anglophone, des gens ont form\u00e9 ou tent\u00e9 de former des covens de l\u2019Ancienne Religion. Il est temps qu\u2019ils soient en mesure de trouver des conseils au lieu de ce sur quoi ils tombent le plus souvent, \u00e0 savoir de l\u2019exploitation.<\/p>\n<p style=\"text-align: justify;\">Les affirmations exag\u00e9r\u00e9es de certains pr\u00e9tendus \u00ab\u00a0grands sorciers\u00a0\u00bb sont peut-\u00eatre un sujet de plaisanterie continuelle pour les occultistes exp\u00e9riment\u00e9s\u00a0; mais qui cessent d\u2019\u00eatre tout \u00e0 fait amusante quand les nouveaux venus sur cette ancienne voie, qui sont sinc\u00e8res, se font intimider et exploiter par ce qui n\u2019est souvent que du pur bluff. J\u2019en ai assez de ces \u00ab\u00a0chefs\u00a0\u00bb autoproclam\u00e9s qui parfois m\u00eame menacent quiconque remet en question leur soi-disant autorit\u00e9. J\u2019ai donc d\u00e9cid\u00e9 d\u2019\u00e9crire un livre qui mettra la sorcellerie \u00e0 la port\u00e9e de tous.<\/p>\n<p style=\"text-align: justify;\">Le but du renouveau de l\u2019Ancienne Religion de l\u2019Art des Sages et de sa r\u00e9v\u00e9lation au grand jour est de contribuer \u00e0 cette nouvelle philosophie de vie qui s\u2019inscrit dans la vague de l\u2019\u00e8re du Verseau\u00a0; non pas pour que certains individus se fassent de l\u2019argent ou fournir \u00e0 d\u2019autres des ressources pour flatter leur ego.<\/p>\n<p style=\"text-align: justify;\">Ce livre est donc simplement destin\u00e9 \u00e0 aider ceux qui veulent rendre un culte aux Anciens Dieux et pratiquer la magie des anciennes traditions. Le d\u00e9sir des gens \u00e0 ce sujet a atteint une telle ampleur qu\u2019il ne devrait plus, je pense, \u00eatre ignor\u00e9. Toutes sortes de propagandes ont \u00e9t\u00e9 employ\u00e9es \u00e0 l\u2019encontre des sorci\u00e8res d\u2019aujourd\u2019hui et de leur art\u00a0; mais les efforts de leurs instigateurs se sont r\u00e9v\u00e9l\u00e9s contre-productifs. \u00c0 chaque fois que la presse \u00e0 sensation r\u00e9v\u00e8le \u00ab\u00a0au grand jour la malfaisance de la sorcellerie\u00a0\u00bb, elle re\u00e7oit par la suite de pleins sacs de lettres de personnes qui veulent savoir comment faire pour rejoindre un coven\u00a0!<\/p>\n<p style=\"text-align: justify;\">Je sais que beaucoup de gens remettront en question l\u2019id\u00e9e de l\u2019auto-initiation, telle qu\u2019elle est pr\u00e9sent\u00e9e dans ce livre. Je leur poserai une simple question\u00a0: qui a initi\u00e9 la premi\u00e8re sorci\u00e8re\u00a0?<br \/>\nBien s\u00fbr, il vaut mieux recevoir l\u2019initiation en personne, de la part d\u2019un enseignant exp\u00e9riment\u00e9 et sinc\u00e8re. Ce concept s\u2019applique dans le monde entier, des traditions orientales, \u00e0 travers le lien \u00e9tabli entre le gourou (enseignant) et son chela (\u00e9l\u00e8ve), \u00e0 l\u2019histoire de Castaneda au sujet de son apprentissage aupr\u00e8s du vieux sage indien yaqui, Don Juan, telle qu\u2019elle est narr\u00e9e dans sa merveilleuse trilogie de livres, <em>\u00ab\u00a0L\u2019Herbe du diable et la Petite Fum\u00e9e\u00a0: une voie yaqui de la connaissance\u00a0\u00bb, \u00ab\u00a0Voir\u00a0: les enseignements d\u2019un sorcier yaqui\u00a0\u00bb<\/em> et <em>\u00ab\u00a0Le Voyage \u00e0 Ixtlan\u00a0: les le\u00e7ons de Don Juan\u00a0\u00bb<\/em>. Mais je crois sinc\u00e8rement que mon livre donnera aux gens un point de d\u00e9part qui leur permettra de passer \u00e0 la pratique plut\u00f4t que d\u2019en rester \u00e0 la simple th\u00e9orie.<\/p>\n<p style=\"text-align: justify;\">Une fois que les gens seront parvenus \u00e0 ce point, ils en viendront naturellement \u00e0 se poser la question suivante\u00a0: \u00ab\u00a0doivent-ils essayer de rejoindre un coven, former le leur (comme ce livre les aidera \u00e0 le faire) ou pratiquer en solitaire\u00a0?\u00a0\u00bb J\u2019aborderai ce sujet de fa\u00e7on plus compl\u00e8te dans la section intitul\u00e9e Liber Umbrarum. La d\u00e9cision appartient r\u00e9ellement \u00e0 chacun\u00a0; mais, quelle qu\u2019elle soit, soyez assur\u00e9 d\u2019une chose. Vous avez le droit d\u2019\u00eatre pa\u00efen si c\u2019est ce que vous voulez. Ce droit vous est garanti par la D\u00e9claration universelle des droits de l\u2019homme, et la Grande-Bretagne en est signataire. Alors, ne laissez personne vous intimider. Voici le passage pertinent extrait de la D\u00e9claration universelle des Droits de l\u2019Homme, telle qu\u2019elle a \u00e9t\u00e9 publi\u00e9e par les Nations Unies\u00a0:<\/p>\n<blockquote>\n<p style=\"text-align: justify;\">Article #18\u00a0: Toute personne a droit \u00e0 la libert\u00e9 de pens\u00e9e, de conscience et de religion\u2009; ce droit implique la libert\u00e9 de changer de religion ou de conviction ainsi que la libert\u00e9 de manifester sa religion ou sa conviction seule ou en commun, tant en public qu\u2019en priv\u00e9, par l\u2019enseignement, les pratiques, le culte et l\u2019accomplissement des rites.<\/p>\n<\/blockquote>\n<p><a href=\"https:\/\/www.le-sidh.org\/wicca\/wp-content\/uploads\/2019\/04\/doreen-valiente-stang.jpg\"><img loading=\"lazy\" decoding=\"async\" class=\"aligncenter size-full wp-image-5980\" src=\"https:\/\/www.le-sidh.org\/wicca\/wp-content\/uploads\/2019\/04\/doreen-valiente-stang.jpg\" alt=\"\" width=\"385\" height=\"466\" srcset=\"https:\/\/www.le-sidh.org\/wicca\/wp-content\/uploads\/2019\/04\/doreen-valiente-stang.jpg 385w, https:\/\/www.le-sidh.org\/wicca\/wp-content\/uploads\/2019\/04\/doreen-valiente-stang-248x300.jpg 248w\" sizes=\"auto, (max-width: 385px) 100vw, 385px\" \/><\/a><\/p>\n","protected":false},"excerpt":{"rendered":"<p>Extrait du Liber Umbrarum, de Doreen Valiente. Traduction &amp; adaptation Lune. Introduction [\u2026] Nul besoin de tergiverser sur qui a \u00e9crit le Liber Umbrarum\u00a0: un Livre des Ombres, tel qu\u2019il est propos\u00e9 dans le pr\u00e9sent ouvrage. J\u2019en suis l\u2019auteur, bien qu\u2019il soit fond\u00e9 sur du mat\u00e9riel ancien et sur ce que j\u2019ai appris au cours&#8230;<\/p>\n","protected":false},"author":2,"featured_media":0,"parent":3939,"menu_order":0,"comment_status":"closed","ping_status":"closed","template":"silo.php","meta":{"footnotes":""},"class_list":["post-5948","page","type-page","status-publish","hentry"],"_links":{"self":[{"href":"https:\/\/www.le-sidh.org\/wicca\/wp-json\/wp\/v2\/pages\/5948","targetHints":{"allow":["GET"]}}],"collection":[{"href":"https:\/\/www.le-sidh.org\/wicca\/wp-json\/wp\/v2\/pages"}],"about":[{"href":"https:\/\/www.le-sidh.org\/wicca\/wp-json\/wp\/v2\/types\/page"}],"author":[{"embeddable":true,"href":"https:\/\/www.le-sidh.org\/wicca\/wp-json\/wp\/v2\/users\/2"}],"replies":[{"embeddable":true,"href":"https:\/\/www.le-sidh.org\/wicca\/wp-json\/wp\/v2\/comments?post=5948"}],"version-history":[{"count":4,"href":"https:\/\/www.le-sidh.org\/wicca\/wp-json\/wp\/v2\/pages\/5948\/revisions"}],"predecessor-version":[{"id":5981,"href":"https:\/\/www.le-sidh.org\/wicca\/wp-json\/wp\/v2\/pages\/5948\/revisions\/5981"}],"up":[{"embeddable":true,"href":"https:\/\/www.le-sidh.org\/wicca\/wp-json\/wp\/v2\/pages\/3939"}],"wp:attachment":[{"href":"https:\/\/www.le-sidh.org\/wicca\/wp-json\/wp\/v2\/media?parent=5948"}],"curies":[{"name":"wp","href":"https:\/\/api.w.org\/{rel}","templated":true}]}}