{"id":57,"date":"2014-07-15T14:01:57","date_gmt":"2014-07-15T12:01:57","guid":{"rendered":"http:\/\/www.le-sidh.org\/wicca\/?page_id=57"},"modified":"2025-10-31T16:47:48","modified_gmt":"2025-10-31T14:47:48","slug":"samhain","status":"publish","type":"page","link":"https:\/\/www.le-sidh.org\/wicca\/sabbats\/samhain\/","title":{"rendered":"Samhain"},"content":{"rendered":"<p style=\"text-align: justify;\">Retrouvez ci-dessous tous les rituels et pratiques d\u00e9di\u00e9s au Sabbat de la Veille de Tous les Saints. Hallowe&rsquo;en, Samhain. 31 octobre.<\/p>\n<p><strong>Les rituels de sabbat <\/strong>:<\/p>\n<ul>\n<li><a href=\"https:\/\/www.le-sidh.org\/wicca\/livres-des-ombres-gardnerien\/le-livre-des-ombres-de-1949\/les-rituels-de-sabbat-veille-de-novembre-1949\/\" target=\"_blank\" rel=\"noopener noreferrer\">Veille de Novembre<\/a>, extrait du Livre des Ombres de Gerald Gardner<\/li>\n<li><a href=\"http:\/\/www.le-sidh.org\/site\/article_897.html\" target=\"_blank\" rel=\"noopener noreferrer\">Samhain, le 31 octobre<\/a>, extrait de la Witches\u2019 Bible, par Janet &amp; Stewart Farrar<\/li>\n<li><a href=\"http:\/\/www.le-sidh.org\/site\/article_397.html\" target=\"_blank\" rel=\"noopener noreferrer\">Hallowmas<\/a>, extrait du Livre des Ombres Alexandrien<\/li>\n<li><a href=\"http:\/\/www.le-sidh.org\/site\/article_145.html\" target=\"_blank\" rel=\"noopener noreferrer\">Samhain<\/a>, extrait de Spiral Dance, par Starhawk<\/li>\n<li><a href=\"https:\/\/www.le-sidh.org\/wicca\/sabbats\/samhain\/rituel-de-samhain\/\" target=\"_blank\" rel=\"noopener noreferrer\">Samhain<\/a>, extrait de Witch Crafting, par Phyllis Curott<\/li>\n<li><a href=\"http:\/\/www.le-sidh.org\/site\/article_675.html\" target=\"_blank\" rel=\"noopener noreferrer\">Rite de Samhain<\/a>, extrait de Sacred Round, par Elen Hawke<\/li>\n<li><a href=\"https:\/\/www.le-sidh.org\/wicca\/sabbats\/samhain\/rituel-dhalloween-tradition-alexandrienne\/\" target=\"_blank\" rel=\"noopener noreferrer\">31 octobre, Hallowe\u2019en<\/a>, extrait de What Witches Do, par Stewart Farrar<\/li>\n<li><a href=\"https:\/\/www.le-sidh.org\/wicca\/sabbats\/samhain\/rituel-du-sabbat-de-samhain-extrait-du-livre-des-ombres-de-scott-cunningham\/\" target=\"_blank\" rel=\"noopener noreferrer\">Rituel du sabbat de Samhain<\/a>, extrait du Livre des Ombres de Scott Cunningham.<\/li>\n<li><a href=\"https:\/\/www.le-sidh.org\/wicca\/sabbats\/samhain\/rituel-du-sabbat-de-samhain-version-plus-traditionnelle-extrait-du-livre-des-ombres-de-scott-cunningham\/\" target=\"_blank\" rel=\"noopener noreferrer\">Rituel du sabbat de Samhain<\/a> (version plus traditionnelle), extrait du Livre des Ombres de Scott Cunningham.<\/li>\n<\/ul>\n<p><strong>Textes sur Samhain<\/strong> :<\/p>\n<ul>\n<li><a href=\"http:\/\/www.le-sidh.org\/site\/article_920.html\" target=\"_blank\" rel=\"noopener noreferrer\">Le Grand Sabbat : la Veille de Tous les Saints<\/a>, par Janus-Mithras &amp; Mer-Amun<\/li>\n<li>\n<div id=\"stcpDiv\"><a href=\"https:\/\/www.le-sidh.org\/wicca\/sabbats\/samhain\/la-veille-de-la-toussaint-all-hallows-eve\/\" target=\"_blank\" rel=\"noopener noreferrer\">La Veille de la Toussaint, All Hallow\u2019s Eve<\/a>. par Mike Nichols.<\/div>\n<\/li>\n<li><a href=\"http:\/\/lune.le-sidh.org\/2010\/10\/29\/la-cene-silencieuse\" target=\"_blank\" rel=\"noopener noreferrer\">Le souper silencieux<\/a><\/li>\n<li><a href=\"http:\/\/lune.le-sidh.org\/wp-admin\/lune.le-sidh.org\/2011\/10\/13\/un-encens-pour-samhain\" target=\"_blank\" rel=\"noopener noreferrer\">Un encens pour Samhain<\/a><\/li>\n<li><a href=\"https:\/\/www.le-sidh.org\/wicca\/autremonde-2\/dieux-esprits-petit-peuple\/samhain-souper-silencieux-spiritisme\/\" target=\"_blank\" rel=\"noopener noreferrer\">Souper silencieux, citrouilles &amp; Spiritisme<\/a>, des activit\u00e9s pour Samhain, extrait du livre Wheel of the Year,\u00a0 par Pauline Campanelli<\/li>\n<\/ul>\n<p><strong><a href=\"http:\/\/lune.le-sidh.org\/pratiques-magiques\">Pratiques magiques<\/a> et b\u00e9n\u00e9dictions :<\/strong><\/p>\n<ul>\n<li><a href=\"https:\/\/www.le-sidh.org\/wicca\/autremonde-2\/dieux-esprits-petit-peuple\/envoyez-une-lettre-aux-defunts\/\" target=\"_blank\" rel=\"noopener noreferrer\">Envoyer une lettre aux morts<\/a><\/li>\n<li><a href=\"https:\/\/www.le-sidh.org\/wicca\/autremonde-2\/dieux-esprits-petit-peuple\/ecrire-une-lettre-a-un-bien-aime-disparu\/\" target=\"_blank\" rel=\"noopener noreferrer\">\u00c9crire une lettre \u00e0 un cher disparu<\/a><\/li>\n<li><a href=\"https:\/\/www.le-sidh.org\/wicca\/pratiques-rituelles-sorcieres\/benedictions-purification-detachement\/benediction-du-repas-de-samhain\/\" target=\"_blank\" rel=\"noopener noreferrer\">B\u00e9n\u00e9diction du repas de Samhain<\/a> (auteur inconnu)<\/li>\n<li><a href=\"https:\/\/www.le-sidh.org\/wicca\/pratiques-rituelles-sorcieres\/benedictions-purification-detachement\/la-cordelette-aux-9-noisettes\/\" target=\"_blank\" rel=\"noopener noreferrer\">La Cordelette aux 9 noisettes<\/a>, extrait du livre Wheel of the Year,\u00a0 par Pauline Campanelli<\/li>\n<li><a href=\"https:\/\/www.le-sidh.org\/wicca\/pratiques-rituelles-sorcieres\/benedictions-purification-detachement\/liberez-vous-de-vos-erreurs\/\" target=\"_blank\" rel=\"noopener noreferrer\">Lib\u00e9rez-vous de vos erreurs<\/a>, par The Universal Heart Center<\/li>\n<li><a href=\"http:\/\/www.le-sidh.org\/site\/article_973.html\" target=\"_blank\" rel=\"noopener noreferrer\">De l\u2019absinthe pour Samhain : folklore et pratiques magiques<\/a>, extrait de la revue Keltria<em><br \/>\n<\/em><\/li>\n<li><a href=\"https:\/\/www.le-sidh.org\/wicca\/pratiques-rituelles-sorcieres\/meditations-transe\/une-meditation-sorciere\/\" target=\"_blank\" rel=\"noopener noreferrer\">Une m\u00e9ditation sorci\u00e8re<\/a>, par Doreen Valiente.<\/li>\n<\/ul>\n<p><strong>Cuisine :<\/strong><\/p>\n<ul>\n<li><a href=\"https:\/\/www.le-sidh.org\/wicca\/pratiques-rituelles-sorcieres\/offrandes-actions-de-grace\/confiture-de-potiron-pour-mabon-et-ou-samhain\/\" target=\"_blank\" rel=\"noopener noreferrer\">La recette d&rsquo;une d\u00e9licieuse confiture de potiron.<\/a><\/li>\n<\/ul>\n<p><strong>Divers :<br \/>\n<\/strong><\/p>\n<ul>\n<li><a href=\"http:\/\/lune.le-sidh.org\/2011\/11\/13\/celebrer-les-ancetres\" target=\"_blank\" rel=\"noopener noreferrer\">C\u00e9l\u00e9brer les Anc\u00eatres<\/a> (photos d\u2019autel 2011)<\/li>\n<li><a href=\"http:\/\/lune.le-sidh.org\/2011\/11\/10\/completude\" target=\"_blank\" rel=\"noopener noreferrer\">Compl\u00e9tude ou les r\u00e9coltes de Samhain<\/a>, un retour sur ce que la c\u00e9l\u00e9bration rituelle m\u2019a permis de comprendre et d\u2019assimiler<\/li>\n<\/ul>\n","protected":false},"excerpt":{"rendered":"<p>Retrouvez ci-dessous tous les rituels et pratiques d\u00e9di\u00e9s au Sabbat de la Veille de Tous les Saints. Hallowe&rsquo;en, Samhain. 31 octobre. Les rituels de sabbat : Veille de Novembre, extrait du Livre des Ombres de Gerald Gardner Samhain, le 31 octobre, extrait de la Witches\u2019 Bible, par Janet &amp; Stewart Farrar Hallowmas, extrait du Livre&#8230;<\/p>\n","protected":false},"author":2,"featured_media":10464,"parent":32,"menu_order":0,"comment_status":"closed","ping_status":"closed","template":"","meta":{"footnotes":""},"class_list":["post-57","page","type-page","status-publish","has-post-thumbnail","hentry"],"_links":{"self":[{"href":"https:\/\/www.le-sidh.org\/wicca\/wp-json\/wp\/v2\/pages\/57","targetHints":{"allow":["GET"]}}],"collection":[{"href":"https:\/\/www.le-sidh.org\/wicca\/wp-json\/wp\/v2\/pages"}],"about":[{"href":"https:\/\/www.le-sidh.org\/wicca\/wp-json\/wp\/v2\/types\/page"}],"author":[{"embeddable":true,"href":"https:\/\/www.le-sidh.org\/wicca\/wp-json\/wp\/v2\/users\/2"}],"replies":[{"embeddable":true,"href":"https:\/\/www.le-sidh.org\/wicca\/wp-json\/wp\/v2\/comments?post=57"}],"version-history":[{"count":26,"href":"https:\/\/www.le-sidh.org\/wicca\/wp-json\/wp\/v2\/pages\/57\/revisions"}],"predecessor-version":[{"id":8582,"href":"https:\/\/www.le-sidh.org\/wicca\/wp-json\/wp\/v2\/pages\/57\/revisions\/8582"}],"up":[{"embeddable":true,"href":"https:\/\/www.le-sidh.org\/wicca\/wp-json\/wp\/v2\/pages\/32"}],"wp:featuredmedia":[{"embeddable":true,"href":"https:\/\/www.le-sidh.org\/wicca\/wp-json\/wp\/v2\/media\/10464"}],"wp:attachment":[{"href":"https:\/\/www.le-sidh.org\/wicca\/wp-json\/wp\/v2\/media?parent=57"}],"curies":[{"name":"wp","href":"https:\/\/api.w.org\/{rel}","templated":true}]}}