{"id":5417,"date":"2019-03-21T16:46:48","date_gmt":"2019-03-21T14:46:48","guid":{"rendered":"http:\/\/www.le-sidh.org\/wicca\/?page_id=5417"},"modified":"2019-04-17T18:11:07","modified_gmt":"2019-04-17T16:11:07","slug":"le-plus-grand-outil-magique-cest-vous-meme","status":"publish","type":"page","link":"https:\/\/www.le-sidh.org\/wicca\/esbat\/le-plus-grand-outil-magique-cest-vous-meme\/","title":{"rendered":"Le plus grand outil magique, c&rsquo;est vous-m\u00eame"},"content":{"rendered":"<p style=\"text-align: justify;\"><strong>Le Plus Grand Outil Magick : Vous-m\u00eame<\/strong>. Par Blackcat, traduction &amp; adaptation Lune.<\/p>\n<p style=\"text-align: justify;\">Le seul outil rituel dont vous avez vraiment besoin, c&rsquo;est vous-m\u00eame. Je sais, vous pensez, \u00ab\u00a0Moi-m\u00eame ? Je ne suis pas un outil rituel ! Un outil rituel, c&rsquo;est un calice, un atham\u00e9, une baguette ou un encensoir\u00a0\u00bb. Bien, ce sont des outils, mais pour projeter l&rsquo;\u00e9nergie avec intention, le fid\u00e8le index apportera des r\u00e9sultats \u00e0 chaque fois. Ce dont nous devons nous souvenir \u00e0 propos des outils, c&rsquo;est qu&rsquo;ils sont juste cela &#8211; ce sont des instruments ou supports. C&rsquo;est l&rsquo;utilisateur qui fait la magie. Les outils sont valables et les utiliser ajoute certainement au rituel, mais ils ne sont pas n\u00e9cessaires.<\/p>\n<p style=\"text-align: justify;\">Comme dans n&rsquo;importe quel art, les outils du m\u00e9tier peuvent \u00eatre des instruments importants dans la manifestation de son d\u00e9sir. Et c&rsquo;est vrai, que l&rsquo;outil soit un fid\u00e8le marteau, sa po\u00eale \u00e0 frire pr\u00e9f\u00e9r\u00e9e ou bien un atham\u00e9 ch\u00e9ri. Cependant, ce n&rsquo;est jamais l&rsquo;outil qui fait l&rsquo;action ; c&rsquo;est son utilisateur. Et un utilisateur talentueux, avec un bon outil ou pas, atteindra des r\u00e9sultats qui refl\u00e9teront son habilet\u00e9. Un \u00e9colier ne donnera jamais le petit coup \u00e0 ses \u0153ufs sur la po\u00eale avec la m\u00eame perfection qu&rsquo;un cuisinier de snack-bar exp\u00e9riment\u00e9, peu importe si la po\u00eale est anti-adh\u00e9rente. Cela ne veut pas dire que les outils rituels n&rsquo;entretiennent pas une valeur implicite et une \u00e9nergie magique. Pour moi, ils le font. Mais, il revient toujours au praticien d&rsquo;interagir avec ces objets physiques, ce qui fait que la magie op\u00e8re.<\/p>\n<p style=\"text-align: justify;\">Je me souviens, il y a quelques ann\u00e9es, d&rsquo;un \u00e9v\u00e9nement public local auquel j&rsquo;assistais. Il y avait quelques groupes pa\u00efens qui participaient et partageaient des rituels tout au long de la journ\u00e9e. Un groupe avait annul\u00e9 \u00e0 la derni\u00e8re minute et il y avait un trou dans le programme de la journ\u00e9e. On m&rsquo;a demand\u00e9 si je pouvais aider et faire un rituel pour combler ce trou. \u00ab\u00a0Bien s\u00fbr ! J&rsquo;en serai enchant\u00e9 !\u00a0\u00bb ai-je r\u00e9pondu. Et je l&rsquo;\u00e9tais. Avec quelques bougies qu\u00e9mand\u00e9es ici et l\u00e0, mon partenaire et moi-m\u00eame avons offert l&rsquo;un des rituels les plus \u00e9nerg\u00e9tiques et m\u00e9morables de l&rsquo;\u00e9v\u00e9nement. Et nous n&rsquo;avons pas eu besoin des bougies. Tout ce dont nous avons eu besoin c&rsquo;est de nous-m\u00eames, de notre aisance et exp\u00e9rience du travail de l&rsquo;\u00e9nergie magique d&rsquo;une fa\u00e7on directe et improvis\u00e9e.<\/p>\n<p style=\"text-align: justify;\">Utiliser cette capacit\u00e9 magique directement, voil\u00e0 vraiment ce qu&rsquo;est la sorcellerie. Le maniement d&rsquo;un atham\u00e9 est \u00e9gal, bien s\u00fbr, pour toute sorci\u00e8re exp\u00e9riment\u00e9e, mais que faites-vous lorsque vous n&rsquo;avez pas votre autel ou kit \u00e0 sortil\u00e8ges avec vous ? Vous faites avec ce que vous avez. Les sorci\u00e8res sont c\u00e9l\u00e8bres pour utiliser toutes sortes de mat\u00e9riaux naturels qui peuvent leur tomber sous la main. Principalement, nous utilisons notre corps. Et le fait d&rsquo;utiliser notre corps de mani\u00e8res particuli\u00e8res accro\u00eet nos facult\u00e9s. Voici quelques suggestions pour \u00ab\u00a0aff\u00fbter\u00a0\u00bb cet outil sp\u00e9cial qui est notre corps.<\/p>\n<p><strong>Aiguiser votre outil principal &#8211; vous-m\u00eame<\/strong><\/p>\n<ul>\n<li style=\"text-align: justify;\">Prenez du temps chaque jour pour m\u00e9diter. En vous centrant et vous ancrant \u00e0 la terre chaque jour, vous constaterez que les \u00e9nergies circuleront plus facilement et plus imm\u00e9diatement pour vous. Vous obtiendrez beaucoup d&rsquo;autres b\u00e9n\u00e9fices inh\u00e9rents \u00e0 la m\u00e9ditation.<\/li>\n<li style=\"text-align: justify;\">Pratiquez la visualisation. Cela peut \u00eatre pendant ou en plus de vos m\u00e9ditations. Commencez petit en visualisant de simples formes g\u00e9om\u00e9triques. Pratiquez yeux ferm\u00e9s et plus tard yeux ouverts. Voyez les formes en noir et blanc, plus tard ajoutez la couleur. Puis visualisez de simples objets : un livre, un morceau de fruit, une liasse de billets de 5 euros dans votre porte-feuille ouvert.<\/li>\n<li style=\"text-align: justify;\">Travaillez avec l&rsquo;\u00e9nergie g\u00e9n\u00e9rale. En tenant vos paumes ouvertes, l&rsquo;une au-dessus de l&rsquo;autre, sentez l&rsquo;\u00e9nergie circuler entre vos mains. C&rsquo;est la force de vie ; la vraie \u00e9nergie. Vous \u00eates vivant et \u00e7a pulse, \u00e7a bouge. Ce mouvement, cette croissance, cette chaleur ne sont \u00e9videmment pas statiques et l&rsquo;\u00e9nergie en est la base, bien s\u00fbr. Sentez l&rsquo;\u00e9nergie.<\/li>\n<li style=\"text-align: justify;\">En utilisant votre capacit\u00e9 de visualisation, cr\u00e9ez une petite boule d&rsquo;\u00e9nergie devant vous. Visualisez une couleur neutre ou b\u00e9n\u00e9fique telle que l&rsquo;or ou un violet chatoyant. Manipulez l&rsquo;\u00e9nergie qui se d\u00e9place ou se balance. Lorsque vous aurez fini, assurez-vous d&rsquo;envoyer l&rsquo;\u00e9nergie au sol o\u00f9 elle pourra retourner (se lib\u00e9rer) \u00e0 la terre. C&rsquo;est important. Alors que par la suite une telle \u00e9nergie se dissipe d&rsquo;elle-m\u00eame, on dit que laisser des formes d&rsquo;\u00e9nergie semblables nous entourer affecterait certaines personnes de nervosit\u00e9, de maux de t\u00eate, de l\u00e9thargie.<\/li>\n<\/ul>\n<p style=\"text-align: justify;\"><strong>Un Rituel de Pleine Lune avec Vous-M\u00eame<\/strong><\/p>\n<p style=\"text-align: justify;\">Trouvez un endroit au calme dans la nature o\u00f9 vous ne serez pas d\u00e9rang\u00e9. C&rsquo;est id\u00e9alement au grand air et cela peut \u00eatre dans votre propre jardin ou dans le parc voisin. Souvenez-vous, la sorcellerie est avant tout un travail sur les cycles et \u00e9nergies naturels de la terre et de la Lune. Connectez-vous \u00e0 ces \u00e9nergies sur le plan \u00e9motionnel, qui active les plans astraux. Vous pourrez vous connecter \u00e0 une d\u00e9it\u00e9 dans vos rites en apportant un autre niveau d&rsquo;\u00e9nergie et de conscience, ou vous pourrez le garder simple et direct. C&rsquo;est une des clefs fortes de la sorcellerie comparativement \u00e0 d&rsquo;autres types de syst\u00e8mes magiques.<\/p>\n<ul>\n<li style=\"text-align: justify;\">Sortez la nuit lorsque et o\u00f9 vous pourrez voir la Pleine Lune sans \u00eatre d\u00e9rang\u00e9. Bien s\u00fbr, si vous \u00eates dans un lieu public, soyez inform\u00e9 des heures l\u00e9gales d&rsquo;ouverture et attentif aux alentours pour votre propre s\u00e9curit\u00e9. Les sorci\u00e8res sont des gens de savoir, alors s&rsquo;il vous pla\u00eet, utilisez votre bon sens.<\/li>\n<\/ul>\n<ul>\n<li style=\"text-align: justify;\">Assurez-vous de ne pas \u00eatre observ\u00e9. Fixez la Lune et permettez \u00e0 toutes vos pens\u00e9es de la journ\u00e9e et \u00e0 votre voyage (qui vous a permis d&rsquo;arriver l\u00e0) de vous quitter et de retourner \u00e0 la terre. Vous pourrez revenir \u00e0 vos responsabilit\u00e9s plus tard. Pour le moment, ne pensez \u00e0 rien d&rsquo;autre qu&rsquo;\u00e0 la Lune ci-dessus. Permettez \u00e0 la lumi\u00e8re de vous inonder. Ressentez combien la qualit\u00e9 de cette froide lumi\u00e8re argent\u00e9e diff\u00e8re de la chaude lumi\u00e8re dor\u00e9e du Soleil direct.<\/li>\n<\/ul>\n<ul>\n<li style=\"text-align: justify;\">Avec l&rsquo;index, vous serez plus \u00e0 l&rsquo;aise pour tracer un cercle autour de vous sur le sol, dans les feuilles ou sur l&rsquo;herbe ou la terre. Visualisez l&rsquo;\u00e9nergie se d\u00e9placer au-dessus et au-dessous de vous comme si vous \u00e9tiez dans une sph\u00e8re. Voyez cette sph\u00e8re comme un contenant et un espace s\u00fbr.<\/li>\n<\/ul>\n<ul>\n<li style=\"text-align: justify;\">Invitez les \u00e9l\u00e9ments.\n<ul>\n<li>Ramassez une poign\u00e9e de terre ou de feuilles mortes. Sentez les feuilles ; ressentez-les.<\/li>\n<li>Prenez trois respirations profondes et pr\u00eatez attention \u00e0 l&rsquo;air, ou ouvrez-vous \u00e0 la brise, bras ouverts.<\/li>\n<li>S&rsquo;il pleut, ressentez la pluie ; attrapez quelques gouttes de pluie avec votre langue. Si vous \u00eates pr\u00eat d&rsquo;un plan d&rsquo;eau, mettez votre main dans l&rsquo;eau et gouttez-en quelques gouttes ; sinon, salivez et d\u00e9glutissez.<\/li>\n<li>Pour le feu, placez vos mains sur votre cou et sentez la chaleur. Sentez le pouls battre dans votre jugulaire ou votre poignet. Vous n&rsquo;\u00eates pas seulement votre plus grand outil ; vous contenez \u00e9galement tous les \u00e9l\u00e9ments.<\/li>\n<\/ul>\n<\/li>\n<\/ul>\n<ul>\n<li style=\"text-align: justify;\">Fixez les \u00e9toiles et le clair de lune. Visualisez-vous heureux et en bonne sant\u00e9. Voyez-vous en train de sourire et satisfait, ayant atteint votre but si vous en avez un sp\u00e9cifique ; sinon soyez simplement dans un \u00e9quilibre heureux. Cr\u00e9ez une boule d&rsquo;\u00e9nergie devant vous en la visualisant venir \u00e0 vous. Regardez la Lune bien haut, au-dessus, de vous et le Clair de Lune descendre, connecter et irradier votre boule d&rsquo;\u00e9nergie de douces \u00e9tincelles resplendissantes de b\u00e9n\u00e9dictions lunaires. Rapportez cette boule en vous-m\u00eame, tout en gardant \u00e0 l&rsquo;esprit votre intention et en vous visualisant dans l&rsquo;\u00e9quilibre, envoyez imm\u00e9diatement l&rsquo;\u00e9nergie enti\u00e8re au sol. Plantez votre d\u00e9sir en terre. Laissez-le partir r\u00e9ellement. J&rsquo;\u00e9prouve, habituellement, un fort picotement ou m\u00eame un frisson lorsque l&rsquo;\u00e9nergie passe \u00e0 la terre, en sortant de moi. Agissez physiquement pour sceller le charme. Vous pourrez taper dans les mains ou utiliser votre index pour dessiner un pentacle ou trois croix (\u00e0 bras \u00e9gaux) dans les airs devant vous ; vous pourrez dire un \u00ab\u00a0Ainsi soit fait !\u00a0\u00bb<\/li>\n<\/ul>\n<ul>\n<li style=\"text-align: justify;\">\u00c0 pr\u00e9sent, asseyez-vous ou penchez-vous et envoyez au sol toute \u00e9nergie subsistante &#8211; mettez votre front sur la terre. Soyez reconnaissant envers l&rsquo;univers et soyez satisfait.<\/li>\n<\/ul>\n<ul>\n<li style=\"text-align: justify;\">D\u00e9faites votre cercle en balayant doucement toutes marques vous aurez laiss\u00e9. Quittez ce lieu sp\u00e9cial et ne regardez pas en arri\u00e8re ! Vous pouvez fixer \u00e0 nouveau la Lune seulement apr\u00e8s que vous ayez quitt\u00e9 le parc ou la clairi\u00e8re. Sachez que votre intention reviendra pour passer par le prochain cycle lunaire.<\/li>\n<\/ul>\n<p style=\"text-align: justify;\">De tous les supports, que ce soient d&rsquo;antiques grimoires, des herbes rares import\u00e9es, ou des outils rituels faits main, il n&rsquo;y a qu&rsquo;un seul outil requis et vraiment n\u00e9cessaire pour faire de la magie. Cet outil, c&rsquo;est vous-m\u00eame.<\/p>\n<p style=\"text-align: justify;\">NdlT : Article provenant du tr\u00e8s bon site \/ e-zine : http:\/\/www.widdershins.org<\/p>\n<p><a href=\"https:\/\/www.le-sidh.org\/wicca\/wp-content\/uploads\/2019\/03\/crystal-ball-enjoyment-girl-1343295-1.jpg\"><img loading=\"lazy\" decoding=\"async\" class=\"size-full wp-image-5421 aligncenter\" src=\"https:\/\/www.le-sidh.org\/wicca\/wp-content\/uploads\/2019\/03\/crystal-ball-enjoyment-girl-1343295-1.jpg\" alt=\"\" width=\"640\" height=\"426\" srcset=\"https:\/\/www.le-sidh.org\/wicca\/wp-content\/uploads\/2019\/03\/crystal-ball-enjoyment-girl-1343295-1.jpg 640w, https:\/\/www.le-sidh.org\/wicca\/wp-content\/uploads\/2019\/03\/crystal-ball-enjoyment-girl-1343295-1-300x200.jpg 300w\" sizes=\"auto, (max-width: 640px) 100vw, 640px\" \/><\/a><\/p>\n","protected":false},"excerpt":{"rendered":"<p>Le Plus Grand Outil Magick : Vous-m\u00eame. Par Blackcat, traduction &amp; adaptation Lune. Le seul outil rituel dont vous avez vraiment besoin, c&rsquo;est vous-m\u00eame. Je sais, vous pensez, \u00ab\u00a0Moi-m\u00eame ? Je ne suis pas un outil rituel ! Un outil rituel, c&rsquo;est un calice, un atham\u00e9, une baguette ou un encensoir\u00a0\u00bb. Bien, ce sont des&#8230;<\/p>\n","protected":false},"author":2,"featured_media":0,"parent":34,"menu_order":0,"comment_status":"closed","ping_status":"closed","template":"silo.php","meta":{"footnotes":""},"class_list":["post-5417","page","type-page","status-publish","hentry"],"_links":{"self":[{"href":"https:\/\/www.le-sidh.org\/wicca\/wp-json\/wp\/v2\/pages\/5417","targetHints":{"allow":["GET"]}}],"collection":[{"href":"https:\/\/www.le-sidh.org\/wicca\/wp-json\/wp\/v2\/pages"}],"about":[{"href":"https:\/\/www.le-sidh.org\/wicca\/wp-json\/wp\/v2\/types\/page"}],"author":[{"embeddable":true,"href":"https:\/\/www.le-sidh.org\/wicca\/wp-json\/wp\/v2\/users\/2"}],"replies":[{"embeddable":true,"href":"https:\/\/www.le-sidh.org\/wicca\/wp-json\/wp\/v2\/comments?post=5417"}],"version-history":[{"count":5,"href":"https:\/\/www.le-sidh.org\/wicca\/wp-json\/wp\/v2\/pages\/5417\/revisions"}],"predecessor-version":[{"id":5924,"href":"https:\/\/www.le-sidh.org\/wicca\/wp-json\/wp\/v2\/pages\/5417\/revisions\/5924"}],"up":[{"embeddable":true,"href":"https:\/\/www.le-sidh.org\/wicca\/wp-json\/wp\/v2\/pages\/34"}],"wp:attachment":[{"href":"https:\/\/www.le-sidh.org\/wicca\/wp-json\/wp\/v2\/media?parent=5417"}],"curies":[{"name":"wp","href":"https:\/\/api.w.org\/{rel}","templated":true}]}}