{"id":5414,"date":"2019-03-21T16:36:31","date_gmt":"2019-03-21T14:36:31","guid":{"rendered":"http:\/\/www.le-sidh.org\/wicca\/?page_id=5414"},"modified":"2021-10-06T09:25:26","modified_gmt":"2021-10-06T07:25:26","slug":"le-grand-sabbat-la-veille-de-tous-les-saints-samhain","status":"publish","type":"page","link":"https:\/\/www.le-sidh.org\/wicca\/sabbats\/samhain\/le-grand-sabbat-la-veille-de-tous-les-saints-samhain\/","title":{"rendered":"Le Grand Sabbat : la Veille de Tous les Saints (Samhain)"},"content":{"rendered":"<p style=\"text-align: justify;\"><strong>Le Grand Sabbat : la Veille de Tous les Saints (Samhain)<\/strong>. Par Janus-Mithras et Mer-Amun, traduction &amp; adaptation Lune.<\/p>\n<p style=\"text-align: justify;\"><a href=\"http:\/\/dreaminghades.com\/wicca-the-ancient-way\/the-grand-sabbath-all-hallows-eve\" target=\"_blank\" rel=\"noopener noreferrer\">Texte extrait du site \u00ab\u00a0Wicca, the Ancient Way\u00a0\u00bb<\/a><\/p>\n<p style=\"text-align: justify;\">Traditionnellement, les Sorci\u00e8res c\u00e9l\u00e8brent 21 f\u00eates au cours de l&rsquo;ann\u00e9e. Il s&rsquo;agit notamment des treize Esbats de Pleine Lune, sacr\u00e9s pour la Grande M\u00e8re, D\u00e9esse de la Lune et pour son apparent Jeu d&rsquo;Amour, Vie et Lumi\u00e8re. \u00c0 cela s&rsquo;ajoutent les 8 Sabbats du cycle annuel, sacr\u00e9s pour le Dieu Cornu. Ils correspondent \u00e9galement aux 8 rayons de la roue des 8 Sentiers qui conduisent au Centre. En d&rsquo;autres mots, chacun de ces 8 sabbats symbolise non seulement une voie vers le d\u00e9veloppement spirituel, mais aussi une \u00e9tape de ce dernier. Bien que les sabbats soient d&rsquo;\u00e9gale importance (ndlt : on fait tout de m\u00eame la distinction entre les sabbats majeurs et mineurs), nous appelons Hallowe&rsquo;en, le Grand Sabbat, et on lui donne davantage la vedette, car il refl\u00e8te plus clairement le message final de la Wicca ; mais aussi parce qu&rsquo;il marque le d\u00e9but de l&rsquo;ann\u00e9e sorci\u00e8re (ndlt : tout d\u00e9pend des traditions, certaines sorci\u00e8res consid\u00e8rent Yule comme \u00e9tant le d\u00e9but de l&rsquo;ann\u00e9e sorci\u00e8re, lors de la renaissance du Soleil). Ext\u00e9rieurement, c&rsquo;est le moment durant lequel la nature meurt et s&rsquo;endort, alors qu&rsquo;un autre monde commence \u00e0 s&rsquo;ouvrir. Int\u00e9rieurement, c&rsquo;est le temps de la r\u00e9flexion, de l&rsquo;introspection, du voyage mystique vers la Source de toutes choses.<\/p>\n<p style=\"text-align: justify;\">Le Grand Sabbat est c\u00e9l\u00e9br\u00e9 au moment de l&rsquo;ann\u00e9e durant lequel la nature semble s&rsquo;endormir et mourir. Les gens tendent \u00e0 se tourner vers des activit\u00e9s plus paisibles telles que la lecture ou l&rsquo;\u00e9tude. Un sentiment de m\u00e9lancolie et le choc du changement emplissent l&rsquo;air. Dans les for\u00eats, les arbres, dont les feuilles ont chang\u00e9 de couleur au Sabbat pr\u00e9c\u00e9dent l\u2019\u00c9quinoxe d&rsquo;Automne, les ont \u00e0 pr\u00e9sent toutes perdues, et se tiennent nus et gris, r\u00e9v\u00e9lant leurs squelettes, la forme cach\u00e9e de toutes choses. La s\u00e8ve est descendue dans les racines et la croissance est \u00e0 son point minimum. Les animaux de toutes sortes ont eux aussi entam\u00e9 leur mode de vie hivernale ; certains s&rsquo;installent parmi les feuilles et bois morts pour un long et profond sommeil, d&rsquo;autres modifient leur r\u00e9gime alimentaire, leur m\u00e9tabolisme et ils leur poussent une nouvelle fourrure bien \u00e9paisse. Les oiseaux de l&rsquo;\u00e9t\u00e9 s&rsquo;en sont all\u00e9s, \u00e0 l&rsquo;exception de quelques-uns, et les premi\u00e8res chutes de neige sont un doux avertissement pour la saison \u00e0 venir. La nourriture se fait \u00e0 pr\u00e9sent rare, le Dieu de la Mort fait tournoyer sa Puissante Faucille lors du froid des premi\u00e8res neiges, et des millions de plantes, d&rsquo;insectes et d&rsquo;animaux meurent. Comme la s\u00e8ve dans les arbres, tout semble devoir se tourner vers l&rsquo;int\u00e9rieur, se retirer, abandonner le monde ext\u00e9rieur des apparences. La nature enti\u00e8re s&rsquo;estompe et on ne peut l&rsquo;aider, seulement ressentir l&rsquo;aspect transitoire, semblable \u00e0 un r\u00eave, des choses. Le monde est devenu un lieu o\u00f9 seule la Conscience r\u00e8gne, constante, sur un monde de grand changement, de transformation, de mort, qui a gliss\u00e9 dans le plus profond sommeil : c&rsquo;est le Royaume du Grand Cornu.<\/p>\n<p style=\"text-align: justify;\">Tandis que la nature s&rsquo;endort, il semble que la voile entre ce monde et celui des r\u00eaves, des esprits et des ombres, s&rsquo;amenuise et une sorte de zone n\u00e9buleuse s&rsquo;ouvre entre eux. Un manteau de calme et \u00e9tonnante r\u00e9flexion recouvre le monde, et nous pouvons sentir la pr\u00e9sence de nos chers disparus. \u00c0 ce moment, certains d&rsquo;entre nous peuvent sentir et voir le grand et joyeux exode des \u00e2mes qui s&rsquo;envolent \u00e0 travers les airs, depuis l&rsquo;Est vers l&rsquo;Ouest, avec \u00e0 sa t\u00eate le Cornu, Dieu de la Grande Chasse : la Grande Chasse de Naissance et de Mort et de Renaissance, de la nuit et du jour et de la transformation permanente de toutes choses.<\/p>\n<p style=\"text-align: justify;\">Pour les Wicca , \u00ab Le Jour de Toutes les \u00c2mes \u00bb n&rsquo;est pas un jour de tristesse et de deuil, mais un jour de c\u00e9l\u00e9bration et de r\u00e9jouissance pour les innombrables millions d&rsquo;\u00eatres qui, en mourant, tournent leur attention vers l&rsquo;int\u00e9rieur, en un hommage inconscient \u00e0 la Source de toutes choses, le ventre de la Grande M\u00e8re. \u00ab Inconscient \u00bb, parce que c&rsquo;est aussi le temps de la peur et de la tristesse pour ceux qui ne savent pas cela, et il est \u00e9galement de coutume parmi les Wicca de faire d&rsquo;affectueuses offrandes aux esprits de toutes sortes (Trick or Treat, un bonbon ou un mauvais tour !), des offrandes d&rsquo;Amour et de Paix et de Vitalit\u00e9 dans le but de les calmer, de les r\u00e9conforter et de les guider.<\/p>\n<p style=\"text-align: justify;\">Lors de cette nuit, le Chaudron est allum\u00e9 pour la premi\u00e8re fois de la Nouvelle Ann\u00e9e et toutes les d\u00e9corations d\u00e9di\u00e9es aux rites sont des symboles sacr\u00e9s pour le Dieu Cornu : pommes de pin, branches de pin, feuilles de ch\u00eane et de lierre. Cette nuit-l\u00e0, on d\u00e9pose sur l&rsquo;autel une bougie suppl\u00e9mentaire, une grande bougie rouge, la lumi\u00e8re permanente de la Conscience, l&rsquo;Oeil Sans Repos (<em>eye<\/em> en anglais \u2013 Aayin \u2013 Tarot XV, le Dieu Cornu), qui ne cligne jamais, comme l\u2019\u0153il d&rsquo;un poisson (poisson \u2013 Nun \u2013 Scorpion, 21 octobre \u2013 21 novembre \u2013 Tarot XIII, Mort). C&rsquo;est le Feu de l\u2019\u0153il de la Sagesse, l\u2019\u0153il qui br\u00fble et d\u00e9truit toute illusion et toutes Ombres.<\/p>\n<blockquote>\n<p style=\"text-align: justify;\">\u201cLet the Pumpkins candle glare,<br \/>\nBurn the evil from the air,<br \/>\nIn the darkness, EVERYWHERE!\u201d<\/p>\n<p style=\"text-align: justify;\">\u201cQue brillent les bougies des Citrouilles,<br \/>\nBr\u00fble le mal dans les airs,<br \/>\nDans l&rsquo;obscurit\u00e9, PARTOUT !\u201d<\/p>\n<p style=\"text-align: justify;\">(Hallowe\u2019en Chant)<\/p>\n<p style=\"text-align: justify;\">\u201cAnd after all the phantoms are banished,<br \/>\nThou shalt see that Holy and Formless Fire,<br \/>\nThat Fire which darts and flashes<br \/>\nTo the Ends of the Universe\u2026\u201d<\/p>\n<p style=\"text-align: justify;\">\u201cEt apr\u00e8s que tous les fant\u00f4mes furent bannis,<br \/>\nTu verras ce Feu sacr\u00e9 et sans forme,<br \/>\nCe Feu qui p\u00e9tille et flamboie<br \/>\nJusqu&rsquo;aux Confins de l&rsquo;Univers\u2026\u201d<\/p>\n<p style=\"text-align: justify;\">(Chaldean Oracles)<\/p>\n<\/blockquote>\n<p style=\"text-align: justify;\">Il s&rsquo;agit du Feu de la Sagesse qui remplit le Chaudron, l&rsquo;ut\u00e9rus de l&rsquo;Espace-M\u00e8re Universel.<\/p>\n<p style=\"text-align: justify;\">\u00c0 ce Sabbat, le Cornu r\u00e8gne en Ma\u00eetre. C&rsquo;est seulement lors de ce Sabbat qu&rsquo;Elle s&rsquo;agenouille \u00e0 Ses pieds pour recevoir Sa b\u00e9n\u00e9diction. C&rsquo;est la nuit de l&rsquo;Initiation Supr\u00eame lorsque la Mort et la Tristesse ont atteint leur summum, alors Notre Dame, saisie par la compassion, descend par les Sept Portes des Enfers, retire Ses Sept Voiles, dont sa Couronne elle-m\u00eame, les Lui donne, et enfin capitule puis s&rsquo;agenouille aux pieds de La Mort Lui-M\u00eame (ndlt : La Mort est masculine, puisqu&rsquo;il s&rsquo;agit du Dieu lui-m\u00eame), pour recevoir les coups du Fouet de la Souffrance.<\/p>\n<blockquote>\n<p style=\"text-align: justify;\">\u201c Es-tu pr\u00eate \u00e0 souffrir pour apprendre ? \u201d<\/p>\n<p style=\"text-align: justify;\">(Book of Shadows)<\/p>\n<\/blockquote>\n<p style=\"text-align: justify;\">Au cours de cette p\u00e9riode, le Soleil est en Scorpion, ce qui signifie Mort et Transformation. Le signe est r\u00e9gi par Mars (Mars \u2013 Peh \u2013 Tarot XVI, la Tour Foudroy\u00e9e) et comme la Tour Foudroy\u00e9e, le Fouet (ou escourge, tir\u00e9 du mot latin \u201cex-corrigia\u201d, qui veut dire \u201cbriser les cha\u00eenes et les liens\u201d) nous enseigne que par la Loi du Destin ou le Karma, toutes choses doivent changer et mourir, et que la douleur provient des cha\u00eenes qui nous attachent aux choses \u00e9ph\u00e9m\u00e8res et illusoires :<\/p>\n<p style=\"text-align: justify;\">[Ndlt : j&rsquo;ajoute le d\u00e9but de la phrase qui n&rsquo;appara\u00eet pas dans le texte de base, pour que cela soit compr\u00e9hensible : \u201cL\u2019Existence est pure joie, toutes les exp\u00e9riences sont des sacrements,]<\/p>\n<blockquote>\n<p style=\"text-align: justify;\">\u201cTous les chagrins ne sont que des ombres,<br \/>\nqui passent et prennent fin,<br \/>\net c&rsquo;est tout Ce qui reste.\u201d<\/p>\n<\/blockquote>\n<p style=\"text-align: justify;\">Comme le voile entre la Vie et la Mort s&rsquo;amenuise et devient transparent pour l\u2019\u0153il des Sages (Wicca), il devient plus facile de voir \u00ab Ce qui reste \u00bb. Nous pouvons comprendre plus pleinement le vrai sens du collier aux quarante perles d&rsquo;Ambre (orange) et de Jais (noir) de la D\u00e9esse. Ainsi, c&rsquo;est au cours de cette nuit, qu&rsquo;est conduite la Danse en Cercle avec le Stang (ndlt : b\u00e2ton fourchu), dont les deux dents de la fourche r\u00e9sultent du simple B\u00e2ton de la Conscience.<\/p>\n<p style=\"text-align: justify;\">Pour la Sorci\u00e8re, la Mort et la Renaissance sont synonymes1. Et c&rsquo;est pourquoi Hallowe\u2019en est une p\u00e9riode de Grande R\u00e9jouissance, car le d\u00e9but d&rsquo;une nouvelle vie, d&rsquo;une nouvelle existence, commence par le voyage int\u00e9rieur, pour revenir \u00e0 la Source de toutes choses. Ce retour vers l&rsquo;int\u00e9rieur, cette introspection, le fait de briser des cha\u00eenes, des habitudes et des compulsions, le fait de br\u00fbler d\u00e9finitivement les ombres de l&rsquo;ignorance et de retourner vers la V\u00e9rit\u00e9 et la Sagesse sont un authentique message et le sens ultime de la Wicca. C&rsquo;est de cela qu\u2019il s&rsquo;agit lors de ce Sabbat. C&rsquo;est ainsi qu&rsquo;on l&rsquo;appelle si justement, le Grand Sabbat.<\/p>\n<blockquote>\n<p style=\"text-align: justify;\">\u201cCe qui jamais ne naquit, jamais ne meurt,<br \/>\nainsi les Sages ne pleurent pas, mais se r\u00e9jouissent. \u00bb<\/p>\n<p style=\"text-align: justify;\">(Book of Shadows)<\/p>\n<\/blockquote>\n<p style=\"text-align: justify;\">\u2014-<\/p>\n<p style=\"text-align: justify;\">1 Deux excellentes lectures sur le v\u00e9ritable sens de la mort : \u201cDeath\u201d et \u201cNothingness\u201d d&rsquo;Alan Watts, tir\u00e9es de : \u201cEssense of Alan Watts Series,\u201d Celestial Arts, 231 Adrian Road, Millbrae, California 94030.<\/p>\n","protected":false},"excerpt":{"rendered":"<p>Le Grand Sabbat : la Veille de Tous les Saints (Samhain). Par Janus-Mithras et Mer-Amun, traduction &amp; adaptation Lune. Texte extrait du site \u00ab\u00a0Wicca, the Ancient Way\u00a0\u00bb Traditionnellement, les Sorci\u00e8res c\u00e9l\u00e8brent 21 f\u00eates au cours de l&rsquo;ann\u00e9e. Il s&rsquo;agit notamment des treize Esbats de Pleine Lune, sacr\u00e9s pour la Grande M\u00e8re, D\u00e9esse de la Lune&#8230;<\/p>\n","protected":false},"author":2,"featured_media":5416,"parent":57,"menu_order":0,"comment_status":"closed","ping_status":"closed","template":"silo.php","meta":{"footnotes":""},"class_list":["post-5414","page","type-page","status-publish","has-post-thumbnail","hentry"],"_links":{"self":[{"href":"https:\/\/www.le-sidh.org\/wicca\/wp-json\/wp\/v2\/pages\/5414","targetHints":{"allow":["GET"]}}],"collection":[{"href":"https:\/\/www.le-sidh.org\/wicca\/wp-json\/wp\/v2\/pages"}],"about":[{"href":"https:\/\/www.le-sidh.org\/wicca\/wp-json\/wp\/v2\/types\/page"}],"author":[{"embeddable":true,"href":"https:\/\/www.le-sidh.org\/wicca\/wp-json\/wp\/v2\/users\/2"}],"replies":[{"embeddable":true,"href":"https:\/\/www.le-sidh.org\/wicca\/wp-json\/wp\/v2\/comments?post=5414"}],"version-history":[{"count":3,"href":"https:\/\/www.le-sidh.org\/wicca\/wp-json\/wp\/v2\/pages\/5414\/revisions"}],"predecessor-version":[{"id":9601,"href":"https:\/\/www.le-sidh.org\/wicca\/wp-json\/wp\/v2\/pages\/5414\/revisions\/9601"}],"up":[{"embeddable":true,"href":"https:\/\/www.le-sidh.org\/wicca\/wp-json\/wp\/v2\/pages\/57"}],"wp:featuredmedia":[{"embeddable":true,"href":"https:\/\/www.le-sidh.org\/wicca\/wp-json\/wp\/v2\/media\/5416"}],"wp:attachment":[{"href":"https:\/\/www.le-sidh.org\/wicca\/wp-json\/wp\/v2\/media?parent=5414"}],"curies":[{"name":"wp","href":"https:\/\/api.w.org\/{rel}","templated":true}]}}