{"id":5046,"date":"2019-03-14T09:51:14","date_gmt":"2019-03-14T07:51:14","guid":{"rendered":"http:\/\/www.le-sidh.org\/wicca\/?page_id=5046"},"modified":"2019-03-15T16:24:22","modified_gmt":"2019-03-15T14:24:22","slug":"sabbat-dostara-lequinoxe-de-printemps","status":"publish","type":"page","link":"https:\/\/www.le-sidh.org\/wicca\/sabbats\/ostara\/sabbat-dostara-lequinoxe-de-printemps\/","title":{"rendered":"Sabbat d&rsquo;Ostara, l&rsquo;\u00e9quinoxe de printemps"},"content":{"rendered":"<p style=\"text-align: justify;\"><em>Tir\u00e9 du livre \u00ab\u00a0<\/em>Cunningham\u2019s book <em> of shadows, the path of an American Traditionalist\u00a0\u00bb, par Scott Cunningham. Traduit et adapt\u00e9 par Lune. <\/em><\/p>\n<p style=\"text-align: justify;\"><a href=\"https:\/\/www.le-sidh.org\/wicca\/pratiques-rituelles-sorcieres\/rituels-divers-et-bases\/projeter-et-dissiper-le-cercle-magique-cunningham\/\" target=\"_blank\" rel=\"noopener noreferrer\">Formez le Cercle de Pierres<\/a>.<\/p>\n<p style=\"text-align: justify;\">La grande pr\u00eatresse allume un feu dans le chaudron, en disant en m\u00eame temps :<\/p>\n<p><strong>\u00ab J&rsquo;allume ce feu en ce jour ! En pr\u00e9sence des Puissants, <\/strong><strong>Sans m\u00e9chancet\u00e9, sans jalousie, sans envie. Sans rien craindre sous le soleil. Hormis les Grands Dieux.<\/strong><\/p>\n<p><strong>Nous T\u2019invoquons : \u00f4 lumi\u00e8re de vie ; Sois une brillante flamme devant nous ; Sois l&rsquo;\u00e9toile au-dessus de nos t\u00eates qui nous guide ; Sois un chemin sans emb\u00fbche sous nos pas. <\/strong><\/p>\n<p><strong>Allume au plus profond de nos c\u0153urs une flamme d\u2019amour pour notre prochain, Pour nos ennemis, pour nos amis, pour tous nos semblables : Pour tous sur cette vaste Terre. <\/strong><\/p>\n<p><strong>\u00d4 fils mis\u00e9ricordieux de Diane, De la moindre cr\u00e9ature vivante, Au plus grand nom de tous, Dryghtyn<\/strong><sup><a class=\"sdendnoteanc\" href=\"#sdendnote1sym\" name=\"sdendnote1anc\">1<\/a><\/sup><strong>. \u00bb<\/strong><\/p>\n<p style=\"text-align: justify;\">Tous sautent par-dessus le chaudron, si cela est possible.<\/p>\n<p style=\"text-align: justify;\">Les g\u00e2teaux et le vin.<\/p>\n<p style=\"text-align: justify;\"><a href=\"https:\/\/www.le-sidh.org\/wicca\/pratiques-rituelles-sorcieres\/rituels-divers-et-bases\/projeter-et-dissiper-le-cercle-magique-cunningham\/\" target=\"_blank\" rel=\"noopener noreferrer\">R\u00e9voquez le Cercle des Pierres<\/a>.<\/p>\n<p style=\"text-align: justify;\">Festin et jeux suivent, si d\u00e9sir\u00e9s.<\/p>\n<p style=\"text-align: justify;\"><a class=\"sdendnotesym\" href=\"#sdendnote1anc\" name=\"sdendnote1sym\">1<\/a> NdlT : <a href=\"https:\/\/www.le-sidh.org\/wicca\/livres-des-ombres-gardnerien\/le-livre-des-ombres-de-1957\/les-rituels-de-sabbat-equinoxe-de-printemps\/\" target=\"_blank\" rel=\"noopener noreferrer\">Il s&rsquo;agit du rituel de la wicca traditionnelle qui a subi une l\u00e9g\u00e8re variation<\/a>.<\/p>\n<p><a href=\"https:\/\/www.le-sidh.org\/wicca\/wp-content\/uploads\/2019\/03\/easter-egg-egg-leaf-1212235.jpg\"><img loading=\"lazy\" decoding=\"async\" class=\"size-full wp-image-5165 alignnone\" src=\"https:\/\/www.le-sidh.org\/wicca\/wp-content\/uploads\/2019\/03\/easter-egg-egg-leaf-1212235.jpg\" alt=\"\" width=\"640\" height=\"426\" srcset=\"https:\/\/www.le-sidh.org\/wicca\/wp-content\/uploads\/2019\/03\/easter-egg-egg-leaf-1212235.jpg 640w, https:\/\/www.le-sidh.org\/wicca\/wp-content\/uploads\/2019\/03\/easter-egg-egg-leaf-1212235-300x200.jpg 300w\" sizes=\"auto, (max-width: 640px) 100vw, 640px\" \/><\/a><\/p>\n","protected":false},"excerpt":{"rendered":"<p>Tir\u00e9 du livre \u00ab\u00a0Cunningham\u2019s book of shadows, the path of an American Traditionalist\u00a0\u00bb, par Scott Cunningham. Traduit et adapt\u00e9 par Lune. Formez le Cercle de Pierres. La grande pr\u00eatresse allume un feu dans le chaudron, en disant en m\u00eame temps : \u00ab J&rsquo;allume ce feu en ce jour ! En pr\u00e9sence des Puissants, Sans m\u00e9chancet\u00e9,&#8230;<\/p>\n","protected":false},"author":2,"featured_media":0,"parent":76,"menu_order":0,"comment_status":"closed","ping_status":"closed","template":"silo.php","meta":{"footnotes":""},"class_list":["post-5046","page","type-page","status-publish","hentry"],"_links":{"self":[{"href":"https:\/\/www.le-sidh.org\/wicca\/wp-json\/wp\/v2\/pages\/5046","targetHints":{"allow":["GET"]}}],"collection":[{"href":"https:\/\/www.le-sidh.org\/wicca\/wp-json\/wp\/v2\/pages"}],"about":[{"href":"https:\/\/www.le-sidh.org\/wicca\/wp-json\/wp\/v2\/types\/page"}],"author":[{"embeddable":true,"href":"https:\/\/www.le-sidh.org\/wicca\/wp-json\/wp\/v2\/users\/2"}],"replies":[{"embeddable":true,"href":"https:\/\/www.le-sidh.org\/wicca\/wp-json\/wp\/v2\/comments?post=5046"}],"version-history":[{"count":7,"href":"https:\/\/www.le-sidh.org\/wicca\/wp-json\/wp\/v2\/pages\/5046\/revisions"}],"predecessor-version":[{"id":5166,"href":"https:\/\/www.le-sidh.org\/wicca\/wp-json\/wp\/v2\/pages\/5046\/revisions\/5166"}],"up":[{"embeddable":true,"href":"https:\/\/www.le-sidh.org\/wicca\/wp-json\/wp\/v2\/pages\/76"}],"wp:attachment":[{"href":"https:\/\/www.le-sidh.org\/wicca\/wp-json\/wp\/v2\/media?parent=5046"}],"curies":[{"name":"wp","href":"https:\/\/api.w.org\/{rel}","templated":true}]}}