{"id":4741,"date":"2019-03-03T14:10:22","date_gmt":"2019-03-03T12:10:22","guid":{"rendered":"http:\/\/www.le-sidh.org\/wicca\/?page_id=4741"},"modified":"2019-03-03T14:14:51","modified_gmt":"2019-03-03T12:14:51","slug":"le-sortilege-du-coven","status":"publish","type":"page","link":"https:\/\/www.le-sidh.org\/wicca\/liber-umbrarum\/le-sortilege-du-coven\/","title":{"rendered":"Le sortil\u00e8ge du coven"},"content":{"rendered":"<p style=\"text-align: justify;\"><strong>Extrait du <a href=\"https:\/\/www.le-sidh.org\/wicca\/liber-umbrarum\/\" target=\"_blank\" rel=\"noopener noreferrer\">Liber Umbrarum<\/a>, de<\/strong><strong> Doreen Valiente. Traduction &amp; adaptation Fingen. <\/strong><\/p>\n<p style=\"text-align: justify;\"><strong>Le sortil\u00e8ge du Coven<\/strong><\/p>\n<p style=\"text-align: justify;\">Le sortil\u00e8ge du Coven est un travail magique effectu\u00e9 \u00e0 l&rsquo;int\u00e9rieur du cercle par le Coven constitu\u00e9. Il peut se r\u00e9sumer comme un accumulateur de volont\u00e9s, chaque personne pr\u00e9sente visualisant ce que le Coven souhaite r\u00e9aliser, en se concentrant dessus et en voulant que cela se produise.<\/p>\n<p style=\"text-align: justify;\">\u00c9videmment, l\u2019objet du rituel doit \u00eatre d\u00e9cid\u00e9 \u00e0 l\u2019avance et tout le monde doit valider ce qui doit \u00eatre fait pour le concr\u00e9tiser. Ils doivent \u00eatre s\u00e9rieux et garder tout le temps leur esprit concentr\u00e9 sur leur objectif pendant l&rsquo;ex\u00e9cution du sort. Le pouvoir de la pens\u00e9e est une force r\u00e9elle et tr\u00e8s puissante, pour le meilleur ou pour le pire. La visualisation, r\u00e9elle ou symbolique, de l\u2019objectif, peut grandement faciliter le travail.<\/p>\n<p style=\"text-align: justify;\">Le cercle est form\u00e9 de la mani\u00e8re habituelle, et si le rassemblement tombe sur un Esbat ou un Sabbat, le rituel ad\u00e9quat doit \u00eatre effectu\u00e9, comme indiqu\u00e9 plus avant. Puis, lorsque le moment du travail magique arrive, les membres du Coven s&rsquo;assoient en tailleur en \u00e9pousant la g\u00e9om\u00e9trie du cercle, homme et femme en alternance, et joignent leurs mains. Le leader est assis au centre, dos \u00e0 l&rsquo;autel, de sorte que la lumi\u00e8re de l&rsquo;autel illumine le livre des ombres et en permette la lecture. Le Coven doit \u00eatre assis de la mani\u00e8re la plus pratique en fonction du nombre de personnes pr\u00e9sentes. S&rsquo;il y a assez de membres pour faire un cercle complet, tant mieux. Sinon, laissez-les former un demi-cercle face au leader.<\/p>\n<p style=\"text-align: justify;\">Si le rassemblement n\u2019est pas un jour de Sabbat ou d\u2019Esbat, alors un rituel devra \u00eatre r\u00e9alis\u00e9 en pr\u00e9ambule pour que le Coven soit dans les conditions d\u2019un travail magique et pour augmenter le pouvoir. Faites au moins la ronde, puis la communion des cinq sens. Il est \u00e9galement pr\u00e9f\u00e9rable, \u00e0 chaque occasion, de proclamer l\u2019objet du rituel \u00e0 l\u2019avance afin que tout le monde ait l\u2019esprit clair avant de s\u2019asseoir pour se concentrer comme d\u00e9crit ci-dessus.<\/p>\n<p style=\"text-align: justify;\">Pour cela, le leader doit faire le tour du cercle dans le sens des aiguilles d\u2019une montre en portant la baguette phallique. Le Coven se forme, homme et femme altern\u00e9s, et suit le leader en suivant d\u00e9lib\u00e9r\u00e9ment le cercle. En commen\u00e7ant \u00e0 l&rsquo;est, le leader l\u00e8ve la baguette phallique \u00e0 chacun des quatre quartiers, en disant \u00e0 chaque fois : <em>\u00ab\u00a0\u00d4 esprits gardiens de l\u2019autre monde, nous effectuons ce rituel _____.\u00a0\u00bb<\/em> (en proclamant l&rsquo;objet du rituel).<\/p>\n<p style=\"text-align: justify;\">Ce parcours dans le cercle s\u2019appelle \u00ab\u00a0circumambulation\u00a0\u00bb. C&rsquo;est diff\u00e9rent de la joie sauvage de la ronde. Il est l\u00e9ger, mais utile, un peu comme un jeu de traqueur-chasseur. Les magiciens c\u00e9r\u00e9moniels, ainsi que les sorci\u00e8res, l&rsquo;utilisent dans leurs rituels. Aleister Crowley l&rsquo;a d\u00e9crit comme \u00ab\u00a0le pas du tigre qui traque le cerf\u00a0\u00bb. Il est parfois ex\u00e9cut\u00e9 en battant la mesure avec un petit tambour. Il est ainsi effectu\u00e9 \u00e0 moiti\u00e9 d&rsquo;un pas cadenc\u00e9 et \u00e0 moiti\u00e9 dans\u00e9.<\/p>\n<p style=\"text-align: justify;\">Il est ainsi \u00e0 moiti\u00e9 rythm\u00e9 et \u00e0 moiti\u00e9 dans\u00e9. Une fois que le but du rite a \u00e9t\u00e9 proclam\u00e9, le Coven peut continuer \u00e0 faire le tour du cercle pendant un moment si le leader le souhaite, afin d\u2019accumuler plus de pouvoir et avant de s\u2019asseoir pour se concentrer de la mani\u00e8re d\u00e9crite ci-dessus.<\/p>\n<p style=\"text-align: justify;\">Lorsqu&rsquo;ils s\u2019assoient les jambes crois\u00e9es dans le cercle, ils peuvent placer une bougie allum\u00e9e au centre pour indiquer le point sur lequel se concentrer. Une bougie lourde et courte est pr\u00e9f\u00e9rable, avec la lumi\u00e8re pr\u00e8s du sol. Elle doit \u00eatre allum\u00e9e avant le d\u00e9but du sortil\u00e8ge du Coven et \u00e9teint \u00e0 la fin de celui-ci.<\/p>\n<p style=\"text-align: justify;\">Le leader lit le sortil\u00e8ge du Coven depuis le livre des ombres et une fois encore le battement du petit tambour peut \u00eatre utilis\u00e9 pour accompagner le travail si le leader a un assistant capable de le faire. Bien s\u00fbr, un leader exp\u00e9riment\u00e9 conna\u00eetra rapidement le sortil\u00e8ge par c\u0153ur et pourra ensuite s\u2019accompagner lui-m\u00eame de battements de tambour ou de mains. Chaque fois que la phrase : <em>\u00ab\u00a0Nous chantons le sortil\u00e8ge, et ainsi soit-il !\u00a0\u00bb<\/em> est prononc\u00e9e, tout le Coven se joint au leader. Ils doivent \u00eatre au courant afin qu&rsquo;ils sachent quoi faire. Ils vont bient\u00f4t commencer \u00e0 se balancer spontan\u00e9ment au rythme du chant ; le tout devrait \u00eatre r\u00e9alis\u00e9 en rythme.<\/p>\n<p style=\"text-align: justify;\">Le sortil\u00e8ge :<\/p>\n<blockquote>\n<p style=\"text-align: justify;\">O Anciens des cieux, de la terre et de la mer,<br \/>\nNous chantons le sortil\u00e8ge du Coven, et ainsi soit-il !<br \/>\n\u00c0 la musique du vent nocturne qui souffle librement,<br \/>\nNous chantons le sortil\u00e8ge du Coven, et ainsi soit-il !<br \/>\nLe hibou hulule dans l\u2019arbre creux,<br \/>\nLe chat noir court la nuit et en silence,<br \/>\nLe crapaud demeure secr\u00e8tement sous la pierre.<br \/>\nNous chantons le sortil\u00e8ge du Coven, et ainsi soit-il !<br \/>\n\u00c0 la lune qui dirige les mar\u00e9es de l\u2019air et de la mer,<br \/>\nNous chantons le sortil\u00e8ge du Coven, et ainsi soit-il !<br \/>\nAu Dieu qui se cache sous l&rsquo;arbre de la verdoyante for\u00eat,<br \/>\nNous chantons le sortil\u00e8ge du Coven, et ainsi soit-il !<br \/>\nPar la jarreti\u00e8re des sorci\u00e8res nou\u00e9e au genou,<br \/>\nPar le b\u00e2ton et le chaudron et tous les pouvoirs en place,<br \/>\nNous accomplissons le but qu\u2019en esprit nous voyons,<br \/>\nNous chantons le sortil\u00e8ge du Coven, et ainsi soit-il !<\/p>\n<\/blockquote>\n<p style=\"text-align: justify;\">(\u00c0 ce stade, tous restent assis en silence pendant un moment, se concentrant avec force et visualisant le but du rituel. Le leader reprend alors le chant).<\/p>\n<blockquote>\n<p style=\"text-align: justify;\">Le sort s\u2019\u00e9coule comme la mer,<br \/>\nLe sort grandit tel l\u2019arbre,<br \/>\nTelle la flamme qui br\u00fble et flamboie librement.<br \/>\nNous chantons le sortil\u00e8ge, et ainsi soit-il !<br \/>\nNous chantons le sortil\u00e8ge, et ainsi soit-il !<br \/>\nNous chantons le sortil\u00e8ge, et ainsi soit-il !<br \/>\nIL EN EST AINSI !<\/p>\n<\/blockquote>\n<p style=\"text-align: justify;\">A la deuxi\u00e8me et troisi\u00e8me r\u00e9p\u00e9tition de <em>\u00ab\u00a0nous chantons le sortil\u00e8ge, et ainsi soit-il !\u00a0\u00bb<\/em> le Coven se joint au leader et \u00e0 la fin tout le monde crie haut et clair :<em> \u00ab\u00a0c\u2019est fait\u00a0\u00bb<\/em> et tape dans ses mains. \u00c0 ce stade, vous lib\u00e9rez le sort dans le plan astral. Laissez-le aller et n&rsquo;y r\u00e9fl\u00e9chissez plus pour le moment, ne sp\u00e9culez pas non plus pour savoir si cela fonctionne. Sinon vous serez comme un homme qui plante une graine, puis qui creuse continuellement pour v\u00e9rifier si elle pousse ou pas.<\/p>\n<p style=\"text-align: justify;\">Pour des sujets importants ou difficiles, toutefois, le sort peut \u00eatre r\u00e9p\u00e9t\u00e9 \u00e0 trois reprises. Il est inhabituel qu&rsquo;un sort soit r\u00e9p\u00e9t\u00e9 plus de trois fois, bien que cela soit parfois le cas ; mais il est g\u00e9n\u00e9ralement pr\u00e9f\u00e9rable de laisser tomber si un sort a \u00e9t\u00e9 effectu\u00e9 trois fois. Reprenez le plus tard si n\u00e9cessaire.<\/p>\n<p style=\"text-align: justify;\">Bien entendu, le cercle devrait \u00eatre ferm\u00e9 de la mani\u00e8re habituelle \u00e0 la fin de ce travail.<\/p>\n<p><em>Extrait de \u00ab Witchcraft for Tomorrow \u00bb, \u00e9ditions Pho\u00e9nix.<\/em><\/p>\n","protected":false},"excerpt":{"rendered":"<p>Extrait du Liber Umbrarum, de Doreen Valiente. Traduction &amp; adaptation Fingen. Le sortil\u00e8ge du Coven Le sortil\u00e8ge du Coven est un travail magique effectu\u00e9 \u00e0 l&rsquo;int\u00e9rieur du cercle par le Coven constitu\u00e9. Il peut se r\u00e9sumer comme un accumulateur de volont\u00e9s, chaque personne pr\u00e9sente visualisant ce que le Coven souhaite r\u00e9aliser, en se concentrant dessus&#8230;<\/p>\n","protected":false},"author":2,"featured_media":4756,"parent":3939,"menu_order":18,"comment_status":"closed","ping_status":"closed","template":"silo.php","meta":{"footnotes":""},"class_list":["post-4741","page","type-page","status-publish","has-post-thumbnail","hentry"],"_links":{"self":[{"href":"https:\/\/www.le-sidh.org\/wicca\/wp-json\/wp\/v2\/pages\/4741","targetHints":{"allow":["GET"]}}],"collection":[{"href":"https:\/\/www.le-sidh.org\/wicca\/wp-json\/wp\/v2\/pages"}],"about":[{"href":"https:\/\/www.le-sidh.org\/wicca\/wp-json\/wp\/v2\/types\/page"}],"author":[{"embeddable":true,"href":"https:\/\/www.le-sidh.org\/wicca\/wp-json\/wp\/v2\/users\/2"}],"replies":[{"embeddable":true,"href":"https:\/\/www.le-sidh.org\/wicca\/wp-json\/wp\/v2\/comments?post=4741"}],"version-history":[{"count":6,"href":"https:\/\/www.le-sidh.org\/wicca\/wp-json\/wp\/v2\/pages\/4741\/revisions"}],"predecessor-version":[{"id":4755,"href":"https:\/\/www.le-sidh.org\/wicca\/wp-json\/wp\/v2\/pages\/4741\/revisions\/4755"}],"up":[{"embeddable":true,"href":"https:\/\/www.le-sidh.org\/wicca\/wp-json\/wp\/v2\/pages\/3939"}],"wp:featuredmedia":[{"embeddable":true,"href":"https:\/\/www.le-sidh.org\/wicca\/wp-json\/wp\/v2\/media\/4756"}],"wp:attachment":[{"href":"https:\/\/www.le-sidh.org\/wicca\/wp-json\/wp\/v2\/media?parent=4741"}],"curies":[{"name":"wp","href":"https:\/\/api.w.org\/{rel}","templated":true}]}}