{"id":4189,"date":"2019-02-18T12:01:12","date_gmt":"2019-02-18T10:01:12","guid":{"rendered":"http:\/\/www.le-sidh.org\/wicca\/?page_id=4189"},"modified":"2019-02-18T12:02:56","modified_gmt":"2019-02-18T10:02:56","slug":"notes-a-propos-de-linitiation-au-sein-du-coven","status":"publish","type":"page","link":"https:\/\/www.le-sidh.org\/wicca\/liber-umbrarum\/notes-a-propos-de-linitiation-au-sein-du-coven\/","title":{"rendered":"Notes \u00e0 propos de l&rsquo;initiation au sein du coven"},"content":{"rendered":"<p style=\"text-align: justify;\"><strong>Extrait du <a href=\"https:\/\/www.le-sidh.org\/wicca\/liber-umbrarum\/\" target=\"_blank\" rel=\"noopener\">Liber Umbrarum<\/a>, de<\/strong><strong> Doreen Valiente. Traduction &amp; adaptation Lune. <\/strong><\/p>\n<p><strong>Notes<\/strong><\/p>\n<p style=\"text-align: justify;\">Si l&rsquo;initiation est celle de votre premier partenaire magique, homme ou femme, alors le rite devrait certainement se conclure par un rapport intime dans le cercle ; car il est pr\u00e9f\u00e9rable que les partenaires soient amants s&rsquo;ils veulent pouvoir \u0153uvrer ensemble \u00e0 la v\u00e9ritable magie.<\/p>\n<p style=\"text-align: justify;\">Toutefois, hormis ceci, personne ne devrait avoir de relations intimes dans le cercle \u00e0 moins de le vouloir. De plus, si vous choisissez quelqu&rsquo;un pour \u00eatre votre partenaire magique, alors il devra savoir tr\u00e8s clairement d\u00e8s le d\u00e9part ce que cela implique. En fait, il est pr\u00e9f\u00e9rable que vous soyez d\u00e9j\u00e0 amants ou mari et femme.<\/p>\n<p style=\"text-align: justify;\">Souvenez-vous que le corps des gens leur appartiennent. Personne n&rsquo;a le droit, que ce soit par la force ou la ruse, de les violer, notamment au nom de la magie. Cependant, rappelez-vous \u00e9galement que le Grand \u0152uvre magique est l&rsquo;union des oppos\u00e9s, dont l&rsquo;union du masculin et du f\u00e9minin en est une forme, ce parmi les plus puissantes, c&rsquo;est pourquoi elle est parfois appel\u00e9e le Grand Rite.<\/p>\n<p style=\"text-align: justify;\">Au cas o\u00f9 des personnes ayant d\u00e9j\u00e0 accompli le rite d&rsquo;auto-initiation, tel qu&rsquo;indiqu\u00e9 dans ce livre, souhaitent plus tard devenir membres du coven d&rsquo;autrui, ils devront tout de m\u00eame passer le rite complet d&rsquo;initiation au sein du coven. Ce rite sert le double objectif d&rsquo;\u00e9tablir un lien fraternel entre eux et le reste du coven, ainsi que de confirmer devant autrui ce qui a d\u00e9j\u00e0 \u00e9t\u00e9 accompli en priv\u00e9.<\/p>\n<p><em>Extrait de \u00ab Witchcraft for Tomorrow \u00bb, \u00e9ditions Pho\u00e9nix.<\/em><\/p>\n","protected":false},"excerpt":{"rendered":"<p>Extrait du Liber Umbrarum, de Doreen Valiente. Traduction &amp; adaptation Lune. Notes Si l&rsquo;initiation est celle de votre premier partenaire magique, homme ou femme, alors le rite devrait certainement se conclure par un rapport intime dans le cercle ; car il est pr\u00e9f\u00e9rable que les partenaires soient amants s&rsquo;ils veulent pouvoir \u0153uvrer ensemble \u00e0 la&#8230;<\/p>\n","protected":false},"author":2,"featured_media":4245,"parent":3939,"menu_order":17,"comment_status":"closed","ping_status":"closed","template":"silo.php","meta":{"footnotes":""},"class_list":["post-4189","page","type-page","status-publish","has-post-thumbnail","hentry"],"_links":{"self":[{"href":"https:\/\/www.le-sidh.org\/wicca\/wp-json\/wp\/v2\/pages\/4189","targetHints":{"allow":["GET"]}}],"collection":[{"href":"https:\/\/www.le-sidh.org\/wicca\/wp-json\/wp\/v2\/pages"}],"about":[{"href":"https:\/\/www.le-sidh.org\/wicca\/wp-json\/wp\/v2\/types\/page"}],"author":[{"embeddable":true,"href":"https:\/\/www.le-sidh.org\/wicca\/wp-json\/wp\/v2\/users\/2"}],"replies":[{"embeddable":true,"href":"https:\/\/www.le-sidh.org\/wicca\/wp-json\/wp\/v2\/comments?post=4189"}],"version-history":[{"count":4,"href":"https:\/\/www.le-sidh.org\/wicca\/wp-json\/wp\/v2\/pages\/4189\/revisions"}],"predecessor-version":[{"id":4244,"href":"https:\/\/www.le-sidh.org\/wicca\/wp-json\/wp\/v2\/pages\/4189\/revisions\/4244"}],"up":[{"embeddable":true,"href":"https:\/\/www.le-sidh.org\/wicca\/wp-json\/wp\/v2\/pages\/3939"}],"wp:featuredmedia":[{"embeddable":true,"href":"https:\/\/www.le-sidh.org\/wicca\/wp-json\/wp\/v2\/media\/4245"}],"wp:attachment":[{"href":"https:\/\/www.le-sidh.org\/wicca\/wp-json\/wp\/v2\/media?parent=4189"}],"curies":[{"name":"wp","href":"https:\/\/api.w.org\/{rel}","templated":true}]}}