{"id":4185,"date":"2019-02-18T10:40:56","date_gmt":"2019-02-18T08:40:56","guid":{"rendered":"http:\/\/www.le-sidh.org\/wicca\/?page_id=4185"},"modified":"2019-02-22T18:03:22","modified_gmt":"2019-02-22T16:03:22","slug":"initiation-au-sein-du-coven-le-rituel","status":"publish","type":"page","link":"https:\/\/www.le-sidh.org\/wicca\/liber-umbrarum\/initiation-au-sein-du-coven-le-rituel\/","title":{"rendered":"Initiation au sein du coven, le rituel"},"content":{"rendered":"<p style=\"text-align: justify;\"><strong>Extrait du <a href=\"https:\/\/www.le-sidh.org\/wicca\/liber-umbrarum\/\" target=\"_blank\" rel=\"noopener noreferrer\">Liber Umbrarum<\/a>, de<\/strong><strong> Doreen Valiente. Traduction &amp; adaptation Lune. <\/strong><\/p>\n<p><strong>Le rituel<\/strong><\/p>\n<p style=\"text-align: justify;\"><a href=\"https:\/\/www.le-sidh.org\/wicca\/liber-umbrarum\/projection-du-cercle-le-rituel\/\" target=\"_blank\" rel=\"noopener noreferrer\">Formez le cercle de la mani\u00e8re usuelle<\/a>. Le candidat doit se tenir dans le cercle, nu, devant l&rsquo;autel, tandis que le pr\u00eatre ou la pr\u00eatresse conduit la c\u00e9r\u00e9monie. Le pr\u00eatre doit initier les candidates, alors que la pr\u00eatresse doit initier les candidats, conform\u00e9ment \u00e0 l&rsquo;ancienne r\u00e8gle voulant que l&rsquo;initiation \u00e0 la sorcellerie se transmette toujours d&rsquo;un sexe \u00e0 l&rsquo;autre. Si les autres membres du coven sont pr\u00e9sents, ils doivent se placer en cercle, un homme et une femme en alternance.<\/p>\n<p style=\"text-align: justify;\">L&rsquo;initiateur devra avoir pr\u00e9par\u00e9 la Charge du Coven en l&rsquo;ayant \u00e9crite \u00e0 l&rsquo;encre rouge sur un morceau de papier vierge. L&rsquo;initiateur lira ce papier qui sera ensuite br\u00fbl\u00e9 c\u00e9r\u00e9monieusement, ainsi la feuille de papier ne doit \u00eatre ni trop grande ni trop \u00e9paisse. Elle est \u00e9crite en rouge car il s&rsquo;agit de la couleur de la vie et jadis les sceaux magiques \u00e9taient souvent dessin\u00e9s en rouge afin de leur donner symboliquement vie.<\/p>\n<p style=\"text-align: justify;\">Comme pour la c\u00e9r\u00e9monie d&rsquo;auto-initiation, un petit flacon d&rsquo;huile d&rsquo;onction appropri\u00e9e sera n\u00e9cessaire, de fa\u00e7on \u00e0 tracer la triple marque, en forme de X, sur le candidat.<\/p>\n<p>L&rsquo;initiateur commence par la lecture de la Charge du Coven au candidat.<\/p>\n<p>L&rsquo;initiateur :<\/p>\n<blockquote><p>Voici la Charge du Coven :<\/p>\n<p style=\"text-align: justify;\">Tu garderas secret ce qu&rsquo;il te sera demand\u00e9 de garder secret et jamais tu ne divulgueras les noms ou les demeures de nos gens sans leur consentement.<\/p>\n<p style=\"text-align: justify;\">Tu apprendras et tenteras de maitriser l&rsquo;Art Magique ; mais souviens-toi toujours de la rune : \u00ab\u00a0A quoi servent les outils sans la lumi\u00e8re int\u00e9rieure ? A quoi sert la magie sans la vision de la sagesse ?\u00a0\u00bb<\/p>\n<p style=\"text-align: justify;\">En fin de compte, tu t&rsquo;efforceras de trouver un \u00e9l\u00e8ve en magie digne de confiance, \u00e0 qui, dans les ann\u00e9es \u00e0 venir, tu pourras transmettre tes connaissances acquises.<\/p>\n<p style=\"text-align: justify;\">Tu n&rsquo;utiliseras jamais l&rsquo;Art Magique simplement pour impressionner les sots, ni \u00e0 des fins injustes.<\/p>\n<p style=\"text-align: justify;\">Tu tenteras de servir l&rsquo;Art des Sages et de pr\u00e9server son honneur comme tu le ferais du tien.<\/p>\n<p style=\"text-align: justify;\">Tiens compte que ces v\u0153ux sont prononc\u00e9s devant les Dieux A\u00een\u00e9s ; et si tu trahis cette Charge, tu acceptes comme ta juste r\u00e9compense ce ch\u00e2timent de la destin\u00e9e qui rattrape ceux qui bassement trompent la confiance que les autres ont plac\u00e9 en eux. Sache que nul ne r\u00e9chappe au destin, qu&rsquo;il s&rsquo;agisse d&rsquo;une mal\u00e9diction ou d&rsquo;une b\u00e9n\u00e9diction, qu&rsquo;ils se font \u00e0 eux-m\u00eames, dans cette vie ou une autre.<\/p>\n<p style=\"text-align: justify;\">R\u00e9pondras-tu sinc\u00e8rement \u00e0 cette Charge et la garderas-tu en ton c\u0153ur ?<\/p>\n<\/blockquote>\n<p style=\"text-align: justify;\">Le candidat doit r\u00e9pondre \u00ab\u00a0Oui.\u00a0\u00bb Au cas o\u00f9 le candidat changerait d&rsquo;avis et ne souhaite pas accepter la Charge, le rituel devra prendre fin imm\u00e9diatement et ils devront lui permettre de quitter le cercle et partir sans discussion.<\/p>\n<p>Si le candidat r\u00e9pond par l&rsquo;affirmative, alors initiateur dira :<\/p>\n<blockquote>\n<p style=\"text-align: justify;\">Agenouille-toi devant l&rsquo;autel, place ta main sur ce pentacle (tenir le pentacle afin que le candidat puisse placer sa main) et r\u00e9p\u00e8te apr\u00e8s moi :<\/p>\n<p style=\"padding-left: 30px; text-align: justify;\">\u00ab\u00a0J&rsquo;ai entendu la Charge et l&rsquo;ai comprise. Je jure de la respecter. Que les Anciens Dieux soient les t\u00e9moins de mes paroles.\u00a0\u00bb<\/p>\n<\/blockquote>\n<p style=\"text-align: justify;\">L&rsquo;initiateur replace le pentacle sur l&rsquo;autel, ainsi que le papier sur lequel la Charge a \u00e9t\u00e9 \u00e9crite et frappe une fois sur la cloche. Puis, le papier est ramass\u00e9 et br\u00fbl\u00e9 dans l&rsquo;encensoir.<\/p>\n<p>L&rsquo;initiateur :<\/p>\n<blockquote>\n<p style=\"text-align: justify;\">Comme cette fum\u00e9e qui s&rsquo;\u00e9l\u00e8ve dans les airs, ces paroles ne pourront jamais \u00eatre r\u00e9voqu\u00e9es. Par la terre, la lune et le soleil, au nom de la magie, ainsi soit fait !<\/p>\n<\/blockquote>\n<p style=\"text-align: justify;\">L&rsquo;initiateur s&rsquo;agenouille alors aux c\u00f4t\u00e9s du candidat, il place sa main droite sur la t\u00eate du candidat et la gauche juste sous le genou du candidat, tandis que ce dernier reste agenouill\u00e9.<\/p>\n<p>L&rsquo;initiateur :<\/p>\n<blockquote>\n<p style=\"text-align: justify;\">Entre ces mains, te consacres-tu pleinement aux Dieux Anciens de la sorcellerie ?<\/p>\n<\/blockquote>\n<p>Le candidat :<\/p>\n<blockquote><p>Je m&rsquo;y consacre.<\/p><\/blockquote>\n<p>L&rsquo;initiateur :<\/p>\n<blockquote><p>En toi, je transmets les pouvoirs de la sorcellerie.<\/p><\/blockquote>\n<p style=\"text-align: justify;\">En silence, une pause est faite, tandis que l&rsquo;initiateur et le candidat restent ainsi agenouill\u00e9s c\u00f4te \u00e0 c\u00f4te devant l&rsquo;autel. C&rsquo;est l&rsquo;ancienne posture traditionnelle pour la transmission de l&rsquo;initiation. Il convient de la tenir quelques instants jusqu&rsquo;au moment o\u00f9 l&rsquo;initiateur ressent spontan\u00e9ment qu&rsquo;il est temps de reprendre la c\u00e9r\u00e9monie. Ensuite, il ou elle se rel\u00e8vera et aidera la ou le candidat \u00e0 se relever.<\/p>\n<p>L&rsquo;initiateur :<\/p>\n<blockquote><p>L\u00e8ve-toi et re\u00e7ois la marque des sorci\u00e8res.<\/p><\/blockquote>\n<p style=\"text-align: justify;\">L&rsquo;initiateur prend ensuite le flacon d&rsquo;huile d&rsquo;onction et marque le candidat par trois fois en tra\u00e7ant une croix en forme de X (la rune gifu, comme dans<a href=\"https:\/\/www.le-sidh.org\/wicca\/liber-umbrarum\/auto-initiation-le-rituel\/\" target=\"_blank\" rel=\"noopener noreferrer\"> le rite d&rsquo;auto-initiation<\/a>), \u00e0 chaque fois il met un peu d&rsquo;huile sur le doigt pour cela.<\/p>\n<ol>\n<li style=\"text-align: justify;\">La premi\u00e8re marque est trac\u00e9e, comme dans le rite d&rsquo;auto-initiation, au milieu du front, \u00e0 l&rsquo;endroit du \u00ab\u00a0troisi\u00e8me \u0153il\u00a0\u00bb.<\/li>\n<li style=\"text-align: justify;\">La seconde est trac\u00e9e au niveau de la poitrine, sur le c\u0153ur.<\/li>\n<li style=\"text-align: justify;\">La troisi\u00e8me est trac\u00e9e sur les parties g\u00e9nitales.<\/li>\n<\/ol>\n<p style=\"text-align: justify;\">En dessinant ces marques, l&rsquo;initiateur dit :<\/p>\n<blockquote><p>Que l&rsquo;esprit soit libre<sup><span style=\"font-size: medium;\"><a class=\"sdendnoteanc\" href=\"#sdendnote1sym\" name=\"sdendnote1anc\">1<\/a><\/span><\/sup><span style=\"font-size: medium;\">.<\/span><sup><span style=\"font-size: medium;\"><a class=\"sdendnoteanc\" href=\"#sdendnote1sym\" name=\"sdendnote1anc\"><\/a><\/span><\/sup><\/p><\/blockquote>\n<p>En donnant la seconde marque, l\u2019initiateur dit :<\/p>\n<blockquote><p>Que le c\u0153ur soit libre.<\/p><\/blockquote>\n<p>En donnant la troisi\u00e8me marque, l&rsquo;initiateur dit :<\/p>\n<blockquote><p>Que le corps soit libre.<\/p>\n<p style=\"text-align: justify;\">Je te donne le nom-sorcier de _____ (donner le nom sorcier qui a \u00e9t\u00e9 choisi au pr\u00e9alable.)<\/p>\n<\/blockquote>\n<p style=\"text-align: justify;\">L&rsquo;initiateur donne ensuite au candidat le baiser de salutation<sup><a class=\"sdendnoteanc\" href=\"#sdendnote1sym\" name=\"sdendnote1anc\">2<\/a><\/sup>.<\/p>\n<p>L&rsquo;initiateur :<\/p>\n<blockquote>\n<p style=\"text-align: justify;\">Je te reconnais en tant que pa\u00efen. Sois d\u00e9sormais comme une pierre de l&rsquo;ancien cercle, stable et fermement ancr\u00e9 \u00e0 la terre, et pourtant ouvert aux vents des cieux et in\u00e9branlable face au temps qui passe. Au serment du coven, reste fid\u00e8le !<\/p>\n<\/blockquote>\n<p style=\"text-align: justify;\">Si d&rsquo;autres personnes sont pr\u00e9sentes, elles doivent \u00e9galement donner au candidat le baiser de salutation ou une poign\u00e9e de main dans le cas o\u00f9 un homme saluerait un autre homme. En saluant le candidat, chacun doit r\u00e9p\u00e9ter ces paroles : \u00ab\u00a0Au serment du coven, reste fid\u00e8le !\u00a0\u00bb<\/p>\n<p style=\"text-align: justify;\">Ensuite, tous formeront une ronde, <a href=\"https:\/\/www.le-sidh.org\/wicca\/esbat\/lesbat-rite-de-la-pleine-lune\/\" target=\"_blank\" rel=\"noopener noreferrer\">la danse avec le chant comme d\u00e9crite pr\u00e9c\u00e9demment<\/a>, la cons\u00e9cration du vin et des g\u00e2teaux et la Communion des Cinq Sens suivront. Comme d&rsquo;habitude, vous pouvez poursuivre par un travail magique et\/ou en faisant l&rsquo;amour dans le cercle. Le cercle sera r\u00e9voqu\u00e9 de la mani\u00e8re habituelle.<\/p>\n<p style=\"text-align: justify;\"><a class=\"sdendnotesym\" href=\"#sdendnote1anc\" name=\"sdendnote1sym\">1<\/a>\u00a0 <em>Ndlt : une formulation comme : \u00ab\u00a0que <\/em>ton <em>esprit soit libre, que <\/em>ton <em>c\u0153ur soit libre, que <\/em>ton <em>corps soit libre\u00a0\u00bb est peut-\u00eatre plus naturelle, \u00e0 vous de voir !<\/em><\/p>\n<p style=\"text-align: justify;\"><a class=\"sdendnotesym\" href=\"#sdendnote1anc\" name=\"sdendnote1sym\">2<\/a> <em>Ndlt : The \u00ab\u00a0kiss of greeting\u00a0\u00bb, le baiser d&rsquo;accueil ou de salutation, est un simple baiser sur les l\u00e8vres.<\/em><\/p>\n<p><em>Extrait de \u00ab Witchcraft for Tomorrow \u00bb, \u00e9ditions Pho\u00e9nix.<\/em><\/p>\n","protected":false},"excerpt":{"rendered":"<p>Extrait du Liber Umbrarum, de Doreen Valiente. Traduction &amp; adaptation Lune. Le rituel Formez le cercle de la mani\u00e8re usuelle. Le candidat doit se tenir dans le cercle, nu, devant l&rsquo;autel, tandis que le pr\u00eatre ou la pr\u00eatresse conduit la c\u00e9r\u00e9monie. Le pr\u00eatre doit initier les candidates, alors que la pr\u00eatresse doit initier les candidats,&#8230;<\/p>\n","protected":false},"author":2,"featured_media":4224,"parent":3939,"menu_order":16,"comment_status":"closed","ping_status":"closed","template":"silo.php","meta":{"footnotes":""},"class_list":["post-4185","page","type-page","status-publish","has-post-thumbnail","hentry"],"_links":{"self":[{"href":"https:\/\/www.le-sidh.org\/wicca\/wp-json\/wp\/v2\/pages\/4185","targetHints":{"allow":["GET"]}}],"collection":[{"href":"https:\/\/www.le-sidh.org\/wicca\/wp-json\/wp\/v2\/pages"}],"about":[{"href":"https:\/\/www.le-sidh.org\/wicca\/wp-json\/wp\/v2\/types\/page"}],"author":[{"embeddable":true,"href":"https:\/\/www.le-sidh.org\/wicca\/wp-json\/wp\/v2\/users\/2"}],"replies":[{"embeddable":true,"href":"https:\/\/www.le-sidh.org\/wicca\/wp-json\/wp\/v2\/comments?post=4185"}],"version-history":[{"count":23,"href":"https:\/\/www.le-sidh.org\/wicca\/wp-json\/wp\/v2\/pages\/4185\/revisions"}],"predecessor-version":[{"id":4431,"href":"https:\/\/www.le-sidh.org\/wicca\/wp-json\/wp\/v2\/pages\/4185\/revisions\/4431"}],"up":[{"embeddable":true,"href":"https:\/\/www.le-sidh.org\/wicca\/wp-json\/wp\/v2\/pages\/3939"}],"wp:featuredmedia":[{"embeddable":true,"href":"https:\/\/www.le-sidh.org\/wicca\/wp-json\/wp\/v2\/media\/4224"}],"wp:attachment":[{"href":"https:\/\/www.le-sidh.org\/wicca\/wp-json\/wp\/v2\/media?parent=4185"}],"curies":[{"name":"wp","href":"https:\/\/api.w.org\/{rel}","templated":true}]}}