{"id":4183,"date":"2019-02-17T19:09:00","date_gmt":"2019-02-17T17:09:00","guid":{"rendered":"http:\/\/www.le-sidh.org\/wicca\/?page_id=4183"},"modified":"2019-02-17T19:13:56","modified_gmt":"2019-02-17T17:13:56","slug":"initiation-au-sein-du-coven-instruction-preliminaire","status":"publish","type":"page","link":"https:\/\/www.le-sidh.org\/wicca\/liber-umbrarum\/initiation-au-sein-du-coven-instruction-preliminaire\/","title":{"rendered":"Initiation au sein du coven, instruction pr\u00e9liminaire"},"content":{"rendered":"<p style=\"text-align: justify;\"><strong>Extrait du <a href=\"https:\/\/www.le-sidh.org\/wicca\/liber-umbrarum\/\" target=\"_blank\" rel=\"noopener\">Liber Umbrarum<\/a>, de<\/strong><strong> Doreen Valiente. Traduction &amp; adaptation Lune. <\/strong><\/p>\n<p><strong>Initiation au sein du Coven<\/strong><\/p>\n<ul>\n<li><strong>Instruction pr\u00e9liminaire<\/strong><\/li>\n<\/ul>\n<p style=\"text-align: justify;\">Tous les rituels donn\u00e9s jusqu&rsquo;\u00e0 pr\u00e9sent sont con\u00e7us pour \u00eatre accomplis soit tout seul, soit en compagnie d&rsquo;autrui. Mais, d\u00e8s que vous travaillez en partenariat avec une autre personne, vous avez de fait form\u00e9 le noyau d&rsquo;un coven. Vous pouvez choisir de rester sur ce simple partenariat ou de recruter d&rsquo;autres personnes.<\/p>\n<p style=\"text-align: justify;\">Naturellement, si vous choisissez cette derni\u00e8re option, la plus grande discr\u00e9tion est recommand\u00e9e. Souvenez-vous que vous pouvez faire plus avec trois personnes sinc\u00e8rement enthousiastes et d\u00e9vou\u00e9es qu&rsquo;avec une douzaine qui sont juste l\u00e0 pour se marrer.<\/p>\n<p style=\"text-align: justify;\">Toutefois, \u00e0 l&rsquo;autre extr\u00eame, il y a la recherche d\u00e9lib\u00e9r\u00e9e de publicit\u00e9 qui va \u00e0 l&rsquo;encontre de son propre but, car les gens cessent alors de vous prendre au s\u00e9rieux. Il est \u00e9videmment ridicule de faire pr\u00eater serment aux gens de pr\u00e9server \u00ab\u00a0les secrets de l&rsquo;art\u00a0\u00bb pour ensuite accomplir ces soi-disant \u00ab\u00a0rites secrets\u00a0\u00bb devant les cam\u00e9ras de la presse populaire.<\/p>\n<p style=\"text-align: justify;\">Il est tout aussi ridicule et malhonn\u00eate de demander aux gens de pr\u00eater le serment de ne pas r\u00e9v\u00e9ler des \u00e9l\u00e9ments\u00a0 de l&rsquo;Ancienne Religion, tels que les noms des dieux celtiques de l&rsquo;ancienne Grande-Bretagne, qu&rsquo;ils peuvent trouver par eux-m\u00eames dans les biblioth\u00e8que locales. Pourtant, des sorci\u00e8res ont suivi ces deux exemples stupides depuis que la sorcellerie a cess\u00e9 de se dissimuler en Grande-Bretagne, suite \u00e0 l&rsquo;abrogation de la loi \u00e0 propos de la sorcellerie en 1951.<\/p>\n<p style=\"text-align: justify;\">Vos meilleures r\u00e8gles de conduite sont celles qui r\u00e9sultent de la discr\u00e9tion et du bon sens. Rappelez-vous les paroles de Gautama Bouddha, qui dit \u00e0 ses fid\u00e8les de \u00ab\u00a0prendre le Soi comme une lanterne\u00a0\u00bb et de \u00ab\u00a0travailler avec diligence \u00e0 leur propre salut\u00a0\u00bb, en n&rsquo;acceptant nulle autorit\u00e9 \u00e0 moins qu&rsquo;elle soit conforme \u00e0 leur propre raisonnement et conscience.<\/p>\n<p style=\"text-align: justify;\">En ce qui concerne les frais de fonctionnement d&rsquo;un coven, ceux-ci devraient \u00eatre \u00e9quitablement r\u00e9partis entre les membres, d&rsquo;un commun accord. Et si les personnes ne peuvent se mettre d&rsquo;accord sur ce sujet ou un autre, laissez alors les dissidents s&rsquo;en aller et \u00ab\u00a0s&rsquo;occuper de leurs propres affaires\u00a0\u00bb. N&rsquo;entrez pas dans le cercle magique avec quiconque vous est hostile. Soit vous vous r\u00e9conciliez avant d&rsquo;entrer dans le cercle, soit l&rsquo;un de vous devra partir. Sans quoi, vos \u00ab\u00a0mauvaises vibrations\u00a0\u00bb mutuelles an\u00e9antiront tout travail magique.<\/p>\n<p style=\"text-align: justify;\">Les membres fondateurs du coven, le pr\u00eatre et la pr\u00eatresse, devraient diriger les rites. Il est moins important de savoir qui, des deux, endossera le r\u00f4le principal que de bien accomplir le rituel. Certaines personnes poss\u00e8dent une aptitude pratique plus grande que d&rsquo;autres \u00e0 l&rsquo;accomplissement des rituels.<\/p>\n<p style=\"text-align: justify;\">Toutefois, la configuration id\u00e9ale consiste probablement \u00e0 r\u00e9partir entre les deux partenaires les actions et les discours du rituel. Par exemple, celui a la meilleure voix peut \u00eatre responsable de la lecture ou d\u00e9clamation des invocations, tandis que l&rsquo;autre ex\u00e9cute les actions, comme encenser le cercle ou faire sonner la cloche. Lorsque d&rsquo;autres personnes sont dans le cercle, elles peuvent r\u00e9p\u00e9ter certaines parties du rituel ou formuler des r\u00e9ponses, etc.<\/p>\n<p style=\"text-align: justify;\">Lorsque plusieurs autres personnes sont dans le cercle, \u00e0 c\u00f4t\u00e9 du pr\u00eatre et de la pr\u00eatresse, elles se joindront bien s\u00fbr \u00e0 la danse, en suivant les meneurs. Ils devront toujours se placer de fa\u00e7on \u00e0 ce qu&rsquo;il y ait un homme et une femme en alternance autour du cercle.<\/p>\n<p style=\"text-align: justify;\">\u00ab\u00a0Le Diable du coven\u00a0\u00bb est l&rsquo;ancien nom donn\u00e9 au leader masculin ; ce nom a probablement \u00e9t\u00e9 donn\u00e9 par les pers\u00e9cuteurs chr\u00e9tiens, mais semble avoir \u00e9t\u00e9 finalement adopt\u00e9 par les sorci\u00e8res elles-m\u00eames. Ce nom provient probablement du fait qu&rsquo;aux Sabbats et en d&rsquo;autres occasions importantes, le pr\u00eatre rev\u00eatait ses \u00ab\u00a0grands atours\u00a0\u00bb, un costume de peaux de b\u00eate et une coiffe \u00e0 cornes, de sorte qu&rsquo;il ressemblait vraiment un repr\u00e9sentant du Dieu Cornu. Il n&rsquo;y a aucune raison \u00e0 ce que le pr\u00eatre ne puisse faire de m\u00eame aujourd&rsquo;hui, s&rsquo;il le souhaite.<\/p>\n<p style=\"text-align: justify;\">Le nom donn\u00e9 \u00e0 la pr\u00eatresse \u00e9tait \u00ab\u00a0Reine d&rsquo;Elphame\u00a0\u00bb ou \u00ab\u00a0Reine du Sabbat\u00a0\u00bb. Elphame est un mot ancien qui signifie le Pays de F\u00e9erie, le paradis pa\u00efen. La pr\u00eatresse \u00e9tait \u00e9galement appel\u00e9e la Jeune Fille du Coven. Elle \u00e9tait consid\u00e9r\u00e9e comme la repr\u00e9sentante de la D\u00e9esse Lune.<\/p>\n<p style=\"text-align: justify;\">Outre le pr\u00eatre et la pr\u00eatresse, il y avait aussi, en particulier au sein des plus grands covens, un Officier, qui pouvait \u00eatre soit un homme soit une femme. La t\u00e2che de l&rsquo;Officier \u00e9tait de s&rsquo;occuper des petits d\u00e9tails des affaires du coven, pour ainsi dire, et tout particuli\u00e8rement de convoquer les gens aux assembl\u00e9es.<\/p>\n<p style=\"text-align: justify;\">Lorsque les membres de l&rsquo;Ancienne Religion avaient acquis de nombreuses ann\u00e9es d&rsquo;exp\u00e9rience, ils \u00e9taient consid\u00e9r\u00e9s comme des A\u00een\u00e9s. Ils pouvaient \u00eatre trop \u00e2g\u00e9s pour prendre une part active dans les rites, mais ils restaient en arri\u00e8re-plan et mettait leurs connaissances et leur exp\u00e9rience \u00e0 la disposition des gens plus jeunes.<\/p>\n<p style=\"text-align: justify;\">Ces anciennes d\u00e9nominations et fonctions semblent assez pratiques pour \u00eatre conserv\u00e9es de nos jours. Nul ne devrait prendre la grosse t\u00eate parce qu&rsquo;il occupe un certain rang au sein de la sorcellerie ; n\u00e9anmoins les titulaires d&rsquo;une fonction ont droit \u00e0 la loyaut\u00e9 et au respect. Si vous ne pouvez les respecter, ne les \u00e9lisez pas. Si vous n&rsquo;appr\u00e9ciez pas la fa\u00e7on dont ils s&rsquo;acquittent de leurs t\u00e2ches, alors prenez ce livre, partez et formez votre propre coven (plus on est de fous, plus on rit !)<\/p>\n<p style=\"text-align: justify;\">Les candidats \u00e0 l&rsquo;initiation au sein du coven doivent \u00eatre en bonne sant\u00e9, \u00e0 la fois mentale et physique, et avoir atteint l&rsquo;\u00e2ge de la majorit\u00e9 l\u00e9gale, si possible au moins 21 ans. Avant l\u2019initiation, un nouveau nom de sorci\u00e8re doit \u00eatre choisi pour eux d&rsquo;un commun accord. Dans le cas d&rsquo;une auto-initiation, un nouveau nom de sorci\u00e8re doit \u00eatre choisi pour soi-m\u00eame.<\/p>\n<p><em>Extrait de \u00ab Witchcraft for Tomorrow \u00bb, \u00e9ditions Pho\u00e9nix.<\/em><\/p>\n","protected":false},"excerpt":{"rendered":"<p>Extrait du Liber Umbrarum, de Doreen Valiente. Traduction &amp; adaptation Lune. Initiation au sein du Coven Instruction pr\u00e9liminaire Tous les rituels donn\u00e9s jusqu&rsquo;\u00e0 pr\u00e9sent sont con\u00e7us pour \u00eatre accomplis soit tout seul, soit en compagnie d&rsquo;autrui. Mais, d\u00e8s que vous travaillez en partenariat avec une autre personne, vous avez de fait form\u00e9 le noyau d&rsquo;un&#8230;<\/p>\n","protected":false},"author":2,"featured_media":4210,"parent":3939,"menu_order":15,"comment_status":"closed","ping_status":"closed","template":"silo.php","meta":{"footnotes":""},"class_list":["post-4183","page","type-page","status-publish","has-post-thumbnail","hentry"],"_links":{"self":[{"href":"https:\/\/www.le-sidh.org\/wicca\/wp-json\/wp\/v2\/pages\/4183","targetHints":{"allow":["GET"]}}],"collection":[{"href":"https:\/\/www.le-sidh.org\/wicca\/wp-json\/wp\/v2\/pages"}],"about":[{"href":"https:\/\/www.le-sidh.org\/wicca\/wp-json\/wp\/v2\/types\/page"}],"author":[{"embeddable":true,"href":"https:\/\/www.le-sidh.org\/wicca\/wp-json\/wp\/v2\/users\/2"}],"replies":[{"embeddable":true,"href":"https:\/\/www.le-sidh.org\/wicca\/wp-json\/wp\/v2\/comments?post=4183"}],"version-history":[{"count":13,"href":"https:\/\/www.le-sidh.org\/wicca\/wp-json\/wp\/v2\/pages\/4183\/revisions"}],"predecessor-version":[{"id":4209,"href":"https:\/\/www.le-sidh.org\/wicca\/wp-json\/wp\/v2\/pages\/4183\/revisions\/4209"}],"up":[{"embeddable":true,"href":"https:\/\/www.le-sidh.org\/wicca\/wp-json\/wp\/v2\/pages\/3939"}],"wp:featuredmedia":[{"embeddable":true,"href":"https:\/\/www.le-sidh.org\/wicca\/wp-json\/wp\/v2\/media\/4210"}],"wp:attachment":[{"href":"https:\/\/www.le-sidh.org\/wicca\/wp-json\/wp\/v2\/media?parent=4183"}],"curies":[{"name":"wp","href":"https:\/\/api.w.org\/{rel}","templated":true}]}}