{"id":4181,"date":"2019-02-23T10:31:57","date_gmt":"2019-02-23T08:31:57","guid":{"rendered":"http:\/\/www.le-sidh.org\/wicca\/?page_id=4181"},"modified":"2019-02-23T10:41:56","modified_gmt":"2019-02-23T08:41:56","slug":"invocation-du-dieu-cornu","status":"publish","type":"page","link":"https:\/\/www.le-sidh.org\/wicca\/liber-umbrarum\/invocation-du-dieu-cornu\/","title":{"rendered":"Invocation du Dieu Cornu"},"content":{"rendered":"<p style=\"text-align: justify;\"><strong>Extrait du <a href=\"https:\/\/www.le-sidh.org\/wicca\/liber-umbrarum\/\" target=\"_blank\" rel=\"noopener noreferrer\">Liber Umbrarum<\/a>, de<\/strong><strong> Doreen Valiente. Traduction &amp; adaptation Lune.<\/strong><\/p>\n<p style=\"text-align: justify; padding-left: 40px;\"><em>Ndlt : ici, je n&rsquo;ai pas tent\u00e9 de faire rimer le texte pour en pr\u00e9server totalement le sens. Encore une fois, je vous invite \u00e0 lire la version r\u00e9\u00e9crite et rim\u00e9e de C\u00e9dric Leli\u00e8vre, <a href=\"http:\/\/la.sphere.free.fr\/teledocumentstexte.htm\" target=\"_blank\" rel=\"noopener noreferrer\">elle est disponible dans ce document <\/a><a href=\"http:\/\/la.sphere.free.fr\/teledocumentstexte.htm\" target=\"_blank\" rel=\"noopener noreferrer\">sous l&rsquo;intitul\u00e9 : \u00ab\u00a0Appel de Cernunnos\u00a0\u00bb<\/a><a href=\"http:\/\/la.sphere.free.fr\/teledocumentstexte.htm\" target=\"_blank\" rel=\"noopener noreferrer\">, cliquez sur le lien<\/a>. Cependant, sa version est souvent \u00e9loign\u00e9e du texte original et des erreurs de traduction ont \u00e9t\u00e9 commises.<\/em><\/p>\n<p><strong>Invocation du Dieu Cornu<\/strong><\/p>\n<blockquote><p>Par la flamme qui luit,<br \/>\nO Cornu !<br \/>\nNous appelons ton nom dans la nuit,<br \/>\nO Ancien !<br \/>\nNous t&rsquo;invoquons, par la mer sous le r\u00e8gne de la lune,<br \/>\nPar la pierre lev\u00e9e et l&rsquo;arbre noueux.<br \/>\nNous t&rsquo;invoquons o\u00f9 les tiens se rassemblent,<br \/>\nPar l&rsquo;autel sans nom, oubli\u00e9 et solitaire.<br \/>\nViens l\u00e0 o\u00f9 nous dansons la ronde,<br \/>\nCornes et sabots du dieu aux pieds de bouc !<br \/>\nDans la prairie illumin\u00e9e par la lune, sur la sombre colline,<br \/>\nLorsque le bois hant\u00e9 est silencieux et calme.<br \/>\nViens pour le charme, la pri\u00e8re chant\u00e9e,<br \/>\nQuand la lune ensorc\u00e8le l&rsquo;air de minuit.<br \/>\n\u00c9voque tes pouvoirs, qui demeurent puissants<br \/>\nDans l&rsquo;\u00e9tincelant ruisseau et le courant cach\u00e9,<br \/>\nDans la flamme ardente sous la p\u00e2le lumi\u00e8re des \u00e9toiles,<br \/>\nDans l&rsquo;arm\u00e9e fantomatique qui chevauche les vents furieux,<br \/>\nEt par les foug\u00e8res buissonnantes hant\u00e9es par les f\u00e9es<br \/>\nDes for\u00eats sauvages et des bois enchant\u00e9s.<br \/>\nViens ! O viens !<br \/>\nPour \u00e9couter les battements de c\u0153ur du tambour !<br \/>\nViens \u00e0 nous qui nous r\u00e9unissons ici-bas.<br \/>\nQuand s&rsquo;\u00e9l\u00e8ve lentement la large et blanche lune<br \/>\nA travers les \u00e9toiles jusqu&rsquo;aux hauteurs c\u00e9lestes.<br \/>\nNous entendons tes sabots sur le vent nocturne !<br \/>\nAlors que les branches des arbres noirs tremblent et soupirent,<br \/>\nPar notre joie et notre terreur, nous te savons proche.<br \/>\nNous pronon\u00e7ons le sortil\u00e8ge que ton pouvoir lib\u00e8re<br \/>\nAux solstices, sabbats et \u00e9quinoxes,<br \/>\nLes paroles de vertu pour d\u00e9chirer le voile,<br \/>\nDepuis l&rsquo;aube des temps jusqu&rsquo;\u00e0 la lointaine fin du monde,<br \/>\nDepuis le commencement des temps \u2014<br \/>\nLa b\u00e9n\u00e9diction de Pan !<br \/>\nSoyons tous b\u00e9nis par un foyer et gardons-le,<br \/>\nSoyons b\u00e9nis par tout ce qui vaut plus que de l&rsquo;or.<br \/>\nSoyons b\u00e9nis par l&rsquo;amour et la force,<br \/>\nSoyons b\u00e9nis, o\u00f9 que nous errions.<br \/>\nQue la vision du paradis pa\u00efen<br \/>\nDe nos yeux ne s&rsquo;efface point<br \/>\nPassons les portes de la mort et de la naissance,<br \/>\nNotre h\u00e9ritage de la terre.<br \/>\nDe notre \u00e2me, le chant du printemps<br \/>\nne disparait pas dans nos vagabondages.<br \/>\nNotre vie et toutes les autres ne sont qu&rsquo;une<strong>,<\/strong><br \/>\nPar la nuit la plus noire ou le soleil de midi.<br \/>\nAin\u00e9 des dieux, nous t&rsquo;appelons,<br \/>\nQue la b\u00e9n\u00e9diction soit sur toutes tes cr\u00e9atures.<\/p>\n<p><a href=\"https:\/\/www.le-sidh.org\/wicca\/wp-content\/uploads\/2019\/02\/fantasy-2750995_1280.jpg\"><img loading=\"lazy\" decoding=\"async\" class=\"aligncenter size-full wp-image-4453\" src=\"https:\/\/www.le-sidh.org\/wicca\/wp-content\/uploads\/2019\/02\/fantasy-2750995_1280.jpg\" alt=\"\" width=\"1280\" height=\"724\" srcset=\"https:\/\/www.le-sidh.org\/wicca\/wp-content\/uploads\/2019\/02\/fantasy-2750995_1280.jpg 1280w, https:\/\/www.le-sidh.org\/wicca\/wp-content\/uploads\/2019\/02\/fantasy-2750995_1280-300x170.jpg 300w, https:\/\/www.le-sidh.org\/wicca\/wp-content\/uploads\/2019\/02\/fantasy-2750995_1280-768x434.jpg 768w, https:\/\/www.le-sidh.org\/wicca\/wp-content\/uploads\/2019\/02\/fantasy-2750995_1280-700x396.jpg 700w, https:\/\/www.le-sidh.org\/wicca\/wp-content\/uploads\/2019\/02\/fantasy-2750995_1280-800x453.jpg 800w\" sizes=\"auto, (max-width: 1280px) 100vw, 1280px\" \/><\/a><\/p><\/blockquote>\n","protected":false},"excerpt":{"rendered":"<p>Extrait du Liber Umbrarum, de Doreen Valiente. Traduction &amp; adaptation Lune. Ndlt : ici, je n&rsquo;ai pas tent\u00e9 de faire rimer le texte pour en pr\u00e9server totalement le sens. Encore une fois, je vous invite \u00e0 lire la version r\u00e9\u00e9crite et rim\u00e9e de C\u00e9dric Leli\u00e8vre, elle est disponible dans ce document sous l&rsquo;intitul\u00e9 : \u00ab\u00a0Appel&#8230;<\/p>\n","protected":false},"author":2,"featured_media":0,"parent":3939,"menu_order":23,"comment_status":"closed","ping_status":"closed","template":"silo.php","meta":{"footnotes":""},"class_list":["post-4181","page","type-page","status-publish","hentry"],"_links":{"self":[{"href":"https:\/\/www.le-sidh.org\/wicca\/wp-json\/wp\/v2\/pages\/4181","targetHints":{"allow":["GET"]}}],"collection":[{"href":"https:\/\/www.le-sidh.org\/wicca\/wp-json\/wp\/v2\/pages"}],"about":[{"href":"https:\/\/www.le-sidh.org\/wicca\/wp-json\/wp\/v2\/types\/page"}],"author":[{"embeddable":true,"href":"https:\/\/www.le-sidh.org\/wicca\/wp-json\/wp\/v2\/users\/2"}],"replies":[{"embeddable":true,"href":"https:\/\/www.le-sidh.org\/wicca\/wp-json\/wp\/v2\/comments?post=4181"}],"version-history":[{"count":23,"href":"https:\/\/www.le-sidh.org\/wicca\/wp-json\/wp\/v2\/pages\/4181\/revisions"}],"predecessor-version":[{"id":4457,"href":"https:\/\/www.le-sidh.org\/wicca\/wp-json\/wp\/v2\/pages\/4181\/revisions\/4457"}],"up":[{"embeddable":true,"href":"https:\/\/www.le-sidh.org\/wicca\/wp-json\/wp\/v2\/pages\/3939"}],"wp:attachment":[{"href":"https:\/\/www.le-sidh.org\/wicca\/wp-json\/wp\/v2\/media?parent=4181"}],"curies":[{"name":"wp","href":"https:\/\/api.w.org\/{rel}","templated":true}]}}