{"id":4162,"date":"2019-02-16T21:02:04","date_gmt":"2019-02-16T19:02:04","guid":{"rendered":"http:\/\/www.le-sidh.org\/wicca\/?page_id=4162"},"modified":"2019-02-16T21:10:46","modified_gmt":"2019-02-16T19:10:46","slug":"notes-a-propos-du-rite-du-sabbat","status":"publish","type":"page","link":"https:\/\/www.le-sidh.org\/wicca\/liber-umbrarum\/notes-a-propos-du-rite-du-sabbat\/","title":{"rendered":"Notes \u00e0 propos du rite du Sabbat"},"content":{"rendered":"<p style=\"text-align: justify;\"><strong>Extrait du <a href=\"https:\/\/www.le-sidh.org\/wicca\/liber-umbrarum\/\" target=\"_blank\" rel=\"noopener\">Liber Umbrarum<\/a>, de<\/strong><strong> Doreen Valiente. Traduction &amp; adaptation Lune. <\/strong><\/p>\n<p><strong>Notes<\/strong>.<\/p>\n<p style=\"text-align: justify;\">Ce qui pr\u00e9c\u00e8de constitue le mod\u00e8le de base de la c\u00e9r\u00e9monie. Chaque coven peut, et va probablement, d\u00e9velopper ses propres variations. Un coven se formera sur la base, tout d&rsquo;abord, de deux personnes, un homme et une femme qui sont des partenaires magiques, ensuite ils choisiront d&rsquo;inviter des amis ou de la famille \u00e0 le rejoindre. Lorsque le coven aura d\u00e9pass\u00e9 le nombre rituel de treize personnes, il devra se diviser et un nouveau coven devra se former, et ainsi de suite. Les fondateurs seront le pr\u00eatre et la pr\u00eatresse du coven. Lorsqu&rsquo;un nouveau coven est form\u00e9, les membres conviendront entre eux de qui devra quitter le coven parent pour former le nouveau coven et ils devront \u00e9lire un homme et une femme qui seront le pr\u00eatre et la pr\u00eatresse de celui-ci. C&rsquo;est ainsi que la tradition s&rsquo;est perp\u00e9tu\u00e9e \u00e0 travers les \u00e2ges.<\/p>\n<p style=\"text-align: justify;\">Il y a deux autres traditions importantes :<\/p>\n<ul>\n<li style=\"text-align: justify;\">la premi\u00e8re : l&rsquo;initiation au sein d&rsquo;un coven doit toujours \u00eatre re\u00e7ue d&rsquo;une personne du sexe oppos\u00e9 ;<\/li>\n<li style=\"text-align: justify;\">la deuxi\u00e8me : le lieu d&rsquo;assembl\u00e9e d&rsquo;un coven doit toujours \u00eatre distant d&rsquo;au moins trois miles du lieu d&rsquo;assembl\u00e9e d&rsquo;un autre coven, pour \u00e9viter les conflits d&rsquo;int\u00e9r\u00eat.<\/li>\n<\/ul>\n<p style=\"text-align: justify;\">Une exception est toutefois faite \u00e0 la premi\u00e8re r\u00e8gle dans le cas de ses propres enfants. Un p\u00e8re peut initier son fils ou une m\u00e8re sa fille, parce que votre enfant est en un sens une part de vous-m\u00eame.<\/p>\n<p style=\"text-align: justify;\">En ce qui concerne la baguette phallique utilis\u00e9e dans la c\u00e9r\u00e9monie d\u00e9crite ci-dessus, il \u00e9tait coutume autrefois de sculpter et d&rsquo;arrondir l&rsquo;extr\u00e9mit\u00e9 de la baguette pour lui donner une forme grossi\u00e8re de phallus, comme symbole des pouvoirs de la vie et de la fertilit\u00e9. Cette forme \u00e9tait souvent dissimul\u00e9e par une brass\u00e9e de rameaux que l&rsquo;on attachait autour, d&rsquo;o\u00f9 le balai de la sorci\u00e8re. Parfois l&rsquo;apparence phallique de la baguette \u00e9tait obtenue en d\u00e9racinant un jeune arbre ou arbuste et en taillant sa racine en une forme appropri\u00e9e.<\/p>\n<p><em>Extrait de \u00ab Witchcraft for Tomorrow \u00bb, \u00e9ditions Pho\u00e9nix.<\/em><\/p>\n","protected":false},"excerpt":{"rendered":"<p>Extrait du Liber Umbrarum, de Doreen Valiente. Traduction &amp; adaptation Lune. Notes. Ce qui pr\u00e9c\u00e8de constitue le mod\u00e8le de base de la c\u00e9r\u00e9monie. Chaque coven peut, et va probablement, d\u00e9velopper ses propres variations. Un coven se formera sur la base, tout d&rsquo;abord, de deux personnes, un homme et une femme qui sont des partenaires magiques,&#8230;<\/p>\n","protected":false},"author":2,"featured_media":4167,"parent":3939,"menu_order":14,"comment_status":"closed","ping_status":"closed","template":"silo.php","meta":{"footnotes":""},"class_list":["post-4162","page","type-page","status-publish","has-post-thumbnail","hentry"],"_links":{"self":[{"href":"https:\/\/www.le-sidh.org\/wicca\/wp-json\/wp\/v2\/pages\/4162","targetHints":{"allow":["GET"]}}],"collection":[{"href":"https:\/\/www.le-sidh.org\/wicca\/wp-json\/wp\/v2\/pages"}],"about":[{"href":"https:\/\/www.le-sidh.org\/wicca\/wp-json\/wp\/v2\/types\/page"}],"author":[{"embeddable":true,"href":"https:\/\/www.le-sidh.org\/wicca\/wp-json\/wp\/v2\/users\/2"}],"replies":[{"embeddable":true,"href":"https:\/\/www.le-sidh.org\/wicca\/wp-json\/wp\/v2\/comments?post=4162"}],"version-history":[{"count":4,"href":"https:\/\/www.le-sidh.org\/wicca\/wp-json\/wp\/v2\/pages\/4162\/revisions"}],"predecessor-version":[{"id":4169,"href":"https:\/\/www.le-sidh.org\/wicca\/wp-json\/wp\/v2\/pages\/4162\/revisions\/4169"}],"up":[{"embeddable":true,"href":"https:\/\/www.le-sidh.org\/wicca\/wp-json\/wp\/v2\/pages\/3939"}],"wp:featuredmedia":[{"embeddable":true,"href":"https:\/\/www.le-sidh.org\/wicca\/wp-json\/wp\/v2\/media\/4167"}],"wp:attachment":[{"href":"https:\/\/www.le-sidh.org\/wicca\/wp-json\/wp\/v2\/media?parent=4162"}],"curies":[{"name":"wp","href":"https:\/\/api.w.org\/{rel}","templated":true}]}}