{"id":4129,"date":"2019-02-15T18:36:52","date_gmt":"2019-02-15T16:36:52","guid":{"rendered":"http:\/\/www.le-sidh.org\/wicca\/?page_id=4129"},"modified":"2019-02-15T18:51:23","modified_gmt":"2019-02-15T16:51:23","slug":"note-a-propos-de-lesbat","status":"publish","type":"page","link":"https:\/\/www.le-sidh.org\/wicca\/note-a-propos-de-lesbat\/","title":{"rendered":"Note \u00e0 propos de l&rsquo;esbat"},"content":{"rendered":"<p style=\"text-align: justify;\"><strong>Extrait du <a href=\"https:\/\/www.le-sidh.org\/wicca\/liber-umbrarum\/\" target=\"_blank\" rel=\"noopener\">Liber Umbrarum<\/a>, de<\/strong><strong> Doreen Valiente. Traduction &amp; adaptation Lune. <\/strong><\/p>\n<p style=\"text-align: justify;\">S&rsquo;il fait trop froid pour travailler confortablement dans la nudit\u00e9 ou si pour une raison ou une autre vous pr\u00e9f\u00e9rez \u00eatre habill\u00e9, ne portez pas de v\u00eatements ordinaires dans le cercle. A la place, portez une cape ou une robe appropri\u00e9e, et des sandales ou des chaussons souples. Les robes traditionnelles des sorci\u00e8res \u00e9taient noires, avec un capuchon, un peu comme les robes des moines, l&rsquo;id\u00e9e \u00e9tant qu&rsquo;\u00e0 l&rsquo;\u00e9poque des pers\u00e9cutions, les sorci\u00e8res pouvaient, dans ces robes, se fondre dans les ombres jusqu&rsquo;\u00e0 leur lieu de rencontre sans \u00eatre vues. M\u00eame si elles \u00e9taient vues, une silhouette encapuchonn\u00e9e ressemblait \u00e0 une autre et elle avait peu de chance d&rsquo;\u00eatre reconnue. Naturellement, elles devaient emprunter les chemins de campagne \u00e9clair\u00e9s par la lune et aller \u00e0 travers bois, plut\u00f4t que les rues \u00e9clair\u00e9es que l&rsquo;on connait aujourd&rsquo;hui.<\/p>\n<p style=\"text-align: justify;\">Le vin utilis\u00e9 pour le toast peut \u00eatre celui de votre pr\u00e9f\u00e9rence.<\/p>\n<p><em>Extrait de \u00ab Witchcraft for Tomorrow \u00bb, \u00e9ditions Pho\u00e9nix.<\/em><\/p>\n","protected":false},"excerpt":{"rendered":"<p>Extrait du Liber Umbrarum, de Doreen Valiente. Traduction &amp; adaptation Lune. S&rsquo;il fait trop froid pour travailler confortablement dans la nudit\u00e9 ou si pour une raison ou une autre vous pr\u00e9f\u00e9rez \u00eatre habill\u00e9, ne portez pas de v\u00eatements ordinaires dans le cercle. A la place, portez une cape ou une robe appropri\u00e9e, et des sandales&#8230;<\/p>\n","protected":false},"author":2,"featured_media":4131,"parent":0,"menu_order":11,"comment_status":"closed","ping_status":"closed","template":"","meta":{"footnotes":""},"class_list":["post-4129","page","type-page","status-publish","has-post-thumbnail","hentry"],"_links":{"self":[{"href":"https:\/\/www.le-sidh.org\/wicca\/wp-json\/wp\/v2\/pages\/4129","targetHints":{"allow":["GET"]}}],"collection":[{"href":"https:\/\/www.le-sidh.org\/wicca\/wp-json\/wp\/v2\/pages"}],"about":[{"href":"https:\/\/www.le-sidh.org\/wicca\/wp-json\/wp\/v2\/types\/page"}],"author":[{"embeddable":true,"href":"https:\/\/www.le-sidh.org\/wicca\/wp-json\/wp\/v2\/users\/2"}],"replies":[{"embeddable":true,"href":"https:\/\/www.le-sidh.org\/wicca\/wp-json\/wp\/v2\/comments?post=4129"}],"version-history":[{"count":1,"href":"https:\/\/www.le-sidh.org\/wicca\/wp-json\/wp\/v2\/pages\/4129\/revisions"}],"predecessor-version":[{"id":4130,"href":"https:\/\/www.le-sidh.org\/wicca\/wp-json\/wp\/v2\/pages\/4129\/revisions\/4130"}],"wp:featuredmedia":[{"embeddable":true,"href":"https:\/\/www.le-sidh.org\/wicca\/wp-json\/wp\/v2\/media\/4131"}],"wp:attachment":[{"href":"https:\/\/www.le-sidh.org\/wicca\/wp-json\/wp\/v2\/media?parent=4129"}],"curies":[{"name":"wp","href":"https:\/\/api.w.org\/{rel}","templated":true}]}}