{"id":4106,"date":"2019-02-15T17:52:23","date_gmt":"2019-02-15T15:52:23","guid":{"rendered":"http:\/\/www.le-sidh.org\/wicca\/?page_id=4106"},"modified":"2019-05-20T12:43:21","modified_gmt":"2019-05-20T10:43:21","slug":"le-rituel-de-consecration","status":"publish","type":"page","link":"https:\/\/www.le-sidh.org\/wicca\/liber-umbrarum\/le-rituel-de-consecration\/","title":{"rendered":"Le rituel de cons\u00e9cration"},"content":{"rendered":"<p style=\"text-align: justify;\"><strong>Extrait du <a href=\"https:\/\/www.le-sidh.org\/wicca\/liber-umbrarum\/\" target=\"_blank\" rel=\"noopener noreferrer\">Liber Umbrarum<\/a>, de<\/strong><strong> Doreen Valiente. Traduction &amp; adaptation Lune. <\/strong><\/p>\n<p><strong>Le rituel de cons\u00e9cration<\/strong><\/p>\n<p style=\"text-align: justify;\"><a href=\"https:\/\/www.le-sidh.org\/wicca\/liber-umbrarum\/projection-du-cercle-le-rituel\/\" target=\"_blank\" rel=\"noopener noreferrer\">Formez le cercle d&rsquo;apr\u00e8s le rituel d\u00e9j\u00e0 indiqu\u00e9<\/a>. Puis prenez l&rsquo;outil de travail ou l&rsquo;arme \u00e0 consacrer et brandissez-le des deux mains, au-dessus de l&rsquo;autel, en disant :<\/p>\n<blockquote>\n<p style=\"text-align: justify;\">Au nom des Anciens, je fais mien et consacre cet (nom de l&rsquo;instrument) aux arts de la magie.<\/p>\n<\/blockquote>\n<p style=\"text-align: justify;\">Aspergez l&rsquo;instrument avec un peu d&rsquo;eau du chaudron, en utilisant un aspersoir constitu\u00e9 d&rsquo;herbes si vous le souhaitez et dites :<\/p>\n<blockquote><p>Je te purifie avec l&rsquo;eau.<\/p><\/blockquote>\n<p style=\"text-align: justify;\">Ensuite, placez l&rsquo;instrument dans la fum\u00e9e d&rsquo;encens et dites :<\/p>\n<blockquote><p>Je te consacre avec le feu.<\/p><\/blockquote>\n<p>Puis r\u00e9p\u00e9tez la <strong>Pri\u00e8re de Cons\u00e9cration<\/strong> :<\/p>\n<blockquote>\n<p style=\"text-align: justify;\">Je te conjure, \u00d4 forme de cet instrument, par les Pouvoirs de la Vie qui ont cr\u00e9\u00e9 les cieux, la terre et la mer, et tout ce qu&rsquo;ils contiennent ; par les vertus des cieux et de toutes les \u00e9toiles qui y r\u00e8gnent ; par les vertus des pierres et des herbes ; par les vertus des quatre \u00e9l\u00e9ments ; et de m\u00eame fa\u00e7on, par les vertus des quatre vents de l&rsquo;air<sup><a class=\"sdendnoteanc\" href=\"#sdendnote1sym\" name=\"sdendnote1anc\">i<\/a><\/sup> ; de recevoir maintenant la cons\u00e9cration qui nous permette d&rsquo;obtenir de toi le parfait r\u00e9sultat de notre volont\u00e9. Je te conjure d&rsquo;\u00eatre une force et une d\u00e9fense contre tout ennemi, visible et invisible, dans tous travaux magiques. Ainsi soit-il.<\/p>\n<\/blockquote>\n<p style=\"text-align: justify;\">Tenez l&rsquo;instrument contre vous pendant quelques instants, soufflez dessus et transmettez-lui le pouvoir.<\/p>\n<p style=\"text-align: justify;\">L&rsquo;instrument nouvellement consacr\u00e9 doit, si possible, \u00eatre imm\u00e9diatement utilis\u00e9 symboliquement. Ainsi, l&rsquo;atham\u00e9 doit \u00eatre utilis\u00e9 pour tracer le cercle, vous devrez regarder dans le chaudron et passer les mains au-dessus comme si vous pratiquiez une divination, et ainsi de suite. Si aucun autre usage symbolique n&rsquo;est appropri\u00e9, alors faites un tour de cercle avec l&rsquo;objet nouvellement consacr\u00e9 et brandissez-le aux quatre directions.<\/p>\n<p style=\"text-align: justify;\"><em><a class=\"sdendnotesym\" href=\"#sdendnote1anc\" name=\"sdendnote1sym\">i<\/a> Ndlt : c&rsquo;est une r\u00e9f\u00e9rence aux quatre \u00ab\u00a0airts\u00a0\u00bb \u00e9voqu\u00e9s dans la note sur les quatre \u00e9l\u00e9ments. Airts est un terme \u00e9cossais pour les quatre directions, les quartiers des cieux. \u00ab\u00a0Airt\u00a0\u00bb est aussi un verbe qui d\u00e9signe un vent qui souffle (depuis une certaine direction).<\/em><\/p>\n<p><em>Extrait de \u00ab Witchcraft for Tomorrow \u00bb, \u00e9ditions Pho\u00e9nix.<\/em><\/p>\n","protected":false},"excerpt":{"rendered":"<p>Extrait du Liber Umbrarum, de Doreen Valiente. Traduction &amp; adaptation Lune. Le rituel de cons\u00e9cration Formez le cercle d&rsquo;apr\u00e8s le rituel d\u00e9j\u00e0 indiqu\u00e9. Puis prenez l&rsquo;outil de travail ou l&rsquo;arme \u00e0 consacrer et brandissez-le des deux mains, au-dessus de l&rsquo;autel, en disant : Au nom des Anciens, je fais mien et consacre cet (nom de&#8230;<\/p>\n","protected":false},"author":2,"featured_media":4329,"parent":3939,"menu_order":8,"comment_status":"closed","ping_status":"closed","template":"silo.php","meta":{"footnotes":""},"class_list":["post-4106","page","type-page","status-publish","has-post-thumbnail","hentry"],"_links":{"self":[{"href":"https:\/\/www.le-sidh.org\/wicca\/wp-json\/wp\/v2\/pages\/4106","targetHints":{"allow":["GET"]}}],"collection":[{"href":"https:\/\/www.le-sidh.org\/wicca\/wp-json\/wp\/v2\/pages"}],"about":[{"href":"https:\/\/www.le-sidh.org\/wicca\/wp-json\/wp\/v2\/types\/page"}],"author":[{"embeddable":true,"href":"https:\/\/www.le-sidh.org\/wicca\/wp-json\/wp\/v2\/users\/2"}],"replies":[{"embeddable":true,"href":"https:\/\/www.le-sidh.org\/wicca\/wp-json\/wp\/v2\/comments?post=4106"}],"version-history":[{"count":19,"href":"https:\/\/www.le-sidh.org\/wicca\/wp-json\/wp\/v2\/pages\/4106\/revisions"}],"predecessor-version":[{"id":6497,"href":"https:\/\/www.le-sidh.org\/wicca\/wp-json\/wp\/v2\/pages\/4106\/revisions\/6497"}],"up":[{"embeddable":true,"href":"https:\/\/www.le-sidh.org\/wicca\/wp-json\/wp\/v2\/pages\/3939"}],"wp:featuredmedia":[{"embeddable":true,"href":"https:\/\/www.le-sidh.org\/wicca\/wp-json\/wp\/v2\/media\/4329"}],"wp:attachment":[{"href":"https:\/\/www.le-sidh.org\/wicca\/wp-json\/wp\/v2\/media?parent=4106"}],"curies":[{"name":"wp","href":"https:\/\/api.w.org\/{rel}","templated":true}]}}