{"id":4104,"date":"2019-02-15T16:20:37","date_gmt":"2019-02-15T14:20:37","guid":{"rendered":"http:\/\/www.le-sidh.org\/wicca\/?page_id=4104"},"modified":"2019-02-15T18:10:55","modified_gmt":"2019-02-15T16:10:55","slug":"le-rite-de-consecration-instruction-preliminaire","status":"publish","type":"page","link":"https:\/\/www.le-sidh.org\/wicca\/liber-umbrarum\/le-rite-de-consecration-instruction-preliminaire\/","title":{"rendered":"Le rite de cons\u00e9cration, instruction pr\u00e9liminaire"},"content":{"rendered":"<p style=\"text-align: justify;\"><strong>Extrait du <a href=\"https:\/\/www.le-sidh.org\/wicca\/liber-umbrarum\/\" target=\"_blank\" rel=\"noopener\">Liber Umbrarum<\/a>, de<\/strong><strong> Doreen Valiente. Traduction &amp; adaptation Lune. <\/strong><\/p>\n<p><strong>Rite de cons\u00e9cration<\/strong><\/p>\n<ul>\n<li>Instruction pr\u00e9liminaire<\/li>\n<\/ul>\n<p style=\"text-align: justify;\">Maintenant que vous avez appris \u00e0 former le cercle magique et que vous avez accompli le rite d&rsquo;auto-initiation, vous \u00eates pr\u00eat \u00e0 consacrer vos outils de travail et armes magiques.<\/p>\n<p style=\"text-align: justify;\">Ce travail de cons\u00e9cration peut \u00eatre effectu\u00e9 au cours de l&rsquo;un des \u00c9v\u00e9nements Rituels et il est pr\u00e9f\u00e9rable de l&rsquo;accomplir \u00e0 cette occasion ; mais s&rsquo;il vous est n\u00e9cessaire de parfaire votre pratique de l&rsquo;art,\u00a0 vous pouvez l&rsquo;effectuer \u00e0 tout moment.<\/p>\n<p style=\"text-align: justify;\">En ce qui concerne le nombre d&rsquo;outils de travail ou armes magiques, vous pouvez en poss\u00e9der beaucoup ou peu, selon vos besoins. Cependant, le b\u00e2ton, l&rsquo;atham\u00e9, le chaudron, le pentacle et la cordelette sont essentiels, car ils repr\u00e9sentent les quatre \u00e9l\u00e9ments de vie et la quintessence, ou l&rsquo;esprit.<\/p>\n<ul>\n<li style=\"text-align: justify;\">Le b\u00e2ton correspond au feu,<\/li>\n<li>le chaudron, \u00e0 l&rsquo;eau,<\/li>\n<li>l&rsquo;atham\u00e9, \u00e0 l&rsquo;air,<\/li>\n<li>le pentacle, \u00e0 la terre,<\/li>\n<li>et la cordelette, \u00e0 l&rsquo;esprit.<\/li>\n<\/ul>\n<p style=\"text-align: justify;\">Dans leur nature fondamentale, les quatre premiers correspondent \u00e9galement aux quatre suites des anciennes cartes de Tarot : les baguettes, les coupes, les \u00e9p\u00e9es et les deniers.<\/p>\n<p>Les quatre \u00e9l\u00e9ments sont aussi des symboles mystiques de la vie humaine :<\/p>\n<ul>\n<li>le feu est l&rsquo;\u00e9nergie de vie, l&rsquo;\u00e9l\u00e9ment le plus \u00e9troitement li\u00e9 \u00e0 l&rsquo;esprit.<\/li>\n<li>L&rsquo;eau correspond aux sentiments et aux instincts, la vie \u00e9motionnelle.<\/li>\n<li>L&rsquo;air correspond \u00e0 l&rsquo;esprit,<\/li>\n<li>et la terre est le corps physique.<\/li>\n<\/ul>\n<p style=\"text-align: justify;\">C&rsquo;est pourquoi les sorci\u00e8res et les magiciens utilisent l&rsquo;\u00e9p\u00e9e magique. C&rsquo;est l&rsquo;arme de l&rsquo;air et elle repr\u00e9sente le pouvoir de la pens\u00e9e. Toutefois, \u00e0 cause du danger d&rsquo;avoir une \u00e9p\u00e9e magique en p\u00e9riode de pers\u00e9cution et des difficult\u00e9s \u00e0 se procurer une \u00e9p\u00e9e sp\u00e9cialement forg\u00e9e qui ne soit pas pollu\u00e9e par association \u00e0 la guerre, les sorci\u00e8res ont fini par utiliser \u00e0 la place l&rsquo;atham\u00e9, un grand couteau \u00e0 manche noir. Il pouvait facilement passer pour un simple couteau de cuisine, en particulier si son propri\u00e9taire \u00e9tait une femme ; tandis qu&rsquo;une \u00e9p\u00e9e, entre les mains de quiconque except\u00e9 d&rsquo;une personne d&rsquo;un certain rang, aurait \u00e9veill\u00e9 imm\u00e9diatement des soup\u00e7ons.<\/p>\n<p style=\"text-align: justify;\">De la m\u00eame mani\u00e8re, le b\u00e2ton de sorci\u00e8re ou b\u00e2ton de chevauchement, avec son extr\u00e9mit\u00e9 sculpt\u00e9e en forme de phallus comme c&rsquo;\u00e9tait souvent le cas, pouvait \u00eatre maquill\u00e9 en balai ordinaire \u00e0 l&rsquo;aide d&rsquo;une brass\u00e9e de rameaux. Le chaudron \u00e9tait une simple marmite, la cordelette de la ficelle ou une jarreti\u00e8re ; tandis que le pentacle \u00e9tait fait en cire ou en bois, qui en cas d&rsquo;urgence pouvait \u00eatre d\u00e9truit dans le feu de cuisine, ou il s&rsquo;agissait d&rsquo;une pierre que l&rsquo;on pouvait enterrer.<\/p>\n<p style=\"text-align: justify;\">Aujourd&rsquo;hui, il est moins n\u00e9cessaire de d\u00e9guiser les outils ou consommables magiques, il peuvent \u00eatre ainsi plus \u00e9labor\u00e9s si vous le souhaitez et ouvertement d\u00e9cor\u00e9s de symboles magiques ; encore que des outils simples, bien entretenus, vous serviront tout aussi bien. C&rsquo;est le pouvoir d&rsquo;un instrument magique que de cr\u00e9er une atmosph\u00e8re, l&rsquo;aura qu&rsquo;il porte, c&rsquo;est ce qui importe.<\/p>\n<p style=\"text-align: justify;\">Le pentacle peut \u00eatre peint en rouge sur un morceau de bois lisse, d&rsquo;apr\u00e8s le dessin de l&rsquo;illustration, et pour la finition, on peut passer une couche de vernis clair, ou bien il peut \u00eatre grav\u00e9 sur du m\u00e9tal.<a href=\"https:\/\/www.le-sidh.org\/wicca\/wp-content\/uploads\/2014\/07\/pentacle-doreen-valiente.jpg\"><img loading=\"lazy\" decoding=\"async\" class=\"aligncenter wp-image-3975 size-medium\" src=\"https:\/\/www.le-sidh.org\/wicca\/wp-content\/uploads\/2014\/07\/pentacle-doreen-valiente-300x300.jpg\" alt=\"\" width=\"300\" height=\"300\" srcset=\"https:\/\/www.le-sidh.org\/wicca\/wp-content\/uploads\/2014\/07\/pentacle-doreen-valiente-300x300.jpg 300w, https:\/\/www.le-sidh.org\/wicca\/wp-content\/uploads\/2014\/07\/pentacle-doreen-valiente-150x150.jpg 150w, https:\/\/www.le-sidh.org\/wicca\/wp-content\/uploads\/2014\/07\/pentacle-doreen-valiente-768x769.jpg 768w, https:\/\/www.le-sidh.org\/wicca\/wp-content\/uploads\/2014\/07\/pentacle-doreen-valiente-700x701.jpg 700w, https:\/\/www.le-sidh.org\/wicca\/wp-content\/uploads\/2014\/07\/pentacle-doreen-valiente-800x801.jpg 800w, https:\/\/www.le-sidh.org\/wicca\/wp-content\/uploads\/2014\/07\/pentacle-doreen-valiente.jpg 1208w\" sizes=\"auto, (max-width: 300px) 100vw, 300px\" \/><\/a>Le b\u00e2ton que vous aurez d\u00e9j\u00e0 coup\u00e9 et un bon couteau \u00e0 manche noir ne sont pas difficiles \u00e0 obtenir. Il n&rsquo;est nullement n\u00e9cessaire que le couteau soit bien affut\u00e9, mais il devra \u00eatre pointu et capable de supporter une utilisation pratique pour couper les herbes, etc.<\/p>\n<p style=\"text-align: justify;\">Si vous avez de la chance, vous trouverez peut-\u00eatre une bonne vieille \u00ab\u00a0marmite tzigane\u00a0\u00bb ou un petit chaudron en fonte \u00e0 trois pieds. Sinon, un bol en terre cuite de couleur noire ou fonc\u00e9e fera l&rsquo;affaire (les m\u00e9taux autres que le fer ne conviennent pas vraiment, \u00e0 l&rsquo;exception de l&rsquo;argent, le m\u00e9tal de la lune, qui est un peu cher !)<\/p>\n<p style=\"text-align: justify;\">La cordelette doit \u00eatre \u00e9carlate, la couleur de la force de vie des hommes et des animaux, et donc la couleur de la vie. Durant votre travail rituel, si elle n&rsquo;est pas employ\u00e9e \u00e0 autre chose, la cordelette peut \u00eatre port\u00e9e comme une jarreti\u00e8re, nou\u00e9e \u00e0 la jambe gauche au-dessus du genou.<\/p>\n<p><em>Extrait de \u00ab Witchcraft for Tomorrow \u00bb, \u00e9ditions Pho\u00e9nix.<\/em><\/p>\n","protected":false},"excerpt":{"rendered":"<p>Extrait du Liber Umbrarum, de Doreen Valiente. Traduction &amp; adaptation Lune. Rite de cons\u00e9cration Instruction pr\u00e9liminaire Maintenant que vous avez appris \u00e0 former le cercle magique et que vous avez accompli le rite d&rsquo;auto-initiation, vous \u00eates pr\u00eat \u00e0 consacrer vos outils de travail et armes magiques. Ce travail de cons\u00e9cration peut \u00eatre effectu\u00e9 au cours&#8230;<\/p>\n","protected":false},"author":2,"featured_media":4114,"parent":3939,"menu_order":7,"comment_status":"closed","ping_status":"closed","template":"silo.php","meta":{"footnotes":""},"class_list":["post-4104","page","type-page","status-publish","has-post-thumbnail","hentry"],"_links":{"self":[{"href":"https:\/\/www.le-sidh.org\/wicca\/wp-json\/wp\/v2\/pages\/4104","targetHints":{"allow":["GET"]}}],"collection":[{"href":"https:\/\/www.le-sidh.org\/wicca\/wp-json\/wp\/v2\/pages"}],"about":[{"href":"https:\/\/www.le-sidh.org\/wicca\/wp-json\/wp\/v2\/types\/page"}],"author":[{"embeddable":true,"href":"https:\/\/www.le-sidh.org\/wicca\/wp-json\/wp\/v2\/users\/2"}],"replies":[{"embeddable":true,"href":"https:\/\/www.le-sidh.org\/wicca\/wp-json\/wp\/v2\/comments?post=4104"}],"version-history":[{"count":8,"href":"https:\/\/www.le-sidh.org\/wicca\/wp-json\/wp\/v2\/pages\/4104\/revisions"}],"predecessor-version":[{"id":4117,"href":"https:\/\/www.le-sidh.org\/wicca\/wp-json\/wp\/v2\/pages\/4104\/revisions\/4117"}],"up":[{"embeddable":true,"href":"https:\/\/www.le-sidh.org\/wicca\/wp-json\/wp\/v2\/pages\/3939"}],"wp:featuredmedia":[{"embeddable":true,"href":"https:\/\/www.le-sidh.org\/wicca\/wp-json\/wp\/v2\/media\/4114"}],"wp:attachment":[{"href":"https:\/\/www.le-sidh.org\/wicca\/wp-json\/wp\/v2\/media?parent=4104"}],"curies":[{"name":"wp","href":"https:\/\/api.w.org\/{rel}","templated":true}]}}