{"id":4069,"date":"2019-02-15T09:38:53","date_gmt":"2019-02-15T07:38:53","guid":{"rendered":"http:\/\/www.le-sidh.org\/wicca\/?page_id=4069"},"modified":"2019-02-15T18:09:24","modified_gmt":"2019-02-15T16:09:24","slug":"une-note-sur-les-quatre-elements","status":"publish","type":"page","link":"https:\/\/www.le-sidh.org\/wicca\/liber-umbrarum\/une-note-sur-les-quatre-elements\/","title":{"rendered":"Une note sur les quatre \u00e9l\u00e9ments"},"content":{"rendered":"<p style=\"text-align: justify;\"><strong>Extrait du <a href=\"https:\/\/www.le-sidh.org\/wicca\/liber-umbrarum\/\" target=\"_blank\" rel=\"noopener\">Liber Umbrarum<\/a>, de<\/strong><strong> Doreen Valiente. Traduction &amp; adaptation Lune. <\/strong><\/p>\n<p style=\"text-align: justify;\">Les quatre \u00e9l\u00e9ments de vie, la terre, l&rsquo;eau, l&rsquo;air et le feu, sont consid\u00e9r\u00e9s comme li\u00e9s aux quatre quartiers c\u00e9lestes ou points cardinaux. Ils d\u00e9pendent de la nature des quatre vents, tels qu&rsquo;ils affectent un lieu particulier. Voici leur attribution s\u00e9culaire, dans l&rsquo;ancienne Grande-Bretagne :<\/p>\n<ul>\n<li>Est &#8211; Air (froid et sec)<\/li>\n<li>Sud &#8211; Feu (chaud et sec)<\/li>\n<li>Ouest &#8211; Eau (chaud et humide)<\/li>\n<li>Nord &#8211; Terre (froid et humide)<\/li>\n<\/ul>\n<p style=\"text-align: justify;\">Un \u00eatre \u00e9l\u00e9mentaire, ou D\u00e9va, un gardien pour chacun des quatre \u00e9l\u00e9ments, est parfois associ\u00e9 \u00e0 chaque point cardinal appropri\u00e9 du cercle.<\/p>\n<p style=\"text-align: justify;\">De nombreux praticiens de la magie \u00e9tablissent un contact mental avec l&rsquo;\u00e9l\u00e9ment appropri\u00e9 de chaque point cardinal du cercle. Autrement dit, supposons qu&rsquo;ils utilisent les attributions \u00e9l\u00e9mentaires donn\u00e9es ci-dessus, qu&rsquo;ils visualisent et tentent de sentir et entendre le vent souffler \u00e0 l&rsquo;est, de grandes flammes au sud, des rivi\u00e8res et des chutes d&rsquo;eau ou la mer \u00e0 l&rsquo;ouest, et de grandes collines vertes ou des champs cultiv\u00e9s avec leurs oiseaux et animaux au nord.<\/p>\n<p style=\"text-align: justify;\">Le cinqui\u00e8me \u00e9l\u00e9ment, duquel \u00e9mergent les quatre autres \u00e9l\u00e9ments et dans lequel ils retournent, est l&rsquo;Esprit que les peuples orientaux appellent Akasha.<\/p>\n<p style=\"text-align: justify;\">Les couleurs ici donn\u00e9es pour les points cardinaux sont :<\/p>\n<ul>\n<li style=\"text-align: justify;\">rouge pour l&rsquo;est,<\/li>\n<li style=\"text-align: justify;\">blanc pour le sud,<\/li>\n<li style=\"text-align: justify;\">gris pour l&rsquo;ouest<\/li>\n<li style=\"text-align: justify;\">et noir pour le nord.<\/li>\n<\/ul>\n<p style=\"text-align: justify;\">Ce sont les couleurs traditionnelles des \u00ab\u00a0quatre airts\u00a0\u00bb, les anciens noms celtiques des quatre quartiers c\u00e9lestes. L&rsquo;id\u00e9e que le nord est le lieu de pouvoir est \u00e9galement celtique et remonte \u00e0 l&rsquo;\u00e9poque pr\u00e9-chr\u00e9tienne. C&rsquo;est pourquoi, l\u2019\u00c9glise chr\u00e9tienne \u00e9tait quelque peu m\u00e9fiante envers les dangereux pouvoirs pa\u00efens du nord. L&rsquo;attribution au nord de la couleur noire d\u00e9coule du fait qu&rsquo;il s&rsquo;agit du lieu de minuit, \u00ab\u00a0l&rsquo;heure des sorci\u00e8res<sup><a class=\"sdendnoteanc\" href=\"#sdendnote1sym\" name=\"sdendnote1anc\">1<\/a><\/sup>\u00ab\u00a0.<\/p>\n<p style=\"text-align: justify;\"><a class=\"sdendnotesym\" href=\"#sdendnote1anc\" name=\"sdendnote1sym\">1<\/a> Ndlt : <em>The witching hour<\/em>, en fran\u00e7ais on traduirait par l&rsquo;heure fatale, minuit l&rsquo;heure du crime. \u00c9videmment, dans notre contexte, il vaut mieux traduire plus litt\u00e9ralement car pour nous c&rsquo;est : minuit, l&rsquo;heure du sabbat !<\/p>\n<p style=\"text-align: justify;\"><em>Extrait de \u00ab Witchcraft for Tomorrow \u00bb, \u00e9ditions Pho\u00e9nix.<\/em><\/p>\n","protected":false},"excerpt":{"rendered":"<p>Extrait du Liber Umbrarum, de Doreen Valiente. Traduction &amp; adaptation Lune. Les quatre \u00e9l\u00e9ments de vie, la terre, l&rsquo;eau, l&rsquo;air et le feu, sont consid\u00e9r\u00e9s comme li\u00e9s aux quatre quartiers c\u00e9lestes ou points cardinaux. Ils d\u00e9pendent de la nature des quatre vents, tels qu&rsquo;ils affectent un lieu particulier. Voici leur attribution s\u00e9culaire, dans l&rsquo;ancienne Grande-Bretagne&#8230;<\/p>\n","protected":false},"author":2,"featured_media":4089,"parent":3939,"menu_order":3,"comment_status":"closed","ping_status":"closed","template":"silo.php","meta":{"footnotes":""},"class_list":["post-4069","page","type-page","status-publish","has-post-thumbnail","hentry"],"_links":{"self":[{"href":"https:\/\/www.le-sidh.org\/wicca\/wp-json\/wp\/v2\/pages\/4069","targetHints":{"allow":["GET"]}}],"collection":[{"href":"https:\/\/www.le-sidh.org\/wicca\/wp-json\/wp\/v2\/pages"}],"about":[{"href":"https:\/\/www.le-sidh.org\/wicca\/wp-json\/wp\/v2\/types\/page"}],"author":[{"embeddable":true,"href":"https:\/\/www.le-sidh.org\/wicca\/wp-json\/wp\/v2\/users\/2"}],"replies":[{"embeddable":true,"href":"https:\/\/www.le-sidh.org\/wicca\/wp-json\/wp\/v2\/comments?post=4069"}],"version-history":[{"count":10,"href":"https:\/\/www.le-sidh.org\/wicca\/wp-json\/wp\/v2\/pages\/4069\/revisions"}],"predecessor-version":[{"id":4090,"href":"https:\/\/www.le-sidh.org\/wicca\/wp-json\/wp\/v2\/pages\/4069\/revisions\/4090"}],"up":[{"embeddable":true,"href":"https:\/\/www.le-sidh.org\/wicca\/wp-json\/wp\/v2\/pages\/3939"}],"wp:featuredmedia":[{"embeddable":true,"href":"https:\/\/www.le-sidh.org\/wicca\/wp-json\/wp\/v2\/media\/4089"}],"wp:attachment":[{"href":"https:\/\/www.le-sidh.org\/wicca\/wp-json\/wp\/v2\/media?parent=4069"}],"curies":[{"name":"wp","href":"https:\/\/api.w.org\/{rel}","templated":true}]}}